{"id":31225,"date":"2024-08-09T14:02:43","date_gmt":"2024-08-09T14:02:43","guid":{"rendered":"https:\/\/lacasadelamedicina.es\/product\/acquista-lsd-filz-226-e-online\/"},"modified":"2024-08-09T14:02:43","modified_gmt":"2024-08-09T14:02:43","slug":"acquista-lsd-filz-226-e-online","status":"publish","type":"product","link":"https:\/\/lacasadelamedicina.es\/it\/prodotto\/acquista-lsd-filz-226-e-online\/","title":{"rendered":"Acquista LSD Filz 226 e online"},"content":{"rendered":"<h3>Acquista LSD Filz 226 e online<\/h3>\n<p> Acquista LSD Filz 226 ug online. Il gruppo europeo di controllo dei farmaci che ha analizzato questa unit\u00e0 di dose di LSD ha emesso un avviso di &#8220;dose elevata&#8221; perch\u00e9 contiene pi\u00f9 di 150 mcg di LSD. <\/p>\n<h3>1P-LSD (dietilamide dell&#8217;acido lisergico 1-propionil) \u2013 Eleva i tuoi sensi<\/h3>\n<p> Siete pronti a intraprendere un viaggio trasformativo della mente? Esplorate il nostro 1P-LSD premium, un composto potente e realizzato con precisione, progettato per offrire un&#8217;esperienza psichedelica unica e profonda. Perfetto per chi cerca una coscienza espansa e intuizioni pi\u00f9 profonde, il nostro 1P-LSD promette un&#8217;avventura trascendente.   <strong>Caratteristiche principali:<\/strong><\/p>\n<ul>\n<li><strong>Potente esperienza psichedelica:<\/strong> l&#8217;1P-LSD \u00e8 noto per la sua capacit\u00e0 di indurre potenti allucinazioni, profonda introspezione ed euforia intensa. Preparati per un&#8217;odissea mentale che pu\u00f2 portare a una significativa auto-scoperta e risveglio spirituale. <\/li>\n<li><strong>Qualit\u00e0 e purezza premium:<\/strong> diamo priorit\u00e0 alla tua sicurezza e soddisfazione. Il nostro 1P-LSD proviene da laboratori affidabili e viene sottoposto a rigorosi test per garantire la massima qualit\u00e0. Puoi essere certo di ricevere il prodotto pi\u00f9 puro e autentico.  <\/li>\n<li><strong>Dosaggio preciso:<\/strong> ogni blotter 1P-LSD viene dosato con cura per garantire un&#8217;esperienza coerente e affidabile. Il nostro preciso processo di produzione garantisce un dosaggio accurato, cos\u00ec puoi concentrarti completamente sul tuo viaggio. <\/li>\n<li><strong>Spedizione veloce e imballaggio discreto:<\/strong> diamo valore alla tua privacy e alla consegna puntuale. Il tuo ordine verr\u00e0 imballato in modo discreto per proteggere il tuo anonimato e consegnato in modo rapido e sicuro. <\/li>\n<\/ul>\n<p><strong>Precauzioni di sicurezza:<\/strong> Sebbene l&#8217;1P-LSD offra una straordinaria esplorazione degli stati alterati di coscienza, \u00e8 fondamentale utilizzarlo in modo responsabile. Si prega di seguire queste linee guida di sicurezza:  <\/p>\n<ol>\n<li><strong>Set e ambientazione:<\/strong> crea un ambiente confortevole e familiare per la tua esperienza. Idealmente, sii in compagnia di amici o guide fidate. <\/li>\n<li><strong>Dosaggio corretto:<\/strong> attenersi ai dosaggi consigliati per evitare esperienze travolgenti. I principianti dovrebbero iniziare con una dose bassa per valutare la propria sensibilit\u00e0. <\/li>\n<li><strong>Conosci i tuoi limiti:<\/strong> le esperienze psichedeliche possono essere intense e imprevedibili. Sii consapevole di quando cercare aiuto o assistenza medica, se necessario. <\/li>\n<li><strong>Conformit\u00e0 legale:<\/strong> verifica la legalit\u00e0 di 1P-LSD nella tua regione prima dell&#8217;acquisto. Non approviamo l&#8217;uso illegale o irresponsabile. <\/li>\n<\/ol>\n<p><strong>Differenze e somiglianze tra 1P-LSD e LSD<\/strong> Sia 1P-LSD che LSD sono potenti psichedelici con effetti simili, ma ci sono notevoli differenze: <\/p>\n<ul>\n<li><strong>1P-LSD:<\/strong>\n<ul>\n<li><strong>Struttura chimica:<\/strong> l&#8217;1P-LSD \u00e8 un analogo strutturale dell&#8217;LSD, caratterizzato da un gruppo propionile legato alla molecola di azoto.<\/li>\n<li><strong>Legalit\u00e0:<\/strong> Spesso considerata una sostanza chimica di ricerca, l&#8217;1P-LSD pu\u00f2 essere legale in alcune aree in cui l&#8217;LSD \u00e8 proibito. Questa ambiguit\u00e0 legale ha portato alla sua disponibilit\u00e0 in alcuni mercati. <\/li>\n<li><strong>Potenza ed effetti:<\/strong> si ritiene che i suoi effetti siano quasi identici a quelli dell&#8217;LSD, inducendo esperienze psichedeliche come distorsioni visive, alterata percezione del tempo, euforia e pensieri introspettivi.<\/li>\n<li><strong>Profilo di sicurezza:<\/strong> Esistono ricerche limitate, ma si ritiene generalmente che l&#8217;1P-LSD abbia un profilo di sicurezza simile all&#8217;LSD. Come tutti gli psichedelici, dovrebbe essere usato con cautela. <\/li>\n<\/ul>\n<\/li>\n<li><strong>LSD:<\/strong>\n<ul>\n<li><strong>Struttura chimica:<\/strong> L&#8217;LSD, o dietilamide dell&#8217;acido lisergico, \u00e8 stato sintetizzato per la prima volta nel 1938 e deriva dal fungo ergot.<\/li>\n<li><strong>Legalit\u00e0:<\/strong> l&#8217;LSD \u00e8 classificato come sostanza controllata di Tabella I in molti paesi, compresi gli Stati Uniti, il che rende illegale la sua fabbricazione, il possesso o la distribuzione senza un&#8217;adeguata autorizzazione alla ricerca.<\/li>\n<li><strong>Potenza ed effetti:<\/strong> l&#8217;LSD \u00e8 rinomato per i suoi profondi effetti psichedelici, tra cui intense allucinazioni, percezioni alterate, emozioni amplificate e spesso esperienze mistiche o spirituali. Il dosaggio efficace \u00e8 in genere molto basso. <\/li>\n<li><strong>Profilo di sicurezza:<\/strong> l&#8217;LSD \u00e8 stato studiato pi\u00f9 approfonditamente ed \u00e8 generalmente considerato sicuro se usato in modo responsabile. Tuttavia, pu\u00f2 avere effetti imprevedibili e alcuni consumatori potrebbero provare disagio psicologico. <\/li>\n<\/ul>\n<\/li>\n<\/ul>\n","protected":false},"excerpt":{"rendered":"<p>Acquista LSD Filz 226 e online Acquista LSD Filz 226 ug online. Il gruppo europeo di controllo dei farmaci che ha analizzato questa unit\u00e0 di dose di LSD ha emesso un avviso di &#8220;dose elevata&#8221; perch\u00e9 contiene pi\u00f9 di 150 mcg di LSD. 1P-LSD (dietilamide dell&#8217;acido lisergico 1-propionil) \u2013 Eleva i tuoi sensi Siete pronti [&hellip;]<\/p>\n","protected":false},"featured_media":19328,"comment_status":"closed","ping_status":"closed","template":"","meta":{"om_disable_all_campaigns":false,"_sitemap_exclude":false,"_sitemap_priority":"","_sitemap_frequency":"","_monsterinsights_skip_tracking":false,"_monsterinsights_sitenote_active":false,"_monsterinsights_sitenote_note":"","_monsterinsights_sitenote_category":0},"product_cat":[26645],"product_tag":[26691,26690,26697,26709,26701,26692,26694,26710,26695,26708,26704,26702,26707,26698,26706,26700,26703,26705,26699,26693,26696,26711],"class_list":{"0":"post-31225","1":"product","2":"type-product","3":"status-publish","4":"has-post-thumbnail","6":"product_cat-lsd-it","7":"product_tag-acquista-lsd-filz-226-e-online","8":"product_tag-acquista-lsd-filz-226-ug","9":"product_tag-acquista-lsd-filz-226-ug-online-in-europa","10":"product_tag-autentico-lsd-filz-226-ug-europa","11":"product_tag-dove-acquistare-lsd-filz-226-ug-europa","12":"product_tag-dove-acquistare-lsd-filz-226-ug-online","13":"product_tag-effetti-delllsd-filz-226-ug","14":"product_tag-fornitori-lsd-filz-226-ug-europe","15":"product_tag-lsd-filz-226-e-vendita-online","16":"product_tag-lsd-filz-226-ug-consegna-in-europa","17":"product_tag-lsd-filz-226-ug-economico-europa","18":"product_tag-lsd-filz-226-ug-europa-in-saldo","19":"product_tag-lsd-filz-226-ug-europa-sconto","20":"product_tag-lsd-filz-226-ug-miglior-prezzo-europa","21":"product_tag-lsd-filz-226-ug-negozio-europa","22":"product_tag-lsd-filz-226-ug-spedizione-gratuita-europa","23":"product_tag-negozio-online-lsd-filz-226-ug-europa","24":"product_tag-offerte-lsd-filz-226-ug-europa","25":"product_tag-ordina-lsd-filz-226-ug-eu","26":"product_tag-ordina-lsd-filz-226-ug-online","27":"product_tag-quanto-costa-lsd-filz-226-ug","28":"product_tag-recensione-lsd-filz-226-ug-europe","30":"first","31":"instock","32":"shipping-taxable","33":"purchasable","34":"product-type-simple","35":"farmacie-col"},"aioseo_notices":[],"_links":{"self":[{"href":"https:\/\/lacasadelamedicina.es\/it\/wp-json\/wp\/v2\/product\/31225"}],"collection":[{"href":"https:\/\/lacasadelamedicina.es\/it\/wp-json\/wp\/v2\/product"}],"about":[{"href":"https:\/\/lacasadelamedicina.es\/it\/wp-json\/wp\/v2\/types\/product"}],"replies":[{"embeddable":true,"href":"https:\/\/lacasadelamedicina.es\/it\/wp-json\/wp\/v2\/comments?post=31225"}],"wp:featuredmedia":[{"embeddable":true,"href":"https:\/\/lacasadelamedicina.es\/it\/wp-json\/wp\/v2\/media\/19328"}],"wp:attachment":[{"href":"https:\/\/lacasadelamedicina.es\/it\/wp-json\/wp\/v2\/media?parent=31225"}],"wp:term":[{"taxonomy":"product_cat","embeddable":true,"href":"https:\/\/lacasadelamedicina.es\/it\/wp-json\/wp\/v2\/product_cat?post=31225"},{"taxonomy":"product_tag","embeddable":true,"href":"https:\/\/lacasadelamedicina.es\/it\/wp-json\/wp\/v2\/product_tag?post=31225"}],"curies":[{"name":"wp","href":"https:\/\/api.w.org\/{rel}","templated":true}]}}