{"id":31217,"date":"2024-08-09T14:02:43","date_gmt":"2024-08-09T14:02:43","guid":{"rendered":"https:\/\/lacasadelamedicina.es\/product\/acquista-lsd-liquido-online\/"},"modified":"2024-08-09T14:02:43","modified_gmt":"2024-08-09T14:02:43","slug":"acquista-lsd-liquido-online","status":"publish","type":"product","link":"https:\/\/lacasadelamedicina.es\/it\/prodotto\/acquista-lsd-liquido-online\/","title":{"rendered":"Acquista LSD liquido online"},"content":{"rendered":"<h2>Acquista LSD liquido in vendita online<\/h2>\n<h3>Acquista LSD liquido in vendita online<\/h3>\n<p> L&#8217;LSD inizia come una sostanza cristallina e viene poi distribuita in forme consumabili. Durante gli anni &#8217;60, veniva comunemente distribuita in microdot (piccole pillole), quadrati di gelatina (noti come &#8220;vetri per finestre&#8221;) e carta assorbente. <strong>Acquista LSD<\/strong> Le sostanze psichedeliche, tra cui l&#8217;LSD, sono viste in modo diverso da varie persone: alcuni le vedono come uno strumento prezioso in psichiatria, altri come una minaccia per la societ\u00e0 e altri ancora come una porta d&#8217;accesso a regni alternativi. L&#8217;LSD, insieme ad altri psichedelici noti come DMT, mescalina e psilocibina, \u00e8 stato utilizzato da diverse culture per secoli per indurre stati alterati di coscienza. Mentre l&#8217;LSD \u00e8 stato scoperto per la prima volta nel 1943, le altre sostanze derivano da piante e funghi e hanno una lunga storia di utilizzo.    <strong>Perch\u00e9 acquistare LSD?<\/strong> L&#8217;LSD, noto anche come &#8220;acido&#8221;, \u00e8 una delle sostanze pi\u00f9 potenti che alterano l&#8217;umore. \u00c8 sintetizzato dall&#8217;acido lisergico presente nel fungo ergot che cresce sulla segale e altri cereali. L&#8217;LSD \u00e8 comunemente disponibile in varie forme, tra cui piccole compresse (microdots), capsule, quadrati di gelatina (vetri per finestre) e talvolta su carta assorbente con disegni artistici o personaggi dei cartoni animati. Pu\u00f2 anche essere venduto in forma liquida. Indipendentemente dalla forma, l&#8217;LSD induce solitamente un profondo distacco dalla realt\u00e0.<\/p>\n","protected":false},"excerpt":{"rendered":"<p>La nostra soluzione contiene LSD-25 autentico, non un sostituto (come molti altri siti potrebbero offrire 1P-LSD al suo posto). \u00c8 disponibile in varie concentrazioni di diluizione. La soluzione \u00e8 realizzata con il principio attivo e acqua distillata, preparata in un ambiente sterile per garantirne la purezza. Un vantaggio significativo del formato liquido \u00e8 la capacit\u00e0 di misurare le dosi in modo accurato. Ogni flacone \u00e8 dotato di un contagocce contrassegnato con incrementi di 0,25 mL, consentendo un dosaggio preciso e facilit\u00e0 d&#8217;uso. Ci\u00f2 garantisce che puoi assumere esattamente la quantit\u00e0 desiderata.     <\/p>\n","protected":false},"featured_media":19313,"comment_status":"open","ping_status":"closed","template":"","meta":{"om_disable_all_campaigns":false,"_sitemap_exclude":false,"_sitemap_priority":"","_sitemap_frequency":"","_monsterinsights_skip_tracking":false,"_monsterinsights_sitenote_active":false,"_monsterinsights_sitenote_note":"","_monsterinsights_sitenote_category":0},"product_cat":[26645],"product_tag":[26646,26647,26653,26665,26660,26654,26656,26664,26657,26648,26650,26666,26662,26659,26661,26655,26649,26652,26667,26663,26658,26651],"class_list":{"0":"post-31217","1":"product","2":"type-product","3":"status-publish","4":"has-post-thumbnail","6":"product_cat-lsd-it","7":"product_tag-acquista-california-sunshine","8":"product_tag-acquista-california-sunshine-online","9":"product_tag-acquista-california-sunshine-online-in-europa","10":"product_tag-autentico-sole-della-california-in-europa","11":"product_tag-california-sunshine-europa-a-buon-mercato","12":"product_tag-california-sunshine-miglior-prezzo-europa","13":"product_tag-california-sunshine-spedizione-gratuita-in-europa","14":"product_tag-consegna-california-sunshine-europa","15":"product_tag-dove-acquistare-california-sunshine-europa","16":"product_tag-dove-acquistare-california-sunshine-online","17":"product_tag-effetti-del-sole-della-california","18":"product_tag-fornitori-di-california-sunshine-europe","19":"product_tag-negozio-california-sunshine-europa","20":"product_tag-negozio-online-california-sunshine-europa","21":"product_tag-offerte-california-sunshine-europa","22":"product_tag-ordina-california-sunshine-eu","23":"product_tag-ordina-california-sunshine-online","24":"product_tag-quanto-costa-il-sole-della-california","25":"product_tag-recensione-di-california-sunshine-europe","26":"product_tag-sconto-california-sunshine-europa","27":"product_tag-vendita-california-sunshine-europa","28":"product_tag-vendita-online-di-california-sunshine","30":"first","31":"instock","32":"shipping-taxable","33":"purchasable","34":"product-type-simple","35":"farmacie-col"},"aioseo_notices":[],"_links":{"self":[{"href":"https:\/\/lacasadelamedicina.es\/it\/wp-json\/wp\/v2\/product\/31217"}],"collection":[{"href":"https:\/\/lacasadelamedicina.es\/it\/wp-json\/wp\/v2\/product"}],"about":[{"href":"https:\/\/lacasadelamedicina.es\/it\/wp-json\/wp\/v2\/types\/product"}],"replies":[{"embeddable":true,"href":"https:\/\/lacasadelamedicina.es\/it\/wp-json\/wp\/v2\/comments?post=31217"}],"wp:featuredmedia":[{"embeddable":true,"href":"https:\/\/lacasadelamedicina.es\/it\/wp-json\/wp\/v2\/media\/19313"}],"wp:attachment":[{"href":"https:\/\/lacasadelamedicina.es\/it\/wp-json\/wp\/v2\/media?parent=31217"}],"wp:term":[{"taxonomy":"product_cat","embeddable":true,"href":"https:\/\/lacasadelamedicina.es\/it\/wp-json\/wp\/v2\/product_cat?post=31217"},{"taxonomy":"product_tag","embeddable":true,"href":"https:\/\/lacasadelamedicina.es\/it\/wp-json\/wp\/v2\/product_tag?post=31217"}],"curies":[{"name":"wp","href":"https:\/\/api.w.org\/{rel}","templated":true}]}}