{"id":31206,"date":"2024-08-09T14:02:44","date_gmt":"2024-08-09T14:02:44","guid":{"rendered":"https:\/\/lacasadelamedicina.es\/product\/acquista-pillole-di-pentobarbital-online\/"},"modified":"2024-08-09T14:02:44","modified_gmt":"2024-08-09T14:02:44","slug":"acquista-pillole-di-pentobarbital-online","status":"publish","type":"product","link":"https:\/\/lacasadelamedicina.es\/it\/prodotto\/acquista-pillole-di-pentobarbital-online\/","title":{"rendered":"Acquista pillole di Pentobarbital online"},"content":{"rendered":"<h2>Acquista pillole di Pentobarbital online<\/h2>\n<p><strong>A cosa servono le pillole di pentobarbital?<\/strong> Le pillole di pentobarbital sono usate principalmente come sedativi a breve termine per combattere l&#8217;insonnia e indurre il sonno per interventi chirurgici. Possono anche essere usate per il trattamento di crisi epilettiche di emergenza. Tuttavia, questi non sono gli unici usi del pentobarbital.   <strong>Informazioni importanti sulle pillole di pentobarbital<\/strong><\/p>\n<ul>\n<li><strong>Da evitare se:<\/strong> si soffre di porfiria (un disturbo enzimatico genetico che colpisce il sistema nervoso centrale e la pelle) o si \u00e8 allergici ai barbiturici.<\/li>\n<li><strong>Condizioni mediche:<\/strong> informa il tuo medico se soffri di malattie epatiche o renali, di una condizione cronica o di una storia di abuso di barbiturici per assicurarti che il farmaco sia sicuro per te.<\/li>\n<li><strong>Gravidanza:<\/strong> il pentobarbital pu\u00f2 danneggiare il feto, causando dipendenza e sintomi di astinenza dopo la nascita. Consulta sempre il tuo medico se sei incinta o stai pianificando una gravidanza. <\/li>\n<li><strong>Controllo delle nascite:<\/strong> il pentobarbital pu\u00f2 influire sull&#8217;efficacia della pillola anticoncezionale. Potrebbero essere consigliati metodi non ormonali. <\/li>\n<\/ul>\n<p><strong>Potenziali rischi per bambini e donne incinte<\/strong><\/p>\n<ul>\n<li><strong>Sviluppo del cervello:<\/strong> i sedativi utilizzati durante l&#8217;intervento chirurgico possono avere un impatto sullo sviluppo del cervello nei bambini di et\u00e0 inferiore ai tre anni o nei feti esposti al pentobarbital. L&#8217;uso ripetuto potrebbe causare problemi di apprendimento o comportamentali. Tuttavia, singoli usi a breve termine non hanno mostrato effetti significativi negli studi.  <\/li>\n<li><strong>Allattamento:<\/strong> il pentobarbital pu\u00f2 passare nel latte materno e avere effetti sul neonato. Informa il medico se stai allattando. <\/li>\n<\/ul>\n<p><strong>Interazioni farmacologiche<\/strong> Evitare di combinare il pentobarbital con altri deprimenti del SNC o sostanze che influenzano la respirazione o inducono il sonno, poich\u00e9 ci\u00f2 pu\u00f2 portare a effetti gravi o potenzialmente letali. Informare il medico se si sta assumendo:  <\/p>\n<ul>\n<li>Griseofulvina<\/li>\n<li>Doxiciclina<\/li>\n<li>Farmaci per le crisi epilettiche come il divalproex<\/li>\n<li>Farmaci steroidei come il desametasone<\/li>\n<li>Terapia ormonale sostitutiva o pillole anticoncezionali<\/li>\n<li>Anticoagulanti come Coumadin o warfarin<\/li>\n<li>Inibitori delle MAO come metilene o linezolid<\/li>\n<\/ul>\n<p> Questo elenco non \u00e8 esaustivo e altri farmaci, tra cui prodotti erboristici e vitamine da banco, possono interagire con il pentobarbital. <strong>Dose dimenticata<\/strong> Il pentobarbital viene solitamente prescritto al bisogno, quindi saltare una dose potrebbe non essere un problema. Se si \u00e8 in un programma di dosaggio e si salta una dose, prenderla non appena ci si ricorda. Saltare la dose se la dose successiva \u00e8 imminente. Non raddoppiare mai la dose per compensare una dose dimenticata. <strong>Rischi di sovradosaggio<\/strong> Il sovradosaggio di pentobarbital pu\u00f2 essere fatale. Cercare immediatamente assistenza medica se si sospetta un sovradosaggio. I sintomi includono sensazione di debolezza o fiacchezza, respiro lento o superficiale, estrema sonnolenza, polso debole, battito cardiaco accelerato, riduzione della minzione, svenimento, pupille dilatate o sensazione di freddo. <strong>Effetti collaterali<\/strong> Cerca assistenza d&#8217;urgenza se riscontri gravi reazioni allergiche come difficolt\u00e0 respiratorie o gonfiore di viso, labbra, lingua o gola. Altri gravi effetti collaterali includono:       <\/p>\n<ul>\n<li>Confusione, agitazione, allucinazioni<\/li>\n<li>Respirazione debole o superficiale<\/li>\n<li>Polso debole o frequenza cardiaca lenta<\/li>\n<li>Vertigini, nausea o vomito<\/li>\n<\/ul>\n<p> Gli effetti collaterali comuni possono includere: <\/p>\n<ul>\n<li>Perdita di equilibrio o coordinazione<\/li>\n<li>Sonnolenza, vertigini<\/li>\n<li>Disturbi del sonno come incubi o insonnia<\/li>\n<\/ul>\n<p><strong>Precauzioni<\/strong><\/p>\n<ul>\n<li><strong>Attenzione:<\/strong> il pentobarbital pu\u00f2 compromettere la capacit\u00e0 di pensare e reagire. Evitare attivit\u00e0 che richiedono la massima attenzione, come la guida. <\/li>\n<li><strong>Alcol:<\/strong> non consumare alcol durante l&#8217;assunzione di questo farmaco.<\/li>\n<li><strong>Condivisione:<\/strong> Tenere il pentobarbital lontano dai bambini e da coloro che hanno una storia di abuso di sostanze. Usarlo solo come prescritto e seguire attentamente le istruzioni sul dosaggio. <\/li>\n<\/ul>\n<p><strong>Acquistare pillole di pentobarbital online<\/strong> Sebbene sia possibile acquistare pillole di pentobarbital online, si consiglia cautela. Assicurati di fare ricerche approfondite e di leggere le recensioni per evitare truffe e verificare di acquistare da una fonte affidabile. Per transazioni sicure e discrete, visita <a href=\"https:\/\/lacasadelamedicina.es\/it\/\"><strong>Dr. Lawsons Pharmacy<\/strong>.<\/a>  <\/p>\n<p>&nbsp;<\/p>\n","protected":false},"excerpt":{"rendered":"<p>Ordina Nembutal Pentobarbital Sodium Tablets per uso orale. Disponibile in dosi da 50 mg e 100 mg. Ogni ordine \u00e8 confezionato in modo sicuro e spedito con discrezione. Seleziona il dosaggio e la quantit\u00e0 preferiti qui sotto, quindi aggiungi al carrello.   <\/p>\n","protected":false},"featured_media":19388,"comment_status":"open","ping_status":"closed","template":"","meta":{"om_disable_all_campaigns":false,"_sitemap_exclude":false,"_sitemap_priority":"","_sitemap_frequency":"","_monsterinsights_skip_tracking":false,"_monsterinsights_sitenote_active":false,"_monsterinsights_sitenote_note":"","_monsterinsights_sitenote_category":0},"product_cat":[26380],"product_tag":[26601,26602,26608,26612,26603,26605,26614,26604,26610,26620,26619,26615,26621,26613,26609,26617,26616,26618,26611,26607,26622,26606],"class_list":{"0":"post-31206","1":"product","2":"type-product","3":"status-publish","4":"has-post-thumbnail","6":"product_cat-sodio-pentobarbitale-nembutal","7":"product_tag-acquista-pillole-di-pentobarbital","8":"product_tag-acquista-pillole-di-pentobarbital-online","9":"product_tag-acquista-pillole-di-pentobarbital-online-in-europa","10":"product_tag-dove-acquistare-pillole-di-pentobarbital-in-europa","11":"product_tag-dove-acquistare-pillole-di-pentobarbital-online","12":"product_tag-effetti-delle-pillole-di-pentobarbital","13":"product_tag-negozio-online-di-pillole-di-pentobarbital-in-europa","14":"product_tag-ordina-pillole-di-pentobarbital-online","15":"product_tag-ordina-pillole-di-pentobarbital-ue","16":"product_tag-pillole-di-pentobarbital-autentiche-europa","17":"product_tag-pillole-di-pentobarbital-consegna-in-europa","18":"product_tag-pillole-di-pentobarbital-economiche-in-europa","19":"product_tag-pillole-di-pentobarbital-fornitori-in-europa","20":"product_tag-pillole-di-pentobarbital-in-vendita-in-europa","21":"product_tag-pillole-di-pentobarbital-miglior-prezzo-in-europa","22":"product_tag-pillole-di-pentobarbital-negozio-europa","23":"product_tag-pillole-di-pentobarbital-offerte-europa","24":"product_tag-pillole-di-pentobarbital-sconto-europa","25":"product_tag-pillole-di-pentobarbital-spedizione-gratuita-in-europa","26":"product_tag-quanto-costano-le-pillole-di-pentobarbital","27":"product_tag-recensione-di-pillole-di-pentobarbital-in-europa","28":"product_tag-vendita-online-di-pillole-di-pentobarbital","30":"first","31":"instock","32":"shipping-taxable","33":"purchasable","34":"product-type-variable","35":"farmacie-col"},"aioseo_notices":[],"_links":{"self":[{"href":"https:\/\/lacasadelamedicina.es\/it\/wp-json\/wp\/v2\/product\/31206"}],"collection":[{"href":"https:\/\/lacasadelamedicina.es\/it\/wp-json\/wp\/v2\/product"}],"about":[{"href":"https:\/\/lacasadelamedicina.es\/it\/wp-json\/wp\/v2\/types\/product"}],"replies":[{"embeddable":true,"href":"https:\/\/lacasadelamedicina.es\/it\/wp-json\/wp\/v2\/comments?post=31206"}],"wp:featuredmedia":[{"embeddable":true,"href":"https:\/\/lacasadelamedicina.es\/it\/wp-json\/wp\/v2\/media\/19388"}],"wp:attachment":[{"href":"https:\/\/lacasadelamedicina.es\/it\/wp-json\/wp\/v2\/media?parent=31206"}],"wp:term":[{"taxonomy":"product_cat","embeddable":true,"href":"https:\/\/lacasadelamedicina.es\/it\/wp-json\/wp\/v2\/product_cat?post=31206"},{"taxonomy":"product_tag","embeddable":true,"href":"https:\/\/lacasadelamedicina.es\/it\/wp-json\/wp\/v2\/product_tag?post=31206"}],"curies":[{"name":"wp","href":"https:\/\/api.w.org\/{rel}","templated":true}]}}