{"id":31161,"date":"2024-08-09T14:02:46","date_gmt":"2024-08-09T14:02:46","guid":{"rendered":"https:\/\/lacasadelamedicina.es\/product\/acquista-online-polvere-e-pillole-di-cianuro-di-potassio\/"},"modified":"2024-08-09T14:02:46","modified_gmt":"2024-08-09T14:02:46","slug":"acquista-online-polvere-e-pillole-di-cianuro-di-potassio","status":"publish","type":"product","link":"https:\/\/lacasadelamedicina.es\/it\/prodotto\/acquista-online-polvere-e-pillole-di-cianuro-di-potassio\/","title":{"rendered":"Acquista online polvere e pillole di cianuro di potassio"},"content":{"rendered":"<h3>Acquista online polvere e pillole di cianuro di potassio<\/h3>\n<p> \u00c8 la prima volta che ti imbatti in polvere e pillole di cianuro di potassio? Se \u00e8 cos\u00ec, non preoccuparti. In questo articolo, parleremo di tutto ci\u00f2 che devi sapere su questa sostanza chimica. Il cianuro di potassio (KCN) \u00e8 un composto inorganico che appare come una sostanza cristallina incolore che ricorda lo zucchero. \u00c8 altamente solubile in acqua e ha varie applicazioni, tra cui l&#8217;estrazione dell&#8217;oro, la galvanica, la sintesi organica e la doratura di gioielli. Il cianuro di potassio \u00e8 anche usato dagli entomologi per uccidere rapidamente gli insetti a scopo di raccolta. Storicamente, \u00e8 stato impiegato da alcuni individui per suicidarsi, tra cui membri del partito nazista. <strong>Produzione di cianuro di potassio<\/strong> La produzione di cianuro di potassio comporta il trattamento dell&#8217;acido cianidrico con una soluzione acquosa di idrossido di potassio al 50%, seguito da evaporazione sotto vuoto. Ogni anno, circa 50.000 tonnellate di cianuro di potassio vengono prodotte da industrie autorizzate. <strong>Meccanismo e tossicit\u00e0<\/strong> Il cianuro di potassio \u00e8 un potente inibitore della respirazione cellulare. Agisce sulla citocromo c ossidasi mitocondriale, bloccando la fosforilazione ossidativa e interrompendo la capacit\u00e0 del corpo di convertire il cibo in energia. Ci\u00f2 porta all&#8217;acidosi lattica dovuta al metabolismo anaerobico. <strong>Dose letale e vie di esposizione<\/strong> La dose letale di cianuro di potassio \u00e8 in genere compresa tra 200 e 300 mg. Questa sostanza chimica \u00e8 estremamente tossica e pu\u00f2 rilasciare gas di cianuro di idrogeno durante l&#8217;idrolisi, che ha un sapore di mandorla amara. Tuttavia, non tutti riescono a percepire questo sapore, il che lo rende particolarmente pericoloso. Il cianuro di potassio pu\u00f2 entrare nel corpo tramite ingestione, inalazione, contatto con la pelle e con gli occhi. <strong>Utilizzi del cianuro di potassio<\/strong> Sebbene spesso associato al suicidio a causa dei suoi effetti rapidi e indolori, il cianuro di potassio ha legittimi usi industriali. \u00c8 fondamentale per l&#8217;estrazione di metalli preziosi come oro e argento ed \u00e8 impiegato nella galvanica e nella sintesi organica. Pu\u00f2 anche essere utilizzato come reagente analitico in vari campi. <strong>Come funziona il cianuro di potassio<\/strong> Il cianuro di potassio rilascia gas di cianuro di idrogeno, che agisce come un potente asfissiante. Compromette gravemente la capacit\u00e0 del corpo di utilizzare l&#8217;ossigeno, provocando effetti rapidi e potenzialmente fatali. Colpisce principalmente gli organi vitali sensibili ai bassi livelli di ossigeno, tra cui il sistema nervoso centrale e il sistema polmonare.                 <strong>Effetti del cianuro di potassio<\/strong><\/p>\n<ul>\n<li><strong>Piccole dosi<\/strong>: difficolt\u00e0 respiratorie, vertigini, mal di testa.<\/li>\n<li><strong>Dosi elevate<\/strong>: coma, convulsioni e morte. La somministrazione di glucosio pu\u00f2 aiutare a contrastare alcuni effetti, ma non \u00e8 sempre completamente efficace. <\/li>\n<\/ul>\n<p><strong>Sintomi di sovradosaggio\/avvelenamento<\/strong> I segni di avvelenamento da cianuro di potassio includono occhi dilatati o rossi, guance rubiconde e colore bluastro della pelle. L&#8217;esposizione pu\u00f2 causare gravi effetti a seconda della via di esposizione:  <\/p>\n<ul>\n<li><strong>Pelle<\/strong>: Bruciore, irritazione, danni ai tessuti.<\/li>\n<li><strong>Ingestione<\/strong>: Dolore addominale, nausea, vomito, danni alla parete dello stomaco.<\/li>\n<li><strong>Inalazione<\/strong>: gli effetti lievi includono ansia, confusione e vertigini; gli effetti gravi includono convulsioni, coma e liquidi nei polmoni.<\/li>\n<\/ul>\n<p><strong>Stato legale e acquisto<\/strong> Il cianuro di potassio \u00e8 classificato come sostanza controllata in molti paesi a causa della sua elevata tossicit\u00e0. L&#8217;acquisto legale richiede un&#8217;autorizzazione appropriata. Se si considera l&#8217;acquisto di polvere o pillole di cianuro di potassio online, prestare estrema cautela. Assicurarsi di acquistare da una fonte affidabile e legittima, poich\u00e9 i prodotti scadenti o contraffatti possono essere pericolosi. Condurre ricerche approfondite, consultare esperti e leggere le recensioni per verificare la legittimit\u00e0 del venditore.<\/p>\n","protected":false},"excerpt":{"rendered":"<p><strong>Acquista cianuro di potassio puro (KCN) in polvere o in pillole<\/strong> Disponibile per varie applicazioni, il nostro cianuro di potassio \u00e8 offerto sia in polvere che in pillole. Ogni prodotto \u00e8 confezionato in modo sicuro e include speciali guanti per la manipolazione per la tua sicurezza. Scegli la quantit\u00e0 di cui hai bisogno e aggiungila al carrello. La farmacia Dr. Lawsons garantisce una consegna rapida e discreta per tutti gli ordini.   <\/p>\n","protected":false},"featured_media":19403,"comment_status":"open","ping_status":"closed","template":"","meta":{"om_disable_all_campaigns":false,"_sitemap_exclude":false,"_sitemap_priority":"","_sitemap_frequency":"","_monsterinsights_skip_tracking":false,"_monsterinsights_sitenote_active":false,"_monsterinsights_sitenote_note":"","_monsterinsights_sitenote_category":0},"product_cat":[26380],"product_tag":[26382,26388,26381,26399,26383,26392,26385,26401,26394,26396,26384,26390,26395,26389,26400,26398,26397,26391,26387,26402,26393,26386],"class_list":{"0":"post-31161","1":"product","2":"type-product","3":"status-publish","4":"has-post-thumbnail","6":"product_cat-sodio-pentobarbitale-nembutal","7":"product_tag-acquista-online-polvere-e-pillole-di-cianuro-di-potassio","8":"product_tag-acquista-online-polvere-e-pillole-di-cianuro-di-potassio-in-europa","9":"product_tag-acquista-polvere-e-pillole-di-cianuro-di-potassio","10":"product_tag-consegna-in-europa-di-polvere-e-pillole-di-cianuro-di-potassio","11":"product_tag-dove-acquistare-online-polvere-e-pillole-di-cianuro-di-potassio","12":"product_tag-dove-acquistare-polvere-e-pillole-di-cianuro-di-potassio-in-europa","13":"product_tag-effetti-della-polvere-e-delle-pillole-di-cianuro-di-potassio","14":"product_tag-fornitori-di-polvere-e-pillole-di-cianuro-di-potassio-in-europa","15":"product_tag-negozio-online-di-polvere-e-pillole-di-cianuro-di-potassio-in-europa","16":"product_tag-offerte-di-polvere-e-pillole-di-cianuro-di-potassio-in-europa","17":"product_tag-ordina-online-polvere-e-pillole-di-cianuro-di-potassio","18":"product_tag-ordina-polvere-e-pillole-di-cianuro-di-potassio-ue","19":"product_tag-polvere-e-pillole-di-cianuro-di-potassio-a-buon-mercato-in-europa","20":"product_tag-polvere-e-pillole-di-cianuro-di-potassio-al-miglior-prezzo-in-europa","21":"product_tag-polvere-e-pillole-di-cianuro-di-potassio-autentiche-in-europa","22":"product_tag-polvere-e-pillole-di-cianuro-di-potassio-in-europa-con-sconto","23":"product_tag-polvere-e-pillole-di-cianuro-di-potassio-negozio-in-europa","24":"product_tag-polvere-e-pillole-di-cianuro-di-potassio-spedizione-gratuita-in-europa","25":"product_tag-quanto-costa-la-polvere-e-le-pillole-di-cianuro-di-potassio","26":"product_tag-recensione-di-polvere-e-pillole-di-cianuro-di-potassio-in-europa","27":"product_tag-vendita-di-polvere-e-pillole-di-cianuro-di-potassio-in-europa","28":"product_tag-vendita-online-di-polvere-e-pillole-di-cianuro-di-potassio","30":"first","31":"instock","32":"shipping-taxable","33":"purchasable","34":"product-type-variable","35":"farmacie-col"},"aioseo_notices":[],"_links":{"self":[{"href":"https:\/\/lacasadelamedicina.es\/it\/wp-json\/wp\/v2\/product\/31161"}],"collection":[{"href":"https:\/\/lacasadelamedicina.es\/it\/wp-json\/wp\/v2\/product"}],"about":[{"href":"https:\/\/lacasadelamedicina.es\/it\/wp-json\/wp\/v2\/types\/product"}],"replies":[{"embeddable":true,"href":"https:\/\/lacasadelamedicina.es\/it\/wp-json\/wp\/v2\/comments?post=31161"}],"wp:featuredmedia":[{"embeddable":true,"href":"https:\/\/lacasadelamedicina.es\/it\/wp-json\/wp\/v2\/media\/19403"}],"wp:attachment":[{"href":"https:\/\/lacasadelamedicina.es\/it\/wp-json\/wp\/v2\/media?parent=31161"}],"wp:term":[{"taxonomy":"product_cat","embeddable":true,"href":"https:\/\/lacasadelamedicina.es\/it\/wp-json\/wp\/v2\/product_cat?post=31161"},{"taxonomy":"product_tag","embeddable":true,"href":"https:\/\/lacasadelamedicina.es\/it\/wp-json\/wp\/v2\/product_tag?post=31161"}],"curies":[{"name":"wp","href":"https:\/\/api.w.org\/{rel}","templated":true}]}}