{"id":31141,"date":"2024-08-10T09:07:04","date_gmt":"2024-08-10T09:07:04","guid":{"rendered":"https:\/\/lacasadelamedicina.es\/product\/acquista-funghi-golden-teacher-online\/"},"modified":"2024-08-10T09:07:04","modified_gmt":"2024-08-10T09:07:04","slug":"acquista-funghi-golden-teacher-online","status":"publish","type":"product","link":"https:\/\/lacasadelamedicina.es\/it\/prodotto\/acquista-funghi-golden-teacher-online\/","title":{"rendered":"Acquista funghi Golden Teacher online"},"content":{"rendered":"<h2>Acquista funghi Golden Teacher online<\/h2>\n<p> Acquista Golden Teacher online. I saggi funghi Golden Teacher creano magia nella mente e offrono un viaggio verso la conoscenza di s\u00e9. Questo kit di coltivazione FreshMushroom al 100% di micelio cresce rapidamente ed \u00e8 completamente esente da manutenzione. XP sta per Extra Potency!   <\/p>\n<h3>Come funziona<\/h3>\n<p> La psilocibina agisce attivando i recettori della serotonina <span class=\"css-1a8rnix icon-hl-trusted-source-after\"><span class=\"sro\">Fonte attendibile<\/span><\/span>, pi\u00f9 spesso nella corteccia prefrontale. Questa parte del cervello influenza l&#8217;umore, la cognizione e la percezione. Gli allucinogeni agiscono anche in altre regioni del cervello che regolano l&#8217;eccitazione e le risposte di panico. La psilocibina non sempre provoca allucinazioni visive o uditive attive. Invece, distorce il modo in cui alcune persone che usano la droga percepiscono gli oggetti e le persone gi\u00e0 presenti nel loro ambiente. La quantit\u00e0 di droga che una persona consuma, le sue esperienze passate e le sue aspettative su come si svilupper\u00e0 l&#8217;esperienza possono avere un impatto sugli effetti della psilocibina. Secondo l&#8217;Osservatorio europeo delle droghe e delle tossicodipendenze (EMCDDA), gli effetti allucinogeni della psilocibina di solito si verificano entro 30 minuti dall&#8217;ingestione e durano 4-6 ore. In alcuni individui, i cambiamenti nella percezione sensoriale e nei modelli di pensiero possono durare diversi giorni.        <\/p>\n<h3>Potenza<\/h3>\n<p> La potenza di un fungo magico dipende da: <\/p>\n<ul>\n<li>specie<\/li>\n<li>origine<\/li>\n<li>condizioni di crescita<\/li>\n<li>periodo di raccolta<\/li>\n<li>se una persona li mangia freschi o secchi<\/li>\n<\/ul>\n<p> L&#8217;EMCDDA suggerisce che la quantit\u00e0 di psilocibina nei funghi secchi sia circa 10 volte superiore a quella dei funghi freschi. <\/p>\n<h3>Consumo<\/h3>\n<p> I funghi contenenti psilocibina sono piccoli e solitamente marroni o marrone chiaro. In natura, le persone possono confondere i funghi contenenti psilocibina con qualsiasi altro fungo velenoso. Le persone solitamente consumano la psilocibina come un t\u00e8 preparato o la preparano con un alimento per mascherarne il sapore amaro. I produttori schiacciano anche i funghi secchi in polvere e li preparano in forma di capsule. Alcune persone che consumano questi funghi li ricoprono di cioccolato.     <\/p>\n<h3>Storia:<\/h3>\n<p> Gli amanti dei funghi magici concordano sul fatto che i funghi Golden Teacher, noti anche come una variet\u00e0 di Psilocybe cubensis, siano la variet\u00e0 di funghi psichedelici pi\u00f9 popolare. Questo articolo esaminer\u00e0 pi\u00f9 da vicino i famigerati funghi Golden Teacher. Alla fine di questo articolo, saprai tutto ci\u00f2 che c&#8217;\u00e8 da sapere su questo fungo psichedelico. Coloro che sono nuovi al mondo degli psichedelici e dei funghi possono contare sui Golden Teacher per un viaggio affidabile con minori possibilit\u00e0 di avere un brutto viaggio. Quindi, sono spesso un fungo di accesso per i principianti dei funghi magici.    <\/p>\n<h3>Effetti dei funghi Golden Teacher;<\/h3>\n<p> I Golden Teacher Mushrooms producono anche effetti allucinogeni ** una caratteristica comune a tutti i funghi magici. Aspettatevi un&#8217;esperienza visionaria insieme a ondate di energia universale che vi attraversano con forti allucinazioni ad occhi aperti e chiusi.<\/p>\n","protected":false},"excerpt":{"rendered":"<p>Buy Golden teachers sono anche lodati per i loro effetti spirituali e\/o sciamanici. Quindi, questo fungo non \u00e8 solo per un trip occasionale. Pu\u00f2 anche essere usato per ottenere nuove intuizioni su te stesso e sull&#8217;universo.  <\/p>\n","protected":false},"featured_media":19733,"comment_status":"open","ping_status":"closed","template":"","meta":{"om_disable_all_campaigns":false,"_sitemap_exclude":false,"_sitemap_priority":"","_sitemap_frequency":"","_monsterinsights_skip_tracking":false,"_monsterinsights_sitenote_active":false,"_monsterinsights_sitenote_note":"","_monsterinsights_sitenote_category":0},"product_cat":[25685],"product_tag":[26280,26287,26281,26299,26298,26291,26282,26284,26300,26294,26290,26288,26297,26296,26293,26295,26289,26283,26286,26301,26292,26285],"class_list":{"0":"post-31141","1":"product","2":"type-product","3":"status-publish","4":"has-post-thumbnail","6":"product_cat-funghi-magici","7":"product_tag-acquista-funghi-golden-teacher","8":"product_tag-acquista-funghi-golden-teacher-online-in-europa","9":"product_tag-acquista-online-i-funghi-golden-teacher","10":"product_tag-autentici-funghi-golden-teacher-europe","11":"product_tag-consegna-funghi-golden-teacher-in-europa","12":"product_tag-dove-acquistare-golden-teacher-mushrooms-in-europa","13":"product_tag-dove-acquistare-online-i-funghi-golden-teacher","14":"product_tag-effetti-dei-funghi-golden-teacher","15":"product_tag-fornitori-di-funghi-golden-teacher-europe","16":"product_tag-funghi-golden-teacher-economici-in-europa","17":"product_tag-funghi-golden-teacher-spedizione-gratuita-in-europa","18":"product_tag-golden-teacher-mushrooms-miglior-prezzo-europa","19":"product_tag-golden-teacher-mushrooms-sconto-europa","20":"product_tag-negozio-golden-teacher-mushrooms-europa","21":"product_tag-negozio-online-golden-teacher-mushrooms-europa","22":"product_tag-offerte-golden-teacher-mushrooms-europa","23":"product_tag-ordina-golden-teacher-mushrooms-eu","24":"product_tag-ordina-online-i-funghi-golden-teacher","25":"product_tag-quanto-costa-golden-teacher-mushrooms","26":"product_tag-recensione-di-golden-teacher-mushrooms-europe","27":"product_tag-vendita-funghi-golden-teacher-europa","28":"product_tag-vendita-online-di-funghi-golden-teacher","30":"first","31":"instock","32":"shipping-taxable","33":"purchasable","34":"product-type-simple","35":"farmacie-col"},"aioseo_notices":[],"_links":{"self":[{"href":"https:\/\/lacasadelamedicina.es\/it\/wp-json\/wp\/v2\/product\/31141"}],"collection":[{"href":"https:\/\/lacasadelamedicina.es\/it\/wp-json\/wp\/v2\/product"}],"about":[{"href":"https:\/\/lacasadelamedicina.es\/it\/wp-json\/wp\/v2\/types\/product"}],"replies":[{"embeddable":true,"href":"https:\/\/lacasadelamedicina.es\/it\/wp-json\/wp\/v2\/comments?post=31141"}],"wp:featuredmedia":[{"embeddable":true,"href":"https:\/\/lacasadelamedicina.es\/it\/wp-json\/wp\/v2\/media\/19733"}],"wp:attachment":[{"href":"https:\/\/lacasadelamedicina.es\/it\/wp-json\/wp\/v2\/media?parent=31141"}],"wp:term":[{"taxonomy":"product_cat","embeddable":true,"href":"https:\/\/lacasadelamedicina.es\/it\/wp-json\/wp\/v2\/product_cat?post=31141"},{"taxonomy":"product_tag","embeddable":true,"href":"https:\/\/lacasadelamedicina.es\/it\/wp-json\/wp\/v2\/product_tag?post=31141"}],"curies":[{"name":"wp","href":"https:\/\/api.w.org\/{rel}","templated":true}]}}