{"id":31119,"date":"2024-08-10T09:36:11","date_gmt":"2024-08-10T09:36:11","guid":{"rendered":"https:\/\/lacasadelamedicina.es\/product\/acquista-liberty-caps-online\/"},"modified":"2024-08-10T09:36:11","modified_gmt":"2024-08-10T09:36:11","slug":"acquista-liberty-caps-online","status":"publish","type":"product","link":"https:\/\/lacasadelamedicina.es\/it\/prodotto\/acquista-liberty-caps-online\/","title":{"rendered":"Acquista Liberty Caps online"},"content":{"rendered":"<h2>Acquista Liberty Caps online<\/h2>\n<p><strong>Acquista Liberty Caps online presso la farmacia del LA CASA DE LA MEDICINA<\/strong> Benvenuti alla farmacia del Dr. Lawson, la vostra destinazione principale per prodotti farmaceutici affidabili e di alta qualit\u00e0. Siamo lieti di offrire Liberty Caps (Psilocybe semilanceata) per l&#8217;acquisto online, fornendovi un modo semplice e sicuro per accedere a questi potenti funghi psicoattivi. <strong>Informazioni sui Liberty Cap<\/strong> I Liberty Cap, noti anche come <em>Psilocybe semilanceata<\/em>, sono rinomati per le loro propriet\u00e0 psicoattive dovute alla presenza di psilocibina e biocitina. Sono tra i funghi psilocibina pi\u00f9 ampiamente distribuiti in natura e sono noti per la loro potenza. Questi funghi presentano un caratteristico cappello conico o a forma di campana, che misura fino a 2,5 cm (1,0 pollici) di diametro e spesso ha una piccola protuberanza simile a un capezzolo nella parte superiore. Il loro colore varia dal giallo al marrone, con scanalature radiali quando sono umide, che sbiadiscono in una tonalit\u00e0 pi\u00f9 chiara man mano che maturano. Il gambo sottile e lungo del fungo \u00e8 in genere dello stesso colore o leggermente pi\u00f9 chiaro del cappello. Acquista Liberty Caps &#8211; 1\u00b0 grado a buon mercato. Psilocybe semilanceata, comunemente noto come liberty cap, \u00e8 una specie di fungo che produce i composti psicoattivi psilocibina e biocitina. \u00c8 uno dei funghi psilocibina pi\u00f9 ampiamente distribuiti in natura e uno dei pi\u00f9 potenti Acquista funghi magici online. Hanno un caratteristico cappello conico a forma di campana. Fino a 2,5 cm (1,0 pollici) di diametro, con una piccola sporgenza simile a un capezzolo sulla parte superiore. Sono di colore dal giallo al marrone, ricoperti di scanalature radiali quando sono umidi e sbiadiscono in un colore pi\u00f9 chiaro man mano che maturano. Il loro gambo tende a essere sottile e lungo e dello stesso colore o leggermente pi\u00f9 chiaro del cappello. Fungo Liberty Caps Acquista Liberty Caps online &#8211; Acquista funghi magici &#8211; Fungo Liberty Tops sul web Fungo Liberty Caps \u00e8 un fungo allucinogeno che contiene miscele psicoattive e psilocibina. Nel momento in cui la parte superiore \u00e8 asciutta, risulta molto pi\u00f9 pallida, una tonalit\u00e0 di colore giallo-terroso chiaro. \u00c8 anche chiamato fungo magico. Per qualsiasi domanda o ulteriore assistenza, non esitare a contattare il nostro team di assistenza clienti. Grazie per aver scelto Dr. Lawson&#8217;s Pharmacy. Ci impegniamo a fornirti i migliori prodotti e servizi per tutte le tue esigenze farmaceutiche.<\/p>\n","protected":false},"excerpt":{"rendered":"<p>I nostri Liberty Caps provengono da fornitori fidati e sono della massima qualit\u00e0. Garantiamo che tutti i prodotti soddisfano rigorosi standard di controllo qualit\u00e0 per garantire che tu riceva un prodotto potente ed efficace. <\/p>\n","protected":false},"featured_media":19748,"comment_status":"open","ping_status":"closed","template":"","meta":{"om_disable_all_campaigns":false,"_sitemap_exclude":false,"_sitemap_priority":"","_sitemap_frequency":"","_monsterinsights_skip_tracking":false,"_monsterinsights_sitenote_active":false,"_monsterinsights_sitenote_note":"","_monsterinsights_sitenote_category":0},"product_cat":[25685],"product_tag":[26164,26173,26166,26185,26180,26184,26177,26168,26170,26186,26174,26179,26176,26182,26181,26175,26169,26172,26187,26178,26183,26171],"class_list":{"0":"post-31119","1":"product","2":"type-product","3":"status-publish","4":"has-post-thumbnail","6":"product_cat-funghi-magici","7":"product_tag-acquista-liberty-caps","8":"product_tag-acquista-liberty-caps-online-in-europa","9":"product_tag-acquista-online-i-liberty-caps","10":"product_tag-autentici-liberty-caps-europe","11":"product_tag-cappellini-liberty-economici-europa","12":"product_tag-consegna-liberty-caps-europa","13":"product_tag-dove-acquistare-liberty-caps-europa","14":"product_tag-dove-acquistare-liberty-caps-online","15":"product_tag-effetti-dei-liberty-cap","16":"product_tag-fornitori-liberty-caps-europe","17":"product_tag-liberty-caps-miglior-prezzo-europa","18":"product_tag-liberty-caps-negozio-online-europa","19":"product_tag-liberty-caps-spedizione-gratuita-in-europa","20":"product_tag-negozio-liberty-caps-europe","21":"product_tag-offerte-liberty-caps-europe","22":"product_tag-ordina-liberty-caps-eu","23":"product_tag-ordina-online-i-liberty-caps","24":"product_tag-quanto-costa-liberty-caps","25":"product_tag-recensione-liberty-caps-europe","26":"product_tag-saldi-liberty-caps-europa","27":"product_tag-sconto-liberty-caps-europa","28":"product_tag-vendita-online-di-liberty-caps","30":"first","31":"instock","32":"shipping-taxable","33":"purchasable","34":"product-type-variable","35":"farmacie-col"},"aioseo_notices":[],"_links":{"self":[{"href":"https:\/\/lacasadelamedicina.es\/it\/wp-json\/wp\/v2\/product\/31119"}],"collection":[{"href":"https:\/\/lacasadelamedicina.es\/it\/wp-json\/wp\/v2\/product"}],"about":[{"href":"https:\/\/lacasadelamedicina.es\/it\/wp-json\/wp\/v2\/types\/product"}],"replies":[{"embeddable":true,"href":"https:\/\/lacasadelamedicina.es\/it\/wp-json\/wp\/v2\/comments?post=31119"}],"wp:featuredmedia":[{"embeddable":true,"href":"https:\/\/lacasadelamedicina.es\/it\/wp-json\/wp\/v2\/media\/19748"}],"wp:attachment":[{"href":"https:\/\/lacasadelamedicina.es\/it\/wp-json\/wp\/v2\/media?parent=31119"}],"wp:term":[{"taxonomy":"product_cat","embeddable":true,"href":"https:\/\/lacasadelamedicina.es\/it\/wp-json\/wp\/v2\/product_cat?post=31119"},{"taxonomy":"product_tag","embeddable":true,"href":"https:\/\/lacasadelamedicina.es\/it\/wp-json\/wp\/v2\/product_tag?post=31119"}],"curies":[{"name":"wp","href":"https:\/\/api.w.org\/{rel}","templated":true}]}}