{"id":30951,"date":"2024-08-10T10:33:02","date_gmt":"2024-08-10T10:33:02","guid":{"rendered":"https:\/\/lacasadelamedicina.es\/product\/acquista-online-il-fungo-magico-mazatapec\/"},"modified":"2024-09-17T16:37:51","modified_gmt":"2024-09-17T16:37:51","slug":"acquista-online-il-fungo-magico-mazatapec","status":"publish","type":"product","link":"https:\/\/lacasadelamedicina.es\/it\/prodotto\/acquista-online-il-fungo-magico-mazatapec\/","title":{"rendered":"Acquista online il fungo magico Mazatapec"},"content":{"rendered":"<h3>Fungo magico di Mazatapec<\/h3>\n<p> Acquista funghi mazatapec online. Un fungo psilocibina, noto anche come fungo magico o fungo psichedelico, contiene psilocibina e psilocina. I generi biologici contenenti funghi psilocibina includono Copelandia, Gymnopilus, Inocybe, Panaeolus, Pholiotina, Pluteus e Psilocybe. I funghi alterano chimicamente il cervello. In genere, i loro effetti durano dalle 6 alle 7 ore e possono essere notati anche dopo 24 ore. I funghi magici Mazatapec sono una delle due variet\u00e0 molto popolari che provengono dal Messico. Questi funghi producono un viaggio spirituale molto potente e sono delicati sul corpo. Rispetto ad altre variet\u00e0, i funghi Mazatepec non abbassano molto la temperatura corporea e gli utenti hanno anche riferito di serrare meno le mascelle con questa variet\u00e0. Questo a sua volta ti consentir\u00e0 di goderti il \u200b\u200btuo viaggio spirituale con meno distrazioni. L&#8217;aspetto di questi funghi \u00e8 caratterizzato dai loro cappelli da marrone chiaro a marrone scuro abbinati a uno stelo di medie dimensioni.         <\/p>\n<h4>Storia del Mazatapec<\/h4>\n<p> Trovati a Oaxaca, in Messico, gli indigeni Mazatec usano questi funghi magici per cerimonie spirituali e rituali. \u00c8 una variet\u00e0 costante che \u00e8 stata usata per generazioni. La variet\u00e0 Mazatapec \u00e8 anche uno dei primi funghi psilocibina introdotti nel mondo occidentale.Acquista il fungo Mazatapec online Effetti del Mazatapec Cubensis Il Mazatapec Cubensis \u00e8 ottimo per principianti e veterani. Offre un&#8217;esperienza psicoattiva completa con un impatto delicato sul corpo. Gli effetti ampliano la tua creativit\u00e0 e i tuoi pensieri originali. Inoltre, migliora il comportamento sociale e i buoni sentimenti. Avrai allucinazioni visive sia con gli occhi chiusi che aperti. Le immagini includeranno variazioni di forma e colore, cos\u00ec come frattali e forme.        <\/p>\n<h3>Guida al dosaggio<\/h3>\n<p> Dose creativa: da 0,5 a 1,25 grammi Dose ricreativa media: da 1,5 a 2 grammi Dose ricreativa completa: da 2 a 3,5 grammi Dose ricreativa completa esperta: da 3,5 a 5 grammi Dose eroica: da 5 a 7+ grammi &nbsp;<\/p>\n","protected":false},"excerpt":{"rendered":"<p>Fungo magico di Mazatapec Acquista funghi mazatapec online. Un fungo psilocibina, noto anche come fungo magico o fungo psichedelico, contiene psilocibina e psilocina. I generi biologici contenenti funghi psilocibina includono Copelandia, Gymnopilus, Inocybe, Panaeolus, Pholiotina, Pluteus e Psilocybe. I funghi alterano chimicamente il cervello. In genere, i loro effetti durano dalle 6 alle 7 ore [&hellip;]<\/p>\n","protected":false},"featured_media":14905,"comment_status":"open","ping_status":"closed","template":"","meta":{"om_disable_all_campaigns":false,"_sitemap_exclude":false,"_sitemap_priority":"","_sitemap_frequency":"","_monsterinsights_skip_tracking":false,"_monsterinsights_sitenote_active":false,"_monsterinsights_sitenote_note":"","_monsterinsights_sitenote_category":0},"product_cat":[25685],"product_tag":[25708,25709,25715,25727,25726,25719,25710,25712,25728,25722,25716,25718,25724,25721,25723,25717,25711,25714,25729,25725,25720,25713],"class_list":{"0":"post-30951","1":"product","2":"type-product","3":"status-publish","4":"has-post-thumbnail","6":"product_cat-funghi-magici","7":"product_tag-acquista-il-fungo-magico-mazatapec","8":"product_tag-acquista-online-il-fungo-magico-mazatapec","9":"product_tag-acquista-online-il-fungo-magico-mazatapec-in-europa","10":"product_tag-autentico-fungo-magico-di-mazatapec-europa","11":"product_tag-consegna-di-funghi-magici-mazatapec-in-europa","12":"product_tag-dove-acquistare-mazatapec-magic-mushroom-europa","13":"product_tag-dove-acquistare-online-il-fungo-magico-mazatapec","14":"product_tag-effetti-del-fungo-magico-mazatapec","15":"product_tag-fornitori-di-funghi-magici-di-mazatapec-in-europa","16":"product_tag-fungo-magico-mazatapec-economico-europa","17":"product_tag-fungo-magico-mazatapec-miglior-prezzo-europa","18":"product_tag-fungo-magico-mazatapec-spedizione-gratuita-in-europa","19":"product_tag-negozio-di-funghi-magici-mazatapec-europa","20":"product_tag-negozio-online-di-funghi-magici-mazatapec-europa","21":"product_tag-offerte-di-funghi-magici-mazatapec-europa","22":"product_tag-ordina-mazatapec-magic-mushroom-eu","23":"product_tag-ordina-online-il-fungo-magico-mazatapec","24":"product_tag-quanto-costa-il-fungo-magico-mazatapec","25":"product_tag-recensione-di-mazatapec-magic-mushroom-europe","26":"product_tag-sconto-mazatapec-magic-mushroom-europa","27":"product_tag-vendita-funghi-magici-mazatapec-europa","28":"product_tag-vendita-online-di-funghi-magici-mazatapec","30":"first","31":"instock","32":"shipping-taxable","33":"purchasable","34":"product-type-simple","35":"farmacie-col"},"aioseo_notices":[],"_links":{"self":[{"href":"https:\/\/lacasadelamedicina.es\/it\/wp-json\/wp\/v2\/product\/30951"}],"collection":[{"href":"https:\/\/lacasadelamedicina.es\/it\/wp-json\/wp\/v2\/product"}],"about":[{"href":"https:\/\/lacasadelamedicina.es\/it\/wp-json\/wp\/v2\/types\/product"}],"replies":[{"embeddable":true,"href":"https:\/\/lacasadelamedicina.es\/it\/wp-json\/wp\/v2\/comments?post=30951"}],"wp:featuredmedia":[{"embeddable":true,"href":"https:\/\/lacasadelamedicina.es\/it\/wp-json\/wp\/v2\/media\/14905"}],"wp:attachment":[{"href":"https:\/\/lacasadelamedicina.es\/it\/wp-json\/wp\/v2\/media?parent=30951"}],"wp:term":[{"taxonomy":"product_cat","embeddable":true,"href":"https:\/\/lacasadelamedicina.es\/it\/wp-json\/wp\/v2\/product_cat?post=30951"},{"taxonomy":"product_tag","embeddable":true,"href":"https:\/\/lacasadelamedicina.es\/it\/wp-json\/wp\/v2\/product_tag?post=30951"}],"curies":[{"name":"wp","href":"https:\/\/api.w.org\/{rel}","templated":true}]}}