{"id":30840,"date":"2024-08-10T19:38:26","date_gmt":"2024-08-10T19:38:26","guid":{"rendered":"https:\/\/lacasadelamedicina.es\/product\/acquista-demerol-online\/"},"modified":"2024-09-17T16:26:25","modified_gmt":"2024-09-17T16:26:25","slug":"acquista-demerol-online","status":"publish","type":"product","link":"https:\/\/lacasadelamedicina.es\/it\/prodotto\/acquista-demerol-online\/","title":{"rendered":"Acquista Demerol online"},"content":{"rendered":"<h1 class=\"product_title entry-title\">Acquista Demerol online<\/h1>\n<p> Acquista Demerol online. Demerol, noto anche come meperidina cloridrato, \u00e8 usato per gestire il dolore da moderato a grave. Agisce legandosi ai recettori degli oppioidi nel sistema nervoso centrale, rendendolo un tipo di analgesico e oppioide. La meperidina \u00e8 efficace per alleviare il dolore quando altri farmaci antidolorifici sono inadeguati o intollerabili. Rientra nella categoria degli analgesici narcotici e agisce sul sistema nervoso centrale per alleviare il dolore. Tuttavia, non \u00e8 raccomandato per la gestione del dolore cronico. L&#8217;uso a lungo termine di meperidina pu\u00f2 portare a dipendenza fisica o mentale. Mentre la dipendenza mentale \u00e8 meno comune se usata in modo appropriato, la dipendenza fisica pu\u00f2 causare sintomi di astinenza se il trattamento viene interrotto bruscamente. Una riduzione graduale della dose pu\u00f2 aiutare a evitare gravi effetti di astinenza. Demerol \u00e8 disponibile solo tramite un programma di distribuzione limitato noto come programma Opioid Analgesic REMS (Risk Evaluation and Mitigation Strategy). <strong>Nome generico:<\/strong> Meperidina <strong>Nome commerciale:<\/strong> Demerol <strong>Classe di farmaci:<\/strong> analgesici oppioidi, oppioidi sintetici <strong>Forme di dosaggio:<\/strong> Sciroppo, compressa, soluzione <strong>Possibili effetti collaterali gravi:<\/strong>         <\/p>\n<ul>\n<li>Frequenza cardiaca lenta<\/li>\n<li>Respirazione debole o superficiale<\/li>\n<li>Pause respiratorie durante il sonno<\/li>\n<li>Grave sonnolenza<\/li>\n<li>Capogiro<\/li>\n<li>Confusione<\/li>\n<li>Cambiamenti di umore<\/li>\n<li>Grave stitichezza<\/li>\n<li>Tremori<\/li>\n<li>Movimenti muscolari incontrollati<\/li>\n<li>Convulsioni<\/li>\n<li>Nausea e vomito<\/li>\n<li>Perdita di appetito<\/li>\n<li>Vertigini<\/li>\n<li>Peggioramento della stanchezza e della debolezza<\/li>\n<\/ul>\n<p> Se si verifica uno qualsiasi di questi gravi effetti collaterali, consultare immediatamente un medico. <strong>Effetti collaterali comuni:<\/strong><\/p>\n<ul>\n<li>Capogiro<\/li>\n<li>Frequenza cardiaca lenta<\/li>\n<li>Respirazione debole o superficiale<\/li>\n<li>Confusione<\/li>\n<li>Tremori<\/li>\n<li>Movimenti muscolari incontrollati<\/li>\n<li>Convulsioni<\/li>\n<li>Vertigini<\/li>\n<li>Sedazione<\/li>\n<li>Cambiamenti di umore<\/li>\n<li>Nausea e vomito<\/li>\n<li>Sudorazione<\/li>\n<li>Stipsi<\/li>\n<li>Perdita di appetito<\/li>\n<li>Mal di testa<\/li>\n<li>Debolezza<\/li>\n<li>Bocca secca<\/li>\n<li>Prurito<\/li>\n<li>Minzione ridotta<\/li>\n<li>Arrossire<\/li>\n<li>Grave sonnolenza<\/li>\n<li>Diminuzione dell&#8217;interesse per il sesso<\/li>\n<\/ul>\n<p><strong>Effetti collaterali gravi che richiedono attenzione immediata:<\/strong><\/p>\n<ul>\n<li>Perdita improvvisa della vista o altri gravi sintomi oculari<\/li>\n<li>Battiti cardiaci rapidi o irregolari, palpitazioni, mancanza di respiro o vertigini improvvise<\/li>\n<li>Forte mal di testa, confusione, difficolt\u00e0 di parola, debolezza degli arti, difficolt\u00e0 a camminare, perdita di coordinazione, febbre alta, sudorazione profusa o tremori<\/li>\n<\/ul>\n<p><strong>Dosaggio:<\/strong> la dose tipica per gli adulti \u00e8 di 50-150 mg ogni 3-4 ore. <strong>Interazioni farmacologiche:<\/strong> Demerol pu\u00f2 interagire con altri antidolorifici narcotici, sedativi, tranquillanti, miorilassanti o farmaci che influenzano la sonnolenza o la respirazione. Informa il tuo medico di tutti i farmaci e gli integratori che stai assumendo. <strong>Gravidanza e allattamento:<\/strong> Demerol non \u00e8 stato ampiamente studiato nelle donne in gravidanza. Crea dipendenza e pu\u00f2 causare sintomi di astinenza. Consulta il tuo medico se sei incinta o stai pianificando una gravidanza. Demerol pu\u00f2 passare nel latte materno e potenzialmente danneggiare un neonato, quindi non \u00e8 consigliabile allattare durante l&#8217;assunzione di Demerol. Acquista Demerol online o trova maggiori informazioni su dove acquistarlo.<\/p>\n","protected":false},"excerpt":{"rendered":"<p>Acquista Demerol online. Demerol \u00e8 un farmaco usato per trattare il dolore da moderato a grave. Demerol compresse in vendita online, dove acquistare Demerol sciroppo online.  <\/p>\n","protected":false},"featured_media":19853,"comment_status":"open","ping_status":"closed","template":"","meta":{"om_disable_all_campaigns":false,"_sitemap_exclude":false,"_sitemap_priority":"","_sitemap_frequency":"","_monsterinsights_skip_tracking":false,"_monsterinsights_sitenote_active":false,"_monsterinsights_sitenote_note":"","_monsterinsights_sitenote_category":0},"product_cat":[24102],"product_tag":[25553,25554,25560,25572,25571,25567,25561,25563,25564,25555,25557,25573,25569,25566,25568,25562,25556,25559,25574,25570,25565,25558],"class_list":{"0":"post-30840","1":"product","2":"type-product","3":"status-publish","4":"has-post-thumbnail","6":"product_cat-antidolorifici","7":"product_tag-acquista-demerol","8":"product_tag-acquista-demerol-online","9":"product_tag-acquista-demerol-online-in-europa","10":"product_tag-autentico-demerol-europa-it","11":"product_tag-consegna-demerol-europa","12":"product_tag-demerol-economico-europa","13":"product_tag-demerol-miglior-prezzo-europa","14":"product_tag-demerol-spedizione-gratuita-europa","15":"product_tag-dove-acquistare-demerol-in-europa","16":"product_tag-dove-acquistare-demerol-online","17":"product_tag-effetti-del-demerol","18":"product_tag-fornitori-demerol-europe","19":"product_tag-negozio-demerol-europa","20":"product_tag-negozio-online-demerol-europa","21":"product_tag-offerte-demerol-europe","22":"product_tag-ordina-demerol-eu","23":"product_tag-ordina-demerol-online","24":"product_tag-quanto-costa-demerol","25":"product_tag-recensione-di-demerol-europe","26":"product_tag-sconto-demerol-europa","27":"product_tag-vendita-demerol-europa","28":"product_tag-vendita-demerol-online","30":"first","31":"instock","32":"shipping-taxable","33":"purchasable","34":"product-type-variable","35":"farmacie-col"},"aioseo_notices":[],"_links":{"self":[{"href":"https:\/\/lacasadelamedicina.es\/it\/wp-json\/wp\/v2\/product\/30840"}],"collection":[{"href":"https:\/\/lacasadelamedicina.es\/it\/wp-json\/wp\/v2\/product"}],"about":[{"href":"https:\/\/lacasadelamedicina.es\/it\/wp-json\/wp\/v2\/types\/product"}],"replies":[{"embeddable":true,"href":"https:\/\/lacasadelamedicina.es\/it\/wp-json\/wp\/v2\/comments?post=30840"}],"wp:featuredmedia":[{"embeddable":true,"href":"https:\/\/lacasadelamedicina.es\/it\/wp-json\/wp\/v2\/media\/19853"}],"wp:attachment":[{"href":"https:\/\/lacasadelamedicina.es\/it\/wp-json\/wp\/v2\/media?parent=30840"}],"wp:term":[{"taxonomy":"product_cat","embeddable":true,"href":"https:\/\/lacasadelamedicina.es\/it\/wp-json\/wp\/v2\/product_cat?post=30840"},{"taxonomy":"product_tag","embeddable":true,"href":"https:\/\/lacasadelamedicina.es\/it\/wp-json\/wp\/v2\/product_tag?post=30840"}],"curies":[{"name":"wp","href":"https:\/\/api.w.org\/{rel}","templated":true}]}}