{"id":30829,"date":"2024-08-10T19:51:54","date_gmt":"2024-08-10T19:51:54","guid":{"rendered":"https:\/\/lacasadelamedicina.es\/product\/acquista-destroamfetamina-online\/"},"modified":"2024-09-17T16:25:38","modified_gmt":"2024-09-17T16:25:38","slug":"acquista-destroamfetamina-online","status":"publish","type":"product","link":"https:\/\/lacasadelamedicina.es\/it\/prodotto\/acquista-destroamfetamina-online\/","title":{"rendered":"Acquista Destroamfetamina Online"},"content":{"rendered":"<h1 class=\"product_title entry-title\">Acquista Destroamfetamina Online<\/h1>\n<p> Acquista destroamfetamina online. La destroamfetamina \u00e8 usata per trattare la narcolessia e il disturbo da deficit di attenzione e iperattivit\u00e0 (ADHD) e talvolta viene prescritta off-label per depressione e obesit\u00e0. Mentre l&#8217;uso a lungo termine di dosi elevate negli animali pu\u00f2 causare danni al sistema della dopamina, dosi terapeutiche negli esseri umani con ADHD generalmente supportano lo sviluppo del cervello e la crescita dei nervi. <strong>La destroamfetamina<\/strong> \u00e8 un farmaco da prescrizione disponibile in diverse forme:   <\/p>\n<ul>\n<li><strong>Compresse orali<\/strong> (10 mg, 15 mg, 20 mg, 30 mg, 5 mg, 7,5 mg)<\/li>\n<li><strong>Capsule a rilascio prolungato<\/strong> (10 mg, 15 mg, 5 mg)<\/li>\n<li><strong>Soluzione orale<\/strong> (5 mg\/5 mL)<\/li>\n<\/ul>\n<p> \u00c8 venduto con vari marchi tra cui Dexedrine Spansule, ProCentra, Xelstrym, Zenzedi, Dexedrine, Dextrostat e Liquadd. La forma di compresse orali \u00e8 disponibile solo in versioni generiche, che sono in genere meno costose dei farmaci di marca. La destroamfetamina pu\u00f2 essere usata da sola o come parte di una terapia combinata con altri farmaci. <strong>Effetti collaterali:<\/strong> Cerca assistenza medica di emergenza se riscontri:   <\/p>\n<ul>\n<li>Reazioni allergiche come orticaria, difficolt\u00e0 respiratorie o gonfiore del viso o della gola.<\/li>\n<li>Gravi reazioni cutanee, tra cui febbre, mal di gola, dolore cutaneo o eruzione cutanea con vesciche e desquamazione.<\/li>\n<li>Sintomi di un infarto o di un ictus, come dolore al petto, intorpidimento o debolezza, difficolt\u00e0 di parola o mancanza di respiro.<\/li>\n<\/ul>\n<p> Gli effetti collaterali gravi possono includere: <\/p>\n<ul>\n<li>Problemi cardiaci o circolatori, come dolore al petto, difficolt\u00e0 respiratorie o intorpidimento delle dita delle mani o dei piedi.<\/li>\n<li>Sintomi di mania o psicosi come allucinazioni, aggressivit\u00e0, paranoia o ridotto bisogno di dormire.<\/li>\n<li>Convulsioni, spasmi muscolari (tic) o alterazioni della vista.<\/li>\n<li>Irritazione cutanea in caso di utilizzo di cerotti.<\/li>\n<\/ul>\n<p> La destroamfetamina pu\u00f2 influire sulla crescita nei bambini, pertanto \u00e8 opportuno monitorare eventuali tassi di crescita anomali e consultare il medico in caso di dubbi. <strong>Effetti collaterali comuni:<\/strong><\/p>\n<ul>\n<li>Bocca secca<\/li>\n<li>Mal di stomaco<\/li>\n<li>Perdita di appetito e perdita di peso<\/li>\n<li>Mal di testa<\/li>\n<li>Vertigini<\/li>\n<li>Insonnia<\/li>\n<li>Irritabilit\u00e0<\/li>\n<li>Contrazione muscolare<\/li>\n<li>Nausea e vomito<\/li>\n<li>Aumento della pressione sanguigna<\/li>\n<li>Tremori<\/li>\n<li>Battiti cardiaci accelerati<\/li>\n<\/ul>\n<p><strong>Sintomi di sovradosaggio:<\/strong><\/p>\n<ul>\n<li>Inquietudine e confusione<\/li>\n<li>Comportamento aggressivo<\/li>\n<li>Sensazioni di panico o allucinazioni<\/li>\n<li>Respirazione veloce e tremori incontrollabili<\/li>\n<li>Febbre e urina rosso scuro<\/li>\n<li>Debolezza e affaticamento muscolare<\/li>\n<li>Depressione e battito cardiaco irregolare<\/li>\n<li>Vertigini e visione offuscata<\/li>\n<li>Mal di stomaco, vomito e diarrea<\/li>\n<li>Convulsioni e, nei casi gravi, coma<\/li>\n<\/ul>\n<p> Per maggiori dettagli su dove acquistare destroamfetamina online, rivolgersi alle farmacie online autorizzate o ai rivenditori autorizzati.<\/p>\n","protected":false},"excerpt":{"rendered":"<p>Acquista destroamfetamina online. La destroamfetamina \u00e8 un farmaco usato per trattare la narcolessia e il disturbo da deficit di attenzione e iperattivit\u00e0 (ADHD). \u00c8 disponibile per la vendita online. Per maggiori informazioni su dove acquistare destroamfetamina, consulta le farmacie online o i venditori autorizzati.   <\/p>\n","protected":false},"featured_media":19868,"comment_status":"open","ping_status":"closed","template":"","meta":{"om_disable_all_campaigns":false,"_sitemap_exclude":false,"_sitemap_priority":"","_sitemap_frequency":"","_monsterinsights_skip_tracking":false,"_monsterinsights_sitenote_active":false,"_monsterinsights_sitenote_note":"","_monsterinsights_sitenote_category":0},"product_cat":[24102],"product_tag":[25509,25510,25516,25528,25527,25523,25517,25519,25511,25520,25513,25529,25525,25522,25524,25512,25518,25515,25530,25526,25521,25514],"class_list":{"0":"post-30829","1":"product","2":"type-product","3":"status-publish","4":"has-post-thumbnail","6":"product_cat-antidolorifici","7":"product_tag-acquista-destroamfetamina","8":"product_tag-acquista-destroamfetamina-online","9":"product_tag-acquista-destroamfetamina-online-in-europa","10":"product_tag-autentica-destroamfetamina-europa","11":"product_tag-consegna-di-destroamfetamina-in-europa","12":"product_tag-destroamfetamina-a-buon-mercato-in-europa","13":"product_tag-destroamfetamina-miglior-prezzo-europa","14":"product_tag-destroamfetamina-spedizione-gratuita-in-europa","15":"product_tag-dove-acquistare-destroamfetamina-online","16":"product_tag-dove-acquistare-dextroamphetamine-in-europa","17":"product_tag-effetti-della-destroamfetamina","18":"product_tag-fornitori-di-destroamfetamina-in-europa","19":"product_tag-negozio-di-destroamfetamina-in-europa","20":"product_tag-negozio-online-di-destroamfetamina-in-europa","21":"product_tag-offerte-di-destroamfetamina-in-europa","22":"product_tag-ordina-destroamfetamina-online","23":"product_tag-ordina-dextroamphetamine-ue","24":"product_tag-quanto-costa-la-destroamfetamina","25":"product_tag-recensione-di-dextroamphetamine-europe","26":"product_tag-sconto-dextroamphetamine-europa","27":"product_tag-vendita-di-destroamfetamina-in-europa","28":"product_tag-vendita-di-destroamfetamina-online","30":"first","31":"instock","32":"shipping-taxable","33":"purchasable","34":"product-type-variable","35":"farmacie-col"},"aioseo_notices":[],"_links":{"self":[{"href":"https:\/\/lacasadelamedicina.es\/it\/wp-json\/wp\/v2\/product\/30829"}],"collection":[{"href":"https:\/\/lacasadelamedicina.es\/it\/wp-json\/wp\/v2\/product"}],"about":[{"href":"https:\/\/lacasadelamedicina.es\/it\/wp-json\/wp\/v2\/types\/product"}],"replies":[{"embeddable":true,"href":"https:\/\/lacasadelamedicina.es\/it\/wp-json\/wp\/v2\/comments?post=30829"}],"wp:featuredmedia":[{"embeddable":true,"href":"https:\/\/lacasadelamedicina.es\/it\/wp-json\/wp\/v2\/media\/19868"}],"wp:attachment":[{"href":"https:\/\/lacasadelamedicina.es\/it\/wp-json\/wp\/v2\/media?parent=30829"}],"wp:term":[{"taxonomy":"product_cat","embeddable":true,"href":"https:\/\/lacasadelamedicina.es\/it\/wp-json\/wp\/v2\/product_cat?post=30829"},{"taxonomy":"product_tag","embeddable":true,"href":"https:\/\/lacasadelamedicina.es\/it\/wp-json\/wp\/v2\/product_tag?post=30829"}],"curies":[{"name":"wp","href":"https:\/\/api.w.org\/{rel}","templated":true}]}}