{"id":30725,"date":"2024-08-10T20:27:10","date_gmt":"2024-08-10T20:27:10","guid":{"rendered":"https:\/\/lacasadelamedicina.es\/product\/acquista-idrocodone-online\/"},"modified":"2024-09-17T16:24:53","modified_gmt":"2024-09-17T16:24:53","slug":"acquista-idrocodone-online","status":"publish","type":"product","link":"https:\/\/lacasadelamedicina.es\/it\/prodotto\/acquista-idrocodone-online\/","title":{"rendered":"Acquista Idrocodone Online"},"content":{"rendered":"<h1 class=\"product_title entry-title\">Acquista Idrocodone Online<\/h1>\n<p><strong>Acquista Hydrocodone Online<\/strong>. L&#8217;idrocodone, noto anche come diidrocodeinone, \u00e8 un oppioide semisintetico utilizzato per gestire il dolore intenso e come sedativo della tosse. Viene comunemente prescritto in combinazione con paracetamolo o ibuprofene per alleviare il dolore e con metilbromuro di omatropina per alleviare la tosse. <strong>L&#8217;idrocodone<\/strong> \u00e8 disponibile in varie forme, tra cui compresse orali, soluzioni liquide e capsule a rilascio prolungato. Viene utilizzato quando il dolore \u00e8 abbastanza grave da richiedere un oppioide e altri antidolorifici sono inefficaci o non tollerati.    <strong>Forme di dosaggio:<\/strong><\/p>\n<ul>\n<li><strong>Compresse<\/strong>: formulazioni a rilascio immediato e a rilascio prolungato.<\/li>\n<li><strong>Soluzione orale<\/strong>: forma liquida per una pi\u00f9 facile regolazione del dosaggio.<\/li>\n<li><strong>Elisir<\/strong>: combina l&#8217;idrocodone con altri ingredienti per alleviare il dolore o la tosse.<\/li>\n<\/ul>\n<p><strong>L&#8217;idrocodone<\/strong> agisce come un analgesico narcotico, agendo sul sistema nervoso centrale per alleviare il dolore e sopprimere la tosse. Pu\u00f2 creare dipendenza, portando a dipendenza fisica o mentale con un uso a lungo termine. La dipendenza pu\u00f2 causare sintomi di astinenza se il farmaco viene interrotto improvvisamente, ma una graduale riduzione della dose pu\u00f2 aiutare ad attenuare gli effetti gravi dell&#8217;astinenza.   <strong>Effetti collaterali:<\/strong><\/p>\n<ul>\n<li><strong>Comune<\/strong>: vertigini, sonnolenza, nausea, stitichezza.<\/li>\n<li><strong>Grave<\/strong>: pressione bassa, convulsioni, prolungamento dell&#8217;intervallo QT, depressione respiratoria, sindrome serotoninergica.<\/li>\n<li><strong>Ulteriori effetti<\/strong>: nausea, vomito, gola secca, difficolt\u00e0 a urinare, eruzione cutanea, prurito e contrazione della pupilla. In alcuni casi, l&#8217;uso di idrocodone pu\u00f2 anche causare una progressiva perdita bilaterale dell&#8217;udito. <\/li>\n<\/ul>\n<p><strong>Informazioni sulla sicurezza:<\/strong><\/p>\n<ul>\n<li><strong>Abuso e dipendenza<\/strong>: l&#8217;idrocodone ha un elevato potenziale di abuso e deve essere monitorato attentamente per prevenirne l&#8217;abuso. Pu\u00f2 creare dipendenza e il suo uso deve essere gestito con attenzione, in particolare nei pazienti con una storia di abuso di sostanze. <\/li>\n<li><strong>Gravidanza e allattamento<\/strong>: generalmente sconsigliato a causa dei potenziali rischi per il bambino.<\/li>\n<\/ul>\n<p><strong>Moduli disponibili:<\/strong><\/p>\n<ul>\n<li><strong>A rilascio immediato<\/strong>: Idrocodone combinato con paracetamolo (ad esempio, Vicodin, Lortab) o ibuprofene (ad esempio, Vicoprofen).<\/li>\n<li><strong>A rilascio prolungato<\/strong>: per la gestione del dolore a lungo termine (ad esempio, Hysingla ER, Zohydro ER).<\/li>\n<li><strong>Prodotti combinati<\/strong>: Idrocodone con omatropina (Hycodan) per tosse e dolore, o in sciroppi per la tosse come Tussionex.<\/li>\n<\/ul>\n<p><strong>Rischi di sovradosaggio:<\/strong> i segni di sovradosaggio possono includere respiro lento o superficiale, grave sonnolenza e perdita di coscienza. In caso di sovradosaggio, somministrare naloxone se disponibile e cercare immediatamente assistenza medica di emergenza. Per ulteriori informazioni su dove acquistare idrocodone online, consultare farmacie online autorizzate o distributori autorizzati.<\/p>\n","protected":false},"excerpt":{"rendered":"<p>Acquista Hydrocodone Online. La combinazione di Hydrocodone e paracetamolo \u00e8 usata per alleviare il dolore intenso. Acquista il farmaco Hydrocodone Online, Hydrocodone in vendita Online  <\/p>\n","protected":false},"featured_media":19898,"comment_status":"open","ping_status":"closed","template":"","meta":{"om_disable_all_campaigns":false,"_sitemap_exclude":false,"_sitemap_priority":"","_sitemap_frequency":"","_monsterinsights_skip_tracking":false,"_monsterinsights_sitenote_active":false,"_monsterinsights_sitenote_note":"","_monsterinsights_sitenote_category":0},"product_cat":[24102],"product_tag":[25362,25355,25356,24283,25374,25369,25358],"class_list":{"0":"post-30725","1":"product","2":"type-product","3":"status-publish","4":"has-post-thumbnail","6":"product_cat-antidolorifici","7":"product_tag-acquista-hydrocodone-online-in-europa","8":"product_tag-acquista-idrocodone","9":"product_tag-acquista-idrocodone-online","10":"product_tag-acquista-vicodin-online","11":"product_tag-autentico-hydrocodone-europa","12":"product_tag-idrocodone-economico-europa","13":"product_tag-ordina-lidrocodone-online","15":"first","16":"instock","17":"shipping-taxable","18":"purchasable","19":"product-type-variable","20":"farmacie-col"},"aioseo_notices":[],"_links":{"self":[{"href":"https:\/\/lacasadelamedicina.es\/it\/wp-json\/wp\/v2\/product\/30725"}],"collection":[{"href":"https:\/\/lacasadelamedicina.es\/it\/wp-json\/wp\/v2\/product"}],"about":[{"href":"https:\/\/lacasadelamedicina.es\/it\/wp-json\/wp\/v2\/types\/product"}],"replies":[{"embeddable":true,"href":"https:\/\/lacasadelamedicina.es\/it\/wp-json\/wp\/v2\/comments?post=30725"}],"wp:featuredmedia":[{"embeddable":true,"href":"https:\/\/lacasadelamedicina.es\/it\/wp-json\/wp\/v2\/media\/19898"}],"wp:attachment":[{"href":"https:\/\/lacasadelamedicina.es\/it\/wp-json\/wp\/v2\/media?parent=30725"}],"wp:term":[{"taxonomy":"product_cat","embeddable":true,"href":"https:\/\/lacasadelamedicina.es\/it\/wp-json\/wp\/v2\/product_cat?post=30725"},{"taxonomy":"product_tag","embeddable":true,"href":"https:\/\/lacasadelamedicina.es\/it\/wp-json\/wp\/v2\/product_tag?post=30725"}],"curies":[{"name":"wp","href":"https:\/\/api.w.org\/{rel}","templated":true}]}}