{"id":30453,"date":"2024-08-11T12:03:31","date_gmt":"2024-08-11T12:03:31","guid":{"rendered":"https:\/\/lacasadelamedicina.es\/product\/acquista-norco-online\/"},"modified":"2024-08-11T12:03:31","modified_gmt":"2024-08-11T12:03:31","slug":"acquista-norco-online","status":"publish","type":"product","link":"https:\/\/lacasadelamedicina.es\/it\/prodotto\/acquista-norco-online\/","title":{"rendered":"Acquista NORCO online"},"content":{"rendered":"<h1 class=\"product_title entry-title\">Acquista NORCO online<\/h1>\n<p> Norco \u00e8 un farmaco da prescrizione che combina idrocodone e paracetamolo, destinato alla gestione del dolore quando i trattamenti non oppioidi non hanno fornito un sollievo sufficiente. \u00c8 disponibile in compresse e viene assunto per via orale, con effetti che solitamente iniziano entro 30 minuti. Gli effetti collaterali comuni di Norco includono vertigini, sonnolenza, nausea, vomito, costipazione e prurito. Ulteriori effetti collaterali possono includere mal di testa, affaticamento, &#8220;nebbia cerebrale&#8221;, dolore addominale e cambiamenti nella pressione sanguigna. Gli effetti collaterali gravi che richiedono cure mediche immediate sono:     <\/p>\n<ul>\n<li>Respirazione lenta o difficile, colore bluastro delle labbra o delle estremit\u00e0<\/li>\n<li>Sintomi di sovradosaggio: mancanza di risposta, respiro rallentato, estrema sonnolenza, pelle fredda o umida, battito cardiaco lento, dolore addominale superiore, urine scure, ittero<\/li>\n<li>Sintomi di astinenza: ansia, pensieri suicidi, irrequietezza, naso che cola, sbadigli, sudorazione, brividi, pupille dilatate, irritabilit\u00e0<\/li>\n<li>Reazioni allergiche gravi: eruzione cutanea, orticaria, vesciche, difficolt\u00e0 respiratorie, battito cardiaco accelerato, vertigini, calore improvviso<\/li>\n<\/ul>\n<p> La stitichezza \u00e8 un effetto collaterale frequente di Norco. Per gestirla, assicurati di assumere acqua in quantit\u00e0 adeguata e incorpora pi\u00f9 fibre nella tua dieta. Se queste misure non sono sufficienti, consulta il tuo medico per potenziali trattamenti o farmaci alternativi. Evita l&#8217;alcol durante l&#8217;uso di Norco, poich\u00e9 la combinazione dei due pu\u00f2 aumentare la sonnolenza e le vertigini e pu\u00f2 danneggiare il fegato. Segui sempre le istruzioni del tuo medico riguardo al dosaggio e all&#8217;uso. Non modificare la dose o interrompere il farmaco senza consultare il tuo medico, che pu\u00f2 ridurre gradualmente la dose per ridurre al minimo i sintomi di astinenza. Tieni il naloxone (Narcan) prontamente disponibile per contrastare potenziali effetti di sovradosaggio e informa le persone a te vicine sul suo utilizzo. Cerca assistenza di emergenza se viene somministrato il naloxone, poich\u00e9 i suoi effetti sono temporanei. Informa il tuo medico se sei incinta o stai pianificando una gravidanza, poich\u00e9 Norco \u00e8 generalmente sconsigliato durante la gravidanza. Inoltre, informa il tuo medico se stai allattando, poich\u00e9 il farmaco pu\u00f2 passare nel latte materno e rappresentare un rischio per il tuo bambino. Conservare Norco in modo sicuro, fuori dalla portata dei bambini e degli animali domestici, e utilizzare programmi di ritiro dei farmaci per smaltire in modo sicuro eventuali medicinali inutilizzati, per prevenire un sovradosaggio accidentale.<\/p>\n","protected":false},"excerpt":{"rendered":"<p>Acquista Norco online. Norco \u00e8 un farmaco combinato che contiene idrocodone e paracetamolo. \u00c8 usato per gestire il dolore per le persone che hanno provato farmaci non oppioidi ma non hanno ottenuto abbastanza sollievo.  <\/p>\n","protected":false},"featured_media":19988,"comment_status":"open","ping_status":"closed","template":"","meta":{"om_disable_all_campaigns":false,"_sitemap_exclude":false,"_sitemap_priority":"","_sitemap_frequency":"","_monsterinsights_skip_tracking":false,"_monsterinsights_sitenote_active":false,"_monsterinsights_sitenote_note":"","_monsterinsights_sitenote_category":0},"product_cat":[24102],"product_tag":[24915,24916,24922,24933,24926,24917,24919,24935,24931,24928,24929,24923,24925,24920,24930,25358,24918,24924,24921,24936,24932,24927],"class_list":{"0":"post-30453","1":"product","2":"type-product","3":"status-publish","4":"has-post-thumbnail","6":"product_cat-antidolorifici","7":"product_tag-acquista-norco","8":"product_tag-acquista-norco-online","9":"product_tag-acquista-norco-online-in-europa","10":"product_tag-consegna-norco-europa","11":"product_tag-dove-acquistare-norco-europa","12":"product_tag-dove-acquistare-norco-online","13":"product_tag-effetti-del-norco","14":"product_tag-fornitori-norco-europe","15":"product_tag-negozio-norco-europa","16":"product_tag-negozio-online-norco-europa","17":"product_tag-norco-europa-a-basso-costo","18":"product_tag-norco-miglior-prezzo-europa","19":"product_tag-norco-spedizione-gratuita-europa","20":"product_tag-norco-vendita-online","21":"product_tag-offerte-norco-europe","22":"product_tag-ordina-lidrocodone-online","23":"product_tag-ordina-norco-online","24":"product_tag-ordina-norco-ue","25":"product_tag-quanto-costa-norco","26":"product_tag-recensione-di-norco-europe","27":"product_tag-sconto-norco-europa","28":"product_tag-vendita-norco-europa","30":"first","31":"instock","32":"shipping-taxable","33":"purchasable","34":"product-type-variable","35":"farmacie-col"},"aioseo_notices":[],"_links":{"self":[{"href":"https:\/\/lacasadelamedicina.es\/it\/wp-json\/wp\/v2\/product\/30453"}],"collection":[{"href":"https:\/\/lacasadelamedicina.es\/it\/wp-json\/wp\/v2\/product"}],"about":[{"href":"https:\/\/lacasadelamedicina.es\/it\/wp-json\/wp\/v2\/types\/product"}],"replies":[{"embeddable":true,"href":"https:\/\/lacasadelamedicina.es\/it\/wp-json\/wp\/v2\/comments?post=30453"}],"wp:featuredmedia":[{"embeddable":true,"href":"https:\/\/lacasadelamedicina.es\/it\/wp-json\/wp\/v2\/media\/19988"}],"wp:attachment":[{"href":"https:\/\/lacasadelamedicina.es\/it\/wp-json\/wp\/v2\/media?parent=30453"}],"wp:term":[{"taxonomy":"product_cat","embeddable":true,"href":"https:\/\/lacasadelamedicina.es\/it\/wp-json\/wp\/v2\/product_cat?post=30453"},{"taxonomy":"product_tag","embeddable":true,"href":"https:\/\/lacasadelamedicina.es\/it\/wp-json\/wp\/v2\/product_tag?post=30453"}],"curies":[{"name":"wp","href":"https:\/\/api.w.org\/{rel}","templated":true}]}}