{"id":30297,"date":"2024-08-11T12:46:15","date_gmt":"2024-08-11T12:46:15","guid":{"rendered":"https:\/\/lacasadelamedicina.es\/product\/acquista-ossicodone-online\/"},"modified":"2024-08-11T12:46:15","modified_gmt":"2024-08-11T12:46:15","slug":"acquista-ossicodone-online","status":"publish","type":"product","link":"https:\/\/lacasadelamedicina.es\/it\/prodotto\/acquista-ossicodone-online\/","title":{"rendered":"Acquista Ossicodone Online"},"content":{"rendered":"<h1 class=\"product_title entry-title\">Acquista Ossicodone Online<\/h1>\n<p> L&#8217;ossicodone \u00e8 un potente oppioide usato per alleviare il dolore intenso quando altri antidolorifici sono inefficaci o intollerabili. Appartiene alla classe degli analgesici narcotici, che sono farmaci specificamente progettati per alleviare il dolore. Agendo sul sistema nervoso centrale (SNC), l&#8217;ossicodone aiuta a gestire sia il dolore acuto o cronico moderato che quello grave quando i trattamenti alternativi sono insufficienti.   <\/p>\n<h3><strong>Come viene abusato l&#8217;ossicodone?<\/strong><\/h3>\n<p> Studi hanno dimostrato che l&#8217;ossicodone pu\u00f2 migliorare significativamente la qualit\u00e0 della vita per gli individui con condizioni di dolore cronico. La sua struttura chimica \u00e8 strettamente correlata alla codeina ma include modifiche come un gruppo idrossilico al carbonio-14, una caratteristica 7,8-diidro e un gruppo carbonilico che sostituisce il gruppo idrossilico della codeina. \u00c8 anche simile all&#8217;idrocodone, differendo solo per la presenza di un gruppo idrossilico al carbonio-14.   <\/p>\n<h3><strong>Quali sono i suoi effetti sul corpo?<\/strong><\/h3>\n<p> L&#8217;ossicodone \u00e8 comunemente noto per strada con nomi come Hillbilly Heroin, Kicker, OC, Ox, Roxy, Perc e Oxy. \u00c8 disponibile in varie forme, tra cui compresse a rilascio prolungato (OxyContin\u00ae) in concentrazioni di 10, 20, 40 e 80 mg e capsule a rilascio immediato come OxyIR da 5 mg. Inoltre, \u00e8 incluso in prodotti combinati come Percodan\u00ae con aspirina e Roxicet con paracetamolo. <strong>Abuso di ossicodone:<\/strong> l&#8217;ossicodone viene spesso abusato frantumando le compresse e sniffandone la polvere, sciogliendole in acqua e iniettando la soluzione o riscaldando le compresse su un foglio e inalandone i vapori. <strong>Effetti sulla mente:<\/strong> il farmaco induce solitamente euforia e rilassamento, il che contribuisce al suo elevato potenziale di abuso. <strong>Effetti sul corpo:<\/strong> l&#8217;ossicodone fornisce sollievo dal dolore, sedazione e soppressione della tosse, ma pu\u00f2 anche causare depressione respiratoria, stitichezza e pupille contratte. L&#8217;uso cronico, in particolare con paracetamolo, pu\u00f2 causare gravi danni al fegato. I sintomi di sovradosaggio includono estrema sonnolenza, debolezza muscolare, confusione, pelle fredda e umida, pupille puntiformi, respiro superficiale, frequenza cardiaca lenta, svenimento, coma e potenzialmente morte.<\/p>\n","protected":false},"excerpt":{"rendered":"<p>L&#8217;ossicodone \u00e8 un potente farmaco oppioide usato per gestire il dolore intenso che richiede una terapia con oppioidi. \u00c8 classificato come analgesico narcotico, che \u00e8 un tipo di farmaco antidolorifico. <\/p>\n","protected":false},"featured_media":20048,"comment_status":"open","ping_status":"closed","template":"","meta":{"om_disable_all_campaigns":false,"_sitemap_exclude":false,"_sitemap_priority":"","_sitemap_frequency":"","_monsterinsights_skip_tracking":false,"_monsterinsights_sitenote_active":false,"_monsterinsights_sitenote_note":"","_monsterinsights_sitenote_category":0},"product_cat":[24102],"product_tag":[24694,24695,24701,24563,24713,24712,24696,24705,24698,24714,24710,24707,24709,24697,24703,24653,24708,24702,24700,24715,24711,24704,24706,24699],"class_list":{"0":"post-30297","1":"product","2":"type-product","3":"status-publish","4":"has-post-thumbnail","6":"product_cat-antidolorifici","7":"product_tag-acquista-ossicodone","8":"product_tag-acquista-ossicodone-online","9":"product_tag-acquista-ossicodone-online-in-europa","10":"product_tag-acquista-roxicodone-online","11":"product_tag-autentico-ossicodone-europa","12":"product_tag-consegna-di-ossicodone-in-europa","13":"product_tag-dove-acquistare-lossicodone-online","14":"product_tag-dove-acquistare-oxycodone-in-europa","15":"product_tag-effetti-dellossicodone","16":"product_tag-fornitori-di-ossicodone-in-europa","17":"product_tag-negozio-di-ossicodone-in-europa","18":"product_tag-negozio-online-di-ossicodone-in-europa","19":"product_tag-offerte-di-ossicodone-in-europa","20":"product_tag-ordina-lossicodone-online","21":"product_tag-ordina-oxycodone-ue","22":"product_tag-ordina-oxycontin-online","23":"product_tag-ossicodone-economico-in-europa","24":"product_tag-ossicodone-miglior-prezzo-europa","25":"product_tag-quanto-costa-lossicodone","26":"product_tag-recensione-di-oxycodone-europe","27":"product_tag-sconto-ossicodone-europa","28":"product_tag-spedizione-gratuita-di-ossicodone-in-europa","29":"product_tag-vendita-di-ossicodone-in-europa","30":"product_tag-vendita-di-ossicodone-online","32":"first","33":"instock","34":"shipping-taxable","35":"purchasable","36":"product-type-variable","37":"farmacie-col","38":"product-has-gallery"},"aioseo_notices":[],"_links":{"self":[{"href":"https:\/\/lacasadelamedicina.es\/it\/wp-json\/wp\/v2\/product\/30297"}],"collection":[{"href":"https:\/\/lacasadelamedicina.es\/it\/wp-json\/wp\/v2\/product"}],"about":[{"href":"https:\/\/lacasadelamedicina.es\/it\/wp-json\/wp\/v2\/types\/product"}],"replies":[{"embeddable":true,"href":"https:\/\/lacasadelamedicina.es\/it\/wp-json\/wp\/v2\/comments?post=30297"}],"wp:featuredmedia":[{"embeddable":true,"href":"https:\/\/lacasadelamedicina.es\/it\/wp-json\/wp\/v2\/media\/20048"}],"wp:attachment":[{"href":"https:\/\/lacasadelamedicina.es\/it\/wp-json\/wp\/v2\/media?parent=30297"}],"wp:term":[{"taxonomy":"product_cat","embeddable":true,"href":"https:\/\/lacasadelamedicina.es\/it\/wp-json\/wp\/v2\/product_cat?post=30297"},{"taxonomy":"product_tag","embeddable":true,"href":"https:\/\/lacasadelamedicina.es\/it\/wp-json\/wp\/v2\/product_tag?post=30297"}],"curies":[{"name":"wp","href":"https:\/\/api.w.org\/{rel}","templated":true}]}}