{"id":30250,"date":"2024-08-11T13:08:06","date_gmt":"2024-08-11T13:08:06","guid":{"rendered":"https:\/\/lacasadelamedicina.es\/product\/acquista-oxycontin-online\/"},"modified":"2024-08-11T13:08:06","modified_gmt":"2024-08-11T13:08:06","slug":"acquista-oxycontin-online","status":"publish","type":"product","link":"https:\/\/lacasadelamedicina.es\/it\/prodotto\/acquista-oxycontin-online\/","title":{"rendered":"Acquista OxyContin online"},"content":{"rendered":"<h1 class=\"product_title entry-title\">Acquista OXYCONTIN online<\/h1>\n<p><strong>Acquista OxyContin online<\/strong> OxyContin \u00e8 un potente farmaco da prescrizione utilizzato per gestire il dolore intenso che richiede un trattamento oppioide continuo e a lungo termine. Viene prescritto quando altre opzioni di gestione del dolore, inclusi antidolorifici non oppioidi o oppioidi a rilascio immediato, si sono dimostrate insufficienti o intollerabili. L&#8217;ossicodone, disponibile con marchi quali OxyContin e Roxicodone, \u00e8 un oppioide semisintetico utilizzato per il trattamento del dolore da moderato a intenso. Viene solitamente assunto per via orale ed \u00e8 disponibile sia in formulazioni a rilascio immediato che a rilascio controllato. L&#8217;ossicodone a rilascio immediato inizia ad alleviare il dolore entro circa 15 minuti e dura fino a sei ore. Nel Regno Unito, \u00e8 disponibile anche come iniettabile. L&#8217;ossicodone pu\u00f2 essere combinato con altri farmaci come paracetamolo, ibuprofene, naloxone, naltrexone e aspirina. Questo farmaco \u00e8 progettato per gestire il dolore intenso continuo, come il dolore correlato al cancro. L&#8217;ossicodone agisce alterando il modo in cui il cervello percepisce e risponde al dolore. Dosi pi\u00f9 elevate (oltre 40 milligrammi per compressa) devono essere utilizzate solo se si \u00e8 assunto regolarmente un regime di antidolorifici oppioidi a causa del rischio di overdose o morte se utilizzato da qualcuno non abituato agli oppioidi. La forma a rilascio prolungato di ossicodone non \u00e8 destinata al dolore lieve o di breve durata.           <strong>Effetti collaterali comuni:<\/strong><\/p>\n<ul>\n<li>Euforia<\/li>\n<li>Stipsi<\/li>\n<li>Nausea e vomito<\/li>\n<li>Perdita di appetito<\/li>\n<li>Sonnolenza<\/li>\n<li>Vertigini<\/li>\n<li>Prurito<\/li>\n<li>Bocca secca<\/li>\n<li>Sudorazione<\/li>\n<\/ul>\n<p> I potenziali effetti collaterali gravi includono dipendenza, irritabilit\u00e0, depressione o mania, delirio, allucinazioni, respiro rallentato, gastroparesi, bradicardia e ipotensione. Le persone allergiche alla codeina potrebbero anche reagire all&#8217;ossicodone. L&#8217;uso di ossicodone durante la gravidanza precoce \u00e8 generalmente considerato relativamente sicuro. L&#8217;interruzione rapida dell&#8217;ossicodone pu\u00f2 portare a sintomi di astinenza. Il farmaco attiva il recettore \u03bc-oppioide ed \u00e8 circa 1,5 volte pi\u00f9 efficace della morfina se assunto per via orale. OxyContin \u00e8 disponibile come compressa a rilascio controllato destinata alla somministrazione ogni 12 ore. Gli studi hanno dimostrato che l&#8217;ossicodone a rilascio controllato \u00e8 paragonabile all&#8217;ossicodone a rilascio immediato, alla morfina e all&#8217;idromorfone nella gestione del dolore da cancro da moderato a grave, con meno effetti collaterali rispetto alla morfina. Nel 2014, l&#8217;Associazione europea per le cure palliative ha raccomandato l&#8217;ossicodone come opzione di trattamento di seconda linea alla morfina per il dolore da cancro.<\/p>\n","protected":false},"excerpt":{"rendered":"<div class=\"flex-shrink-0 flex flex-col relative items-end\">\n<div>\n<div class=\"pt-0\">\n<div class=\"gizmo-bot-avatar flex h-8 w-8 items-center justify-center overflow-hidden rounded-full\">\n<div class=\"relative p-1 rounded-sm flex items-center justify-center bg-token-main-surface-primary text-token-text-primary h-8 w-8\"><strong>Acquista OxyContin online<\/strong>OxyContin \u00e8 un potente farmaco da prescrizione prescritto per la gestione del dolore intenso che richiede un trattamento oppioide continuo e a lungo termine. Viene utilizzato quando altre opzioni di gestione del dolore sono insufficienti e richiede un uso quotidiano, 24 ore su 24 per controllare efficacemente il dolore. <\/div>\n<\/div>\n<\/div>\n<\/div>\n<\/div>\n","protected":false},"featured_media":20078,"comment_status":"open","ping_status":"closed","template":"","meta":{"om_disable_all_campaigns":false,"_sitemap_exclude":false,"_sitemap_priority":"","_sitemap_frequency":"","_monsterinsights_skip_tracking":false,"_monsterinsights_sitenote_active":false,"_monsterinsights_sitenote_note":"","_monsterinsights_sitenote_category":0},"product_cat":[24102],"product_tag":[24695,24650,24651,24657,24661,24652,24663,24653,24664,24658,24660,24655],"class_list":{"0":"post-30250","1":"product","2":"type-product","3":"status-publish","4":"has-post-thumbnail","6":"product_cat-antidolorifici","7":"product_tag-acquista-ossicodone-online","8":"product_tag-acquista-oxycontin","9":"product_tag-acquista-oxycontin-online","10":"product_tag-acquista-oxycontin-online-in-europa","11":"product_tag-dove-acquistare-oxycontin-europa","12":"product_tag-dove-acquistare-oxycontin-online","13":"product_tag-negozio-online-oxycontin-europa","14":"product_tag-ordina-oxycontin-online","15":"product_tag-oxycontin-economico-europa","16":"product_tag-oxycontin-miglior-prezzo-europa","17":"product_tag-oxycontin-spedizione-gratuita-europa","18":"product_tag-oxycontin-vendita-online","20":"first","21":"instock","22":"shipping-taxable","23":"purchasable","24":"product-type-variable","25":"farmacie-col"},"aioseo_notices":[],"_links":{"self":[{"href":"https:\/\/lacasadelamedicina.es\/it\/wp-json\/wp\/v2\/product\/30250"}],"collection":[{"href":"https:\/\/lacasadelamedicina.es\/it\/wp-json\/wp\/v2\/product"}],"about":[{"href":"https:\/\/lacasadelamedicina.es\/it\/wp-json\/wp\/v2\/types\/product"}],"replies":[{"embeddable":true,"href":"https:\/\/lacasadelamedicina.es\/it\/wp-json\/wp\/v2\/comments?post=30250"}],"wp:featuredmedia":[{"embeddable":true,"href":"https:\/\/lacasadelamedicina.es\/it\/wp-json\/wp\/v2\/media\/20078"}],"wp:attachment":[{"href":"https:\/\/lacasadelamedicina.es\/it\/wp-json\/wp\/v2\/media?parent=30250"}],"wp:term":[{"taxonomy":"product_cat","embeddable":true,"href":"https:\/\/lacasadelamedicina.es\/it\/wp-json\/wp\/v2\/product_cat?post=30250"},{"taxonomy":"product_tag","embeddable":true,"href":"https:\/\/lacasadelamedicina.es\/it\/wp-json\/wp\/v2\/product_tag?post=30250"}],"curies":[{"name":"wp","href":"https:\/\/api.w.org\/{rel}","templated":true}]}}