{"id":30198,"date":"2024-08-11T14:01:46","date_gmt":"2024-08-11T14:01:46","guid":{"rendered":"https:\/\/lacasadelamedicina.es\/product\/acquista-ritalin-online\/"},"modified":"2024-08-11T14:01:46","modified_gmt":"2024-08-11T14:01:46","slug":"acquista-ritalin-online","status":"publish","type":"product","link":"https:\/\/lacasadelamedicina.es\/it\/prodotto\/acquista-ritalin-online\/","title":{"rendered":"Acquista Ritalin online"},"content":{"rendered":"<h1 class=\"product_title entry-title\">Acquista Ritalin online<\/h1>\n<p><strong>Acquista Ritalin online<\/strong> Il Ritalin \u00e8 un farmaco stimolante usato principalmente per trattare il disturbo da deficit di attenzione e iperattivit\u00e0 (ADHD) e, in misura minore, la narcolessia. \u00c8 un&#8217;opzione di trattamento chiave per l&#8217;ADHD, disponibile in diverse forme con durate di effetto variabili, in genere comprese tra 2 e 4 ore. Mentre l&#8217;efficacia del Ritalin per l&#8217;ADHD \u00e8 paragonabile all&#8217;atomoxetina, \u00e8 generalmente considerato leggermente meno efficace delle anfetamine.   <strong>Forme e concentrazioni dei farmaci:<\/strong><\/p>\n<ul>\n<li><strong>Compresse orali di Ritalin:<\/strong>\n<ul>\n<li>5mg<\/li>\n<li>10mg<\/li>\n<li>20mg<\/li>\n<\/ul>\n<\/li>\n<li><strong>Capsule a rilascio prolungato di Ritalin LA:<\/strong>\n<ul>\n<li>10mg<\/li>\n<li>20mg<\/li>\n<li>30mg<\/li>\n<li>40mg<\/li>\n<\/ul>\n<\/li>\n<\/ul>\n<p><strong>Dettagli del farmaco:<\/strong><\/p>\n<ul>\n<li><strong>Forme disponibili:<\/strong> Compresse orali e capsule a rilascio prolungato<\/li>\n<li><strong>Disponibilit\u00e0 generica:<\/strong> S\u00ec, sono disponibili versioni generiche del Ritalin.<\/li>\n<li><strong>Anno di approvazione FDA:<\/strong> 1955<\/li>\n<\/ul>\n<p> Sia il Ritalin che il Ritalin LA contengono metilfenidato come principio attivo. Le versioni generiche sono ugualmente sicure ed efficaci, ma spesso sono pi\u00f9 convenienti. Parlane con il tuo medico se stai pensando di passare a una versione generica. <strong>Possibili effetti collaterali del Ritalin:<\/strong><strong>Effetti collaterali lievi:<\/strong>  <\/p>\n<ul>\n<li>Dolore addominale<\/li>\n<li>Bocca secca<\/li>\n<li>Sudorazione eccessiva<\/li>\n<li>Mal di testa<\/li>\n<li>Insonnia<\/li>\n<li>Nausea<\/li>\n<li>Riduzione dell&#8217;appetito<\/li>\n<li>Perdita di peso<\/li>\n<li>Lievi reazioni allergiche<\/li>\n<\/ul>\n<p> Questi effetti collaterali spesso scompaiono entro pochi giorni o settimane. Tuttavia, se persistono o peggiorano, consulta il tuo medico o farmacista. <strong>Effetti collaterali gravi:<\/strong> gli effetti collaterali gravi sono meno comuni, ma richiedono cure mediche immediate. Contatta il tuo medico se riscontri una delle seguenti condizioni:   <\/p>\n<ul>\n<li><strong>Problemi al cuore e ai vasi sanguigni:<\/strong>\n<ul>\n<li>Palpitazioni cardiache<\/li>\n<li>Aumento della frequenza cardiaca<\/li>\n<li>Fiato corto<\/li>\n<li>Dolore o senso di costrizione al petto<\/li>\n<li>Debolezza unilaterale<\/li>\n<li>Difficolt\u00e0 a parlare<\/li>\n<\/ul>\n<\/li>\n<li><strong>Effetti sulla salute mentale:<\/strong>\n<ul>\n<li>Ansia<\/li>\n<li>Psicosi<\/li>\n<li>Disturbo bipolare<\/li>\n<li>Mania<\/li>\n<li>Allucinazioni<\/li>\n<li>Deliri<\/li>\n<\/ul>\n<\/li>\n<li><strong>Priapismo:<\/strong>\n<ul>\n<li>Erezione dolorosa o prolungata che dura pi\u00f9 di 4 ore<\/li>\n<\/ul>\n<\/li>\n<li><strong>Problemi circolatori:<\/strong>\n<ul>\n<li>Dolore, gonfiore, intorpidimento o scolorimento delle dita delle mani o dei piedi<\/li>\n<li>Ulcere cutanee sulle dita delle mani o dei piedi<\/li>\n<\/ul>\n<\/li>\n<li><strong>Aumento della pressione sanguigna:<\/strong>\n<ul>\n<li>Spesso asintomatico ma richiede monitoraggio<\/li>\n<\/ul>\n<\/li>\n<li><strong>Rischio di abuso e dipendenza<\/strong><\/li>\n<li><strong>Reazioni allergiche gravi<\/strong><\/li>\n<\/ul>\n<p><strong>Rischi di sovradosaggio:<\/strong> assumere una dose di Ritalin superiore a quella prescritta pu\u00f2 causare gravi effetti collaterali. I sintomi di sovradosaggio includono:  <\/p>\n<ul>\n<li>Pupille dilatate<\/li>\n<li>Nausea, vomito o diarrea<\/li>\n<li>Agitazione, ansia, confusione o euforia<\/li>\n<li>Allucinazioni<\/li>\n<li>Tremori<\/li>\n<li>Fluttuazioni della pressione sanguigna<\/li>\n<li>Ritmo cardiaco irregolare<\/li>\n<li>Contrazioni o rotture muscolari<\/li>\n<\/ul>\n<p>&nbsp;<\/p>\n","protected":false},"excerpt":{"rendered":"<p>Acquista Ritalin online. Il Ritalin \u00e8 una delle opzioni di trattamento pi\u00f9 comuni utilizzate per il disturbo da deficit di attenzione e iperattivit\u00e0 (ADHD). Ritalin in vendita online, dove acquistare Ritalin online.  <\/p>\n","protected":false},"featured_media":20108,"comment_status":"open","ping_status":"closed","template":"","meta":{"om_disable_all_campaigns":false,"_sitemap_exclude":false,"_sitemap_priority":"","_sitemap_frequency":"","_monsterinsights_skip_tracking":false,"_monsterinsights_sitenote_active":false,"_monsterinsights_sitenote_note":"","_monsterinsights_sitenote_category":0},"product_cat":[24102],"product_tag":[24584,24585,24591,24602,24595,24586,24588,24604,24600,24599,24587,24590,24605,24598,24592,24597,24594,24596,24589],"class_list":{"0":"post-30198","1":"product","2":"type-product","3":"status-publish","4":"has-post-thumbnail","6":"product_cat-antidolorifici","7":"product_tag-acquista-ritalin","8":"product_tag-acquista-ritalin-online","9":"product_tag-acquista-ritalin-online-in-europa","10":"product_tag-consegna-ritalin-europa","11":"product_tag-dove-acquistare-ritalin-europa","12":"product_tag-dove-acquistare-ritalin-online","13":"product_tag-effetti-del-ritalin","14":"product_tag-fornitori-di-ritalin-europa","15":"product_tag-negozio-ritalin-europa","16":"product_tag-offerte-ritalin-europa","17":"product_tag-ordina-ritalin-online","18":"product_tag-quanto-costa-il-ritalin","19":"product_tag-recensione-ritalin-europa","20":"product_tag-ritalin-economico-europa","21":"product_tag-ritalin-miglior-prezzo-europa","22":"product_tag-ritalin-negozio-online-europa","23":"product_tag-ritalin-spedizione-gratuita-europa","24":"product_tag-ritalin-vendita-europa","25":"product_tag-vendita-ritalin-online","27":"first","28":"instock","29":"shipping-taxable","30":"purchasable","31":"product-type-variable","32":"farmacie-col"},"aioseo_notices":[],"_links":{"self":[{"href":"https:\/\/lacasadelamedicina.es\/it\/wp-json\/wp\/v2\/product\/30198"}],"collection":[{"href":"https:\/\/lacasadelamedicina.es\/it\/wp-json\/wp\/v2\/product"}],"about":[{"href":"https:\/\/lacasadelamedicina.es\/it\/wp-json\/wp\/v2\/types\/product"}],"replies":[{"embeddable":true,"href":"https:\/\/lacasadelamedicina.es\/it\/wp-json\/wp\/v2\/comments?post=30198"}],"wp:featuredmedia":[{"embeddable":true,"href":"https:\/\/lacasadelamedicina.es\/it\/wp-json\/wp\/v2\/media\/20108"}],"wp:attachment":[{"href":"https:\/\/lacasadelamedicina.es\/it\/wp-json\/wp\/v2\/media?parent=30198"}],"wp:term":[{"taxonomy":"product_cat","embeddable":true,"href":"https:\/\/lacasadelamedicina.es\/it\/wp-json\/wp\/v2\/product_cat?post=30198"},{"taxonomy":"product_tag","embeddable":true,"href":"https:\/\/lacasadelamedicina.es\/it\/wp-json\/wp\/v2\/product_tag?post=30198"}],"curies":[{"name":"wp","href":"https:\/\/api.w.org\/{rel}","templated":true}]}}