{"id":30156,"date":"2024-08-11T14:27:21","date_gmt":"2024-08-11T14:27:21","guid":{"rendered":"https:\/\/lacasadelamedicina.es\/product\/acquista-suboxone-online\/"},"modified":"2024-09-14T19:24:33","modified_gmt":"2024-09-14T19:24:33","slug":"acquista-suboxone-online","status":"publish","type":"product","link":"https:\/\/lacasadelamedicina.es\/it\/prodotto\/acquista-suboxone-online\/","title":{"rendered":"P\u0113rciet Suboxone tie\u0161saist\u0113"},"content":{"rendered":"<h1 class=\"product_title entry-title\">Acquista Suboxone online<\/h1>\n<p> Il Suboxone \u00e8 un farmaco da prescrizione usato per trattare il disturbo da uso di oppioidi (OUD). Combina due principi attivi: buprenorfina e naloxone. Questo farmaco riduce significativamente il rischio di overdose da oppioidi come eroina o fentanyl, riducendo i tassi di mortalit\u00e0 fino al 50%. Il Suboxone aiuta a gestire i sintomi di astinenza da oppioidi e supporta gli obiettivi di recupero a lungo termine riducendo il desiderio e il rischio di ricadute.    <strong>Come funziona Suboxone:<\/strong><\/p>\n<ul>\n<li><strong>Buprenorfina<\/strong>: un agonista parziale degli oppioidi, la buprenorfina aiuta ad alleviare i sintomi di astinenza stimolando parzialmente i recettori degli oppioidi nel cervello. Ci\u00f2 aiuta a gestire le voglie e facilita la transizione dalla dipendenza dagli oppioidi quando utilizzata sotto supervisione medica. <\/li>\n<li><strong>Naloxone<\/strong>: antagonista degli oppioidi, il naloxone \u00e8 incluso per prevenire l&#8217;uso improprio del farmaco. Inverte gli effetti degli oppioidi e pu\u00f2 indurre sintomi di astinenza in caso di abuso di Suboxone, rendendolo un&#8217;opzione pi\u00f9 sicura per il trattamento a lungo termine. <\/li>\n<\/ul>\n<p><strong>Benefici del Suboxone:<\/strong> Il Suboxone \u00e8 diventato un farmaco preferito per il trattamento dell&#8217;OUD grazie al suo profilo di sicurezza e alla sua efficacia. A differenza del metadone, un altro trattamento per l&#8217;OUD, il Suboxone ha meno probabilit\u00e0 di creare dipendenza e pu\u00f2 essere prescritto da un medico di base, a differenza del metadone che in genere richiede un trattamento in un centro specializzato. <strong>Prescrizione e utilizzo:<\/strong> Suboxone pu\u00f2 essere prescritto all&#8217;inizio del trattamento o durante il recupero a lungo termine. \u00c8 fondamentale discutere con il proprio medico il miglior piano di trattamento su misura per le proprie esigenze. Il trattamento completo spesso include supporto per la salute comportamentale insieme alla terapia farmacologica assistita (MAT). <strong>Effetti collaterali del Suboxone:<\/strong><strong>Effetti collaterali gravi:<\/strong>   <\/p>\n<ul>\n<li><strong>Reazioni allergiche<\/strong>: orticaria, difficolt\u00e0 respiratorie, gonfiore del viso, delle labbra, della lingua o della gola.<\/li>\n<li><strong>Problemi respiratori<\/strong>: respiro lento o interrotto, in particolare con lunghe pause, labbra blu o difficolt\u00e0 a svegliarsi.<\/li>\n<li><strong>Problemi al fegato<\/strong>: dolore alla parte superiore dello stomaco, perdita di appetito, urine scure, feci color argilla, ittero.<\/li>\n<li><strong>Livelli elevati di serotonina<\/strong>: agitazione, allucinazioni, febbre, sudorazione, brividi, tachicardia, rigidit\u00e0 muscolare, nausea, vomito, diarrea.<\/li>\n<li><strong>Bassi livelli di cortisolo<\/strong>: nausea, vomito, perdita di appetito, vertigini, grave debolezza.<\/li>\n<li><strong>Sintomi di astinenza<\/strong>: brividi, sudorazione, naso che cola, occhi lacrimanti, dolori muscolari.<\/li>\n<\/ul>\n<p><strong>Effetti collaterali comuni:<\/strong><\/p>\n<ul>\n<li>Vertigini, sonnolenza, vista offuscata, difficolt\u00e0 di concentrazione.<\/li>\n<li>Sintomi di astinenza, dolore alla lingua, nausea, vomito, stitichezza.<\/li>\n<li>Mal di testa, mal di schiena, aumento della sudorazione, problemi di sonno.<\/li>\n<\/ul>\n<p><strong>Differenza tra Subutex e Suboxone:<\/strong> La differenza principale \u00e8 che Suboxone contiene sia buprenorfina che naloxone, mentre Subutex contiene solo buprenorfina. Subutex era la formulazione originale e si \u00e8 rivelata efficace, ma aveva un potenziale di abuso pi\u00f9 elevato. Suboxone \u00e8 stato sviluppato per risolvere questo problema includendo naloxone, che blocca gli effetti degli oppioidi nei siti recettoriali. L&#8217;iniezione di Suboxone pu\u00f2 portare a un&#8217;astinenza precipitata, scoraggiando l&#8217;uso improprio.<\/p>\n","protected":false},"excerpt":{"rendered":"<p>Acquista Suboxone online. Suboxone \u00e8 un farmaco a combinazione a dose fissa che include buprenorfina e naloxone. Suboxone in vendita online  <\/p>\n","protected":false},"featured_media":20138,"comment_status":"open","ping_status":"closed","template":"","meta":{"om_disable_all_campaigns":false,"_sitemap_exclude":false,"_sitemap_priority":"","_sitemap_frequency":"","_monsterinsights_skip_tracking":false,"_monsterinsights_sitenote_active":false,"_monsterinsights_sitenote_note":"","_monsterinsights_sitenote_category":0},"product_cat":[24102],"product_tag":[24496,24497,24503,24500,24499,24502,24510],"class_list":{"0":"post-30156","1":"product","2":"type-product","3":"status-publish","4":"has-post-thumbnail","6":"product_cat-antidolorifici","7":"product_tag-acquista-suboxone","8":"product_tag-acquista-suboxone-online","9":"product_tag-acquista-suboxone-online-in-europa","10":"product_tag-effetti-del-suboxone","11":"product_tag-ordina-suboxone-online","12":"product_tag-quanto-costa-suboxone","13":"product_tag-suboxone-economico-europa","15":"first","16":"instock","17":"shipping-taxable","18":"purchasable","19":"product-type-variable","20":"farmacie-col"},"aioseo_notices":[],"_links":{"self":[{"href":"https:\/\/lacasadelamedicina.es\/it\/wp-json\/wp\/v2\/product\/30156"}],"collection":[{"href":"https:\/\/lacasadelamedicina.es\/it\/wp-json\/wp\/v2\/product"}],"about":[{"href":"https:\/\/lacasadelamedicina.es\/it\/wp-json\/wp\/v2\/types\/product"}],"replies":[{"embeddable":true,"href":"https:\/\/lacasadelamedicina.es\/it\/wp-json\/wp\/v2\/comments?post=30156"}],"wp:featuredmedia":[{"embeddable":true,"href":"https:\/\/lacasadelamedicina.es\/it\/wp-json\/wp\/v2\/media\/20138"}],"wp:attachment":[{"href":"https:\/\/lacasadelamedicina.es\/it\/wp-json\/wp\/v2\/media?parent=30156"}],"wp:term":[{"taxonomy":"product_cat","embeddable":true,"href":"https:\/\/lacasadelamedicina.es\/it\/wp-json\/wp\/v2\/product_cat?post=30156"},{"taxonomy":"product_tag","embeddable":true,"href":"https:\/\/lacasadelamedicina.es\/it\/wp-json\/wp\/v2\/product_tag?post=30156"}],"curies":[{"name":"wp","href":"https:\/\/api.w.org\/{rel}","templated":true}]}}