{"id":30109,"date":"2024-08-11T14:41:28","date_gmt":"2024-08-11T14:41:28","guid":{"rendered":"https:\/\/lacasadelamedicina.es\/product\/acquista-tapentadol-online\/"},"modified":"2024-09-14T19:24:14","modified_gmt":"2024-09-14T19:24:14","slug":"acquista-tapentadol-online","status":"publish","type":"product","link":"https:\/\/lacasadelamedicina.es\/it\/prodotto\/acquista-tapentadol-online\/","title":{"rendered":"P\u0113rciet Tapentadol tie\u0161saist\u0113"},"content":{"rendered":"<h1 class=\"product_title entry-title\">Acquista Tapentadol online<\/h1>\n<p> Tapentadol \u00e8 un potente farmaco oppioide antidolorifico usato per gestire il dolore intenso, in particolare quando altri trattamenti antidolorifici si sono dimostrati inefficaci o non sono tollerati. Pu\u00f2 essere somministrato come soluzione orale o compressa ed \u00e8 disponibile anche in una forma a rilascio prolungato per gestire il dolore cronico, incluso il dolore causato dalla neuropatia diabetica.  <strong>Punti chiave:<\/strong><\/p>\n<ul>\n<li><strong>Utilizzo:<\/strong> Tapentadol \u00e8 indicato per il dolore intenso che richiede un trattamento con oppioidi e non \u00e8 adatto per un sollievo dal dolore occasionale o &#8220;al bisogno&#8221;. \u00c8 un analgesico narcotico che agisce sul sistema nervoso centrale per alleviare il dolore. <\/li>\n<li><strong>Rischio di dipendenza:<\/strong> l&#8217;uso a lungo termine di tapentadolo pu\u00f2 portare a dipendenza fisica, sebbene la dipendenza mentale sia meno probabile. Per attenuare i sintomi di astinenza, \u00e8 fondamentale ridurre gradualmente il farmaco piuttosto che interromperlo bruscamente. <\/li>\n<li><strong>Distribuzione limitata:<\/strong> il tapentadolo \u00e8 disponibile nell&#8217;ambito del programma REMS (Risk Evaluation and Mitigation Strategy) per analgesici oppioidi a causa del suo potenziale di abuso e dipendenza.<\/li>\n<\/ul>\n<p><strong>Forme di dosaggio:<\/strong><\/p>\n<ul>\n<li><strong>Compressa a rilascio prolungato:<\/strong> per il dolore intenso, incluso il dolore cronico dovuto a neuropatia diabetica.<\/li>\n<li><strong>Compressa:<\/strong> per altre situazioni di dolore intenso in cui \u00e8 necessario un trattamento con oppioidi.<\/li>\n<\/ul>\n<p><strong>Effetti collaterali del tapentadolo:<\/strong><strong>Effetti collaterali comuni:<\/strong><\/p>\n<ul>\n<li>Sonnolenza<\/li>\n<li>Mal di testa<\/li>\n<li>Nausea<\/li>\n<li>Stipsi<\/li>\n<li>Disagio o dolore allo stomaco<\/li>\n<li>Stanchezza o debolezza insolite<\/li>\n<\/ul>\n<p><strong>Effetti collaterali meno comuni:<\/strong><\/p>\n<ul>\n<li>Dolore alla vescica<\/li>\n<li>Urina sanguinolenta o torbida<\/li>\n<li>Dolori al corpo<\/li>\n<li>Tosse<\/li>\n<li>Difficolt\u00e0 respiratorie<\/li>\n<li>Febbre<\/li>\n<li>Dolori muscolari<\/li>\n<li>Stanchezza o debolezza insolite<\/li>\n<\/ul>\n<p><strong>Effetti collaterali rari:<\/strong><\/p>\n<ul>\n<li>Ansia<\/li>\n<li>Confusione o dimenticanza<\/li>\n<li>Oppressione toracica<\/li>\n<li>Goffaggine o instabilit\u00e0<\/li>\n<li>Battito cardiaco accelerato o irregolare<\/li>\n<li>Irritabilit\u00e0 o irrequietezza<\/li>\n<li>Convulsioni<\/li>\n<li>Tremore o scossone<\/li>\n<li>Gonfiore del viso, delle labbra, delle mani o dei piedi<\/li>\n<\/ul>\n<p><strong>Effetti collaterali gravi:<\/strong><\/p>\n<ul>\n<li><strong>Sintomi di sovradosaggio:<\/strong>\n<ul>\n<li>Cambiamento di coscienza<\/li>\n<li>Dolore o fastidio al petto<\/li>\n<li>Pelle fredda e umida<\/li>\n<li>Tosse con espettorato schiumoso rosa<\/li>\n<li>Diminuzione della consapevolezza o della reattivit\u00e0<\/li>\n<li>Difficolt\u00e0 o difficolt\u00e0 respiratorie<\/li>\n<li>Capogiri, vertigini o svenimenti<\/li>\n<li>Perdita di coscienza<\/li>\n<li>Labbra, unghie o pelle pallide o blu<\/li>\n<li>Sonnolenza o torpore insolito<\/li>\n<li>Gonfiore alle gambe e alle caviglie<\/li>\n<\/ul>\n<\/li>\n<li><strong>Altri sintomi gravi:<\/strong>\n<ul>\n<li>Depressione mentale<\/li>\n<li>Pensieri di autolesionismo<\/li>\n<li>Reazioni allergiche gravi (orticaria, difficolt\u00e0 respiratorie, gonfiore del viso o della gola)<\/li>\n<\/ul>\n<\/li>\n<\/ul>\n<p><strong>Misure di emergenza:<\/strong><\/p>\n<ul>\n<li>Rivolgersi immediatamente a un medico se si manifestano sintomi di sovradosaggio, come gravi difficolt\u00e0 respiratorie, alterazioni dello stato di coscienza o forte sonnolenza.<\/li>\n<li>Segnalare al proprio medico eventuali effetti collaterali gravi o sintomi insoliti.<\/li>\n<\/ul>\n<p><strong>Note generali:<\/strong><\/p>\n<ul>\n<li>Tapentadolo deve essere utilizzato sotto la supervisione di un medico, monitorando attentamente eventuali segni di dipendenza o effetti avversi.<\/li>\n<li>Una riduzione graduale della dose pu\u00f2 aiutare a gestire i sintomi di astinenza quando si interrompe l&#8217;uso.<\/li>\n<li>Discuti di tutte le tue condizioni di salute e dei farmaci che stai assumendo con il tuo medico per evitare potenziali interazioni e garantire un uso sicuro.<\/li>\n<\/ul>\n","protected":false},"excerpt":{"rendered":"<p>Acquista tapentadol online. Tapentadol soluzione orale e compresse sono usate per trattare il dolore abbastanza grave da richiedere un trattamento con oppioidi e quando altri antidolorifici non hanno funzionato abbastanza bene o non sono tollerati. dove acquistare tapentadol online.  <\/p>\n","protected":false},"featured_media":20168,"comment_status":"open","ping_status":"closed","template":"","meta":{"om_disable_all_campaigns":false,"_sitemap_exclude":false,"_sitemap_priority":"","_sitemap_frequency":"","_monsterinsights_skip_tracking":false,"_monsterinsights_sitenote_active":false,"_monsterinsights_sitenote_note":"","_monsterinsights_sitenote_category":0},"product_cat":[24102],"product_tag":[24379,24380,24382],"class_list":{"0":"post-30109","1":"product","2":"type-product","3":"status-publish","4":"has-post-thumbnail","6":"product_cat-antidolorifici","7":"product_tag-acquista-tapentadol","8":"product_tag-acquista-tapentadol-online","9":"product_tag-ordina-tapentadol-online","11":"first","12":"instock","13":"shipping-taxable","14":"purchasable","15":"product-type-variable","16":"farmacie-col"},"aioseo_notices":[],"_links":{"self":[{"href":"https:\/\/lacasadelamedicina.es\/it\/wp-json\/wp\/v2\/product\/30109"}],"collection":[{"href":"https:\/\/lacasadelamedicina.es\/it\/wp-json\/wp\/v2\/product"}],"about":[{"href":"https:\/\/lacasadelamedicina.es\/it\/wp-json\/wp\/v2\/types\/product"}],"replies":[{"embeddable":true,"href":"https:\/\/lacasadelamedicina.es\/it\/wp-json\/wp\/v2\/comments?post=30109"}],"wp:featuredmedia":[{"embeddable":true,"href":"https:\/\/lacasadelamedicina.es\/it\/wp-json\/wp\/v2\/media\/20168"}],"wp:attachment":[{"href":"https:\/\/lacasadelamedicina.es\/it\/wp-json\/wp\/v2\/media?parent=30109"}],"wp:term":[{"taxonomy":"product_cat","embeddable":true,"href":"https:\/\/lacasadelamedicina.es\/it\/wp-json\/wp\/v2\/product_cat?post=30109"},{"taxonomy":"product_tag","embeddable":true,"href":"https:\/\/lacasadelamedicina.es\/it\/wp-json\/wp\/v2\/product_tag?post=30109"}],"curies":[{"name":"wp","href":"https:\/\/api.w.org\/{rel}","templated":true}]}}