{"id":30075,"date":"2024-08-11T14:53:54","date_gmt":"2024-08-11T14:53:54","guid":{"rendered":"https:\/\/lacasadelamedicina.es\/product\/acquista-vicodin-online\/"},"modified":"2024-09-14T19:24:16","modified_gmt":"2024-09-14T19:24:16","slug":"acquista-vicodin-online","status":"publish","type":"product","link":"https:\/\/lacasadelamedicina.es\/it\/prodotto\/acquista-vicodin-online\/","title":{"rendered":"P\u0113rciet Vicodin tie\u0161saist\u0113"},"content":{"rendered":"<h1 class=\"product_title entry-title\">Acquista Vicodin online<\/h1>\n<p> Il Vicodin \u00e8 un farmaco da prescrizione che combina due principi attivi: <\/p>\n<ol>\n<li><strong>Idrocodone:<\/strong> un antidolorifico oppioide (narcotico).<\/li>\n<li><strong>Paracetamolo:<\/strong> un antidolorifico non narcotico e antipiretico.<\/li>\n<\/ol>\n<p><strong>Utilizzi:<\/strong><\/p>\n<ul>\n<li>Il Vicodin \u00e8 usato per trattare il dolore da moderato a moderatamente grave. Viene solitamente prescritto quando non \u00e8 possibile ottenere sollievo dal dolore con soli farmaci non oppioidi. <\/li>\n<\/ul>\n<p><strong>Linee guida sul dosaggio:<\/strong> La dose massima giornaliera di Vicodin dipende dalla formulazione: <\/p>\n<ul>\n<li><strong>Vicodin 5 mg\/300 mg<\/strong>: assumere da 1 a 2 compresse ogni 4-6 ore secondo necessit\u00e0, senza superare le 8 compresse in 24 ore.<\/li>\n<li><strong>Vicodin 7,5 mg\/300 mg<\/strong>: assumere 1 compressa ogni 4-6 ore secondo necessit\u00e0, senza superare le 6 compresse in 24 ore.<\/li>\n<li><strong>Vicodin 10 mg\/300 mg<\/strong>: assumere 1 compressa ogni 4-6 ore secondo necessit\u00e0, senza superare le 6 compresse in 24 ore.<\/li>\n<\/ul>\n<p><strong>Considerazioni importanti:<\/strong><\/p>\n<ul>\n<li><strong>Limite di paracetamolo:<\/strong> la maggior parte degli adulti pu\u00f2 assumere in sicurezza fino a 4.000 mg di paracetamolo al giorno, ma questo limite include tutte le fonti di paracetamolo, come altri farmaci da banco.<\/li>\n<li><strong>Evitare di superare le dosi:<\/strong> fare attenzione alla quantit\u00e0 totale di paracetamolo per prevenire danni al fegato.<\/li>\n<\/ul>\n<p><strong>Effetti collaterali:<\/strong><strong>Effetti collaterali comuni:<\/strong><\/p>\n<ul>\n<li>Capogiro<\/li>\n<li>Vertigini<\/li>\n<li>Nausea<\/li>\n<li>Vomito<\/li>\n<li>Mal di stomaco<\/li>\n<li>Sonnolenza<\/li>\n<li>Stipsi<\/li>\n<li>Mal di testa<\/li>\n<li>Cambiamenti di umore<\/li>\n<li>Visione offuscata<\/li>\n<li>Ronzio nelle orecchie<\/li>\n<li>Bocca secca<\/li>\n<li>Difficolt\u00e0 a urinare<\/li>\n<\/ul>\n<p><strong>Effetti collaterali gravi:<\/strong><\/p>\n<ul>\n<li>Respirazione superficiale o lenta<\/li>\n<li>Confusione, pensieri o comportamenti insoliti<\/li>\n<li>Convulsioni<\/li>\n<li>Dolore addominale superiore<\/li>\n<li>Prurito<\/li>\n<li>Perdita di appetito<\/li>\n<li>Urina scura<\/li>\n<li>Sgabelli color argilla<\/li>\n<li>Ingiallimento della pelle o degli occhi<\/li>\n<\/ul>\n<p><strong>Cercare immediatamente assistenza medica se:<\/strong><\/p>\n<ul>\n<li>Si manifestano sintomi quali gravi alterazioni della vista, palpitazioni cardiache o forti mal di testa.<\/li>\n<li>Si manifestano sintomi di una grave reazione allergica, come orticaria, gonfiore del viso o della gola o difficolt\u00e0 respiratorie.<\/li>\n<\/ul>\n<p><strong>Confronto con Percocet:<\/strong><\/p>\n<ul>\n<li><strong>Efficacia:<\/strong> studi hanno dimostrato che Vicodin e Percocet (che contiene ossicodone) sono ugualmente efficaci per la gestione del dolore a breve termine e del dolore acuto dovuto a fratture.<\/li>\n<li><strong>Potenza:<\/strong> l&#8217;ossicodone (Percocet) \u00e8 circa 1,5 volte pi\u00f9 potente dell&#8217;idrocodone (Vicodin) se assunto a dosi uguali.<\/li>\n<\/ul>\n<p><strong>Sicurezza e precauzioni:<\/strong><\/p>\n<ul>\n<li><strong>Crea assuefazione:<\/strong> il Vicodin pu\u00f2 creare assuefazione e pu\u00f2 portare a dipendenza o assuefazione. Usalo esattamente come prescritto. <\/li>\n<li><strong>Rischio di sovradosaggio:<\/strong> assumere una quantit\u00e0 eccessiva di Vicodin o combinarlo con altri antidepressivi (come l&#8217;alcol) pu\u00f2 portare a gravi complicazioni per la salute, tra cui sovradosaggio e morte.<\/li>\n<li><strong>Consulenza:<\/strong> Discuti di eventuali preoccupazioni o effetti collaterali con il tuo medico e informalo di eventuali altri farmaci o condizioni di salute.<\/li>\n<\/ul>\n<p><strong>Informazioni legali e di acquisto:<\/strong><\/p>\n<ul>\n<li><strong>Requisito di prescrizione:<\/strong> il Vicodin \u00e8 disponibile solo con prescrizione medica. \u00c8 importante ottenerlo tramite una farmacia autorizzata e non tramite fonti online non autorizzate. <\/li>\n<li><strong>Acquisto:<\/strong> per motivi di sicurezza, procurati sempre il Vicodin tramite canali legittimi e segui attentamente le linee guida sul dosaggio prescritto.<\/li>\n<\/ul>\n","protected":false},"excerpt":{"rendered":"<p>Acquista Vicodin online. Vicodin \u00e8 una combinazione del narcotico idrocodone e dell&#8217;antidolorifico non narcotico paracetamolo, utilizzato per alleviare il dolore da moderato a moderatamente grave. <\/p>\n","protected":false},"featured_media":20183,"comment_status":"open","ping_status":"closed","template":"","meta":{"om_disable_all_campaigns":false,"_sitemap_exclude":false,"_sitemap_priority":"","_sitemap_frequency":"","_monsterinsights_skip_tracking":false,"_monsterinsights_sitenote_active":false,"_monsterinsights_sitenote_note":"","_monsterinsights_sitenote_category":0},"product_cat":[24102],"product_tag":[25356,24282,24283,24289,24300,24293,24284,24286,24302,24295,24298,24297,24285,24291,24288,24303,24299,24294,24287,24290,24292],"class_list":{"0":"post-30075","1":"product","2":"type-product","3":"status-publish","4":"has-post-thumbnail","6":"product_cat-antidolorifici","7":"product_tag-acquista-idrocodone-online","8":"product_tag-acquista-vicodin","9":"product_tag-acquista-vicodin-online","10":"product_tag-acquista-vicodin-online-in-europa","11":"product_tag-consegna-vicodin-europa","12":"product_tag-dove-acquistare-vicodin-in-europa","13":"product_tag-dove-acquistare-vicodin-online","14":"product_tag-effetti-del-vicodin","15":"product_tag-fornitori-di-vicodin-in-europa","16":"product_tag-negozio-online-vicodin-europa","17":"product_tag-negozio-vicodin-europa","18":"product_tag-offerte-vicodin-europa","19":"product_tag-ordina-vicodin-online","20":"product_tag-ordina-vicodin-ue","21":"product_tag-quanto-costa-il-vicodin","22":"product_tag-recensione-di-vicodin-europe","23":"product_tag-sconto-vicodin-europa","24":"product_tag-vendita-vicodin-europa","25":"product_tag-vendita-vicodin-online","26":"product_tag-vicodin-miglior-prezzo-europa","27":"product_tag-vicodin-spedizione-gratuita-europa","29":"first","30":"instock","31":"shipping-taxable","32":"purchasable","33":"product-type-variable","34":"farmacie-col"},"aioseo_notices":[],"_links":{"self":[{"href":"https:\/\/lacasadelamedicina.es\/it\/wp-json\/wp\/v2\/product\/30075"}],"collection":[{"href":"https:\/\/lacasadelamedicina.es\/it\/wp-json\/wp\/v2\/product"}],"about":[{"href":"https:\/\/lacasadelamedicina.es\/it\/wp-json\/wp\/v2\/types\/product"}],"replies":[{"embeddable":true,"href":"https:\/\/lacasadelamedicina.es\/it\/wp-json\/wp\/v2\/comments?post=30075"}],"wp:featuredmedia":[{"embeddable":true,"href":"https:\/\/lacasadelamedicina.es\/it\/wp-json\/wp\/v2\/media\/20183"}],"wp:attachment":[{"href":"https:\/\/lacasadelamedicina.es\/it\/wp-json\/wp\/v2\/media?parent=30075"}],"wp:term":[{"taxonomy":"product_cat","embeddable":true,"href":"https:\/\/lacasadelamedicina.es\/it\/wp-json\/wp\/v2\/product_cat?post=30075"},{"taxonomy":"product_tag","embeddable":true,"href":"https:\/\/lacasadelamedicina.es\/it\/wp-json\/wp\/v2\/product_tag?post=30075"}],"curies":[{"name":"wp","href":"https:\/\/api.w.org\/{rel}","templated":true}]}}