{"id":30026,"date":"2024-08-11T15:06:29","date_gmt":"2024-08-11T15:06:29","guid":{"rendered":"https:\/\/lacasadelamedicina.es\/product\/acquista-xanax-online\/"},"modified":"2024-09-14T19:22:10","modified_gmt":"2024-09-14T19:22:10","slug":"acquista-xanax-online","status":"publish","type":"product","link":"https:\/\/lacasadelamedicina.es\/it\/prodotto\/acquista-xanax-online\/","title":{"rendered":"P\u0113rciet Xanax tie\u0161saist\u0113"},"content":{"rendered":"<h1 class=\"product_title entry-title\">Acquista Xanax online<\/h1>\n<h3>Panoramica di Xanax (Alprazolam)<\/h3>\n<p><strong>Xanax<\/strong> \u00e8 un farmaco da prescrizione usato per trattare alcuni disturbi d&#8217;ansia e disturbi di panico. Il principio attivo, <strong>alprazolam<\/strong>, appartiene a una classe di farmaci noti come benzodiazepine. Le benzodiazepine sono deprimenti del sistema nervoso centrale (SNC) che agiscono potenziando l&#8217;attivit\u00e0 dei neurotrasmettitori nel cervello.   <\/p>\n<h4><strong>Usi<\/strong><\/h4>\n<ul>\n<li><strong>Disturbi d&#8217;ansia:<\/strong> Xanax \u00e8 prescritto per gestire i sintomi dei disturbi d&#8217;ansia e dell&#8217;ansia causata dalla depressione.<\/li>\n<li><strong>Disturbi di panico:<\/strong> viene utilizzato anche per trattare i disturbi di panico, compresi gli attacchi di panico con o senza agorafobia (paura di luoghi o situazioni da cui potrebbe essere difficile fuggire).<\/li>\n<\/ul>\n<h4><strong>Forme e dosaggio<\/strong><\/h4>\n<ul>\n<li><strong>Xanax a rilascio immediato (IR):<\/strong>\n<ul>\n<li><strong>Punte di forza:<\/strong> 0,25 mg, 0,5 mg, 1 mg, 2 mg<\/li>\n<li><strong>Aspetto:<\/strong>\n<ul>\n<li>0,25 mg: Bianco, ovale<\/li>\n<li>0,5 mg: Pesca, ovale<\/li>\n<li>1 mg: Blu, ovale<\/li>\n<li>2 mg: Bianco, rettangolo con angoli arrotondati<\/li>\n<\/ul>\n<\/li>\n<\/ul>\n<\/li>\n<li><strong>Rilascio prolungato (Xanax XR):<\/strong>\n<ul>\n<li><strong>Punteggi:<\/strong> 0,5 mg, 1 mg, 2 mg, 3 mg<\/li>\n<li><strong>Aspetto:<\/strong>\n<ul>\n<li>0,5 mg: Bianco, pentagono<\/li>\n<li>1 mg: Giallo, quadrato<\/li>\n<li>2 mg: Blu, rotondo<\/li>\n<li>3 mg: Verde, triangolo<\/li>\n<\/ul>\n<\/li>\n<\/ul>\n<\/li>\n<\/ul>\n<p><strong>Linee guida sul dosaggio:<\/strong><\/p>\n<ul>\n<li><strong>Disturbo di panico:<\/strong> Xanax a rilascio immediato pu\u00f2 essere assunto tre volte al giorno. Xanax XR viene in genere assunto una volta al giorno ed \u00e8 progettato per rilasciare gradualmente il farmaco nell&#8217;arco di 24 ore. <\/li>\n<\/ul>\n<h4><strong>Effetti collaterali lievi<\/strong><\/h4>\n<ul>\n<li>Perdita di memoria<\/li>\n<li>Stipsi<\/li>\n<li>Bassa pressione sanguigna<\/li>\n<li>Bocca secca<\/li>\n<li>Sonnolenza<\/li>\n<li>Vertigini o stordimento<\/li>\n<li>Problemi di coordinamento<\/li>\n<li>Difficolt\u00e0 di concentrazione o di parlare chiaramente<\/li>\n<li>Cambiamenti nel desiderio sessuale, nell&#8217;appetito o nel peso<\/li>\n<li>Lievi reazioni allergiche<\/li>\n<\/ul>\n<p> Questi effetti collaterali potrebbero diminuire man mano che il tuo corpo si adatta al farmaco. Se persistono o peggiorano, consulta il tuo medico.  <\/p>\n<h4><strong>Effetti collaterali gravi<\/strong><\/h4>\n<ul>\n<li><strong>Ridotta capacit\u00e0 di svolgere attivit\u00e0 pericolose:<\/strong> Sonnolenza, vertigini, riduzione dello stato di allerta, tempi di reazione rallentati.<\/li>\n<li><strong>Problemi al fegato:<\/strong> i sintomi includono dolore addominale, nausea, vomito, ittero (ingiallimento della pelle\/degli occhi), aumento degli enzimi epatici.<\/li>\n<li><strong>Convulsioni:<\/strong> i sintomi possono variare, ma possono includere tremori, confusione, rigidit\u00e0 o flaccidit\u00e0.<\/li>\n<li><strong>Allucinazioni:<\/strong> sperimentare cose che non sono reali, come sentire voci o vedere oggetti inesistenti.<\/li>\n<li><strong>Dipendenza:<\/strong> rischio di abuso, dipendenza e sintomi di astinenza.<\/li>\n<li><strong>Gravi reazioni allergiche:<\/strong> sintomi come orticaria, gonfiore e difficolt\u00e0 respiratorie.<\/li>\n<\/ul>\n<p><strong>Nota importante:<\/strong> l&#8217;associazione di Xanax con oppioidi o altri farmaci depressivi pu\u00f2 essere estremamente pericolosa e potenzialmente fatale. <\/p>\n<h4><strong>Efficacia per il disturbo di panico<\/strong><\/h4>\n<p> Xanax \u00e8 efficace per ridurre la frequenza degli attacchi di panico. \u00c8 incluso nelle linee guida per la gestione a breve termine del disturbo di panico. Gli studi clinici hanno dimostrato la sua efficacia nel controllo dei sintomi dei disturbi di panico. <strong>Disponibilit\u00e0:<\/strong> Xanax \u00e8 disponibile solo su prescrizione medica. \u00c8 importante utilizzarlo sotto la guida di un medico a causa del suo potenziale di dipendenza e di altri gravi effetti collaterali.    <strong>Consultazione:<\/strong><\/p>\n<ul>\n<li>Consulta sempre il tuo medico per assicurarti che Xanax sia adatto alle tue condizioni.<\/li>\n<li>Discuti di eventuali altri farmaci che stai assumendo e di eventuali problemi di salute preesistenti.<\/li>\n<\/ul>\n<p><strong>Acquista Xanax online:<\/strong><\/p>\n<ul>\n<li>Lo Xanax deve essere acquistato presso una farmacia autorizzata e muniti di una prescrizione medica valida.<\/li>\n<li>Fate attenzione alle fonti online che vendono Xanax senza prescrizione medica, perch\u00e9 potrebbero essere illegali o contraffatti.<\/li>\n<\/ul>\n","protected":false},"excerpt":{"rendered":"<p>Acquista Xanax online. Xanax \u00e8 una compressa orale di marca prescritta per alcuni disturbi d&#8217;ansia. Xanax in vendita online  <\/p>\n","protected":false},"featured_media":20198,"comment_status":"open","ping_status":"closed","template":"","meta":{"om_disable_all_campaigns":false,"_sitemap_exclude":false,"_sitemap_priority":"","_sitemap_frequency":"","_monsterinsights_skip_tracking":false,"_monsterinsights_sitenote_active":false,"_monsterinsights_sitenote_note":"","_monsterinsights_sitenote_category":0},"product_cat":[24102],"product_tag":[24103,24104,24106],"class_list":{"0":"post-30026","1":"product","2":"type-product","3":"status-publish","4":"has-post-thumbnail","6":"product_cat-antidolorifici","7":"product_tag-acquista-xanax","8":"product_tag-acquista-xanax-online","9":"product_tag-ordina-xanax-online","11":"first","12":"instock","13":"shipping-taxable","14":"purchasable","15":"product-type-variable","16":"farmacie-col"},"aioseo_notices":[],"_links":{"self":[{"href":"https:\/\/lacasadelamedicina.es\/it\/wp-json\/wp\/v2\/product\/30026"}],"collection":[{"href":"https:\/\/lacasadelamedicina.es\/it\/wp-json\/wp\/v2\/product"}],"about":[{"href":"https:\/\/lacasadelamedicina.es\/it\/wp-json\/wp\/v2\/types\/product"}],"replies":[{"embeddable":true,"href":"https:\/\/lacasadelamedicina.es\/it\/wp-json\/wp\/v2\/comments?post=30026"}],"wp:featuredmedia":[{"embeddable":true,"href":"https:\/\/lacasadelamedicina.es\/it\/wp-json\/wp\/v2\/media\/20198"}],"wp:attachment":[{"href":"https:\/\/lacasadelamedicina.es\/it\/wp-json\/wp\/v2\/media?parent=30026"}],"wp:term":[{"taxonomy":"product_cat","embeddable":true,"href":"https:\/\/lacasadelamedicina.es\/it\/wp-json\/wp\/v2\/product_cat?post=30026"},{"taxonomy":"product_tag","embeddable":true,"href":"https:\/\/lacasadelamedicina.es\/it\/wp-json\/wp\/v2\/product_tag?post=30026"}],"curies":[{"name":"wp","href":"https:\/\/api.w.org\/{rel}","templated":true}]}}