{"id":35087,"date":"2024-08-09T14:02:03","date_gmt":"2024-08-09T14:02:03","guid":{"rendered":"https:\/\/lacasadelamedicina.es\/product\/acheter-de-la-ketamine-en-ligne\/"},"modified":"2024-08-09T14:02:03","modified_gmt":"2024-08-09T14:02:03","slug":"acheter-de-la-ketamine-en-ligne","status":"publish","type":"product","link":"https:\/\/lacasadelamedicina.es\/fr\/produit\/acheter-de-la-ketamine-en-ligne\/","title":{"rendered":"Acheter de la k\u00e9tamine en ligne"},"content":{"rendered":"<h3>Achetez de la k\u00e9tamine en ligne.<\/h3>\n<p>&nbsp; Vente en ligne de k\u00e9tamine. NMIAD686 K\u00e9tamine HCl, un hallucinog\u00e8ne. L&rsquo;achat en ligne d&rsquo;ouvrages de r\u00e9f\u00e9rence de premi\u00e8re qualit\u00e9 sous licence est possible chez <span class=\"selectable-text copyable-text\">LA CASA DE LA MEDICINA<\/span>. Acheter de la k\u00e9tamine en ligne &#8211; <a href=\"https:\/\/drlawsonspharmacy\/contact-us\/\">CONTACT <\/a> Acheter de la k\u00e9tamine en ligne, <a href=\"https:\/\/dieapotheke247.com\/\">y <\/a> compris des cristaux de k\u00e9tamine HCL, de la k\u00e9tamine liquide, des doses de k\u00e9tamine en poudre et des m\u00e9dicaments \u00e0 base de k\u00e9tamine. Achetez de la k\u00e9tamine HCL en poudre cristalline. Achetez en ligne des cristaux de k\u00e9tamine, de la k\u00e9tamine liquide, de la k\u00e9tamine liquide et de la poudre en stock. Achetez de la k\u00e9tamine en ligne sous le nom commercial de K\u00e9talar. Dans la plupart des cas, les m\u00e9dicaments \u00e0 base de k\u00e9talar sont utilis\u00e9s pour traiter et administrer une anesth\u00e9sie. En outre, elle est utilis\u00e9e pour soulager la douleur et am\u00e9liorer la m\u00e9moire. En outre, il contient des \u00e9l\u00e9ments de douleur permanente et de somnolence qui assurent une attention cibl\u00e9e. Le rythme cardiaque, la respiration et les r\u00e9flexes de vol sont rest\u00e9s largement fonctionnels pendant sa possession. *** Traduit avec www.DeepL.com\/Translator (version gratuite) ***          &nbsp;<\/p>\n<h2>K\u00e9tamine \u00e0 vendre<\/h2>\n<p> Lorsque la perfusion est administr\u00e9e, l\u2019effet est minime dans les 5 minutes, l\u2019effet primaire pouvant durer jusqu\u2019\u00e0 25 minutes. Les sympt\u00f4mes r\u00e9guliers sont des r\u00e9actions psychologiques car le m\u00e9dicament n\u2019agit plus. Les r\u00e9actions peuvent inclure de l&rsquo;agitation, de la confusion, des \u00e9tourdissements, de la fatigue et des tremblements musculaires.   &nbsp;<\/p>\n<h2>Acheter de la k\u00e9tamine l\u00e9gale en ligne<\/h2>\n<p> Des doses accrues peuvent provoquer des effets plus graves, les utilisateurs d\u00e9crivant une d\u00e9connexion totale de leur corps. Les effets sont pr\u00e9sent\u00e9s tels que d\u00e9crits dans le \u00ab K-Opening \u00bb et sont similaires \u00e0 ceux d\u00e9crits par ceux qui ont v\u00e9cu une rencontre rapproch\u00e9e avec la mort.  &nbsp;<\/p>\n<h2>K\u00e9tamine liquide \u00e0 vendre<\/h2>\n<p> La k\u00e9tamine est utilis\u00e9e pour soulager la douleur postop\u00e9ratoire chez les PDG. De faibles niveaux de k\u00e9tamine peuvent r\u00e9duire le besoin de morphine, les naus\u00e9es et les \u00e9tourdissements apr\u00e8s une intervention chirurgicale. De faibles doses de k\u00e9tamine sont donc utilis\u00e9es pour traiter des affections douloureuses complexes au niveau provincial.   &nbsp;<\/p>\n<h2>Poudre de k\u00e9tamine HCL \u00e0 vendre<\/h2>\n<p> Avant un traitement m\u00e9dical ou une certaine m\u00e9thode, la k\u00e9tamine est utilis\u00e9e pour induire une anesth\u00e9sie (perte de sensation ou de sensation). Par cons\u00e9quent, les cliniques de k\u00e9tamine pour la relaxation des muscles squelettiques ne sont pas n\u00e9cessaires. Il peut \u00e9galement \u00eatre utilis\u00e9 pour d\u2019autres conditions m\u00e9dicales prescrites par votre m\u00e9decin de famille. Un s\u00e9datif, la k\u00e9tamine. Dans le cerveau, il contr\u00f4le les sensations d\u00e9sagr\u00e9ables. Achetez de la k\u00e9tamine l\u00e9galement.      &nbsp;<\/p>\n<h2>Acheter de la k\u00e9tamine l\u00e9galement en ligne<\/h2>\n<p> Le client ressentira une sensation de relaxation intense et ressentira occasionnellement des picotements dans tout le corps dus \u00e0 la k\u00e9tamine intranasale. Certains clients disent avoir l\u2019impression de glisser, d\u2019autres disent m\u00eame avoir l\u2019impression d\u2019\u00eatre hors de leur corps. De nombreuses personnes ont des fantasmes irr\u00e9alistes qui durent parfois plus longtemps que leur effet somnif\u00e8re. Par cons\u00e9quent, il est important de comprendre combien de temps dure une perfusion de k\u00e9tamine.    &nbsp;<\/p>\n<h2>O\u00f9 acheter de la k\u00e9tamine en ligne<\/h2>\n<p> L\u2019effet \u00e9ph\u00e9m\u00e8re de la poudre de k\u00e9tamine (Ketalar) dure environ 60 minutes. Cela commence environ 2 \u00e0 5 minutes apr\u00e8s que le fumeur ou l&rsquo;avaleur ait fini de servir. Pendant la perfusion, cela se produit environ 30 secondes apr\u00e8s l\u2019injection. &nbsp;<\/p>\n<h2>Acheter de la k\u00e9tamine en ligne sans solution<\/h2>\n<p> Le principal effet de l\u2019effet est que le client \u00e9prouvera une sensation de relaxation intense et, dans certains cas, une sensation de tout le corps. Certains clients disent avoir l\u2019impression de glisser, d\u2019autres disent m\u00eame avoir l\u2019impression d\u2019\u00eatre hors de leur corps. De nombreuses personnes signalent des visions qui durent plus longtemps que les effets somnif\u00e8res de la d\u00e9pression due \u00e0 la k\u00e9tamine. La boutique en ligne la plus discr\u00e8te, vous pouvez acheter Jwh 122 en ligne, acheter Jwh 018 en ligne, acheter Nembutal en ligne, acheter de la K\u00e9tamine en ligne, acheter du pentobarbital sodique Nembutal, acheter du sirop contre la toux TUSSIONEX en ligne, acheter Actimmune en ligne, acheter Cinryze en ligne, acheter du crack en ligne, Achetez de la coca\u00efne en ligne, achetez de l&rsquo;h\u00e9ro\u00efne en ligne, achetez du LSD en ligne, achetez des comprim\u00e9s de LSD en ligne, achetez de la roxicodone en ligne, achetez du ph\u00e9naz\u00e9pam, achetez du MDPV en ligne, achetez des cristaux d&rsquo;A-PVP, achetez du JWH-200, achetez du Dilaudid en ligne, achetez de l&rsquo;Adderall en ligne, achetez de l&rsquo;Oxycontin, Achetez du Xanax en ligne, achetez du Vicodin en ligne, achetez de la m\u00e9ph\u00e9drone en ligne, achetez du Pure Crystal Meth en ligne, achetez du Fentanyl en ligne    <\/p>\n<h2>Pilules de k\u00e9tamine \u00e0 vendre<\/h2>\n<p> Des doses accrues peuvent avoir des effets plus dramatiques, les utilisateurs d\u00e9clarant un d\u00e9tachement complet et significatif de leur corps. Les effets sont similaires \u00e0 ceux d\u00e9crits par les personnes qui ont fr\u00f4l\u00e9 la mort et \u00e0 ceux observ\u00e9s avec la k\u00e9tamine \u00ab K-gap \u00bb pour traiter l\u2019anxi\u00e9t\u00e9.  &nbsp;<\/p>\n<h2>Acheter de la poudre de k\u00e9tamine en ligne<\/h2>\n<p> Bien s\u00fbr, il existe des r\u00e9actions \u00e0 la poudre de k\u00e9tamine (Ketalar), et ces r\u00e9actions peuvent avoir un impact important. Des r\u00e9actions momentan\u00e9es peuvent conduire \u00e0 de terribles d\u00e9viations mentales. Il en va de m\u00eame pour chaque m\u00e9dicament psychotrope. Par cons\u00e9quent, le plaisir du voyage mental d\u00e9pend du point de vue du client. Alors quand le client essaie de surmonter le d\u00e9sespoir. En cons\u00e9quence, les fantasmes risquent d\u2019\u00eatre d\u00e9sagr\u00e9ables. K\u00e9tamine en poudre (Ketalar)       &nbsp;<\/p>\n<h2>O\u00f9 acheter de la k\u00e9tamine<\/h2>\n<p> En raison des propri\u00e9t\u00e9s s\u00e9datives du m\u00e9dicament, la confusion et l\u2019impuissance g\u00e9n\u00e9rale sont des effets secondaires fr\u00e9quemment rapport\u00e9s. Une injection de k\u00e9tamine provoque une somnolence, une augmentation du rythme cardiaque et une augmentation de la tension circulatoire.  &nbsp;<\/p>\n<h2>Acheter de la poudre de k\u00e9tamine en ligne<\/h2>\n<p> L\u2019effet \u00e9ph\u00e9m\u00e8re de la poudre de k\u00e9tamine (Ketalar) dure environ 60 minutes. Cela commence environ 2 \u00e0 5 minutes apr\u00e8s que le fumeur ou l&rsquo;avaleur ait fini de servir. L\u2019achat de cr\u00e8me \u00e0 la k\u00e9tamine en ligne a lieu environ 30 secondes apr\u00e8s la perfusion, ce qui constitue un achat l\u00e9gal de k\u00e9tamine.   &nbsp;<\/p>\n<h2>Acheter de la k\u00e9tamine liquide<\/h2>\n<p> La poudre de k\u00e9tamine (Ketalar) \u00e0 fortes doses peut provoquer ce que certains appellent une \u00ab ouverture K \u00bb, qui peut inclure des visualisations visuelles et auditives d\u00e9rangeantes ainsi qu&rsquo;une d\u00e9r\u00e9alisation s\u00e9v\u00e8re et une d\u00e9connexion \u00e9tonnante de la r\u00e9alit\u00e9. &nbsp;<\/p>\n<h2>Comment acheter de la k\u00e9tamine en ligne<\/h2>\n<p> Les utilisateurs de poudre de k\u00e9tamine (Ketalar) peuvent \u00e9galement ressentir un sentiment de malaise, qui peut \u00eatre encore plus grave. Si cela provoque des vomissements, cela peut \u00eatre extr\u00eamement dangereux, car cela est courant chez ceux qui subissent des d\u00e9g\u00e2ts s\u00e9par\u00e9s. Cela cr\u00e9e la possibilit\u00e9 de se retrouver dans le v\u00e9lo couch\u00e9, ce qui pr\u00e9sente un r\u00e9el risque d&rsquo;\u00e9touffement. Si possible, placez-la sur le c\u00f4t\u00e9 ou en position de r\u00e9cup\u00e9ration (poudre Ketalar) pour \u00e9viter cela. Pour recevoir une assistance m\u00e9dicale d\u2019urgence, appelez le 911 d\u00e8s que possible.     <strong>Savez-vous o\u00f9 acheter de la k\u00e9tamine ?<\/strong> M\u00e9thylone \u00e0 vendre, valeur marchande de la k\u00e9tamine, dosage de la k\u00e9tamine, comment fabriquer de la k\u00e9tamine, o\u00f9 puis-je me procurer de la k\u00e9tamine en ligne, o\u00f9 puis-je me procurer de la k\u00e9tamine, qu&rsquo;est-ce que la k\u00e9tamine et la k\u00e9tamine de haute qualit\u00e9 \u00e0 vendre. Nous pouvons apporter des solutions \u00e0 toutes ces questions non r\u00e9solues. Vous pouvez en savoir plus sur o\u00f9 et comment acheter de la k\u00e9tamine en ligne en parcourant simplement notre site Web. La k\u00e9tamine, et alors ? Savez-vous o\u00f9 je peux acheter de la k\u00e9tamine en ligne ? Acheter de la k\u00e9tamine pure en ligne, o\u00f9 puis-je acheter de la k\u00e9tamine pure en ligne, comment fabriquer de la k\u00e9tamine, \u00e0 quoi ressemble la k\u00e9tamine, combien co\u00fbte la k\u00e9tamine dans la rue, o\u00f9 puis-je acheter de la k\u00e9tamine pure ? Il est tout \u00e0 fait compr\u00e9hensible que les individus n\u2019acceptent pas imm\u00e9diatement la qualit\u00e9 de la k\u00e9tamine vendue en ligne car ils ne peuvent pas la voir en personne. Cependant, les choses sont diff\u00e9rentes en ce qui concerne les fournisseurs Internet de k\u00e9tamine. Les produits propos\u00e9s ici sont une repr\u00e9sentation pr\u00e9cise de ce qu&rsquo;ils sont, avec un entretien de premi\u00e8re classe effectu\u00e9 sous la supervision d&rsquo;un professionnel. Rapide et efficace Exp\u00e9dition discr\u00e8te : Une fois la commande re\u00e7ue, la k\u00e9tamine sera livr\u00e9e en ligne dans les d\u00e9lais sp\u00e9cifi\u00e9s. L\u2019\u00e9quipe d\u2019exp\u00e9dition met tout en \u0153uvre pour garantir que le processus d\u2019exp\u00e9dition et de livraison soit rapide et facile. Lorsque vous achetez de la k\u00e9tamine aupr\u00e8s d&rsquo;un vendeur r\u00e9put\u00e9 via un site Web, vous pouvez \u00e9galement compter sur un service de premi\u00e8re classe.            &nbsp;<\/p>\n","protected":false},"excerpt":{"rendered":"<p>Il a \u00e9t\u00e9 d\u00e9montr\u00e9 que la k\u00e9tamine est efficace dans le traitement de la d\u00e9pression chez les personnes bipolaires qui n\u2019ont pas r\u00e9pondu aux antid\u00e9presseurs. &nbsp;<\/p>\n","protected":false},"featured_media":18110,"comment_status":"closed","ping_status":"closed","template":"","meta":{"om_disable_all_campaigns":false,"_sitemap_exclude":false,"_sitemap_priority":"","_sitemap_frequency":"","_monsterinsights_skip_tracking":false,"_monsterinsights_sitenote_active":false,"_monsterinsights_sitenote_note":"","_monsterinsights_sitenote_category":0},"product_cat":[19407],"product_tag":[37203,37205,37210,37222,37224,37216,37219,37209,37212,37204,37207,37223,37211,37217,37221,37213,37218,37214,37206,37220,37215,37208],"class_list":{"0":"post-35087","1":"product","2":"type-product","3":"status-publish","4":"has-post-thumbnail","6":"product_cat-recherche-sur-les-produits-chimiques-et-les-psychedeliques","7":"product_tag-acheter-de-la-ketamine","8":"product_tag-acheter-de-la-ketamine-en-ligne","9":"product_tag-acheter-de-la-ketamine-en-ligne-en-europe","10":"product_tag-authentique-ketamine-europe","11":"product_tag-avis-sur-ketamine-europe","12":"product_tag-boutique-en-ligne-de-ketamine-en-europe","13":"product_tag-boutique-ketamine-europe","14":"product_tag-combien-coute-la-ketamine","15":"product_tag-commander-de-la-ketamine-dans-lue","16":"product_tag-commander-de-la-ketamine-en-ligne","17":"product_tag-effets-de-la-ketamine","18":"product_tag-fournisseurs-de-ketamine-en-europe","19":"product_tag-ketamine-meilleur-prix-europe","20":"product_tag-ketamine-pas-cher-en-europe","21":"product_tag-livraison-de-ketamine-en-europe","22":"product_tag-livraison-gratuite-de-ketamine-en-europe","23":"product_tag-offres-ketamine-europe","24":"product_tag-ou-acheter-de-la-ketamine-en-europe","25":"product_tag-ou-acheter-de-la-ketamine-en-ligne","26":"product_tag-remise-sur-la-ketamine-en-europe","27":"product_tag-vente-de-ketamine-en-europe","28":"product_tag-vente-de-ketamine-en-ligne","30":"first","31":"instock","32":"shipping-taxable","33":"purchasable","34":"product-type-variable","35":"farmacie-col"},"aioseo_notices":[],"_links":{"self":[{"href":"https:\/\/lacasadelamedicina.es\/fr\/wp-json\/wp\/v2\/product\/35087"}],"collection":[{"href":"https:\/\/lacasadelamedicina.es\/fr\/wp-json\/wp\/v2\/product"}],"about":[{"href":"https:\/\/lacasadelamedicina.es\/fr\/wp-json\/wp\/v2\/types\/product"}],"replies":[{"embeddable":true,"href":"https:\/\/lacasadelamedicina.es\/fr\/wp-json\/wp\/v2\/comments?post=35087"}],"wp:featuredmedia":[{"embeddable":true,"href":"https:\/\/lacasadelamedicina.es\/fr\/wp-json\/wp\/v2\/media\/18110"}],"wp:attachment":[{"href":"https:\/\/lacasadelamedicina.es\/fr\/wp-json\/wp\/v2\/media?parent=35087"}],"wp:term":[{"taxonomy":"product_cat","embeddable":true,"href":"https:\/\/lacasadelamedicina.es\/fr\/wp-json\/wp\/v2\/product_cat?post=35087"},{"taxonomy":"product_tag","embeddable":true,"href":"https:\/\/lacasadelamedicina.es\/fr\/wp-json\/wp\/v2\/product_tag?post=35087"}],"curies":[{"name":"wp","href":"https:\/\/api.w.org\/{rel}","templated":true}]}}