{"id":34779,"date":"2024-08-10T19:23:17","date_gmt":"2024-08-10T19:23:17","guid":{"rendered":"https:\/\/lacasadelamedicina.es\/product\/acheter-de-la-buprenorphine-en-ligne\/"},"modified":"2024-08-10T19:23:17","modified_gmt":"2024-08-10T19:23:17","slug":"acheter-de-la-buprenorphine-en-ligne","status":"publish","type":"product","link":"https:\/\/lacasadelamedicina.es\/fr\/produit\/acheter-de-la-buprenorphine-en-ligne\/","title":{"rendered":"Acheter de la bupr\u00e9norphine en ligne"},"content":{"rendered":"<h1 class=\"product_title entry-title\">Acheter de la bupr\u00e9norphine en ligne<\/h1>\n<p> Acheter de la bupr\u00e9norphine en ligne. La bupr\u00e9norphine est utilis\u00e9e pour traiter les troubles li\u00e9s \u00e0 l&rsquo;utilisation d&rsquo;opio\u00efdes (TOU), la douleur aigu\u00eb et la douleur chronique. Elle peut \u00eatre administr\u00e9e sous diverses formes, notamment par voie sublinguale (sous la langue), buccale (dans la joue), par injection (intraveineuse et sous-cutan\u00e9e), par patchs cutan\u00e9s (transdermiques) ou par implants. Pour le traitement du TOU, la bupr\u00e9norphine ne doit \u00eatre administr\u00e9e que lorsque le patient pr\u00e9sente des sympt\u00f4mes de sevrage mod\u00e9r\u00e9s aux opio\u00efdes et sous la supervision d&rsquo;un professionnel de la sant\u00e9. La bupr\u00e9norphine aide \u00e0 g\u00e9rer la d\u00e9pendance aux opio\u00efdes en r\u00e9duisant les envies et les sympt\u00f4mes de sevrage sans provoquer d&rsquo;euphorie ou d&rsquo;effets secondaires graves, ce qui aide \u00e0 pr\u00e9venir les rechutes. Elle agit comme un substitut \u00e0 la drogue consomm\u00e9e, minimisant l&rsquo;inconfort et permettant aux patients de se concentrer sur leur r\u00e9tablissement. La bupr\u00e9norphine pour le TOU fait partie d&rsquo;un plan de traitement complet qui comprend des conseils et une th\u00e9rapie comportementale. Pour le TOU, la bupr\u00e9norphine est disponible sous forme d&rsquo;injections \u00e0 action prolong\u00e9e (Sublocade, Brixadi) et de comprim\u00e9s sublinguaux (Subutex, d\u00e9sormais abandonn\u00e9, mais des g\u00e9n\u00e9riques sont disponibles). Dans la prise en charge de la douleur, la bupr\u00e9norphine est utilis\u00e9e pour les douleurs aigu\u00ebs s\u00e9v\u00e8res et les douleurs chroniques mod\u00e9r\u00e9es \u00e0 s\u00e9v\u00e8res non contr\u00f4l\u00e9es par d&rsquo;autres m\u00e9dicaments. Elle est disponible sous forme de timbres cutan\u00e9s (Butrans) et de films buccaux (Belbuca) pour les douleurs chroniques, et sous forme d&rsquo;injection (Buprenex) pour les douleurs aigu\u00ebs. La bupr\u00e9norphine se pr\u00e9sente sous trois formes :           <\/p>\n<ul>\n<li>Un film orange rectangulaire aromatis\u00e9 au citron vert<\/li>\n<li>Tablettes<\/li>\n<li>Augmentation de la transpiration<\/li>\n<\/ul>\n<p> Les noms de marque incluent Belbuca, Brixadi, Buprenex, Buprenorphine, Butrans, Sublocade, Suboxone, Subutex et Zubsolv. <strong>Effets secondaires :<\/strong> Consultez imm\u00e9diatement un m\u00e9decin si vous pr\u00e9sentez des signes de r\u00e9action allergique tels que de l&rsquo;urticaire, des difficult\u00e9s respiratoires ou un gonflement du visage, des l\u00e8vres, de la langue ou de la gorge. Les m\u00e9dicaments opio\u00efdes peuvent ralentir ou arr\u00eater la respiration, ce qui peut \u00eatre mortel. Assurez-vous qu&rsquo;une personne \u00e0 proximit\u00e9 peut vous administrer de la naloxone et consultez un m\u00e9decin d&rsquo;urgence si vous avez une respiration lente, des l\u00e8vres bleues ou des difficult\u00e9s \u00e0 vous r\u00e9veiller. Consultez votre m\u00e9decin si vous pr\u00e9sentez des sympt\u00f4mes tels que le sevrage des opio\u00efdes, des probl\u00e8mes respiratoires, un rythme cardiaque lent, des douleurs thoraciques, un faible taux de cortisol ou des probl\u00e8mes h\u00e9patiques. Consultez \u00e9galement un m\u00e9decin en cas de sympt\u00f4mes du syndrome s\u00e9rotoninergique tels que l&rsquo;agitation, les hallucinations, la fi\u00e8vre et la raideur musculaire.     <strong>Effets secondaires courants :<\/strong><\/p>\n<ul>\n<li>Constipation<\/li>\n<li>Naus\u00e9e<\/li>\n<li>Vomissement<\/li>\n<li>Mal de t\u00eate<\/li>\n<li>Augmentation de la transpiration<\/li>\n<li>Insomnie<\/li>\n<li>Douleur<\/li>\n<\/ul>\n<p><strong>M\u00e9dicaments contre la d\u00e9pendance aux opio\u00efdes :<\/strong><\/p>\n<ul>\n<li>Bupr\u00e9norphine : Sublocade (injection sous-cutan\u00e9e), Probuphine (implant), Subutex (comprim\u00e9s sublinguaux)<\/li>\n<li>Bupr\u00e9norphine et naloxone : Bunavail (film sublingual), Suboxone (film et comprim\u00e9s sublinguaux), Zubsolv (comprim\u00e9s sublinguaux)<\/li>\n<li>Lofexidine : Lucemyra (comprim\u00e9s)<\/li>\n<li>Naltrexone : Vivitrol (injection IM), Naltrexone (comprim\u00e9s)<\/li>\n<\/ul>\n<p><strong>M\u00e9dicaments contre la douleur intense :<\/strong><\/p>\n<ul>\n<li>Bupr\u00e9norphine : Buprenex (injection IM et IV), Belbuca (film buccal), Butrans (patch transdermique)<\/li>\n<li>M\u00e9thadone : Dolophine (comprim\u00e9s)<\/li>\n<\/ul>\n<p><strong>Noms de marque et formes posologiques :<\/strong><\/p>\n<ul>\n<li>Brixadi : Injection \u00e0 lib\u00e9ration prolong\u00e9e (sous-cutan\u00e9e), hebdomadaire ou mensuelle, pour le trouble d&rsquo;usage de drogues<\/li>\n<li>Sublocade : Injection \u00e0 lib\u00e9ration prolong\u00e9e (sous-cutan\u00e9e), mensuelle, pour OUD<\/li>\n<li>Probuphine (arr\u00eat\u00e9) : Implant (sous-cutan\u00e9), tous les six mois, pour la d\u00e9pendance aux opio\u00efdes<\/li>\n<li>Belbuca : Film buccal, une fois par jour ou toutes les 12 heures, en cas de douleur intense<\/li>\n<li>Butrans : Syst\u00e8me transdermique, tous les sept jours, pour les douleurs intenses<\/li>\n<li>Subutex (arr\u00eat\u00e9) : comprim\u00e9s sublinguaux, une fois par jour, pour la d\u00e9pendance aux opio\u00efdes<\/li>\n<li>Buprenex : Injection (intraveineuse ou intramusculaire), toutes les 6 heures, pour les douleurs intenses<\/li>\n<\/ul>\n<p> Achetez de la bupr\u00e9norphine en ligne ou trouvez o\u00f9 acheter de la bupr\u00e9norphine en ligne pour plus de d\u00e9tails sur sa disponibilit\u00e9 et ses options d&rsquo;achat.<\/p>\n","protected":false},"excerpt":{"rendered":"<p>Achetez de la bupr\u00e9norphine en ligne. La bupr\u00e9norphine est un m\u00e9dicament cl\u00e9 utilis\u00e9 pour traiter les troubles li\u00e9s \u00e0 l&rsquo;utilisation d&rsquo;opio\u00efdes (TOU), ainsi que pour g\u00e9rer la douleur aigu\u00eb et chronique. Vous pouvez trouver de la bupr\u00e9norphine disponible \u00e0 l&rsquo;achat en ligne.  <\/p>\n","protected":false},"featured_media":19835,"comment_status":"open","ping_status":"closed","template":"","meta":{"om_disable_all_campaigns":false,"_sitemap_exclude":false,"_sitemap_priority":"","_sitemap_frequency":"","_monsterinsights_skip_tracking":false,"_monsterinsights_sitenote_active":false,"_monsterinsights_sitenote_note":"","_monsterinsights_sitenote_category":0},"product_cat":[18529],"product_tag":[36035,36036,36042,18619,36056,36051,36054,36052,36047,36043,36049,36041,36044,36038,36039,36055,36053,36045,36048,36050,36046,36037,36040],"class_list":{"0":"post-34779","1":"product","2":"type-product","3":"status-publish","4":"has-post-thumbnail","6":"product_cat-analgesiques","7":"product_tag-acheter-de-la-buprenorphine","8":"product_tag-acheter-de-la-buprenorphine-en-ligne","9":"product_tag-acheter-de-la-buprenorphine-en-ligne-en-europe","10":"product_tag-acheter-suboxone-en-ligne","11":"product_tag-avis-sur-la-buprenorphine-en-europe","12":"product_tag-boutique-de-buprenorphine-en-europe","13":"product_tag-buprenorphine-authentique-europe","14":"product_tag-buprenorphine-en-europe-a-prix-reduit","15":"product_tag-buprenorphine-en-vente-en-europe","16":"product_tag-buprenorphine-meilleur-prix-europe","17":"product_tag-buprenorphine-pas-chere-en-europe","18":"product_tag-combien-coute-la-buprenorphine","19":"product_tag-commander-de-la-buprenorphine-en-europe","20":"product_tag-commander-de-la-buprenorphine-en-ligne","21":"product_tag-effets-de-la-buprenorphine","22":"product_tag-fournisseurs-de-buprenorphine-en-europe","23":"product_tag-livraison-de-buprenorphine-en-europe","24":"product_tag-livraison-gratuite-de-buprenorphine-en-europe","25":"product_tag-magasin-en-ligne-de-buprenorphine-en-europe","26":"product_tag-offres-buprenorphine-europe","27":"product_tag-ou-acheter-de-la-buprenorphine-en-europe","28":"product_tag-ou-acheter-de-la-buprenorphine-en-ligne","29":"product_tag-vente-de-buprenorphine-en-ligne","31":"first","32":"instock","33":"shipping-taxable","34":"purchasable","35":"product-type-variable","36":"farmacie-col"},"aioseo_notices":[],"_links":{"self":[{"href":"https:\/\/lacasadelamedicina.es\/fr\/wp-json\/wp\/v2\/product\/34779"}],"collection":[{"href":"https:\/\/lacasadelamedicina.es\/fr\/wp-json\/wp\/v2\/product"}],"about":[{"href":"https:\/\/lacasadelamedicina.es\/fr\/wp-json\/wp\/v2\/types\/product"}],"replies":[{"embeddable":true,"href":"https:\/\/lacasadelamedicina.es\/fr\/wp-json\/wp\/v2\/comments?post=34779"}],"wp:featuredmedia":[{"embeddable":true,"href":"https:\/\/lacasadelamedicina.es\/fr\/wp-json\/wp\/v2\/media\/19835"}],"wp:attachment":[{"href":"https:\/\/lacasadelamedicina.es\/fr\/wp-json\/wp\/v2\/media?parent=34779"}],"wp:term":[{"taxonomy":"product_cat","embeddable":true,"href":"https:\/\/lacasadelamedicina.es\/fr\/wp-json\/wp\/v2\/product_cat?post=34779"},{"taxonomy":"product_tag","embeddable":true,"href":"https:\/\/lacasadelamedicina.es\/fr\/wp-json\/wp\/v2\/product_tag?post=34779"}],"curies":[{"name":"wp","href":"https:\/\/api.w.org\/{rel}","templated":true}]}}