{"id":33486,"date":"2024-08-09T14:02:43","date_gmt":"2024-08-09T14:02:43","guid":{"rendered":"https:\/\/lacasadelamedicina.es\/product\/acheter-une-solution-intraveineuse-de-pentobarbital-en-ligne\/"},"modified":"2024-08-09T14:02:43","modified_gmt":"2024-08-09T14:02:43","slug":"acheter-une-solution-intraveineuse-de-pentobarbital-en-ligne","status":"publish","type":"product","link":"https:\/\/lacasadelamedicina.es\/fr\/produit\/acheter-une-solution-intraveineuse-de-pentobarbital-en-ligne\/","title":{"rendered":"Acheter une solution intraveineuse de pentobarbital en ligne"},"content":{"rendered":"<h2>Acheter une solution intraveineuse de pentobarbital<\/h2>\n<p> Il existe de nombreux types de barbituriques, et la solution intraveineuse de pentobarbital n&rsquo;en est qu&rsquo;un. Chez Dr. Law Sons Pharmacy, nous fournissons des informations compl\u00e8tes sur ce m\u00e9dicament pour vous aider \u00e0 comprendre ses utilisations et ses effets.  <\/p>\n<h3>Qu&rsquo;est-ce que le pentobarbital ?<\/h3>\n<p> Le pentobarbital est un barbiturique qui d\u00e9prime le syst\u00e8me nerveux central (SNC) et le cerveau. Il est principalement prescrit pour induire le sommeil plut\u00f4t que comme s\u00e9datif. Comme d&rsquo;autres barbituriques, son efficacit\u00e9 peut diminuer avec une utilisation prolong\u00e9e, devenant souvent moins efficace apr\u00e8s deux semaines. Le m\u00e9dicament a une demi-vie allant de 5 \u00e0 50 heures, selon la dose. Autrefois largement disponible, le pentobarbital est d\u00e9sormais rare et cher, car il n&rsquo;est plus couramment utilis\u00e9 comme anesth\u00e9sique dans de nombreux pays.     <\/p>\n<h3>Effets psychologiques et physiologiques du pentobarbital<\/h3>\n<p> Le pentobarbital peut provoquer divers effets physiologiques, notamment : <\/p>\n<ul>\n<li>Pression art\u00e9rielle r\u00e9duite<\/li>\n<li>Vasodilatation p\u00e9riph\u00e9rique<\/li>\n<li>Fr\u00e9quence cardiaque alt\u00e9r\u00e9e<\/li>\n<li>D\u00e9pression du d\u00e9bit cardiaque<\/li>\n<li>R\u00e9ponse vasopressive r\u00e9duite<\/li>\n<\/ul>\n<p> Dans le cadre de la recherche, il peut affecter des variables telles que les l\u00e9sions myocardiques suite \u00e0 une ligature des art\u00e8res coronaires. Le m\u00e9dicament procure une profondeur de s\u00e9dation similaire \u00e0 la technique de Jorgensen, avec des effets qui durent de 2 \u00e0 4 heures. En tant que d\u00e9presseur du SNC, il peut rendre les individus plus sensibles aux stimuli. Pendant des d\u00e9cennies, le pentobarbital a \u00e9t\u00e9 un anesth\u00e9sique standard pour les animaux de laboratoire. Une anesth\u00e9sie efficace chez les animaux de laboratoire est obtenue avec des doses proches de celles qui pourraient provoquer une insuffisance respiratoire, administr\u00e9es lentement par injection intraveineuse. Bien que le pentobarbital ne soit plus disponible dans le commerce pour l&rsquo;anesth\u00e9sie dans la plupart des pays, il peut toujours \u00eatre obtenu aupr\u00e8s de fournisseurs agr\u00e9\u00e9s comme Dr. Law Sons Pharmacy pour des besoins de recherche sp\u00e9cifiques.      <\/p>\n<h2>Peut-on traiter une surdose de pentobarbital ?<\/h2>\n<p> Une surdose de n\u2019importe quel barbiturique peut \u00eatre extr\u00eamement mortelle. Vous devez toujours avertir votre m\u00e9decin si vous pensez \u00eatre sensible aux barbituriques ou si vous avez des ant\u00e9c\u00e9dents d\u2019abus de drogues. Vous devez \u00e9galement informer le m\u00e9decin si vous souffrez d\u2019une maladie h\u00e9patique ou r\u00e9nale, de porphyrie, d\u2019une maladie pulmonaire obstructive chronique, d\u2019asthme non contr\u00f4l\u00e9 ou d\u2019ant\u00e9c\u00e9dents de sant\u00e9 mentale ou de maladie chronique. Si un proche a fait une surdose de pentobarbital, n\u2019essayez pas de le faire vomir. Vous devez consulter imm\u00e9diatement un m\u00e9decin. Le traitement d\u2019une surdose de pentobarbital implique principalement une aide de soutien. Voici quelques-unes des proc\u00e9dures de soutien :       <\/p>\n<ul>\n<li>V\u00e9rification des sympt\u00f4mes courants de surdosage<\/li>\n<li>Observation de l&rsquo;entr\u00e9e et de la sortie du fluide<\/li>\n<li>S&rsquo;assurer qu&rsquo;il y a suffisamment d&rsquo;oxyg\u00e8ne<\/li>\n<li>Assurer la s\u00e9curit\u00e9 de la victime \u00e0 tout moment<\/li>\n<li>V\u00e9rification des sympt\u00f4mes de choc<\/li>\n<li>Apzi\u0146as l\u012bme\u0146a p\u0101rbaude<\/li>\n<li>Une h\u00e9modialyse peut \u00eatre n\u00e9cessaire pour \u00e9liminer le m\u00e9dicament du syst\u00e8me en cas de fonction r\u00e9nale anormale.<\/li>\n<li>Augmentation de l&rsquo;apport hydrique<\/li>\n<li>Assurer l&rsquo;excr\u00e9tion r\u00e9nale du pentobarbital<\/li>\n<li>Commencer un traitement antibiotique si la victime souffre d&rsquo;une pneumonie<\/li>\n<li>Offrir des soins qui peuvent am\u00e9liorer la vivacit\u00e9 mentale et r\u00e9soudre tout signe de pens\u00e9e affect\u00e9e<\/li>\n<li>V\u00e9rification des probl\u00e8mes possibles tels que l\u2019insuffisance r\u00e9nale, l\u2019\u0153d\u00e8me pulmonaire, les arythmies et les probl\u00e8mes cardiaques congestifs.<\/li>\n<\/ul>\n<h3>Effets secondaires du pentobarbital<\/h3>\n<p> Lorsque vous prenez du pentobarbital, vous risquez de ressentir plusieurs effets secondaires. Certains peuvent \u00eatre l\u00e9gers tandis que d&rsquo;autres sont graves. Nous avons r\u00e9pertori\u00e9 la plupart des effets secondaires ici. N&rsquo;oubliez pas qu&rsquo;il ne s&rsquo;agit pas d&rsquo;une liste compl\u00e8te des effets secondaires. Ils comprennent : confusion, cauchemars, anxi\u00e9t\u00e9, pens\u00e9es anormales, naus\u00e9es, constipation, fi\u00e8vre, agitation, hallucinations, nervosit\u00e9, insomnie, \u00e9tourdissements, naus\u00e9es, vomissements et maux de t\u00eate, entre autres.     <\/p>\n<h3>Peut-on devenir accro \u00e0 la solution intraveineuse de pentobarbital ?<\/h3>\n<p> Tout comme la plupart des barbituriques, le pentobarbital est \u00e9galement tr\u00e8s addictif. \u00c9vitez de prendre le m\u00e9dicament \u00e0 des doses sup\u00e9rieures \u00e0 celles recommand\u00e9es ou pendant une p\u00e9riode plus longue que n\u00e9cessaire. De plus, lors du sevrage du m\u00e9dicament, assurez-vous de consulter un m\u00e9decin. Le pentobarbital peut provoquer de graves sympt\u00f4mes de sevrage tels que des \u00e9tourdissements, de l&rsquo;insomnie, des \u00e9vanouissements et plus encore, et un m\u00e9decin sait comment r\u00e9duire progressivement la dose pour que vous ne souffriez pas de ces sympt\u00f4mes de sevrage.    <\/p>\n<h3>Peut-on obtenir du pentobarbital l\u00e9galement ?<\/h3>\n<p> Le pentobarbital est l\u2019un des rares barbituriques que vous pouvez acheter l\u00e9galement. Cependant, il convient de noter que le nombre d\u2019entreprises qui produisent du pentobarbital a consid\u00e9rablement diminu\u00e9, ce qui rend difficile l\u2019obtention de ce m\u00e9dicament. Vous avez besoin d\u2019une recommandation\/ordonnance d\u2019un m\u00e9decin pour pouvoir acheter ce m\u00e9dicament.   <\/p>\n<h3>Peut-on acheter du pentobarbital en ligne ?<\/h3>\n<p> Si vous recherchez du pentobarbital sur les moteurs de recherche, vous trouverez de nombreux vendeurs en ligne vendant du pentobarbital et d&rsquo;autres barbituriques. Cependant, vous devez savoir que le pentobarbital et d&rsquo;autres barbituriques sont des m\u00e9dicaments contr\u00f4l\u00e9s dans de nombreux pays. Si vous envisagez d&rsquo;acheter du pentobarbital en ligne, assurez-vous d&rsquo;avoir effectu\u00e9 des recherches appropri\u00e9es avant d&rsquo;acheter. La lecture de nombreux avis vous garantit \u00e9galement que vous achetez aupr\u00e8s d&rsquo;un acheteur l\u00e9gitime.<\/p>\n","protected":false},"excerpt":{"rendered":"<p>Achetez la solution injectable mortelle de pentobarbital Nembutal en ligne. Disponible en concentration de 50 mg\/ml, la solution est disponible en flacons de 20 ml et 50 ml. Choisissez la quantit\u00e9 dont vous avez besoin et ajoutez-la \u00e0 votre panier. Nous offrons une livraison rapide et garantie discr\u00e8te pour toutes les commandes.   <\/p>\n","protected":false},"featured_media":19715,"comment_status":"open","ping_status":"closed","template":"","meta":{"om_disable_all_campaigns":false,"_sitemap_exclude":false,"_sitemap_priority":"","_sitemap_frequency":"","_monsterinsights_skip_tracking":false,"_monsterinsights_sitenote_active":false,"_monsterinsights_sitenote_note":"","_monsterinsights_sitenote_category":0},"product_cat":[19087],"product_tag":[33150,33151,33157,33166,33156,33159,33153,33154,33170,33161,33152,33169,33171,33158,33164,33165,33167,33163,33160,33168,33162,33155],"class_list":{"0":"post-33486","1":"product","2":"type-product","3":"status-publish","4":"has-post-thumbnail","6":"product_cat-pentobarbital-sodique-nembutal","7":"product_tag-acheter-une-solution-intraveineuse-de-pentobarbital","8":"product_tag-acheter-une-solution-intraveineuse-de-pentobarbital-en-ligne","9":"product_tag-acheter-une-solution-intraveineuse-de-pentobarbital-en-ligne-en-europe","10":"product_tag-boutique-en-ligne-de-solution-intraveineuse-de-pentobarbital-en-europe","11":"product_tag-combien-coute-la-solution-intraveineuse-de-pentobarbital","12":"product_tag-commander-une-solution-intraveineuse-de-pentobarbital-dans-lue","13":"product_tag-commander-une-solution-intraveineuse-de-pentobarbital-en-ligne","14":"product_tag-effets-de-la-solution-intraveineuse-de-pentobarbital","15":"product_tag-fournisseurs-de-solution-intraveineuse-de-pentobarbital-en-europe","16":"product_tag-ou-acheter-la-solution-intraveineuse-de-pentobarbital-en-europe","17":"product_tag-ou-acheter-la-solution-intraveineuse-de-pentobarbital-en-ligne","18":"product_tag-solution-intraveineuse-authentique-de-pentobarbital-europe","19":"product_tag-solution-intraveineuse-de-pentobarbital-revue-europe","20":"product_tag-solution-intraveineuse-de-pentobarbital-au-meilleur-prix-en-europe","21":"product_tag-solution-intraveineuse-de-pentobarbital-bon-marche-en-europe","22":"product_tag-solution-intraveineuse-de-pentobarbital-en-europe","23":"product_tag-solution-intraveineuse-de-pentobarbital-en-europe-a-prix-reduit","24":"product_tag-solution-intraveineuse-de-pentobarbital-en-ligne-en-europe","25":"product_tag-solution-intraveineuse-de-pentobarbital-livraison-gratuite-en-europe","26":"product_tag-solution-intraveineuse-de-pentobarbital-livraison-en-europe","27":"product_tag-vente-en-europe-de-solution-intraveineuse-de-pentobarbital","28":"product_tag-vente-en-ligne-de-solution-intraveineuse-de-pentobarbital","30":"first","31":"instock","32":"shipping-taxable","33":"purchasable","34":"product-type-variable","35":"farmacie-col"},"aioseo_notices":[],"_links":{"self":[{"href":"https:\/\/lacasadelamedicina.es\/fr\/wp-json\/wp\/v2\/product\/33486"}],"collection":[{"href":"https:\/\/lacasadelamedicina.es\/fr\/wp-json\/wp\/v2\/product"}],"about":[{"href":"https:\/\/lacasadelamedicina.es\/fr\/wp-json\/wp\/v2\/types\/product"}],"replies":[{"embeddable":true,"href":"https:\/\/lacasadelamedicina.es\/fr\/wp-json\/wp\/v2\/comments?post=33486"}],"wp:featuredmedia":[{"embeddable":true,"href":"https:\/\/lacasadelamedicina.es\/fr\/wp-json\/wp\/v2\/media\/19715"}],"wp:attachment":[{"href":"https:\/\/lacasadelamedicina.es\/fr\/wp-json\/wp\/v2\/media?parent=33486"}],"wp:term":[{"taxonomy":"product_cat","embeddable":true,"href":"https:\/\/lacasadelamedicina.es\/fr\/wp-json\/wp\/v2\/product_cat?post=33486"},{"taxonomy":"product_tag","embeddable":true,"href":"https:\/\/lacasadelamedicina.es\/fr\/wp-json\/wp\/v2\/product_tag?post=33486"}],"curies":[{"name":"wp","href":"https:\/\/api.w.org\/{rel}","templated":true}]}}