{"id":29276,"date":"2024-08-09T14:01:49","date_gmt":"2024-08-09T14:01:49","guid":{"rendered":"https:\/\/lacasadelamedicina.es\/product\/achetez-des-cristaux-de-mdma-purs-en-ligne\/"},"modified":"2024-08-09T14:01:49","modified_gmt":"2024-08-09T14:01:49","slug":"achetez-des-cristaux-de-mdma-purs-en-ligne","status":"publish","type":"product","link":"https:\/\/lacasadelamedicina.es\/fr\/produit\/achetez-des-cristaux-de-mdma-purs-en-ligne\/","title":{"rendered":"Achetez des cristaux de MDMA purs en ligne"},"content":{"rendered":"<h1>Achetez des cristaux de MDMA purs en ligne<\/h1>\n<p> Acheter de la poudre de MDMA en ligne &#8211; Acheter des cristaux de MDMA purs, Acheter des cristaux de MDMA purs en ligne &#8211; <a href=\"https:\/\/drlawsonspharmacy\/contact-us\/\">CONTACT<\/a> Acheter de la poudre de MDMA en ligne Acheter de la poudre de MDMA pure Acheter de la MDMA en ligne Acheter de la MDMA en ligne La MDMA (3,4-m\u00e9thyl\u00e8nedioxym\u00e9thamph\u00e9tamine n\u00e9goci\u00e9e) est une drogue psychoactive des classes de substituts de m\u00e9thyl\u00e8nedioxyph\u00e9n\u00e9thylamine et de substituts d&rsquo;amph\u00e9tamine, utilis\u00e9e principalement pour ses effets euphorisants et hypnotiques. Sur le plan pharmacologique, la MDMA agit comme une substance lib\u00e9rant la s\u00e9rotonine, la noradr\u00e9naline et la dopamine et comme un inhibiteur de la recapture. Acheter de la poudre de MDMA en ligne La MDMA vendue en ligne est largement connue sous le nom d'\u00a0\u00bbecstasy\u00a0\u00bb (abr\u00e9g\u00e9 en \u00ab\u00a0E\u00a0\u00bb, \u00ab\u00a0X\u00a0\u00bb ou \u00ab\u00a0XTC\u00a0\u00bb) et fait g\u00e9n\u00e9ralement r\u00e9f\u00e9rence \u00e0 sa forme de comprim\u00e9, bien que ce terme puisse impliquer la possibilit\u00e9 d&rsquo;un suppl\u00e9ment contrefait. Le terme \u00ab\u00a0Mandy for sale\u00a0\u00bb au Royaume-Uni et le terme am\u00e9ricain \u00ab\u00a0Molly for sale\u00a0\u00bb font r\u00e9f\u00e9rence \u00e0 la MDMA sous la forme d&rsquo;une poudre cristalline relativement exempte d&rsquo;additifs contrefaits. \u00ab\u00a0Molly\u00a0\u00bb peut parfois faire r\u00e9f\u00e9rence \u00e0 une drogue apparent\u00e9e, la m\u00e9thylone, l&rsquo;achat de poudre de MDMA pure, l&rsquo;achat de MDPV en ligne, la m\u00e9ph\u00e9drone ou un autre groupe de compos\u00e9s pharmacologiques connus sous le nom de sels de bain.    [14]<\/p>\n<h3>Achetez des cristaux de MDMA purs en ligne<\/h3>\n<p> Plongez dans un royaume d&rsquo;euphorie et de sensations exalt\u00e9es avec nos cristaux de MDMA purs, soigneusement con\u00e7us pour offrir une exp\u00e9rience d&rsquo;extase in\u00e9gal\u00e9e. Con\u00e7u pour les connaisseurs exigeants, notre produit offre un m\u00e9lange exquis de qualit\u00e9, de puret\u00e9 et de puissance, garantissant un voyage inoubliable dans des royaumes de bonheur. Nos cristaux de MDMA purs sont la quintessence de l&rsquo;excellence, forg\u00e9s gr\u00e2ce \u00e0 un processus de synth\u00e8se m\u00e9ticuleux qui r\u00e9pond aux normes industrielles les plus \u00e9lev\u00e9es. Chaque cristal incarne l&rsquo;essence de la puret\u00e9, garantissant une exp\u00e9rience sans faille qui n&rsquo;a pas son pareil. Avec notre produit, vous pouvez vous lancer dans un voyage transcendantal sans \u00eatre encombr\u00e9 par des impuret\u00e9s ou des substances ind\u00e9sirables.     <\/p>\n<h3><strong>commander des cristaux de MDMA purs<\/strong><\/h3>\n<p> La puret\u00e9 de nos cristaux de MDMA renforce leur puissance et vous permet de d\u00e9couvrir tout le spectre de leurs effets enchanteurs. Ressentez la pouss\u00e9e d&rsquo;\u00e9nergie et d&rsquo;euphorie lorsque le cristal se dissout et lib\u00e8re ses pouvoirs transformateurs. Que vous recherchiez des connexions \u00e9motionnelles profondes, des exp\u00e9riences sensorielles accrues ou un regain de confiance et d&rsquo;assurance en soi, nos cristaux de MDMA purs d\u00e9passeront vos attentes. Notre engagement envers la qualit\u00e9 va au-del\u00e0 du processus de fabrication. Chaque lot de cristaux de MDMA subit des tests rigoureux par des laboratoires ind\u00e9pendants pour garantir le respect de normes strictes de puret\u00e9 et de s\u00e9curit\u00e9. Votre bien-\u00eatre est notre priorit\u00e9 absolue et nous sommes fiers de fournir un produit s\u00fbr, fiable et coh\u00e9rent.      &nbsp;<\/p>\n","protected":false},"excerpt":{"rendered":"<p>Cristaux d&rsquo;ecstasy\/Molly \u00e0 vendre (acheter des cristaux d&rsquo;ecstasy\/Molly en ligne). Achetez des cristaux de MDMA purs en ligne, des cristaux de m\u00e9thylone en ligne, achetez de la m\u00e9thylone en ligne, achetez des cristaux d&rsquo;ecstasy en ligne, achetez des cristaux de Molly en ligne.  &nbsp;<\/p>\n","protected":false},"featured_media":18440,"comment_status":"closed","ping_status":"closed","template":"","meta":{"om_disable_all_campaigns":false,"_sitemap_exclude":false,"_sitemap_priority":"","_sitemap_frequency":"","_monsterinsights_skip_tracking":false,"_monsterinsights_sitenote_active":false,"_monsterinsights_sitenote_note":"","_monsterinsights_sitenote_category":0},"product_cat":[19407],"product_tag":[21754,21759,21753,21773,21768,21765,21758,21752,21761,21760,21766,21769,21771,21770,21762,21756,21772,21767,21763,21755,21764,21757],"class_list":{"0":"post-29276","1":"product","2":"type-product","3":"status-publish","4":"has-post-thumbnail","6":"product_cat-recherche-sur-les-produits-chimiques-et-les-psychedeliques","7":"product_tag-acheter-des-cristaux-de-mdma-purs-en-ligne","8":"product_tag-acheter-des-cristaux-de-mdma-purs-en-ligne-en-europe","9":"product_tag-achetez-des-cristaux-de-mdma-purs","10":"product_tag-avis-sur-les-cristaux-de-mdma-purs-en-europe","11":"product_tag-boutique-de-cristaux-de-mdma-purs-en-europe","12":"product_tag-boutique-en-ligne-de-cristaux-de-mdma-purs-europe","13":"product_tag-combien-coutent-les-cristaux-de-mdma-purs","14":"product_tag-commander-des-cristaux-de-mdma-purs-en-ligne","15":"product_tag-commandez-des-cristaux-de-mdma-purs-dans-lue","16":"product_tag-cristaux-de-mdma-purs-au-meilleur-prix-en-europe","17":"product_tag-cristaux-de-mdma-purs-bon-marche-en-europe","18":"product_tag-cristaux-de-mdma-purs-en-europe-a-prix-reduit","19":"product_tag-cristaux-de-mdma-purs-et-authentiques-europe","20":"product_tag-cristaux-de-mdma-purs-livraison-europe","21":"product_tag-cristaux-de-mdma-purs-livraison-gratuite-en-europe","22":"product_tag-effets-des-cristaux-de-mdma-purs","23":"product_tag-fournisseurs-europeens-de-cristaux-de-mdma-purs","24":"product_tag-offres-cristaux-mdma-purs-en-europe","25":"product_tag-ou-acheter-des-cristaux-de-mdma-purs-en-europe","26":"product_tag-ou-acheter-des-cristaux-de-mdma-purs-en-ligne","27":"product_tag-vente-de-cristaux-de-mdma-purs-en-europe","28":"product_tag-vente-en-ligne-de-cristaux-de-mdma-purs","30":"first","31":"instock","32":"shipping-taxable","33":"purchasable","34":"product-type-variable","35":"farmacie-col"},"aioseo_notices":[],"_links":{"self":[{"href":"https:\/\/lacasadelamedicina.es\/fr\/wp-json\/wp\/v2\/product\/29276"}],"collection":[{"href":"https:\/\/lacasadelamedicina.es\/fr\/wp-json\/wp\/v2\/product"}],"about":[{"href":"https:\/\/lacasadelamedicina.es\/fr\/wp-json\/wp\/v2\/types\/product"}],"replies":[{"embeddable":true,"href":"https:\/\/lacasadelamedicina.es\/fr\/wp-json\/wp\/v2\/comments?post=29276"}],"wp:featuredmedia":[{"embeddable":true,"href":"https:\/\/lacasadelamedicina.es\/fr\/wp-json\/wp\/v2\/media\/18440"}],"wp:attachment":[{"href":"https:\/\/lacasadelamedicina.es\/fr\/wp-json\/wp\/v2\/media?parent=29276"}],"wp:term":[{"taxonomy":"product_cat","embeddable":true,"href":"https:\/\/lacasadelamedicina.es\/fr\/wp-json\/wp\/v2\/product_cat?post=29276"},{"taxonomy":"product_tag","embeddable":true,"href":"https:\/\/lacasadelamedicina.es\/fr\/wp-json\/wp\/v2\/product_tag?post=29276"}],"curies":[{"name":"wp","href":"https:\/\/api.w.org\/{rel}","templated":true}]}}