{"id":29267,"date":"2024-08-09T14:01:49","date_gmt":"2024-08-09T14:01:49","guid":{"rendered":"https:\/\/lacasadelamedicina.es\/product\/acheter-du-dimethyl-tryptamine-dmt-pur-en-ligne\/"},"modified":"2024-08-09T14:01:49","modified_gmt":"2024-08-09T14:01:49","slug":"acheter-du-dimethyl-tryptamine-dmt-pur-en-ligne","status":"publish","type":"product","link":"https:\/\/lacasadelamedicina.es\/fr\/produit\/acheter-du-dimethyl-tryptamine-dmt-pur-en-ligne\/","title":{"rendered":"Acheter du dim\u00e9thyl tryptamine DMT pur en ligne"},"content":{"rendered":"<h2>Acheter du DMT dim\u00e9thyl tryptamine pur en ligne<\/h2>\n<p> Acheter Dim\u00e9thyltryptamine DMT Pure En Ligne &#8211; Acheter Dim\u00e9thyltryptamine Pure. L&rsquo;ingr\u00e9dient actif DMT, utilis\u00e9 pour fabriquer la drogue hallucinog\u00e8ne cohoba, est extrait des graines et des feuilles de Piptadenia peregrina (Mimosaceae). Il peut \u00e9galement \u00eatre fabriqu\u00e9 \u00e0 partir de plantes originaires d&rsquo;Am\u00e9rique du Sud. On le trouverait dans la l\u00e9gumineuse tropicale Mucuna Pruriens. &#8211; Acheter Dim\u00e9thyltryptamine DMT Pure En Ligne &#8211; <a href=\"https:\/\/drlawsonspharmacy\/contact-us\/\">CONTACT<\/a> La dim\u00e9thyltryptamine, extraite des graines et des feuilles de Piptadenia peregrina (Mimosaceae), est le produit chimique qui cause l&#8217;emphys\u00e8me cohoba. On peut \u00e9galement l&rsquo;extraire d&rsquo;autres plantes originaires d&rsquo;Am\u00e9rique du Sud. On pr\u00e9tend que la l\u00e9gumineuse tropicale Mucuna Pruriens en contient.       <\/p>\n<h3>Acheter de la dim\u00e9thyltryptamine DMT pure<\/h3>\n<p> Le principe actif utilis\u00e9 pour fabriquer la drogue hallucinog\u00e8ne cohoba est le DMT, qui est extrait des graines et des feuilles de Piptadenia peregrine (Mimosaceae). Il peut \u00e9galement \u00eatre fabriqu\u00e9 \u00e0 partir de plantes originaires d&rsquo;Am\u00e9rique du Sud. On le trouverait dans la l\u00e9gumineuse tropicale Mucuna Pruriens. La dim\u00e9thyltryptamine, le principe actif de l&rsquo;Emphysema cohoba, est extraite des graines et des feuilles de Piptadenia peregrine (Mimosaceae). On peut \u00e9galement l&rsquo;obtenir \u00e0 partir d&rsquo;autres plantes d&rsquo;Am\u00e9rique du Sud. Il a \u00e9t\u00e9 identifi\u00e9 dans la l\u00e9gumineuse tropicale Mucuna Pruriens.      <\/p>\n<h3><strong> <\/strong><\/h3>\n<p> Il existe plusieurs autres plantes sud-am\u00e9ricaines qui contiendraient du DMT ou des substances apparent\u00e9es. L&rsquo;une de ces plantes est le haricot tropical Mucuna pruriens, qui offre de nombreux bienfaits th\u00e9rapeutiques. Bien que l&rsquo;on soup\u00e7onne que le Mucuna pruriens puisse contenir du DMT, il est important de se rappeler que des recherches suppl\u00e9mentaires sont n\u00e9cessaires pour d\u00e9terminer la pr\u00e9sence et la concentration de cette mol\u00e9cule dans la plante.   &nbsp;<\/p>\n","protected":false},"excerpt":{"rendered":"<p>Le DMT, une drogue hallucinog\u00e8ne puissante et un type d&rsquo;alcalo\u00efde tryptamine, peut \u00eatre achet\u00e9 en ligne. C&rsquo;est une substance naturelle pr\u00e9sente dans une vari\u00e9t\u00e9 de plantes et d&rsquo;animaux, ainsi qu&rsquo;en quantit\u00e9s infimes dans le cerveau humain. Cependant, son r\u00f4le exact est inconnu. Le DMT est connu pour sa puissance. Cependant, lorsqu&rsquo;il est fum\u00e9, le trip psych\u00e9d\u00e9lique qu&rsquo;il induit ne dure que 5 \u00e0 30 minutes. Extraction de DMT Achetez des m\u00e9dicaments \u00e0 base de dim\u00e9thyltryptamine pure en ligne. C&rsquo;est une mol\u00e9cule de tryptamine pr\u00e9sente dans de nombreuses plantes et animaux. Il peut \u00e9galement \u00eatre ing\u00e9r\u00e9 comme une puissante drogue psych\u00e9d\u00e9lique. DM \u00e0 vendre         &nbsp;<\/p>\n","protected":false},"featured_media":18425,"comment_status":"closed","ping_status":"closed","template":"","meta":{"om_disable_all_campaigns":false,"_sitemap_exclude":false,"_sitemap_priority":"","_sitemap_frequency":"","_monsterinsights_skip_tracking":false,"_monsterinsights_sitenote_active":false,"_monsterinsights_sitenote_note":"","_monsterinsights_sitenote_category":0},"product_cat":[19407],"product_tag":[21730,21731,21737,21749,21751,21743,21746,21733,21739,21747,21740,21738,21744,21734,21750,21748,21745,21741,21732,21736,21742,21735],"class_list":{"0":"post-29267","1":"product","2":"type-product","3":"status-publish","4":"has-post-thumbnail","6":"product_cat-recherche-sur-les-produits-chimiques-et-les-psychedeliques","7":"product_tag-acheter-du-dimethyl-tryptamine-dmt-pur","8":"product_tag-acheter-du-dimethyl-tryptamine-dmt-pur-en-ligne","9":"product_tag-acheter-du-dimethyl-tryptamine-dmt-pur-en-ligne-en-europe","10":"product_tag-authentique-dimethyl-tryptamine-dmt-pure-europe","11":"product_tag-avis-sur-la-dimethyltryptamine-dmt-europe-pure","12":"product_tag-boutique-en-ligne-de-dimethyl-tryptamine-dmt-pure-en-europe","13":"product_tag-boutique-en-ligne-de-dmt-europe-pour-la-dimethyltryptamine-pure","14":"product_tag-commandez-du-dimethyl-tryptamine-dmt-pur-en-ligne","15":"product_tag-commandez-du-dimethyl-tryptamine-dmt-pur-eu","16":"product_tag-dimethyl-tryptamine-dmt-pure-en-europe-a-prix-reduit","17":"product_tag-dimethyl-tryptamine-dmt-pure-livraison-gratuite-en-europe","18":"product_tag-dimethyl-tryptamine-dmt-pure-meilleur-prix-europe","19":"product_tag-dimethyltryptamine-dmt-pure-et-bon-marche-en-europe","20":"product_tag-effets-de-la-dimethyltryptamine-dmt-pure","21":"product_tag-fournisseurs-europeens-de-dimethyl-tryptamine-dmt-pure","22":"product_tag-livraison-de-dmt-pure-dimethyl-tryptamine-en-europe","23":"product_tag-offres-de-dmt-pure-dimethyl-tryptamine-en-europe","24":"product_tag-ou-acheter-du-dimethyl-tryptamine-dmt-pur-en-europe","25":"product_tag-ou-acheter-du-dimethyl-tryptamine-dmt-pur-en-ligne","26":"product_tag-quelle-est-la-quantite-de-dimethyltryptamine-dmt-pure","27":"product_tag-vente-de-dimethyl-tryptamine-dmt-pure-en-europe","28":"product_tag-vente-en-ligne-de-dimethyl-tryptamine-dmt-pure","30":"first","31":"instock","32":"shipping-taxable","33":"purchasable","34":"product-type-variable","35":"farmacie-col"},"aioseo_notices":[],"_links":{"self":[{"href":"https:\/\/lacasadelamedicina.es\/fr\/wp-json\/wp\/v2\/product\/29267"}],"collection":[{"href":"https:\/\/lacasadelamedicina.es\/fr\/wp-json\/wp\/v2\/product"}],"about":[{"href":"https:\/\/lacasadelamedicina.es\/fr\/wp-json\/wp\/v2\/types\/product"}],"replies":[{"embeddable":true,"href":"https:\/\/lacasadelamedicina.es\/fr\/wp-json\/wp\/v2\/comments?post=29267"}],"wp:featuredmedia":[{"embeddable":true,"href":"https:\/\/lacasadelamedicina.es\/fr\/wp-json\/wp\/v2\/media\/18425"}],"wp:attachment":[{"href":"https:\/\/lacasadelamedicina.es\/fr\/wp-json\/wp\/v2\/media?parent=29267"}],"wp:term":[{"taxonomy":"product_cat","embeddable":true,"href":"https:\/\/lacasadelamedicina.es\/fr\/wp-json\/wp\/v2\/product_cat?post=29267"},{"taxonomy":"product_tag","embeddable":true,"href":"https:\/\/lacasadelamedicina.es\/fr\/wp-json\/wp\/v2\/product_tag?post=29267"}],"curies":[{"name":"wp","href":"https:\/\/api.w.org\/{rel}","templated":true}]}}