{"id":29259,"date":"2024-08-09T14:01:49","date_gmt":"2024-08-09T14:01:49","guid":{"rendered":"https:\/\/lacasadelamedicina.es\/product\/achetez-de-la-poudre-de-mdma-pure-en-ligne\/"},"modified":"2024-08-09T14:01:49","modified_gmt":"2024-08-09T14:01:49","slug":"achetez-de-la-poudre-de-mdma-pure-en-ligne","status":"publish","type":"product","link":"https:\/\/lacasadelamedicina.es\/fr\/produit\/achetez-de-la-poudre-de-mdma-pure-en-ligne\/","title":{"rendered":"Achetez de la poudre de MDMA pure en ligne"},"content":{"rendered":"<h3>Achetez de la poudre de MDMA pure en ligne<\/h3>\n<p> Acheter MDMA en ligne, \u00e9galement connu sous le nom de 3,4-m\u00e9thyl\u00e8nedioxy-m\u00e9thamph\u00e9tamine, est un stimulant psychoactif class\u00e9 comme un substitut d&rsquo;amph\u00e9tamine et de m\u00e9thyl\u00e8nedioxyph\u00e9n\u00e9thylamine, le plus souvent utilis\u00e9 pour ses effets euphorisants et empathiques. Acheter MDMA en poudre pure lib\u00e8re de la s\u00e9rotonine, de la noradr\u00e9naline et de la dopamine et inhibe la recapture de MDMA. Acheter de la poudre de MDMA en ligne &#8211; Acheter de la poudre de MDMA pure en ligne &#8211; <a href=\"https:\/\/drlawsonspharmacy\/contact-us\/\">CONTACT &#8211; <\/a> Le terme \u00ab ecstasy \u00bb (abr\u00e9g\u00e9 en \u00ab E \u00bb, \u00ab X \u00bb ou \u00ab XTC \u00bb) pour la MDMA propos\u00e9e en ligne fait souvent r\u00e9f\u00e9rence \u00e0 sa forme de comprim\u00e9, mais ce terme peut indiquer une \u00e9ventuelle contrefa\u00e7on. Les termes \u00ab Mandy for sale \u00bb au Royaume-Uni et \u00ab Molly for sale \u00bb aux \u00c9tats-Unis font r\u00e9f\u00e9rence \u00e0 la MDMA sous la forme d&rsquo;une poudre cristalline, qui est relativement exempte d&rsquo;additifs contrefaits. Lorsqu&rsquo;on parle de drogues, le terme \u00ab Molly \u00bb peut \u00e9galement \u00eatre utilis\u00e9 pour d\u00e9signer la m\u00e9thylone, la poudre de MDMA pure, la m\u00e9ph\u00e9drone ou une autre classe de substances pharmacologiques connues sous le nom de sels de bain.     <\/p>\n<h3>Achetez de la poudre de MDMA pure en ligne<\/h3>\n<p> Vous pouvez vivre le meilleur des effets avec la poudre de MDMA pure, un produit haut de gamme con\u00e7u pour offrir une exp\u00e9rience sensorielle in\u00e9gal\u00e9e. Notre poudre de MDMA pure a \u00e9t\u00e9 \u00e9labor\u00e9e avec le plus grand soin et une qualit\u00e9 in\u00e9gal\u00e9e pour garantir une exp\u00e9rience in\u00e9gal\u00e9e aux aficionados et aux chercheurs exigeants. Notre qu\u00eate de la perfection commence par la s\u00e9lection rigoureuse d&rsquo;ingr\u00e9dients de premi\u00e8re qualit\u00e9 et l&rsquo;application de processus de fabrication sophistiqu\u00e9s. Des m\u00e9thodes de synth\u00e8se modernes sont utilis\u00e9es pour fabriquer soigneusement chaque lot de poudre de MDMA pure afin de garantir que le produit fini est exempt de contaminants et de toxines. Vous pouvez \u00eatre assur\u00e9 que vous recevrez un produit tr\u00e8s remarquable en raison de notre engagement envers la puret\u00e9.     <\/p>\n<h3><strong>commander de la poudre de MDMA pure<\/strong><\/h3>\n<p> La capacit\u00e9 de maximiser vos sens est ce qui distingue la poudre de MDMA pure des autres substances. Cette substance puissante induit un \u00e9tat d&rsquo;esprit puissant et euphorique en d\u00e9clenchant la lib\u00e9ration de s\u00e9rotonine, de dopamine et de noradr\u00e9naline. La poudre de MDMA pure est une opportunit\u00e9 sans pr\u00e9c\u00e9dent d&rsquo;explorer le fonctionnement complexe de l&rsquo;esprit humain, que vous recherchiez une exp\u00e9rience immersive ou que vous meniez des recherches neurochimiques. Notre engagement envers la satisfaction du client va au-del\u00e0 de la qualit\u00e9 de nos offres. La s\u00e9curit\u00e9 et l&rsquo;utilisation appropri\u00e9e sont notre priorit\u00e9 absolue. Il est important de se rappeler que la poudre de MDMA pure ne doit jamais \u00eatre utilis\u00e9e pour la consommation humaine et est destin\u00e9e uniquement \u00e0 des fins de recherche. Tous les consommateurs sont invit\u00e9s \u00e0 respecter les lois locales et les normes morales r\u00e9gissant la manipulation et l&rsquo;utilisation de ce produit chimique. Chez Dr Lawsons Pharmacy, nous comprenons l&rsquo;importance de la confidentialit\u00e9 et d&rsquo;un emballage discret. Votre commande de poudre de MDMA pure sera emball\u00e9e en toute s\u00e9curit\u00e9 pour garantir la confidentialit\u00e9 et exp\u00e9di\u00e9e directement \u00e0 votre porte.<\/p>\n","protected":false},"excerpt":{"rendered":"<ul>\n<li>Achetez de la poudre de MDMA pure en ligne<\/li>\n<li>Poudre de MDMA pure en ligne<\/li>\n<li>Vente de poudre d&rsquo;ecstasy\/molly<\/li>\n<li>Acheter de la poudre d&rsquo;ecstasy\/molly en ligne<\/li>\n<\/ul>\n<p>&nbsp;<\/p>\n","protected":false},"featured_media":17900,"comment_status":"closed","ping_status":"closed","template":"","meta":{"om_disable_all_campaigns":false,"_sitemap_exclude":false,"_sitemap_priority":"","_sitemap_frequency":"","_monsterinsights_skip_tracking":false,"_monsterinsights_sitenote_active":false,"_monsterinsights_sitenote_note":"","_monsterinsights_sitenote_category":0},"product_cat":[19407],"product_tag":[21708,21710,21715,21729,21724,21714,21709,21717,21712,21728,21726,21721,21723,21719,21711,21725,21716,21727,21722,21718,21720,21713],"class_list":{"0":"post-29259","1":"product","2":"type-product","3":"status-publish","4":"has-post-thumbnail","6":"product_cat-recherche-sur-les-produits-chimiques-et-les-psychedeliques","7":"product_tag-acheter-de-la-poudre-de-mdma-pure","8":"product_tag-acheter-de-la-poudre-de-mdma-pure-en-ligne","9":"product_tag-acheter-de-la-poudre-de-mdma-pure-en-ligne-en-europe","10":"product_tag-avis-sur-la-poudre-de-mdma-pure-en-europe","11":"product_tag-boutique-de-poudre-de-mdma-pure-en-europe","12":"product_tag-combien-coute-la-poudre-de-mdma-pure","13":"product_tag-commander-de-la-poudre-de-mdma-pure-en-ligne","14":"product_tag-commandez-de-la-poudre-de-mdma-pure-dans-lue","15":"product_tag-effets-de-la-poudre-de-mdma-pure","16":"product_tag-fournisseurs-europeens-de-poudre-de-mdma-pure","17":"product_tag-livraison-de-poudre-de-mdma-pure-en-europe","18":"product_tag-magasin-en-ligne-de-poudre-de-mdma-pure-en-europe","19":"product_tag-offres-de-poudre-de-mdma-pure-en-europe","20":"product_tag-ou-acheter-de-la-poudre-de-mdma-pure-en-europe","21":"product_tag-ou-acheter-de-la-poudre-de-mdma-pure-en-ligne","22":"product_tag-poudre-de-mdma-pure-a-prix-reduit-en-europe","23":"product_tag-poudre-de-mdma-pure-au-meilleur-prix-en-europe","24":"product_tag-poudre-de-mdma-pure-authentique-europe","25":"product_tag-poudre-de-mdma-pure-bon-marche-en-europe","26":"product_tag-poudre-de-mdma-pure-livraison-gratuite-en-europe","27":"product_tag-vente-de-poudre-de-mdma-pure-en-europe","28":"product_tag-vente-en-ligne-de-poudre-de-mdma-pure","30":"first","31":"instock","32":"shipping-taxable","33":"purchasable","34":"product-type-variable","35":"farmacie-col"},"aioseo_notices":[],"_links":{"self":[{"href":"https:\/\/lacasadelamedicina.es\/fr\/wp-json\/wp\/v2\/product\/29259"}],"collection":[{"href":"https:\/\/lacasadelamedicina.es\/fr\/wp-json\/wp\/v2\/product"}],"about":[{"href":"https:\/\/lacasadelamedicina.es\/fr\/wp-json\/wp\/v2\/types\/product"}],"replies":[{"embeddable":true,"href":"https:\/\/lacasadelamedicina.es\/fr\/wp-json\/wp\/v2\/comments?post=29259"}],"wp:featuredmedia":[{"embeddable":true,"href":"https:\/\/lacasadelamedicina.es\/fr\/wp-json\/wp\/v2\/media\/17900"}],"wp:attachment":[{"href":"https:\/\/lacasadelamedicina.es\/fr\/wp-json\/wp\/v2\/media?parent=29259"}],"wp:term":[{"taxonomy":"product_cat","embeddable":true,"href":"https:\/\/lacasadelamedicina.es\/fr\/wp-json\/wp\/v2\/product_cat?post=29259"},{"taxonomy":"product_tag","embeddable":true,"href":"https:\/\/lacasadelamedicina.es\/fr\/wp-json\/wp\/v2\/product_tag?post=29259"}],"curies":[{"name":"wp","href":"https:\/\/api.w.org\/{rel}","templated":true}]}}