{"id":29249,"date":"2024-08-09T14:01:49","date_gmt":"2024-08-09T14:01:49","guid":{"rendered":"https:\/\/lacasadelamedicina.es\/product\/achetez-de-la-poudre-doxycodone-de-qualite-en-ligne\/"},"modified":"2024-09-13T16:08:36","modified_gmt":"2024-09-13T16:08:36","slug":"achetez-de-la-poudre-doxycodone-de-qualite-en-ligne","status":"publish","type":"product","link":"https:\/\/lacasadelamedicina.es\/fr\/produit\/achetez-de-la-poudre-doxycodone-de-qualite-en-ligne\/","title":{"rendered":"Achetez de la poudre d&rsquo;oxycodone de qualit\u00e9 en ligne"},"content":{"rendered":"<h3><strong>Achetez de la poudre d&rsquo;oxycodone de qualit\u00e9 en ligne<\/strong><\/h3>\n<p> Poudre d&rsquo;oxycodone de qualit\u00e9 \u00e0 vendre <a href=\"https:\/\/dieapotheke247.com\/\">L&rsquo;oxycodone<\/a> est un alcalo\u00efde opio\u00efde aux effets analg\u00e9siques qui est semi-synth\u00e9tique et similaire \u00e0 la morphine. En se liant aux r\u00e9cepteurs mu du syst\u00e8me nerveux central (SNC), l&rsquo;oxycodone imite l&rsquo;action des propres opio\u00efdes du corps et a ainsi des effets analg\u00e9siques. Lorsque le r\u00e9cepteur opiac\u00e9 est li\u00e9, le complexe prot\u00e9ique G est stimul\u00e9 pour \u00e9changer le GTP contre le PDB et l&rsquo;ad\u00e9nylate cyclase est inhib\u00e9e, inhibant ainsi la formation d&rsquo;AMPc. De plus, la substance P, l&rsquo;acide gamma-aminobutyrique (GABA), la dopamine, l&rsquo;ac\u00e9tylcholine et la noradr\u00e9naline font partie des neurotransmetteurs nociceptifs qui sont bloqu\u00e9s. De plus, l&rsquo;oxycodone emp\u00eache la s\u00e9cr\u00e9tion de glucagon, d&rsquo;insuline, de somatostatine et de vasopressine. De plus, l&rsquo;oxycodone r\u00e9pare en interne les canaux potassiques, ce qui entra\u00eene une hyperpolarisation et une r\u00e9duction de l&rsquo;excitabilit\u00e9 neuronale. Il ferme \u00e9galement les canaux calciques voltage-d\u00e9pendants de type N et ouvre les canaux potassiques li\u00e9s \u00e0 la prot\u00e9ine G. &#8211; Acheter de la poudre d&rsquo;oxycodone de qualit\u00e9 en ligne &#8211; <a href=\"https:\/\/drlawsonspharmacy\/contact-us\/\">CONTACT<\/a> La mex\u00e9drone appartient \u00e0 la classe chimique des cathinones et r\u00e9agit comme telle. La mex\u00e9drone a \u00ab l&rsquo;apparence physique \u00bb des diamants blancs, mais peut \u00e9galement \u00eatre achet\u00e9e sous forme de poudre synth\u00e9tique ou de cristaux. La dose maximale de mex\u00e9drone est comprise entre 50 mg et 100 mg et se prend par voie orale. Des effets similaires sont observ\u00e9s avec des doses de m\u00e9ph\u00e9drone comprises entre 100 mg et 150 mg. Les effets de la mex\u00e9drone peuvent durer de 4 \u00e0 6 heures.            <\/p>\n<h3><strong>Achetez de la poudre d&rsquo;oxycodone de qualit\u00e9 en ligne<\/strong><\/h3>\n<p> La Mexedrone est une \u00ab drogue psychoactive \u00bb qui a \u00e9t\u00e9 class\u00e9e comme entactog\u00e8ne et stimulant. Elle a \u00e9galement un effet \u00e9nergisant. Il est concevable, mais pas encore prouv\u00e9, que la Mexedrone provoque une inondation des synapses en raison de l&rsquo;effet stimulant de l&rsquo;\u00e9v\u00e9nement. La dopamine, la noradr\u00e9naline et la s\u00e9rotonine peuvent \u00eatre pr\u00e9sentes dans les synapses qui sont actives pendant l&rsquo;exp\u00e9rience Mexedrone. Les effets de la Mexedrone sont \u00e9quivalents \u00e0 70 % \u00e0 ceux de son compos\u00e9 parent, la m\u00e9ph\u00e9drone, et sont de nature physique, mentale et auditive, devenant plus plausibles \u00e0 mesure que la dose augmente. Les effets secondaires r\u00e9els de la Mexedrone comprennent l&rsquo;exaltation, la s\u00e9dation, une sensation mat\u00e9rielle accrue, la soif, une transpiration accrue, des sensations d\u00e9brid\u00e9es, des grincements de dents, une vision vibrante et une r\u00e9gulation de la temp\u00e9rature perturb\u00e9e. La Mexedrone a comme effets psychologiques l&rsquo;intoxication, l&rsquo;acc\u00e9l\u00e9ration de la pens\u00e9e et la mise en r\u00e9seau. Les effets secondaires de la Mexedrone peuvent \u00e9galement se manifester par une amplification audible. La consommation de Mexedrone peut entra\u00eener des effets post-stimulation de haut niveau. Les effets post-stimulation de la Mexedrone peuvent \u00eatre n\u00e9fastes et comprennent un ralentissement de la pens\u00e9e et de l&rsquo;inspiration, une fatigue intellectuelle, de l&rsquo;agitation, du d\u00e9sarroi, un \u00e9tat d&rsquo;esprit lourd et de l&rsquo;attention. Les effets post-incitation de la Mexedrone sont tr\u00e8s probablement dus \u00e0 la consommation de synapses, puisque l&rsquo;approvisionnement en synapses a \u00e9t\u00e9 r\u00e9duit pendant la phase de stimulation de l&rsquo;exp\u00e9rience.           &nbsp;<\/p>\n","protected":false},"excerpt":{"rendered":"<p>Achetez de la poudre d&rsquo;oxycodone de haute qualit\u00e9 en ligne pour traiter la douleur mod\u00e9r\u00e9e \u00e0 s\u00e9v\u00e8re lorsqu&rsquo;un soulagement de la douleur \u00e0 long terme, 24h\/24 et 7j\/7, est n\u00e9cessaire. &nbsp;<\/p>\n","protected":false},"featured_media":17885,"comment_status":"closed","ping_status":"closed","template":"","meta":{"om_disable_all_campaigns":false,"_sitemap_exclude":false,"_sitemap_priority":"","_sitemap_frequency":"","_monsterinsights_skip_tracking":false,"_monsterinsights_sitenote_active":false,"_monsterinsights_sitenote_note":"","_monsterinsights_sitenote_category":0},"product_cat":[19407],"product_tag":[21686,21688,21693,21707,21702,21699,21692,21695,21687,21690,21706,21704,21701,21697,21689,21694,21705,21700,21703,21696,21698,21691],"class_list":{"0":"post-29249","1":"product","2":"type-product","3":"status-publish","4":"has-post-thumbnail","6":"product_cat-recherche-sur-les-produits-chimiques-et-les-psychedeliques","7":"product_tag-acheter-de-la-poudre-doxycodone-de-qualite","8":"product_tag-acheter-de-la-poudre-doxycodone-de-qualite-en-ligne","9":"product_tag-achetez-de-la-poudre-doxycodone-de-qualite-en-ligne-en-europe","10":"product_tag-avis-sur-la-poudre-doxycodone-de-qualite-en-europe","11":"product_tag-boutique-en-ligne-de-poudre-doxycodone-de-qualite-en-europe-fr","12":"product_tag-boutique-en-ligne-de-poudre-doxycodone-de-qualite-en-europe","13":"product_tag-combien-coute-la-poudre-doxycodone-de-qualite","14":"product_tag-commander-de-la-poudre-doxycodone-de-qualite-dans-lue","15":"product_tag-commander-de-la-poudre-doxycodone-de-qualite-en-ligne","16":"product_tag-effets-de-la-poudre-doxycodone-de-qualite","17":"product_tag-fournisseurs-europeens-de-poudre-doxycodone-de-qualite","18":"product_tag-livraison-de-poudre-doxycodone-de-qualite-en-europe","19":"product_tag-offres-de-poudre-doxycodone-de-qualite-en-europe","20":"product_tag-ou-acheter-de-la-poudre-doxycodone-de-qualite-en-europe","21":"product_tag-ou-acheter-de-la-poudre-doxycodone-de-qualite-en-ligne","22":"product_tag-poudre-doxycodone-de-qualite-au-meilleur-prix-en-europe","23":"product_tag-poudre-doxycodone-de-qualite-authentique-en-europe","24":"product_tag-poudre-doxycodone-de-qualite-bon-marche-en-europe","25":"product_tag-poudre-doxycodone-de-qualite-en-europe-avec-remise","26":"product_tag-poudre-doxycodone-de-qualite-livraison-gratuite-en-europe","27":"product_tag-vente-de-poudre-doxycodone-de-qualite-en-europe","28":"product_tag-vente-en-ligne-de-poudre-doxycodone-de-qualite","30":"first","31":"instock","32":"shipping-taxable","33":"purchasable","34":"product-type-variable","35":"farmacie-col"},"aioseo_notices":[],"_links":{"self":[{"href":"https:\/\/lacasadelamedicina.es\/fr\/wp-json\/wp\/v2\/product\/29249"}],"collection":[{"href":"https:\/\/lacasadelamedicina.es\/fr\/wp-json\/wp\/v2\/product"}],"about":[{"href":"https:\/\/lacasadelamedicina.es\/fr\/wp-json\/wp\/v2\/types\/product"}],"replies":[{"embeddable":true,"href":"https:\/\/lacasadelamedicina.es\/fr\/wp-json\/wp\/v2\/comments?post=29249"}],"wp:featuredmedia":[{"embeddable":true,"href":"https:\/\/lacasadelamedicina.es\/fr\/wp-json\/wp\/v2\/media\/17885"}],"wp:attachment":[{"href":"https:\/\/lacasadelamedicina.es\/fr\/wp-json\/wp\/v2\/media?parent=29249"}],"wp:term":[{"taxonomy":"product_cat","embeddable":true,"href":"https:\/\/lacasadelamedicina.es\/fr\/wp-json\/wp\/v2\/product_cat?post=29249"},{"taxonomy":"product_tag","embeddable":true,"href":"https:\/\/lacasadelamedicina.es\/fr\/wp-json\/wp\/v2\/product_tag?post=29249"}],"curies":[{"name":"wp","href":"https:\/\/api.w.org\/{rel}","templated":true}]}}