{"id":29242,"date":"2024-08-09T14:01:49","date_gmt":"2024-08-09T14:01:49","guid":{"rendered":"https:\/\/lacasadelamedicina.es\/product\/achetez-100mcg-fractal-storm-en-ligne\/"},"modified":"2024-08-09T14:01:49","modified_gmt":"2024-08-09T14:01:49","slug":"achetez-100mcg-fractal-storm-en-ligne","status":"publish","type":"product","link":"https:\/\/lacasadelamedicina.es\/fr\/produit\/achetez-100mcg-fractal-storm-en-ligne\/","title":{"rendered":"Achetez 100Mcg Fractal Storm en ligne"},"content":{"rendered":"<h2>Achetez LSD Fractal Storm Blotter 100ug en ligne<\/h2>\n<p> La temp\u00eate fractale est l&rsquo;une des cat\u00e9gories pr\u00e9f\u00e9r\u00e9es de <a href=\"https:\/\/en.wikipedia.org\/wiki\/Lysergic_acid_diethylamide\" target=\"_blank\" rel=\"noopener\">LSD<\/a> qui peut \u00eatre consomm\u00e9e de nombreuses fa\u00e7ons. Achetez le LSD Fractal Storm Blotter \u00e0 vendre dont la formule chimique est l&rsquo;acide lysergique di\u00e9thylamide, initialement produit en 1938, est en effet un narcotique psychoactif. Il est produit industriellement \u00e0 partir de l&rsquo;acide lysergique pr\u00e9sent dans l&rsquo;acide citrique, une levure qui se trouve souvent sur le seigle ainsi que sur d&rsquo;autres cultures. Il est si fort que ses concentrations semblent se situer dans le spectre des microgrammes (mcg). Ses r\u00e9sultats peuvent \u00eatre relaxants, agr\u00e9ables et alt\u00e9rer le cerveau, \u00e9galement appel\u00e9s trip. Achetez le buvard Fractal Storm de LSD      <\/p>\n<h3>Acide buvard Fractal Storm \u00e0 vendre en ligne<\/h3>\n<p> Faits qui peuvent vous aider \u00e0 acheter du LSD Fractal Storm Blotter <\/p>\n<ul>\n<li>Le LSD peut \u00eatre disponible sur le march\u00e9 sous de nombreuses formes, comme sous forme de papier buvard, de carr\u00e9s de g\u00e9latine, de comprim\u00e9s ou parfois sous forme liquide.<\/li>\n<li>En discutant des modes de consommation, il existe une grande vari\u00e9t\u00e9 de moyens tels que l&rsquo;inhalation, l&rsquo;insertion par injection ou par voie orale.<\/li>\n<\/ul>\n<p> Effets secondaires Acheter LSD Fractal Storm Blotter Consommer des drogues au-del\u00e0 de sa capacit\u00e9 va endommager votre corps de plusieurs fa\u00e7ons, comme des dommages physiques ou mentaux. Par cons\u00e9quent, voici quelques points-  <\/p>\n<ul>\n<li>Augmentation du rythme cardiaque, de la pression art\u00e9rielle, etc.<\/li>\n<li>\u00c9tourdissement de confusion dans les formes, les lieux, etc.<\/li>\n<\/ul>\n<h4>LSD Fractal Storm Gammagoblin \u00e0 vendre<\/h4>\n<p> Pourquoi choisir les psych\u00e9d\u00e9liques de qualit\u00e9 sup\u00e9rieure Les trois principales raisons de choisir le meilleur magasin de plug-ins sont pr\u00e9sent\u00e9es ci-dessous <\/p>\n<ul>\n<li>La confiance est le point essentiel pour construire une relation saine entre nos clients que nous entretenons avec le plus grand soin.<\/li>\n<li>La qualit\u00e9 est le point cl\u00e9 par lequel nos anciens clients se connectent \u00e0 nous encore et encore.<\/li>\n<li>Les offres et les remises sont les principaux facteurs.<\/li>\n<\/ul>\n<h4>Conclusion<\/h4>\n<p> Acheter LSD Fractal Storm Blotter est l&rsquo;une des cat\u00e9gories favorables de LSD qui est la plupart du temps toujours demand\u00e9e par les clients. En discutant scientifiquement, le nom chimique du LSD \u00e0 vendre est l&rsquo;acide di\u00e9thylamide lysergique, et initialement, il a \u00e9t\u00e9 produit au milieu de l&rsquo;ann\u00e9e 1938.  <\/p>\n<h4>Buvard LSD \u00e0 motif de temp\u00eate fractale \u00e0 vendre<\/h4>\n<div class=\"node\">\n<div class=\"content\">\n<div class=\"story\">\n<p class=\"common-body-white-8pt\"><span class=\"lsd-dropcap\">Achetez LSD Fractal Storm Blotter. Achetez LSD <\/span> est l&rsquo;un des produits chimiques les plus puissants pour modifier l&rsquo;humeur. Il est fabriqu\u00e9 \u00e0 partir d&rsquo;acide lysergique, pr\u00e9sent dans le champignon de l&rsquo;ergot qui pousse sur le seigle et d&rsquo;autres c\u00e9r\u00e9ales. <\/p>\n<p class=\"common-body-white-8pt\">Il est produit sous forme de cristaux dans des laboratoires ill\u00e9gaux, principalement aux \u00c9tats-Unis. Ces cristaux sont transform\u00e9s en liquide pour \u00eatre distribu\u00e9s. Il est inodore, incolore et a un go\u00fbt l\u00e9g\u00e8rement amer. Acheter LSD Fractal Storm Blotter   <span class=\"lsd-dropcap\">.<br \/>\nLSD for sale online <\/span> est l&rsquo;un des produits chimiques les plus puissants pour modifier l&rsquo;humeur. Il est fabriqu\u00e9 \u00e0 partir d&rsquo;acide lysergique, pr\u00e9sent dans le champignon de l&rsquo;ergot qui pousse sur le seigle et d&rsquo;autres c\u00e9r\u00e9ales. <\/p>\n<div class=\"node\">\n<div class=\"content\">\n<div class=\"story\">\n<div class=\"node\">\n<div class=\"content\"> Parfois, ce qui est vendu en ligne sous le nom de LSD 1P peut en fait \u00eatre d&rsquo;autres produits chimiques tels que le NBOMe ou la famille de drogues Buy 2Cb (qui fait partie des nouvelles substances psychoactives). Ces substances peuvent \u00eatre tr\u00e8s dangereuses, car leur qualit\u00e9 est in\u00e9gale, et le risque de prendre trop de ces autres substances peut \u00eatre mortel et un certain nombre de d\u00e9c\u00e8s ont \u00e9t\u00e9 signal\u00e9s \u00e0 cause de leur consommation.  <\/p>\n<h5>o\u00f9 acheter du lsd fractal storm blotter acid en ligne<\/h5>\n<\/div>\n<\/div>\n<div class=\"ref-links\"> Le LSD en vente en ligne appartient \u00e0 un groupe de drogues appel\u00e9es psych\u00e9d\u00e9liques. Lorsque de petites doses sont prises, il peut produire de l\u00e9gers changements dans la perception, l&rsquo;humeur et la pens\u00e9e. Lorsque des doses plus importantes sont prises, il peut produire des hallucinations visuelles et des distorsions de l&rsquo;espace et du temps.   <\/div>\n<p class=\"common-body-white-8pt\">Achetez du LSD Fractal Storm Blotter vendu dans la rue sous forme de petits comprim\u00e9s, de capsules ou de carr\u00e9s de g\u00e9latine. On l&rsquo;ajoute parfois \u00e0 du papier absorbant, qui est ensuite divis\u00e9 en petits carr\u00e9s d\u00e9cor\u00e9s de dessins ou de personnages de dessins anim\u00e9s. Parfois, il est vendu sous forme liquide. Mais quelle que soit la forme sous laquelle il se pr\u00e9sente, les produits comestibles au LSD et les microdoses de LSD \u00e0 vendre conduisent l&rsquo;utilisateur au m\u00eame endroit : une d\u00e9connexion grave de la r\u00e9alit\u00e9.<span class=\"lsd-dropcap\">Achetez du LSD Fractal Storm en ligne.<\/span>   <\/p>\n<\/div>\n<\/div>\n<\/div>\n<\/div>\n<\/div>\n<\/div>\n","protected":false},"excerpt":{"rendered":"<p>Nous aimerions vous pr\u00e9senter un produit sp\u00e9cial : une \u00e9dition limit\u00e9e de pastilles de LSD que nous avons fabriqu\u00e9es nous-m\u00eames \u00e0 l&rsquo;aide de cristaux que nous avons acquis aupr\u00e8s d&rsquo;un groupe restreint de passionn\u00e9s partageant les m\u00eames croyances sur la spiritualit\u00e9 et la r\u00e9alit\u00e9. Nous l&rsquo;avons mis \u00e0 l&rsquo;\u00e9preuve lors d&rsquo;un voyage et avons \u00e9t\u00e9 stup\u00e9faits par l&rsquo;\u00e9nergie et la force que ces petits bouts de papier nous ont conf\u00e9r\u00e9es. Le prix n&rsquo;\u00e9tait pas aussi avantageux que pour Aztec en raison de la quantit\u00e9 limit\u00e9e de cristaux, mais nous les vendrons un peu plus cher pour faire passer le message au sein de notre communaut\u00e9 psych\u00e9d\u00e9lique.  <\/p>\n","protected":false},"featured_media":14063,"comment_status":"open","ping_status":"closed","template":"","meta":{"om_disable_all_campaigns":false,"_sitemap_exclude":false,"_sitemap_priority":"","_sitemap_frequency":"","_monsterinsights_skip_tracking":false,"_monsterinsights_sitenote_active":false,"_monsterinsights_sitenote_note":"","_monsterinsights_sitenote_category":0},"product_cat":[19140],"product_tag":[21678,21671,21669,21668,21661,21662,21680,21682,21674,21677,21667,21670,21664,21665,21681,21675,21679,21676,21663,21672,21673,21666],"class_list":{"0":"post-29242","1":"product","2":"type-product","3":"status-publish","4":"has-post-thumbnail","6":"product_cat-lsd-fr","7":"product_tag-100mcg-fractal-storm-en-promotion-en-europe","8":"product_tag-100mcg-fractal-storm-livraison-gratuite-en-europe","9":"product_tag-100mcg-fractal-storm-meilleur-prix-europe","10":"product_tag-acheter-fractal-storm-100mcg-en-ligne-en-europe","11":"product_tag-achetez-100mcg-de-fractal-storm","12":"product_tag-achetez-100mcg-fractal-storm-en-ligne","13":"product_tag-authentique-100mcg-fractal-storm-europe","14":"product_tag-avis-sur-fractal-storm-europe-100mcg","15":"product_tag-boutique-en-ligne-100mcg-fractal-storm-europe","16":"product_tag-boutique-fractal-storm-europe-100mcg","17":"product_tag-combien-coute-100mcg-de-fractal-storm","18":"product_tag-commandez-100mcg-de-fractal-storm-eu","19":"product_tag-commandez-100mcg-fractal-storm-en-ligne","20":"product_tag-effets-de-100-mcg-de-fractal-storm","21":"product_tag-fournisseurs-de-fractal-storm-europe-100mcg","22":"product_tag-fractal-storm-100mcg-pas-cher-en-europe","23":"product_tag-livraison-de-100-mcg-de-fractal-storm-en-europe","24":"product_tag-offres-europe-100mcg-fractal-storm","25":"product_tag-ou-acheter-100mcg-fractal-storm-en-ligne","26":"product_tag-ou-acheter-100mcg-fractal-storm-europe","27":"product_tag-vente-de-100-mcg-fractal-storm-en-europe","28":"product_tag-vente-en-ligne-de-100mcg-fractal-storm","30":"first","31":"instock","32":"shipping-taxable","33":"purchasable","34":"product-type-variable","35":"farmacie-col"},"aioseo_notices":[],"_links":{"self":[{"href":"https:\/\/lacasadelamedicina.es\/fr\/wp-json\/wp\/v2\/product\/29242"}],"collection":[{"href":"https:\/\/lacasadelamedicina.es\/fr\/wp-json\/wp\/v2\/product"}],"about":[{"href":"https:\/\/lacasadelamedicina.es\/fr\/wp-json\/wp\/v2\/types\/product"}],"replies":[{"embeddable":true,"href":"https:\/\/lacasadelamedicina.es\/fr\/wp-json\/wp\/v2\/comments?post=29242"}],"wp:featuredmedia":[{"embeddable":true,"href":"https:\/\/lacasadelamedicina.es\/fr\/wp-json\/wp\/v2\/media\/14063"}],"wp:attachment":[{"href":"https:\/\/lacasadelamedicina.es\/fr\/wp-json\/wp\/v2\/media?parent=29242"}],"wp:term":[{"taxonomy":"product_cat","embeddable":true,"href":"https:\/\/lacasadelamedicina.es\/fr\/wp-json\/wp\/v2\/product_cat?post=29242"},{"taxonomy":"product_tag","embeddable":true,"href":"https:\/\/lacasadelamedicina.es\/fr\/wp-json\/wp\/v2\/product_tag?post=29242"}],"curies":[{"name":"wp","href":"https:\/\/api.w.org\/{rel}","templated":true}]}}