{"id":29236,"date":"2024-08-09T14:01:50","date_gmt":"2024-08-09T14:01:50","guid":{"rendered":"https:\/\/lacasadelamedicina.es\/product\/acheter-de-la-poudre-de-methadone-hcl-en-ligne\/"},"modified":"2024-08-09T14:01:50","modified_gmt":"2024-08-09T14:01:50","slug":"acheter-de-la-poudre-de-methadone-hcl-en-ligne","status":"publish","type":"product","link":"https:\/\/lacasadelamedicina.es\/fr\/produit\/acheter-de-la-poudre-de-methadone-hcl-en-ligne\/","title":{"rendered":"Acheter de la poudre de m\u00e9thadone HCL en ligne"},"content":{"rendered":"<h1>Acheter de la poudre de m\u00e9thadone chlorhydrate de m\u00e9thadone en ligne<\/h1>\n<p> Achetez en gros de la poudre de m\u00e9thadone chlorhydrate de m\u00e9thadone pure \u00e0 99,8 % \u00e0 des prix de gros. Achetez de la m\u00e9thadone chlorhydrate <a href=\"https:\/\/dieapotheke247.com\/\">de <\/a> m\u00e9thadone sous forme de poudre. Les douleurs mod\u00e9r\u00e9es \u00e0 s\u00e9v\u00e8res sont trait\u00e9es avec du m\u00e9thadone (m\u00e9thadone chlorhydrate de m\u00e9thadone). Acheter de la poudre de chlorhydrate de m\u00e9thadone en ligne &#8211; <a href=\"https:\/\/drlawsonspharmacy\/contact-us\/\">contact<\/a> Il est \u00e9galement utilis\u00e9 pour traiter la toxicomanie ou pour g\u00e9rer les sympt\u00f4mes de sevrage chez les personnes recevant un traitement contre la toxicomanie ainsi qu&rsquo;un suivi et un soutien m\u00e9dicaux. Ce m\u00e9dicament est un analg\u00e9sique narcotique.     <strong>Comment sont livr\u00e9s les colis ?<\/strong> Pour garantir que l&rsquo;envoi passe avec succ\u00e8s par l&rsquo;installation de rayons X de l&rsquo;a\u00e9roport, nous le chargeons soigneusement avec du tungst\u00e8ne et du papier carbone. L&rsquo;ext\u00e9rieur des colis est soigneusement emball\u00e9 dans du papier d&#8217;emballage. Les formes de sel ou de poudre de m\u00e9thamph\u00e9tamine (m\u00e9thadone HCL) sont utilis\u00e9es pour traiter la douleur mod\u00e9r\u00e9e \u00e0 s\u00e9v\u00e8re. Cette substance est id\u00e9ale pour la surveillance par les professionnels de la sant\u00e9 et les conseils dans le traitement de la toxicomanie. aide les gens \u00e0 g\u00e9rer leurs sympt\u00f4mes de sevrage. La poudre de m\u00e9thadone HCL Metho est le seul traitement efficace contre la d\u00e9pendance aux opio\u00efdes ou la gestion de la douleur. Les professionnels de la sant\u00e9 font depuis longtemps confiance au m\u00e9lange puissant et efficace de ce m\u00e9dicament r\u00e9volutionnaire. La poudre de m\u00e9thadone HCL Metho est votre cl\u00e9 pour une meilleure qualit\u00e9 de vie en raison de sa haute qualit\u00e9 et de ses r\u00e9sultats bien document\u00e9s. La poudre de m\u00e9thadone HCL Metho est un m\u00e9dicament de qualit\u00e9 pharmaceutique soigneusement fabriqu\u00e9 \u00e0 l&rsquo;aide de m\u00e9thodes de pointe. Son ingr\u00e9dient principal, le chlorhydrate de m\u00e9thadone, est un opio\u00efde synth\u00e9tique qui soulage efficacement la douleur et r\u00e9duit les sympt\u00f4mes de sevrage en se fixant aux r\u00e9cepteurs opio\u00efdes du cerveau.          <\/p>\n<h3><strong>Commander de la poudre de m\u00e9thadone chlorhydrate de m\u00e9thadone en ligne<\/strong><\/h3>\n<p> L&rsquo;un des principaux avantages de la poudre de m\u00e9thadone HCL est son effet durable. Cela permet un soulagement durable de la douleur, ce qui en fait une bonne option pour les personnes souffrant de douleurs chroniques. De plus, en raison de son efficacit\u00e9 dans le traitement des sympt\u00f4mes de sevrage aux opio\u00efdes, il est devenu un pilier des programmes de traitement assist\u00e9 par m\u00e9dicaments pour les personnes essayant de surmonter leur d\u00e9pendance. Chez Dr. Lawsons Pharmacy, la s\u00e9curit\u00e9 et le bien-\u00eatre des clients sont notre priorit\u00e9 absolue. Pour garantir sa puissance et sa puret\u00e9, notre poudre de m\u00e9thadone HCL est soumise \u00e0 des tests rigoureux. Nous n&rsquo;utilisons que des mat\u00e9riaux provenant de fabricants r\u00e9put\u00e9s et nos installations de fabrication sont soumises aux normes industrielles les plus \u00e9lev\u00e9es, vous pouvez donc \u00eatre s\u00fbr de recevoir un produit de qualit\u00e9. La poudre de m\u00e9thadone HCL ne doit \u00eatre prise que sur les conseils et sous la supervision d&rsquo;un professionnel de la sant\u00e9 agr\u00e9\u00e9, car il s&rsquo;agit d&rsquo;un m\u00e9dicament sur ordonnance. Apr\u00e8s avoir \u00e9valu\u00e9 votre \u00e9tat, ils d\u00e9cideront du dosage et de la strat\u00e9gie de traitement appropri\u00e9s \u00e0 vos besoins individuels.        &nbsp;<\/p>\n","protected":false},"excerpt":{"rendered":"<p>Achetez de la poudre de m\u00e9thadone chlorhydrate de m\u00e9thadone en ligne. Poudre de m\u00e9thadone chlorhydrate de m\u00e9thadone pure \u00e0 99,8 % disponible en gros \u00e0 prix r\u00e9duit. Les douleurs mod\u00e9r\u00e9es \u00e0 s\u00e9v\u00e8res sont trait\u00e9es avec du m\u00e9thadone chlorhydrate de m\u00e9thadone (m\u00e9thadone chlorhydrate).   &nbsp;<\/p>\n","protected":false},"featured_media":18485,"comment_status":"closed","ping_status":"closed","template":"","meta":{"om_disable_all_campaigns":false,"_sitemap_exclude":false,"_sitemap_priority":"","_sitemap_frequency":"","_monsterinsights_skip_tracking":false,"_monsterinsights_sitenote_active":false,"_monsterinsights_sitenote_note":"","_monsterinsights_sitenote_category":0},"product_cat":[19407],"product_tag":[21632,21633,21639,21653,21648,21638,21635,21641,21636,21652,21650,21645,21647,21643,21634,21640,21651,21649,21642,21646,21644,21637],"class_list":{"0":"post-29236","1":"product","2":"type-product","3":"status-publish","4":"has-post-thumbnail","6":"product_cat-recherche-sur-les-produits-chimiques-et-les-psychedeliques","7":"product_tag-acheter-de-la-poudre-de-methadone-hcl","8":"product_tag-acheter-de-la-poudre-de-methadone-hcl-en-ligne","9":"product_tag-acheter-de-la-poudre-de-methadone-hcl-en-ligne-en-europe","10":"product_tag-avis-sur-la-poudre-de-methadone-hcl-en-europe","11":"product_tag-boutique-en-ligne-de-poudre-de-methadone-hcl-en-europe","12":"product_tag-combien-coute-la-poudre-de-methadone-hcl","13":"product_tag-commander-de-la-poudre-de-methadone-hcl-en-ligne","14":"product_tag-commander-de-la-poudre-de-methadone-hcl-metho-ue","15":"product_tag-effets-de-la-poudre-de-methadone-hcl","16":"product_tag-fournisseurs-de-poudre-de-methadone-hcl-en-europe","17":"product_tag-livraison-de-poudre-de-methadone-hcl-en-europe","18":"product_tag-magasin-en-ligne-de-poudre-de-methadone-hcl-en-europe","19":"product_tag-offres-sur-la-poudre-de-methadone-hcl-en-europe","20":"product_tag-ou-acheter-de-la-poudre-de-methadone-hcl-en-europe","21":"product_tag-ou-acheter-de-la-poudre-de-methadone-hcl-en-ligne","22":"product_tag-poudre-de-methadone-hcl-au-meilleur-prix-en-europe","23":"product_tag-poudre-de-methadone-hcl-authentique-metho-europe","24":"product_tag-poudre-de-methadone-hcl-metho-a-prix-reduit-en-europe","25":"product_tag-poudre-de-methadone-hcl-metho-livraison-gratuite-en-europe","26":"product_tag-poudre-de-methadone-hcl-pas-chere-en-europe","27":"product_tag-vente-de-poudre-de-methadone-hcl-en-europe","28":"product_tag-vente-en-ligne-de-poudre-de-methadone-hcl","30":"first","31":"instock","32":"shipping-taxable","33":"purchasable","34":"product-type-variable","35":"farmacie-col"},"aioseo_notices":[],"_links":{"self":[{"href":"https:\/\/lacasadelamedicina.es\/fr\/wp-json\/wp\/v2\/product\/29236"}],"collection":[{"href":"https:\/\/lacasadelamedicina.es\/fr\/wp-json\/wp\/v2\/product"}],"about":[{"href":"https:\/\/lacasadelamedicina.es\/fr\/wp-json\/wp\/v2\/types\/product"}],"replies":[{"embeddable":true,"href":"https:\/\/lacasadelamedicina.es\/fr\/wp-json\/wp\/v2\/comments?post=29236"}],"wp:featuredmedia":[{"embeddable":true,"href":"https:\/\/lacasadelamedicina.es\/fr\/wp-json\/wp\/v2\/media\/18485"}],"wp:attachment":[{"href":"https:\/\/lacasadelamedicina.es\/fr\/wp-json\/wp\/v2\/media?parent=29236"}],"wp:term":[{"taxonomy":"product_cat","embeddable":true,"href":"https:\/\/lacasadelamedicina.es\/fr\/wp-json\/wp\/v2\/product_cat?post=29236"},{"taxonomy":"product_tag","embeddable":true,"href":"https:\/\/lacasadelamedicina.es\/fr\/wp-json\/wp\/v2\/product_tag?post=29236"}],"curies":[{"name":"wp","href":"https:\/\/api.w.org\/{rel}","templated":true}]}}