{"id":29227,"date":"2024-08-09T14:01:50","date_gmt":"2024-08-09T14:01:50","guid":{"rendered":"https:\/\/lacasadelamedicina.es\/product\/acheter-de-lheroine-en-poudre-brune-en-ligne\/"},"modified":"2024-08-09T14:01:50","modified_gmt":"2024-08-09T14:01:50","slug":"acheter-de-lheroine-en-poudre-brune-en-ligne","status":"publish","type":"product","link":"https:\/\/lacasadelamedicina.es\/fr\/produit\/acheter-de-lheroine-en-poudre-brune-en-ligne\/","title":{"rendered":"Acheter de l&rsquo;h\u00e9ro\u00efne en poudre brune en ligne"},"content":{"rendered":"<h1>Acheter de l&rsquo;h\u00e9ro\u00efne en poudre brune en ligne<\/h1>\n<p> L&rsquo;h\u00e9ro\u00efne en poudre brune (HBP) gagne en popularit\u00e9 sur le march\u00e9 international. Bien que l&rsquo;HBP existe depuis un certain temps, l&rsquo;int\u00e9r\u00eat pour elle augmente en raison des effets sp\u00e9ciaux qu&rsquo;elle a sur le corps humain. Donc, si vous souhaitez acheter de la poudre d&rsquo;h\u00e9ro\u00efne brune en ligne, la pharmacie Dr. Lawsons est votre meilleur choix. Acheter de l&rsquo;h\u00e9ro\u00efne en poudre brune en ligne-    <a href=\"https:\/\/drlawsonspharmacy\/contact-us\/\">CONTACT<\/a><\/p>\n<h3>De quoi est compos\u00e9e la poudre d\u2019h\u00e9ro\u00efne brune ?<\/h3>\n<p> L&rsquo;opium sous forme de BPH a \u00e9t\u00e9 transform\u00e9 en poudre. Cette poudre est plus puissante et plus addictive que les autres types d&rsquo;opium car elle est facile \u00e0 fumer ou \u00e0 injecter. Le BPH est \u00e9galement plus adapt\u00e9 \u00e0 une utilisation lors d&rsquo;activit\u00e9s de haute intensit\u00e9 comme le sport ou les rapports sexuels car son effet dure plus longtemps que les autres types d&rsquo;opium.   <\/p>\n<h3>Avantages de l&rsquo;h\u00e9ro\u00efne en poudre brune<\/h3>\n<p> L\u2019h\u00e9ro\u00efne en poudre brune (HBP) est sans aucun doute l\u2019une des substances les plus couramment utilis\u00e9es aujourd\u2019hui. Elle est facile \u00e0 obtenir et procure un effet imm\u00e9diat. L\u2019HBP est parfois appel\u00e9e \u00ab h\u00e9ro\u00efne brune \u00bb car elle est g\u00e9n\u00e9ralement fabriqu\u00e9e \u00e0 partir de sucre brun, de caf\u00e9 et de bicarbonate de soude. L\u2019HBP est une h\u00e9ro\u00efne de haute qualit\u00e9, ce qui signifie qu\u2019elle contient des quantit\u00e9s importantes de morphine et de cod\u00e9ine. C\u2019est donc une option fantastique pour les personnes \u00e0 la recherche d\u2019un dosage puissant pour soulager la douleur. De plus, l\u2019HBP propose une livraison rapide partout dans le monde, ce qui en fait la meilleure option pour les personnes qui ont besoin de leurs m\u00e9dicaments imm\u00e9diatement. Enfin, le prix de l\u2019h\u00e9ro\u00efne en poudre brune est raisonnable par rapport aux autres fournisseurs, ce qui en fait un choix souhaitable pour les clients qui veulent des m\u00e9dicaments de haute qualit\u00e9 sans casser leur budget.       <\/p>\n<h3>Acheter de l&rsquo;h\u00e9ro\u00efne en poudre brune en ligne<\/h3>\n<p> L&rsquo;h\u00e9ro\u00efne sous forme de poudre brune est un stup\u00e9fiant tr\u00e8s addictif et dangereux qui est souvent combin\u00e9 \u00e0 d&rsquo;autres substances pour renforcer ses effets. Elle est g\u00e9n\u00e9ralement commercialis\u00e9e dans la rue sous les noms de poudre brune, noire ou poudre \u00e0 canon. La combinaison de morphine et d&rsquo;autres opiac\u00e9s dans la poudre d&rsquo;h\u00e9ro\u00efne brune lui conf\u00e8re une puissance \u00e9lev\u00e9e. Les effets secondaires imm\u00e9diats de la poudre d&rsquo;h\u00e9ro\u00efne brune comprennent un rythme cardiaque plus rapide, une forte sensation de chaleur, une respiration rapide et une sensation de d\u00e9sir. Imm\u00e9diatement apr\u00e8s ces effets, une sensation de somnolence et de relaxation s&rsquo;installe. L&rsquo;utilisation r\u00e9guli\u00e8re de poudre d&rsquo;h\u00e9ro\u00efne brune peut entra\u00eener une d\u00e9pendance et une addiction \u00e0 la drogue au fil du temps.      <\/p>\n<h3>Pourquoi acheter de l&rsquo;h\u00e9ro\u00efne en poudre brune aupr\u00e8s de la pharmacie Dr Lawsons ?<\/h3>\n<p> Si vous souhaitez acheter de l&rsquo;h\u00e9ro\u00efne brune en ligne, plusieurs options s&rsquo;offrent \u00e0 vous. Cependant, toutes ces options ne sont pas fiables ou s\u00fbres. La pharmacie Dr. Lawsons est utile dans cette situation. Nous proposons une large gamme de formes, de marques et de vari\u00e9t\u00e9s fiables de poudre d&rsquo;h\u00e9ro\u00efne brune \u00e0 vendre en ligne. De plus, nos d\u00e9lais de livraison courts vous permettent de vous procurer vos m\u00e9dicaments sans aucun probl\u00e8me. Nous voulons que chaque client qui passe une commande chez nous ait une exp\u00e9rience satisfaisante. Le meilleur endroit pour acheter de l&rsquo;h\u00e9ro\u00efne brune en ligne est la pharmacie Dr. Lawsons, qui propose un processus de commande simple et des options de paiement pratiques. Alors passez une commande dans notre magasin d\u00e8s maintenant pour b\u00e9n\u00e9ficier des meilleures remises sur les produits que vous d\u00e9sirez.        &nbsp;<\/p>\n","protected":false},"excerpt":{"rendered":"<p>Acheter de l&rsquo;h\u00e9ro\u00efne en poudre brune en ligne L&rsquo;h\u00e9ro\u00efne en poudre brune (HBP) gagne en popularit\u00e9 sur le march\u00e9 international. Bien que l&rsquo;HBP existe depuis un certain temps, l&rsquo;int\u00e9r\u00eat pour elle augmente en raison des effets sp\u00e9ciaux qu&rsquo;elle a sur le corps humain. Donc, si vous souhaitez acheter de la poudre d&rsquo;h\u00e9ro\u00efne brune en ligne, [&hellip;]<\/p>\n","protected":false},"featured_media":17945,"comment_status":"closed","ping_status":"closed","template":"","meta":{"om_disable_all_campaigns":false,"_sitemap_exclude":false,"_sitemap_priority":"","_sitemap_frequency":"","_monsterinsights_skip_tracking":false,"_monsterinsights_sitenote_active":false,"_monsterinsights_sitenote_note":"","_monsterinsights_sitenote_category":0},"product_cat":[21242],"product_tag":[21603,21602,21609,21621,21608,21611,21604,21623,21606,21622,21616,21620,21615,21618,21617,21613,21605,21612,21610,21619,21614,21607],"class_list":{"0":"post-29227","1":"product","2":"type-product","3":"status-publish","4":"has-post-thumbnail","6":"product_cat-heroine-fr","7":"product_tag-acheter-de-lheroine-en-poudre-brune","8":"product_tag-acheter-de-lheroine-en-poudre-brune-en-ligne","9":"product_tag-acheter-de-lheroine-en-poudre-brune-en-ligne-en-europe","10":"product_tag-authentique-poudre-brune-dheroine-europe","11":"product_tag-combien-coute-lheroine-en-poudre-brune","12":"product_tag-commander-de-lheroine-en-poudre-brune-dans-lue","13":"product_tag-commander-de-lheroine-en-poudre-brune-en-ligne","14":"product_tag-critique-de-brown-powder-heroin-europe","15":"product_tag-effets-de-lheroine-en-poudre-brune","16":"product_tag-fournisseurs-europeens-dheroine-en-poudre-brune","17":"product_tag-heroine-en-poudre-brune-bon-marche-en-europe","18":"product_tag-livraison-dheroine-en-poudre-brune-en-europe","19":"product_tag-magasin-en-ligne-dheroine-en-poudre-brune-en-europe","20":"product_tag-magasin-europeen-dheroine-en-poudre-brune","21":"product_tag-offres-dheroine-en-poudre-brune-en-europe","22":"product_tag-ou-acheter-de-lheroine-en-poudre-brune-en-europe","23":"product_tag-ou-acheter-de-lheroine-en-poudre-brune-en-ligne","24":"product_tag-poudre-brune-heroine-livraison-gratuite-europe","25":"product_tag-poudre-dheroine-brune-au-meilleur-prix-en-europe","26":"product_tag-remise-sur-lheroine-en-poudre-brune-en-europe","27":"product_tag-vente-dheroine-en-poudre-brune-en-europe","28":"product_tag-vente-en-ligne-dheroine-en-poudre-brune","30":"first","31":"instock","32":"shipping-taxable","33":"purchasable","34":"product-type-variable","35":"farmacie-col"},"aioseo_notices":[],"_links":{"self":[{"href":"https:\/\/lacasadelamedicina.es\/fr\/wp-json\/wp\/v2\/product\/29227"}],"collection":[{"href":"https:\/\/lacasadelamedicina.es\/fr\/wp-json\/wp\/v2\/product"}],"about":[{"href":"https:\/\/lacasadelamedicina.es\/fr\/wp-json\/wp\/v2\/types\/product"}],"replies":[{"embeddable":true,"href":"https:\/\/lacasadelamedicina.es\/fr\/wp-json\/wp\/v2\/comments?post=29227"}],"wp:featuredmedia":[{"embeddable":true,"href":"https:\/\/lacasadelamedicina.es\/fr\/wp-json\/wp\/v2\/media\/17945"}],"wp:attachment":[{"href":"https:\/\/lacasadelamedicina.es\/fr\/wp-json\/wp\/v2\/media?parent=29227"}],"wp:term":[{"taxonomy":"product_cat","embeddable":true,"href":"https:\/\/lacasadelamedicina.es\/fr\/wp-json\/wp\/v2\/product_cat?post=29227"},{"taxonomy":"product_tag","embeddable":true,"href":"https:\/\/lacasadelamedicina.es\/fr\/wp-json\/wp\/v2\/product_tag?post=29227"}],"curies":[{"name":"wp","href":"https:\/\/api.w.org\/{rel}","templated":true}]}}