{"id":29199,"date":"2024-08-09T14:01:50","date_gmt":"2024-08-09T14:01:50","guid":{"rendered":"https:\/\/lacasadelamedicina.es\/product\/achetez-de-la-poudre-pure-mmb-2201-en-ligne\/"},"modified":"2024-08-09T14:01:50","modified_gmt":"2024-08-09T14:01:50","slug":"achetez-de-la-poudre-pure-mmb-2201-en-ligne","status":"publish","type":"product","link":"https:\/\/lacasadelamedicina.es\/fr\/produit\/achetez-de-la-poudre-pure-mmb-2201-en-ligne\/","title":{"rendered":"Achetez de la poudre pure MMB-2201 en ligne"},"content":{"rendered":"<h1>Achetez la poudre pure MMB-2201 en ligne<\/h1>\n<p> Achetez de la poudre MMB-2201 en ligne. Les cannabino\u00efdes sont des produits chimiques de recherche de premier ordre. Le MDMB-2201 peut \u00eatre achet\u00e9 en ligne aupr\u00e8s d&rsquo;un fournisseur r\u00e9put\u00e9, Coinstar Chemical, \u00e0 des prix de gros. Achetez de la poudre pure MMB-2201 en ligne &#8211; <a href=\"https:\/\/drlawsonspharmacy\/contact-us\/\">CONTACT<\/a><strong>5f MDMB 2201 \u00e0 vendre MDMB 2201 reddit<\/strong><strong>mmb-fub | mmbfub<\/strong><strong>fub2201 | fub-akb48<\/strong> (\u00e9galement connu sous le nom de 5F-MMB-PICA, 5F-AMB-PICA et I-AMB) est un puissant cannabino\u00efde synth\u00e9tique \u00e0 base d&rsquo;indole-3-carboxamide, vendu comme ingr\u00e9dient actif dans les m\u00e9langes de cannabis et utilis\u00e9 comme drogue de synth\u00e8se. Synth\u00e9tique. En janvier 2014, il a \u00e9t\u00e9 mentionn\u00e9 pour la premi\u00e8re fois en Russie et en Bi\u00e9lorussie ; n\u00e9anmoins, il a ensuite \u00e9t\u00e9 vendu \u00e0 un certain nombre d&rsquo;autres pays. Un cannabino\u00efde synth\u00e9tique de la famille des indazoles appel\u00e9 5F-MDMB-2201 est remarquablement comparable au MMB-2201. Les r\u00e9cepteurs CB1 et CB2 sont fortement affect\u00e9s (antagonis\u00e9s) par le 5F-MDMB-2201. La mex\u00e9drone appartient \u00e0 la classe chimique des cathinones et r\u00e9agit comme telle. La mex\u00e9drone a \u00ab l&rsquo;apparence physique \u00bb des diamants blancs, mais vous pouvez \u00e9galement l&rsquo;acheter sous forme de poudre ou de cristaux synth\u00e9tiques. La mex\u00e9drone a une plage de dosage maximale de 50 mg \u00e0 100 mg et se prend par voie orale. Des doses de m\u00e9ph\u00e9drone comprises entre 100 mg et 150 mg ont \u00e9t\u00e9 observ\u00e9es comme produisant des effets similaires. Les effets de la mex\u00e9drone peuvent durer de 4 \u00e0 6 heures.             <\/p>\n<h3>Achetez la poudre pure MMB-2201 en ligne<\/h3>\n<p> La Mexedrone est une \u00ab drogue psychoactive \u00bb qui a \u00e9t\u00e9 class\u00e9e comme entactog\u00e8ne et stimulant. Elle induit \u00e9galement une agitation. Il est concevable, mais pas encore prouv\u00e9, que la Mexedrone provoque une inondation synaptique en raison des effets stimulants de l&rsquo;\u00e9v\u00e9nement. La dopamine, la noradr\u00e9naline et la s\u00e9rotonine peuvent \u00eatre pr\u00e9sentes dans les synapses qui sont actives pendant l&rsquo;exp\u00e9rience de la Mexedrone.    <\/p>\n<h3><strong>Commandez MMB-2201<\/strong><\/h3>\n<p> Les effets de la Mexedrone sont de 70 % de ceux de la substance m\u00e8re, la m\u00e9ph\u00e9drone. Les effets de la Mexedrone sont de nature physique, mentale et auditive et deviennent plus plausibles avec des mesures plus importantes. Les effets secondaires r\u00e9els de la Mexedrone comprennent l&rsquo;exaltation, la s\u00e9dation, une sensation corporelle accrue, la soif, une transpiration accrue, des sensations incontr\u00f4l\u00e9es, des grincements de dents, une vision vibrante et une r\u00e9gulation de la temp\u00e9rature alt\u00e9r\u00e9e. La Mexedrone a un effet psychologique tel que le ravissement, l&rsquo;acc\u00e9l\u00e9ration de la pens\u00e9e et l&rsquo;effet de r\u00e9seautage. Les effets secondaires de la Mexedrone peuvent \u00e9galement se manifester par des am\u00e9liorations audibles. La consommation de Mexedrone peut entra\u00eener des effets de pointe apr\u00e8s stimulation. Les effets de la Mexedrone apr\u00e8s utilisation peuvent \u00eatre nocifs, provoquant un ralentissement de la pens\u00e9e et de l&rsquo;inspiration, un \u00e9puisement intellectuel, un inconfort, une r\u00e9calcitrance, une humeur lourde et une attention. Les effets secondaires de la Mexedrone surviennent tr\u00e8s probablement \u00e0 la suite de la consommation de synapses, car l&rsquo;approvisionnement en synapses a \u00e9t\u00e9 r\u00e9duit pendant la phase d&rsquo;excitation de l&rsquo;exp\u00e9rience.        &nbsp;<\/p>\n","protected":false},"excerpt":{"rendered":"<p>Achetez de la poudre pure MMB-2201 en ligne. \u00c9galement connue sous le nom de poudre I-AMB, 5F-AMB-PICA ou MMB-2201.  &nbsp;<\/p>\n<p>&nbsp;<\/p>\n","protected":false},"featured_media":18455,"comment_status":"closed","ping_status":"closed","template":"","meta":{"om_disable_all_campaigns":false,"_sitemap_exclude":false,"_sitemap_priority":"","_sitemap_frequency":"","_monsterinsights_skip_tracking":false,"_monsterinsights_sitenote_active":false,"_monsterinsights_sitenote_note":"","_monsterinsights_sitenote_category":0},"product_cat":[19407],"product_tag":[21498,21499,21505,21519,21514,21511,21507,21501,21502,21518,21509,21500,21517,21515,21512,21516,21508,21506,21513,21504,21510,21503],"class_list":{"0":"post-29199","1":"product","2":"type-product","3":"status-publish","4":"has-post-thumbnail","6":"product_cat-recherche-sur-les-produits-chimiques-et-les-psychedeliques","7":"product_tag-achetez-de-la-poudre-pure-mmb-2201","8":"product_tag-achetez-de-la-poudre-pure-mmb-2201-en-ligne","9":"product_tag-achetez-de-la-poudre-pure-mmb-2201-en-ligne-en-europe","10":"product_tag-avis-sur-la-poudre-pure-mmb-2201-en-europe","11":"product_tag-boutique-en-europe-de-poudre-pure-mmb-2201","12":"product_tag-boutique-en-ligne-de-poudre-pure-mmb-2201-europe","13":"product_tag-commandez-de-la-poudre-mmb-2201-pure-dans-lue","14":"product_tag-commandez-de-la-poudre-pure-mmb-2201-en-ligne","15":"product_tag-effets-de-la-poudre-pure-mmb-2201","16":"product_tag-fournisseurs-europeens-de-poudre-pure-mmb-2201","17":"product_tag-ou-acheter-de-la-poudre-pure-mmb-2201-en-europe","18":"product_tag-ou-acheter-de-la-poudre-pure-mmb-2201-en-ligne","19":"product_tag-poudre-authentique-pure-mmb-2201-europe","20":"product_tag-poudre-pure-mmb-2201-a-prix-reduit-en-europe","21":"product_tag-poudre-pure-mmb-2201-bon-marche-en-europe","22":"product_tag-poudre-pure-mmb-2201-livraison-europe","23":"product_tag-poudre-pure-mmb-2201-livraison-gratuite-en-europe","24":"product_tag-poudre-pure-mmb-2201-meilleur-prix-europe","25":"product_tag-poudre-pure-mmb-2201-offres-europe","26":"product_tag-quelle-est-la-quantite-de-poudre-pure-de-mmb-2201","27":"product_tag-vente-en-europe-de-poudre-pure-mmb-2201","28":"product_tag-vente-en-ligne-de-poudre-pure-mmb-2201","30":"first","31":"instock","32":"shipping-taxable","33":"purchasable","34":"product-type-variable","35":"farmacie-col"},"aioseo_notices":[],"_links":{"self":[{"href":"https:\/\/lacasadelamedicina.es\/fr\/wp-json\/wp\/v2\/product\/29199"}],"collection":[{"href":"https:\/\/lacasadelamedicina.es\/fr\/wp-json\/wp\/v2\/product"}],"about":[{"href":"https:\/\/lacasadelamedicina.es\/fr\/wp-json\/wp\/v2\/types\/product"}],"replies":[{"embeddable":true,"href":"https:\/\/lacasadelamedicina.es\/fr\/wp-json\/wp\/v2\/comments?post=29199"}],"wp:featuredmedia":[{"embeddable":true,"href":"https:\/\/lacasadelamedicina.es\/fr\/wp-json\/wp\/v2\/media\/18455"}],"wp:attachment":[{"href":"https:\/\/lacasadelamedicina.es\/fr\/wp-json\/wp\/v2\/media?parent=29199"}],"wp:term":[{"taxonomy":"product_cat","embeddable":true,"href":"https:\/\/lacasadelamedicina.es\/fr\/wp-json\/wp\/v2\/product_cat?post=29199"},{"taxonomy":"product_tag","embeddable":true,"href":"https:\/\/lacasadelamedicina.es\/fr\/wp-json\/wp\/v2\/product_tag?post=29199"}],"curies":[{"name":"wp","href":"https:\/\/api.w.org\/{rel}","templated":true}]}}