{"id":29192,"date":"2024-08-09T14:01:54","date_gmt":"2024-08-09T14:01:54","guid":{"rendered":"https:\/\/lacasadelamedicina.es\/product\/acheter-alpha-pvp-a-pvp-en-ligne-flakka\/"},"modified":"2024-08-09T14:01:54","modified_gmt":"2024-08-09T14:01:54","slug":"acheter-alpha-pvp-a-pvp-en-ligne-flakka","status":"publish","type":"product","link":"https:\/\/lacasadelamedicina.es\/fr\/produit\/acheter-alpha-pvp-a-pvp-en-ligne-flakka\/","title":{"rendered":"Acheter Alpha-PVP (A-PVP) en ligne &#8211; Flakka"},"content":{"rendered":"<h3>Acheter Alpha-PVP (A-PVP) en ligne<\/h3>\n<p> Un stimulant synth\u00e9tique appel\u00e9 alpha-PVP est utilis\u00e9 en m\u00e9decine pour traiter diverses maladies. L&rsquo;alpha est un prom\u00e9dicament qui appartient \u00e0 la famille des cathinones. \u00c0 l&rsquo;origine, l&rsquo;alpha-PVP a \u00e9t\u00e9 d\u00e9velopp\u00e9 comme m\u00e9dicament de synth\u00e8se. Aujourd&rsquo;hui, de nombreuses personnes l&rsquo;utilisent \u00e0 diverses fins, comme le soulagement de la douleur. Ce stimulant artificiel est utilis\u00e9 pour r\u00e9pondre aux besoins des consommateurs de drogues. Apr\u00e8s 40 ans et le premier produit en 2000, il a gagn\u00e9 en popularit\u00e9. Le plus important ici est qu&rsquo;au cours de ces ann\u00e9es, il n&rsquo;\u00e9tait m\u00eame pas utilis\u00e9 par une petite communaut\u00e9. Cependant, depuis 2000, il est devenu si populaire qu&rsquo;il est actuellement utilis\u00e9 par environ 70 % de la population mondiale. Achetez Alpha-PVP (A-PVP) en ligne <a href=\"https:\/\/dieapotheke247.com\/\">&#8211; <\/a><a href=\"https:\/\/drlawsonspharmacy\/contact-us\/\">CONTACT<\/a><strong>Raison de la popularit\u00e9 de la drogue psych\u00e9d\u00e9lique alpha-PVP<\/strong>        <\/p>\n<p>&nbsp;<\/p>\n<h3><strong>O\u00f9 puis-je obtenir du PVP ? Alpha-PVP <\/strong><\/h3>\n<p> La classe de prodrogues la plus populaire est l&rsquo;alpha-PVP, largement utilis\u00e9e. Son \u00e9norme puissance et son action rapide sont les principales raisons de son attrait. Comme d&rsquo;autres stimulants, il a un effet direct sur le syst\u00e8me nerveux central. Cependant, il agit tr\u00e8s rapidement et lib\u00e8re certaines hormones pour produire l&rsquo;effet d\u00e9sir\u00e9. En raison de son mode de fonctionnement, l&rsquo;alpha-PVP est parfois appel\u00e9 stimulant du syst\u00e8me nerveux central.     <\/p>\n<h3><strong>Alpha PVP M\u00e9dicaments psych\u00e9d\u00e9liques utilis\u00e9s \u00e0 des fins m\u00e9dicales<\/strong><\/h3>\n<p> L&rsquo;esprit humain peut mieux contr\u00f4ler les \u00e9motions passag\u00e8res comme le bonheur, la tristesse ou la douleur en prenant Alpha PVP. Ce m\u00e9dicament permet \u00e0 l&rsquo;esprit de visualiser un cadre typique qui fonctionne sans interruption. De cette fa\u00e7on, les chocs de toute nature sont att\u00e9nu\u00e9s par Alpha PVP. Ce m\u00e9dicament pro est utilis\u00e9 dans les pubs et les salles de danse. Mais lui aussi n&rsquo;est utilis\u00e9 que dans des th\u00e9rapies s\u00e9lectionn\u00e9es sous les ordres du m\u00e9decin. Les personnes sont trait\u00e9es par les m\u00e9decins avec des m\u00e9dicaments contenant Alpha PVP. Le but principal est de traiter l&rsquo;anxi\u00e9t\u00e9 et la tristesse. Ce sont quelques-unes des caract\u00e9ristiques essentielles qui contribuent \u00e0 la popularit\u00e9 croissante d&rsquo;Alpha PVP. Il gagne du terrain dans les deux domaines de la vie.         <\/p>\n<h3><b>Comment acheter un PVP <\/b><b> en toute s\u00e9curit\u00e9 &#8211; Description<\/b><\/h3>\n<p><strong>Nom chimique complet :<\/strong> alpha-pyrrolidinopentioph\u00e9none <strong>Nom syst\u00e9matique de l&rsquo;UICPA<\/strong> 1-ph\u00e9nyl-2-(1-pyrrolidinyl)-1-pentanone <strong>Num\u00e9ro CAS<\/strong><strong>14530-33-7<\/strong><strong>Num\u00e9ro ChemSpider<\/strong><strong>9324063<\/strong><strong>Formule mol\u00e9culaire<\/strong><strong>C15H21NO<\/strong><strong>Masse mol\u00e9culaire<\/strong><strong>_<\/strong>       <\/p>\n<h3>Acheter Alpha-PVP (A-PVP) en ligne<\/h3>\n<p>&nbsp;<\/p>\n","protected":false},"excerpt":{"rendered":"<p><strong>Un PVP c&rsquo;est quoi ?<\/strong> Le m\u00e9dicament stimulant A-PVP, -pyrrolidinopentioph\u00e9none (alpha-pyrrolidinoval\u00e9roph\u00e9none, -PVP, alpha-PVP, O-2387, -c\u00e9toneprolintane) a \u00e9t\u00e9 d\u00e9velopp\u00e9 dans les ann\u00e9es 1960 et est apparent\u00e9 \u00e0 la pyroval\u00e9rone. &nbsp;<\/p>\n","protected":false},"featured_media":18005,"comment_status":"closed","ping_status":"closed","template":"","meta":{"om_disable_all_campaigns":false,"_sitemap_exclude":false,"_sitemap_priority":"","_sitemap_frequency":"","_monsterinsights_skip_tracking":false,"_monsterinsights_sitenote_active":false,"_monsterinsights_sitenote_note":"","_monsterinsights_sitenote_category":0},"product_cat":[19407],"product_tag":[21476,21483,21477,21489,21492,21486,21484,21496,21494,21491,21493,21497,21481,21488,21490,21495,21482,21479,21485,21480,21478,21487],"class_list":{"0":"post-29192","1":"product","2":"type-product","3":"status-publish","4":"has-post-thumbnail","6":"product_cat-recherche-sur-les-produits-chimiques-et-les-psychedeliques","7":"product_tag-acheter-alpha-pvp-a-pvp-flakka","8":"product_tag-acheter-alpha-pvp-a-pvp-flakka-en-ligne-en-europe","9":"product_tag-achetez-alpha-pvp-a-pvp-flakka-en-ligne","10":"product_tag-alpha-pvp-a-pvp-boutique-en-ligne-flakka-europe","11":"product_tag-alpha-pvp-a-pvp-boutique-flakka-europe","12":"product_tag-alpha-pvp-a-pvp-flakka-livraison-gratuite-europe","13":"product_tag-alpha-pvp-a-pvp-flakka-meilleur-prix-europe","14":"product_tag-alpha-pvp-a-pvp-fournisseurs-flakka-europe","15":"product_tag-alpha-pvp-a-pvp-livraison-flakka-europe","16":"product_tag-alpha-pvp-a-pvp-offres-flakka-europe","17":"product_tag-alpha-pvp-a-pvp-remise-flakka-europe","18":"product_tag-alpha-pvp-a-pvp-test-de-flakka-europe","19":"product_tag-alpha-pvp-a-pvp-vente-en-ligne-de-flakka","20":"product_tag-alpha-pvp-a-pvp-vente-flakka-europe","21":"product_tag-alpha-pvp-a-pvp-pas-cher-flakka-europe","22":"product_tag-alpha-pvp-authentique-a-pvp-flakka-europe","23":"product_tag-combien-coute-alpha-pvp-a-pvp-flakka","24":"product_tag-commander-alpha-pvp-a-pvp-flakka-en-ligne","25":"product_tag-commandez-alpha-pvp-a-pvp-flakka-eu","26":"product_tag-effets-de-lalpha-pvp-a-pvp-flakka","27":"product_tag-ou-acheter-alpha-pvp-a-pvp-flakka-en-ligne","28":"product_tag-ou-acheter-alpha-pvp-a-pvp-flakka-europe","30":"first","31":"instock","32":"shipping-taxable","33":"purchasable","34":"product-type-variable","35":"farmacie-col"},"aioseo_notices":[],"_links":{"self":[{"href":"https:\/\/lacasadelamedicina.es\/fr\/wp-json\/wp\/v2\/product\/29192"}],"collection":[{"href":"https:\/\/lacasadelamedicina.es\/fr\/wp-json\/wp\/v2\/product"}],"about":[{"href":"https:\/\/lacasadelamedicina.es\/fr\/wp-json\/wp\/v2\/types\/product"}],"replies":[{"embeddable":true,"href":"https:\/\/lacasadelamedicina.es\/fr\/wp-json\/wp\/v2\/comments?post=29192"}],"wp:featuredmedia":[{"embeddable":true,"href":"https:\/\/lacasadelamedicina.es\/fr\/wp-json\/wp\/v2\/media\/18005"}],"wp:attachment":[{"href":"https:\/\/lacasadelamedicina.es\/fr\/wp-json\/wp\/v2\/media?parent=29192"}],"wp:term":[{"taxonomy":"product_cat","embeddable":true,"href":"https:\/\/lacasadelamedicina.es\/fr\/wp-json\/wp\/v2\/product_cat?post=29192"},{"taxonomy":"product_tag","embeddable":true,"href":"https:\/\/lacasadelamedicina.es\/fr\/wp-json\/wp\/v2\/product_tag?post=29192"}],"curies":[{"name":"wp","href":"https:\/\/api.w.org\/{rel}","templated":true}]}}