{"id":29182,"date":"2024-08-09T14:01:54","date_gmt":"2024-08-09T14:01:54","guid":{"rendered":"https:\/\/lacasadelamedicina.es\/product\/acheter-de-la-poudre-dheroine-blanche-en-ligne\/"},"modified":"2024-08-09T14:01:54","modified_gmt":"2024-08-09T14:01:54","slug":"acheter-de-la-poudre-dheroine-blanche-en-ligne","status":"publish","type":"product","link":"https:\/\/lacasadelamedicina.es\/fr\/produit\/acheter-de-la-poudre-dheroine-blanche-en-ligne\/","title":{"rendered":"Acheter de la poudre d&rsquo;h\u00e9ro\u00efne blanche en ligne"},"content":{"rendered":"<h1>Achetez de l&rsquo;h\u00e9ro\u00efne en poudre blanche en ligne.<\/h1>\n<p> Acheter de l&rsquo;h\u00e9ro\u00efne blanche en ligne &#8211; L&rsquo;un des types d&rsquo;h\u00e9ro\u00efne les plus puissants et les plus lucratifs du march\u00e9 est la poudre blanche. Mais chez qui l&rsquo;acheter ? Le meilleur endroit pour acheter de l&rsquo;h\u00e9ro\u00efne blanche en ligne au moindre co\u00fbt est la pharmacie Dr. Lawsons. Avec une vari\u00e9t\u00e9 de m\u00e9thodes de livraison et de paiement, la pharmacie Dr. Lawsons facilite et s\u00e9curise l&rsquo;achat de poudre d&rsquo;h\u00e9ro\u00efne blanche en gros. Avec notre garantie de satisfaction \u00e0 100 %, nous sommes tr\u00e8s fiers d&rsquo;offrir \u00e0 <a href=\"https:\/\/dieapotheke247.com\/\">nos <\/a> clients une exp\u00e9rience d&rsquo;achat rapide, discr\u00e8te et s\u00e9curis\u00e9e. Acheter de l&rsquo;h\u00e9ro\u00efne blanche en ligne &#8211;      <a href=\"https:\/\/drlawsonspharmacy\/contact-us\/\"><a href=\"https:\/\/drlawsonspharmacy\/contact-us\/\">CONTACT Commandez de l&rsquo;h\u00e9ro\u00efne en ligne<\/a><\/a><\/p>\n<h3>Les bienfaits de la poudre d&rsquo;h\u00e9ro\u00efne blanche<\/h3>\n<p> Bien que la poudre d&rsquo;h\u00e9ro\u00efne blanche soit souvent utilis\u00e9e \u00e0 des fins r\u00e9cr\u00e9atives ou m\u00e9dicales pour traiter la douleur li\u00e9e aux opio\u00efdes, elle devient \u00e9galement de plus en plus populaire parmi les personnes \u00e0 la recherche d&rsquo;exp\u00e9riences plus extr\u00eames. Vous pouvez d\u00e9sormais acheter de la poudre d&rsquo;h\u00e9ro\u00efne blanche pure en ligne aupr\u00e8s de la pharmacie Dr. Lawsons et ressentir ses puissants effets en personne. Vous pouvez obtenir l&rsquo;h\u00e9ro\u00efne la plus pure du march\u00e9 lorsque vous l&rsquo;obtenez sous forme de poudre blanche aupr\u00e8s de la pharmacie Dr. Lawsons. Cela la rend parfaite pour les personnes \u00e0 la recherche d&rsquo;une exp\u00e9rience intense, car votre dose est plus forte et dure plus longtemps que les autres types d&rsquo;h\u00e9ro\u00efne. De plus, les prix sont raisonnables et les d\u00e9lais de livraison sont courts. Qu&rsquo;attendez-vous ? Commandez une grande quantit\u00e9 d&rsquo;h\u00e9ro\u00efne en poudre blanche d\u00e8s maintenant ! Acheter de la poudre d&rsquo;h\u00e9ro\u00efne blanche en ligne        <\/p>\n<h3>Risques associ\u00e9s \u00e0 la consommation de poudre d&rsquo;h\u00e9ro\u00efne blanche<\/h3>\n<p> Soyez conscient des dangers si vous avez l&rsquo;intention d&rsquo;acheter de la poudre d&rsquo;h\u00e9ro\u00efne blanche en vente en ligne. La poudre d&rsquo;h\u00e9ro\u00efne blanche est une substance hautement addictive qui peut provoquer une d\u00e9pendance psychologique et physique si elle est utilis\u00e9e fr\u00e9quemment. Vous pouvez ressentir des sympt\u00f4mes de sevrage graves et douloureux si vous arr\u00eatez soudainement de l&rsquo;utiliser. De plus, m\u00eame de petites doses de ce produit chimique puissant peuvent \u00eatre mortelles si elles sont utilis\u00e9es de mani\u00e8re inappropri\u00e9e ou excessive. En fait, l&rsquo;overdose est l&rsquo;un des d\u00e9c\u00e8s les plus courants associ\u00e9s \u00e0 la consommation de poudre d&rsquo;h\u00e9ro\u00efne blanche. Enfin et surtout, la consommation de poudre d&rsquo;h\u00e9ro\u00efne blanche a \u00e9t\u00e9 associ\u00e9e \u00e0 un certain nombre d&rsquo;effets nocifs sur la sant\u00e9 mentale, notamment la parano\u00efa, la tristesse, les troubles de la pens\u00e9e, l&rsquo;anxi\u00e9t\u00e9 et la rechute dans la d\u00e9pendance. Acheter de la poudre d&rsquo;h\u00e9ro\u00efne blanche en ligne       <\/p>\n<h3>Acheter de la poudre d&rsquo;h\u00e9ro\u00efne blanche en ligne<\/h3>\n<p> Il est important de comprendre qu\u2019il n\u2019existe pas de dosage \u00ab s\u00fbr \u00bb de poudre d\u2019h\u00e9ro\u00efne blanche, car toute quantit\u00e9 peut \u00eatre potentiellement mortelle en raison des interactions avec les sensibilit\u00e9s connues ou inconscientes d\u2019une personne et d\u2019autres probl\u00e8mes m\u00e9dicaux. Pour cette raison, l\u2019utilisation d\u2019h\u00e9ro\u00efne \u2013 aussi faible soit-elle \u2013 ne doit \u00eatre effectu\u00e9e que sous la stricte surveillance d\u2019un professionnel de la sant\u00e9 qualifi\u00e9. Commandez de l\u2019h\u00e9ro\u00efne en ligne   <\/p>\n<h3>Pourquoi la pharmacie Dr. Lawsons est-elle le meilleur endroit pour acheter de la poudre d&rsquo;h\u00e9ro\u00efne blanche en ligne ?<\/h3>\n<p> Si vous cherchez \u00e0 acheter de la poudre d&rsquo;h\u00e9ro\u00efne blanche en ligne, il existe plusieurs avantages, notamment le prix abordable et la simplicit\u00e9. Cependant, il est important d&rsquo;\u00eatre conscient des dangers li\u00e9s \u00e0 l&rsquo;utilisation de cette substance et de ne s&rsquo;approvisionner qu&rsquo;aupr\u00e8s de fournisseurs fiables comme Dr. Lawsons Pharmacy. Avec l&rsquo;aide de Dr. Lawsons Pharmacy, vous pouvez profiter en toute confiance des nombreux avantages de la poudre d&rsquo;h\u00e9ro\u00efne blanche en gros en ligne. Commandez de l&rsquo;h\u00e9ro\u00efne en ligne    &nbsp;<\/p>\n","protected":false},"excerpt":{"rendered":"<p>Achetez de l&rsquo;h\u00e9ro\u00efne en poudre blanche en ligne. Acheter de l&rsquo;h\u00e9ro\u00efne blanche en ligne &#8211; L&rsquo;un des types d&rsquo;h\u00e9ro\u00efne les plus puissants et les plus lucratifs du march\u00e9 est la poudre blanche. Mais chez qui l&rsquo;acheter ? Le meilleur endroit pour acheter de l&rsquo;h\u00e9ro\u00efne blanche en ligne au moindre co\u00fbt est la pharmacie Dr. Lawsons. [&hellip;]<\/p>\n","protected":false},"featured_media":17990,"comment_status":"closed","ping_status":"closed","template":"","meta":{"om_disable_all_campaigns":false,"_sitemap_exclude":false,"_sitemap_priority":"","_sitemap_frequency":"","_monsterinsights_skip_tracking":false,"_monsterinsights_sitenote_active":false,"_monsterinsights_sitenote_note":"","_monsterinsights_sitenote_category":0},"product_cat":[21242],"product_tag":[21341,21342,21348,21362,21347,21350,21344,21345,21361,21359,21357,21354,21352,21343,21360,21358,21351,21349,21355,21356,21353,21346],"class_list":{"0":"post-29182","1":"product","2":"type-product","3":"status-publish","4":"has-post-thumbnail","6":"product_cat-heroine-fr","7":"product_tag-acheter-de-la-poudre-dheroine-blanche","8":"product_tag-acheter-de-la-poudre-dheroine-blanche-en-ligne","9":"product_tag-acheter-de-la-poudre-dheroine-blanche-en-ligne-en-europe","10":"product_tag-avis-sur-la-poudre-dheroine-blanche-en-europe","11":"product_tag-combien-coute-la-poudre-dheroine-blanche","12":"product_tag-commander-de-la-poudre-dheroine-blanche-dans-lue","13":"product_tag-commander-de-la-poudre-dheroine-blanche-en-ligne","14":"product_tag-effets-de-la-poudre-dheroine-blanche","15":"product_tag-fournisseurs-europeens-de-poudre-dheroine-blanche","16":"product_tag-livraison-de-poudre-dheroine-blanche-en-europe","17":"product_tag-magasin-de-poudre-dheroine-blanche-en-europe","18":"product_tag-magasin-en-ligne-de-poudre-dheroine-blanche-en-europe","19":"product_tag-ou-acheter-de-la-poudre-dheroine-blanche-en-europe","20":"product_tag-ou-acheter-de-la-poudre-dheroine-blanche-en-ligne","21":"product_tag-poudre-dheroine-blanche-authentique-europe","22":"product_tag-poudre-dheroine-blanche-en-europe-a-prix-reduit","23":"product_tag-poudre-dheroine-blanche-livraison-gratuite-europe","24":"product_tag-poudre-dheroine-blanche-meilleur-prix-europe","25":"product_tag-poudre-dheroine-blanche-pas-chere-en-europe","26":"product_tag-poudre-dheroine-blanche-offres-europeennes","27":"product_tag-vente-de-poudre-dheroine-blanche-en-europe","28":"product_tag-vente-en-ligne-de-poudre-dheroine-blanche","30":"first","31":"instock","32":"shipping-taxable","33":"purchasable","34":"product-type-variable","35":"farmacie-col"},"aioseo_notices":[],"_links":{"self":[{"href":"https:\/\/lacasadelamedicina.es\/fr\/wp-json\/wp\/v2\/product\/29182"}],"collection":[{"href":"https:\/\/lacasadelamedicina.es\/fr\/wp-json\/wp\/v2\/product"}],"about":[{"href":"https:\/\/lacasadelamedicina.es\/fr\/wp-json\/wp\/v2\/types\/product"}],"replies":[{"embeddable":true,"href":"https:\/\/lacasadelamedicina.es\/fr\/wp-json\/wp\/v2\/comments?post=29182"}],"wp:featuredmedia":[{"embeddable":true,"href":"https:\/\/lacasadelamedicina.es\/fr\/wp-json\/wp\/v2\/media\/17990"}],"wp:attachment":[{"href":"https:\/\/lacasadelamedicina.es\/fr\/wp-json\/wp\/v2\/media?parent=29182"}],"wp:term":[{"taxonomy":"product_cat","embeddable":true,"href":"https:\/\/lacasadelamedicina.es\/fr\/wp-json\/wp\/v2\/product_cat?post=29182"},{"taxonomy":"product_tag","embeddable":true,"href":"https:\/\/lacasadelamedicina.es\/fr\/wp-json\/wp\/v2\/product_tag?post=29182"}],"curies":[{"name":"wp","href":"https:\/\/api.w.org\/{rel}","templated":true}]}}