{"id":29178,"date":"2024-08-09T14:01:54","date_gmt":"2024-08-09T14:01:54","guid":{"rendered":"https:\/\/lacasadelamedicina.es\/product\/achetez-la-poudre-chimique-jwh-210-en-ligne\/"},"modified":"2024-08-09T14:01:54","modified_gmt":"2024-08-09T14:01:54","slug":"achetez-la-poudre-chimique-jwh-210-en-ligne","status":"publish","type":"product","link":"https:\/\/lacasadelamedicina.es\/fr\/produit\/achetez-la-poudre-chimique-jwh-210-en-ligne\/","title":{"rendered":"Achetez la poudre chimique JWH-210 en ligne"},"content":{"rendered":"<h1 class=\"product_title enter-title\">Acheter de la poudre chimique JWH-210 en ligne<\/h1>\n<p> Acheter JWH-210 en ligne &#8211; Acheter JWH-210 en ligne. JWH-210 (4-Ethylnaphthalen-1-yl-(1-pentylindol-3-yl)methanone), \u00e9galement connu sous le nom de. est un cannabino\u00efde puissant. Acheter JWH-210 en ligne &#8211; <a href=\"https:\/\/drlawsonspharmacy\/contact-us\/\">CONTACT<\/a> JWH-210 peut \u00eatre achet\u00e9 en ligne. En tant que membre de la famille des naphtoylindoles, le JWH-210 est un agoniste cannabino\u00efde puissant des r\u00e9cepteurs CB1 et CB2 avec des valeurs Ki de 0,46 nM pour CB1 et 0,69 nM pour CB2. Il est utilis\u00e9 pour la gestion de la douleur. Avec une affinit\u00e9 de liaison plus forte (c&rsquo;est-\u00e0-dire un Ki inf\u00e9rieur) au CB1 que ses homologues 4-m\u00e9thyle et 4-n-propyle JWH-122 (CB1 Ki 0,69 nM), il est l&rsquo;un des d\u00e9riv\u00e9s naphtyles 4-substitu\u00e9s les plus puissants de la s\u00e9rie des naphtoylindoles. et JWH-182 (CB1 Ki 0,65 nM) ou JWH-081 (CB1 Ki 1,2 nM), une mol\u00e9cule 4-m\u00e9thoxy [2] John W. Huffman a inspir\u00e9 la d\u00e9couverte et la d\u00e9nomination.        <\/p>\n<h3>Achetez la poudre chimique JWH-210 en ligne<\/h3>\n<p> Vous \u00eates un scientifique passionn\u00e9 qui souhaite se plonger dans le domaine complexe des cannabino\u00efdes synth\u00e9tiques ? Alors ne cherchez pas plus loin que la poudre chimique JWH-210, un produit de pointe con\u00e7u pour soutenir la recherche pharmacologique r\u00e9volutionnaire. La poudre chimique JWH-210 est l&rsquo;outil id\u00e9al pour maximiser le potentiel de vos recherches en raison de sa haute qualit\u00e9 et de ses propri\u00e9t\u00e9s sp\u00e9ciales. La poudre chimique JWH-210 est soigneusement fabriqu\u00e9e en utilisant les m\u00e9thodes les plus modernes pour garantir un produit pur et fiable \u00e0 chaque commande. Cette substance pr\u00e9sente une affinit\u00e9 et une s\u00e9lectivit\u00e9 exceptionnelles en tant qu&rsquo;agoniste puissant des r\u00e9cepteurs cannabino\u00efdes, permettant aux chercheurs d&rsquo;acqu\u00e9rir une compr\u00e9hension compl\u00e8te des m\u00e9canismes complexes \u00e0 l&rsquo;\u0153uvre dans le syst\u00e8me endocannabino\u00efde.     <\/p>\n<h3><strong>Commander la poudre chimique JWH-210<\/strong><\/h3>\n<p> La stabilit\u00e9 remarquable de la poudre chimique JWH-210, qui permet des calculs de dosage pr\u00e9cis et des exp\u00e9rimentations approfondies, est l&rsquo;un de ses principaux avantages. Sa stabilit\u00e9 et sa solubilit\u00e9 dans une gamme de solvants courants en font un candidat parfait pour une large gamme d&rsquo;applications en laboratoire. Gr\u00e2ce \u00e0 la poudre chimique JWH-210, les chercheurs peuvent \u00e9tudier librement une vari\u00e9t\u00e9 de sujets de recherche fascinants tels que la neuropharmacologie, la gestion de la douleur et les \u00e9tudes sur la toxicomanie. L&rsquo;adaptabilit\u00e9 de cette substance ouvre de nouvelles opportunit\u00e9s de d\u00e9couvertes r\u00e9volutionnaires qui pourraient influencer la mani\u00e8re dont les m\u00e9dicaments et la recherche m\u00e9dicale sont d\u00e9velopp\u00e9s \u00e0 l&rsquo;avenir.    &nbsp;<\/p>\n","protected":false},"excerpt":{"rendered":"<p>Achetez la poudre chimique JWH-210 en ligne. La poudre chimique JWH-210 appartient \u00e0 la famille des naphtoylindols et est utilis\u00e9e comme analg\u00e9sique.  &nbsp;<\/p>\n","protected":false},"featured_media":18530,"comment_status":"closed","ping_status":"closed","template":"","meta":{"om_disable_all_campaigns":false,"_sitemap_exclude":false,"_sitemap_priority":"","_sitemap_frequency":"","_monsterinsights_skip_tracking":false,"_monsterinsights_sitenote_active":false,"_monsterinsights_sitenote_note":"","_monsterinsights_sitenote_category":0},"product_cat":[19407],"product_tag":[21319,21320,21326,21340,21332,21335,21325,21321,21328,21323,21339,21337,21334,21330,21322,21338,21336,21329,21327,21333,21331,21324],"class_list":{"0":"post-29178","1":"product","2":"type-product","3":"status-publish","4":"has-post-thumbnail","6":"product_cat-recherche-sur-les-produits-chimiques-et-les-psychedeliques","7":"product_tag-acheter-de-la-poudre-chimique-jwh-210","8":"product_tag-acheter-de-la-poudre-chimique-jwh-210-en-ligne","9":"product_tag-achetez-la-poudre-chimique-jwh-210-en-ligne-en-europe","10":"product_tag-avis-sur-la-poudre-chimique-jwh-210-europe","11":"product_tag-boutique-en-ligne-de-poudre-chimique-jwh-210-europe","12":"product_tag-boutique-europeenne-de-poudre-chimique-jwh-210","13":"product_tag-combien-coute-la-poudre-chimique-jwh-210","14":"product_tag-commander-la-poudre-chimique-jwh-210-en-ligne","15":"product_tag-commander-la-poudre-chimique-jwh-210-eu","16":"product_tag-effets-de-la-poudre-chimique-jwh-210","17":"product_tag-fournisseurs-europeens-de-poudre-chimique-jwh-210","18":"product_tag-livraison-de-poudre-chimique-jwh-210-en-europe","19":"product_tag-offres-europeennes-sur-la-poudre-chimique-jwh-210","20":"product_tag-ou-acheter-la-poudre-chimique-jwh-210-en-europe","21":"product_tag-ou-acheter-la-poudre-chimique-jwh-210-en-ligne","22":"product_tag-poudre-chimique-authentique-jwh-210-europe","23":"product_tag-poudre-chimique-jwh-210-en-europe-avec-remise","24":"product_tag-poudre-chimique-jwh-210-livraison-gratuite-en-europe","25":"product_tag-poudre-chimique-jwh-210-meilleur-prix-europe","26":"product_tag-poudre-chimique-jwh-210-pas-chere-en-europe","27":"product_tag-vente-de-poudre-chimique-jwh-210-en-europe","28":"product_tag-vente-en-ligne-de-poudre-chimique-jwh-210","30":"first","31":"instock","32":"shipping-taxable","33":"purchasable","34":"product-type-variable","35":"farmacie-col"},"aioseo_notices":[],"_links":{"self":[{"href":"https:\/\/lacasadelamedicina.es\/fr\/wp-json\/wp\/v2\/product\/29178"}],"collection":[{"href":"https:\/\/lacasadelamedicina.es\/fr\/wp-json\/wp\/v2\/product"}],"about":[{"href":"https:\/\/lacasadelamedicina.es\/fr\/wp-json\/wp\/v2\/types\/product"}],"replies":[{"embeddable":true,"href":"https:\/\/lacasadelamedicina.es\/fr\/wp-json\/wp\/v2\/comments?post=29178"}],"wp:featuredmedia":[{"embeddable":true,"href":"https:\/\/lacasadelamedicina.es\/fr\/wp-json\/wp\/v2\/media\/18530"}],"wp:attachment":[{"href":"https:\/\/lacasadelamedicina.es\/fr\/wp-json\/wp\/v2\/media?parent=29178"}],"wp:term":[{"taxonomy":"product_cat","embeddable":true,"href":"https:\/\/lacasadelamedicina.es\/fr\/wp-json\/wp\/v2\/product_cat?post=29178"},{"taxonomy":"product_tag","embeddable":true,"href":"https:\/\/lacasadelamedicina.es\/fr\/wp-json\/wp\/v2\/product_tag?post=29178"}],"curies":[{"name":"wp","href":"https:\/\/api.w.org\/{rel}","templated":true}]}}