{"id":29149,"date":"2024-08-09T14:01:54","date_gmt":"2024-08-09T14:01:54","guid":{"rendered":"https:\/\/lacasadelamedicina.es\/product\/acheter-de-lheroine-blanche-chinoise-en-ligne\/"},"modified":"2024-08-09T14:01:54","modified_gmt":"2024-08-09T14:01:54","slug":"acheter-de-lheroine-blanche-chinoise-en-ligne","status":"publish","type":"product","link":"https:\/\/lacasadelamedicina.es\/fr\/produit\/acheter-de-lheroine-blanche-chinoise-en-ligne\/","title":{"rendered":"Acheter de l&rsquo;h\u00e9ro\u00efne blanche chinoise en ligne"},"content":{"rendered":"<h1>Acheter de l&rsquo;h\u00e9ro\u00efne blanche chinoise en ligne<\/h1>\n<p> En Am\u00e9rique et dans d&rsquo;autres pays, la pand\u00e9mie d&rsquo;opio\u00efdes fait des ravages. En r\u00e9ponse, de nombreuses personnes recherchent des alternatives aux trafiquants de rue douteux pour obtenir de l&rsquo;h\u00e9ro\u00efne forte et pure. Heureusement, l&rsquo;h\u00e9ro\u00efne blanche de Chine est un substitut fantastique et facilement disponible. Donc, si vous avez \u00e9galement l&rsquo;intention d&rsquo;acheter de l&rsquo;h\u00e9ro\u00efne blanche de Chine en ligne, faites-le directement \u00e0 la pharmacie Dr. Lawsons. Acheter de l&rsquo;h\u00e9ro\u00efne blanche chinoise en ligne &#8211;     <a href=\"https:\/\/drlawsonspharmacy\/contact-us\/\"><a href=\"https:\/\/drlawsonspharmacy\/contact-us\/\">contact<\/a><\/a><\/p>\n<h3>Comment l\u2019h\u00e9ro\u00efne blanche chinoise est-elle fabriqu\u00e9e ?<\/h3>\n<p> En g\u00e9n\u00e9ral, l&rsquo;h\u00e9ro\u00efne blanche de Chine est moins puissante que les autres types d&rsquo;h\u00e9ro\u00efne et peut \u00eatre achet\u00e9e pour moins cher. L&rsquo;h\u00e9ro\u00efne blanche de Chine est fabriqu\u00e9e \u00e0 l&rsquo;aide d&rsquo;un processus complexe en plusieurs \u00e9tapes. La mati\u00e8re premi\u00e8re provient d&rsquo;abord d&rsquo;Afghanistan ou du Pakistan, qui est principalement de l&rsquo;opium. L&rsquo;opium est ensuite transform\u00e9 en morphine \u00e0 l&rsquo;aide de proc\u00e9d\u00e9s de cuisson \u00e0 froid ou sous vide. La morphine \u00e9tant difficile \u00e0 d\u00e9tecter et \u00e0 utiliser selon cette m\u00e9thode, les trafiquants de drogue sont plus susceptibles de vouloir la vendre. Si vous souhaitez acheter de l&rsquo;h\u00e9ro\u00efne blanche chinoise aupr\u00e8s de la pharmacie Dr. Lawsons, vous pouvez parcourir les diff\u00e9rentes vari\u00e9t\u00e9s d&rsquo;h\u00e9ro\u00efne blanche chinoise propos\u00e9es sur le site Web et s\u00e9lectionner le dosage que vous souhaitez acheter. Pour conna\u00eetre les mesures de s\u00e9curit\u00e9 \u00e0 prendre lors de l&rsquo;utilisation de ce m\u00e9dicament, assurez-vous de lire les informations de s\u00e9curit\u00e9 avant d&rsquo;acheter.       <\/p>\n<h3>Avantages de l&rsquo;h\u00e9ro\u00efne blanche chinoise<\/h3>\n<p> Disponible exclusivement en ligne aupr\u00e8s de la pharmacie Dr Lawsons, Chine. L&rsquo;h\u00e9ro\u00efne blanche est un type de drogue puissant et de haute qualit\u00e9. L&rsquo;h\u00e9ro\u00efne blanche chinoise est pure et constante d&rsquo;un achat \u00e0 l&rsquo;autre, contrairement \u00e0 d&rsquo;autres types d&rsquo;h\u00e9ro\u00efne qui peuvent \u00eatre m\u00e9lang\u00e9s \u00e0 d&rsquo;autres substances pour am\u00e9liorer la puissance et cr\u00e9er de nouveaux types de stup\u00e9fiants. Cela signifie que vous ressentirez toujours les m\u00eames bienfaits puissants lorsque vous la prenez, peu importe ce que vous avez d&rsquo;autre dans votre organisme. Pour les personnes \u00e0 la recherche d&rsquo;un high puissant sans les effets secondaires ind\u00e9sirables ou les risques associ\u00e9s \u00e0 d&rsquo;autres opio\u00efdes tels que le fentanyl ou les substances \u00e0 base de morphine, l&rsquo;h\u00e9ro\u00efne blanche chinoise est une option fantastique. N&rsquo;attendez plus ; l&rsquo;h\u00e9ro\u00efne blanche chinoise est disponible \u00e0 la pharmacie Dr Lawsons et est facile \u00e0 trouver.      <\/p>\n<h3>Effets secondaires de l&rsquo;h\u00e9ro\u00efne blanche chinoise<\/h3>\n<p> Avant de consommer de l&rsquo;h\u00e9ro\u00efne blanche chinoise, il faut \u00eatre conscient des risques encourus, car la drogue peut provoquer de graves effets secondaires. Naus\u00e9es, \u00e9tourdissements, maux de t\u00eate, d\u00e9sorientation, irritabilit\u00e9 et anxi\u00e9t\u00e9 sont des effets secondaires courants. L&rsquo;h\u00e9ro\u00efne blanche chinoise peut cr\u00e9er une forte d\u00e9pendance et provoquer d&rsquo;autres effets n\u00e9gatifs si elle est consomm\u00e9e de mani\u00e8re excessive et sur une longue p\u00e9riode.   <\/p>\n<h3>O\u00f9 acheter de l&rsquo;h\u00e9ro\u00efne blanche chinoise en ligne ?<\/h3>\n<p> L&rsquo;h\u00e9ro\u00efne blanche chinoise est une drogue puissante et dangereuse. Elle peut provoquer des sensations euphoriques et de nombreux risques potentiels pour la sant\u00e9. Selon le fournisseur et ses ressources, cette drogue peut \u00eatre fabriqu\u00e9e \u00e0 l&rsquo;aide de techniques simples ou avanc\u00e9es. Il est important de comprendre les dangers li\u00e9s \u00e0 l&rsquo;utilisation de cette substance et de ne l&rsquo;acheter qu&rsquo;aupr\u00e8s de fournisseurs de confiance comme Dr. Lawsons Pharmacy. Nous respectons les pr\u00e9cautions de s\u00e9curit\u00e9 et vous l&rsquo;envoyons \u00e0 domicile en un rien de temps.     &nbsp;<\/p>\n","protected":false},"excerpt":{"rendered":"<p>Acheter de l&rsquo;h\u00e9ro\u00efne blanche chinoise en ligne En Am\u00e9rique et dans d&rsquo;autres pays, la pand\u00e9mie d&rsquo;opio\u00efdes fait des ravages. En r\u00e9ponse, de nombreuses personnes recherchent des alternatives aux trafiquants de rue douteux pour obtenir de l&rsquo;h\u00e9ro\u00efne forte et pure. Heureusement, l&rsquo;h\u00e9ro\u00efne blanche de Chine est un substitut fantastique et facilement disponible. Donc, si vous avez [&hellip;]<\/p>\n","protected":false},"featured_media":17960,"comment_status":"closed","ping_status":"closed","template":"","meta":{"om_disable_all_campaigns":false,"_sitemap_exclude":false,"_sitemap_priority":"","_sitemap_frequency":"","_monsterinsights_skip_tracking":false,"_monsterinsights_sitenote_active":false,"_monsterinsights_sitenote_note":"","_monsterinsights_sitenote_category":0},"product_cat":[21242],"product_tag":[21243,21244,21250,21262,21256,21249,21252,21246,21264,21247,21263,21251,21257,21260,21253,21258,21261,21259,21254,21245,21255,21248],"class_list":{"0":"post-29149","1":"product","2":"type-product","3":"status-publish","4":"has-post-thumbnail","6":"product_cat-heroine-fr","7":"product_tag-acheter-de-lheroine-blanche-chinoise","8":"product_tag-acheter-de-lheroine-blanche-chinoise-en-ligne","9":"product_tag-acheter-de-lheroine-blanche-chinoise-en-ligne-en-europe","10":"product_tag-authentique-heroine-blanche-chinoise-europe","11":"product_tag-boutique-en-ligne-dheroine-blanche-chinoise-europe","12":"product_tag-combien-coute-lheroine-blanche-chinoise","13":"product_tag-commander-de-lheroine-blanche-chinoise-dans-lue","14":"product_tag-commander-de-lheroine-blanche-chinoise-en-ligne","15":"product_tag-critique-de-lheroine-blanche-chinoise-europe","16":"product_tag-effets-de-lheroine-blanche-chinoise","17":"product_tag-fournisseurs-dheroine-blanche-chinoise-en-europe","18":"product_tag-heroine-blanche-chinoise-au-meilleur-prix-en-europe","19":"product_tag-heroine-blanche-chinoise-bon-marche-en-europe","20":"product_tag-heroine-blanche-chinoise-en-europe-a-prix-reduit","21":"product_tag-heroine-blanche-chinoise-livraison-gratuite-en-europe","22":"product_tag-lheroine-blanche-chinoise-en-europe","23":"product_tag-livraison-dheroine-blanche-chinoise-en-europe","24":"product_tag-magasin-dheroine-blanche-chinoise-en-europe","25":"product_tag-ou-acheter-de-lheroine-blanche-chinoise-en-europe","26":"product_tag-ou-acheter-de-lheroine-blanche-chinoise-en-ligne","27":"product_tag-vente-dheroine-blanche-chinoise-en-europe","28":"product_tag-vente-en-ligne-dheroine-blanche-chinoise","30":"first","31":"instock","32":"shipping-taxable","33":"purchasable","34":"product-type-variable","35":"farmacie-col"},"aioseo_notices":[],"_links":{"self":[{"href":"https:\/\/lacasadelamedicina.es\/fr\/wp-json\/wp\/v2\/product\/29149"}],"collection":[{"href":"https:\/\/lacasadelamedicina.es\/fr\/wp-json\/wp\/v2\/product"}],"about":[{"href":"https:\/\/lacasadelamedicina.es\/fr\/wp-json\/wp\/v2\/types\/product"}],"replies":[{"embeddable":true,"href":"https:\/\/lacasadelamedicina.es\/fr\/wp-json\/wp\/v2\/comments?post=29149"}],"wp:featuredmedia":[{"embeddable":true,"href":"https:\/\/lacasadelamedicina.es\/fr\/wp-json\/wp\/v2\/media\/17960"}],"wp:attachment":[{"href":"https:\/\/lacasadelamedicina.es\/fr\/wp-json\/wp\/v2\/media?parent=29149"}],"wp:term":[{"taxonomy":"product_cat","embeddable":true,"href":"https:\/\/lacasadelamedicina.es\/fr\/wp-json\/wp\/v2\/product_cat?post=29149"},{"taxonomy":"product_tag","embeddable":true,"href":"https:\/\/lacasadelamedicina.es\/fr\/wp-json\/wp\/v2\/product_tag?post=29149"}],"curies":[{"name":"wp","href":"https:\/\/api.w.org\/{rel}","templated":true}]}}