{"id":29139,"date":"2024-08-09T14:01:55","date_gmt":"2024-08-09T14:01:55","guid":{"rendered":"https:\/\/lacasadelamedicina.es\/product\/achetez-la-poudre-jwh-200-en-ligne\/"},"modified":"2024-08-09T14:01:55","modified_gmt":"2024-08-09T14:01:55","slug":"achetez-la-poudre-jwh-200-en-ligne","status":"publish","type":"product","link":"https:\/\/lacasadelamedicina.es\/fr\/produit\/achetez-la-poudre-jwh-200-en-ligne\/","title":{"rendered":"Achetez la poudre JWH-200 en ligne"},"content":{"rendered":"<h1 class=\"product_title entry-title\">Achetez la poudre JWH-200 en ligne<\/h1>\n<p> Poudre WH-200 : Le JWH-200 est un agoniste des r\u00e9cepteurs cannabino\u00efdes appartenant \u00e0 la famille chimique des aminoalcynyles et est utilis\u00e9 comme analg\u00e9sique. Le JWH 200 est un ligand du r\u00e9cepteur cannabino\u00efde (CB) qui est un aminoalk<a href=\"https:\/\/dieapotheke247.com\/\">ylind<\/a>ol. Il interagit avec le r\u00e9cepteur CB1 avec une affinit\u00e9 consid\u00e9rable (IC50 = 7,8-42 nM). Acheter du talc JWH-200. Acheter JWH-200 Powder en ligne &#8211; <a href=\"https:\/\/drlawsonspharmacy\/contact-us\/\">CONTACT Acheter JWH-200 Powder en ligne<\/a> JWH 200 est un ligand du r\u00e9cepteur cannabino\u00efde (CB) qui est un aminoalkylindole. Il a une forte affinit\u00e9 pour le r\u00e9cepteur CB1 (IC50 = 7,8-42 nM). Compar\u00e9 au 99-THC ou au WIN 55,212, le JWH 200 a eu un effet au moins aussi bon sur l&rsquo;activit\u00e9 locomotrice, la latence de la queue, l&rsquo;hypothermie et le test d&rsquo;immobilit\u00e9 de l&rsquo;anneau.       <\/p>\n<h3 class=\"product_title entry-title\">Achetez la poudre JWH-200 en ligne<\/h3>\n<p> J&rsquo;aimerais vous pr\u00e9senter la poudre JWH-200, un compos\u00e9 de recherche remarquable con\u00e7u pour vous aider \u00e0 faire progresser vos \u00e9tudes dans le monde int\u00e9ressant des cannabino\u00efdes synth\u00e9tiques. La poudre JWH-200 est le catalyseur id\u00e9al pour des \u00e9tudes pharmacologiques r\u00e9volutionnaires en raison de sa puret\u00e9 remarquable et de ses propri\u00e9t\u00e9s puissantes. La poudre JWH-200 offre aux chercheurs un niveau de coh\u00e9rence et de qualit\u00e9 in\u00e9gal\u00e9 car elle est fabriqu\u00e9e avec une grande pr\u00e9cision en utilisant des techniques de synth\u00e8se de pointe. Cette substance offre une opportunit\u00e9 rare de comprendre le fonctionnement complexe du syst\u00e8me endocannabino\u00efde car c&rsquo;est un activateur hautement s\u00e9lectif des r\u00e9cepteurs cannabino\u00efdes. La poudre JWH-200 se caract\u00e9rise par sa stabilit\u00e9 exceptionnelle, qui garantit un dosage pr\u00e9cis et de longues dur\u00e9es d&rsquo;exp\u00e9rimentation. En raison de sa solubilit\u00e9 dans de nombreux solvants courants, ce produit chimique est adaptable et facile \u00e0 utiliser dans un large \u00e9ventail de situations de laboratoire. Acheter la poudre JWH-200       <\/p>\n<h3><strong>Commandez la poudre JWH-200 en ligne<\/strong><\/h3>\n<p> La poudre JWH-200 peut \u00eatre utilis\u00e9e pour explorer divers domaines d&rsquo;\u00e9tude, tels que la neuropharmacologie, la gestion de la douleur et les \u00e9tudes sur la toxicomanie. Sa polyvalence cr\u00e9e de nouvelles opportunit\u00e9s de d\u00e9couvertes r\u00e9volutionnaires qui peuvent avoir un impact sur le d\u00e9veloppement futur de m\u00e9dicaments et de traitements. Chez <span class=\"selectable-text copyable-text\">Dr Lawsons Pharmacy<\/span>, la satisfaction et la s\u00e9curit\u00e9 des clients sont notre priorit\u00e9 absolue. Pour garantir qu&rsquo;elle respecte et d\u00e9passe les normes de l&rsquo;industrie, notre poudre JWH-200 est soumise \u00e0 des proc\u00e9dures de contr\u00f4le qualit\u00e9 rigoureuses. Nous suivons des directives de s\u00e9curit\u00e9 strictes et fournissons une documentation compl\u00e8te pour garantir une exp\u00e9rience de recherche fluide et s\u00fbre.     &nbsp;<\/p>\n","protected":false},"excerpt":{"rendered":"<p>Achetez la poudre JWH-200 en ligne. Un autre nom pour ce compos\u00e9 est (1-(2-morpholin-4-ylethyl)indol-3-yl)-naphthalen-1-ylmethanone. Achetez ici. Nous utilisons les meilleures techniques d&rsquo;exp\u00e9dition et d&#8217;emballage discret.    &nbsp;<\/p>\n","protected":false},"featured_media":18500,"comment_status":"closed","ping_status":"closed","template":"","meta":{"om_disable_all_campaigns":false,"_sitemap_exclude":false,"_sitemap_priority":"","_sitemap_frequency":"","_monsterinsights_skip_tracking":false,"_monsterinsights_sitenote_active":false,"_monsterinsights_sitenote_note":"","_monsterinsights_sitenote_category":0},"product_cat":[19407],"product_tag":[21205,21207,21212,21226,21218,21211,21206,21214,21209,21225,21215,21223,21221,21216,21208,21224,21222,21213,21220,21219,21217,21210],"class_list":{"0":"post-29139","1":"product","2":"type-product","3":"status-publish","4":"has-post-thumbnail","6":"product_cat-recherche-sur-les-produits-chimiques-et-les-psychedeliques","7":"product_tag-acheter-de-la-poudre-jwh-200","8":"product_tag-acheter-de-la-poudre-jwh-200-en-ligne","9":"product_tag-acheter-la-poudre-jwh-200-en-ligne-en-europe","10":"product_tag-avis-sur-la-poudre-jwh-200-europe","11":"product_tag-boutique-en-ligne-de-poudre-jwh-200-europe","12":"product_tag-combien-coute-la-poudre-jwh-200","13":"product_tag-commander-la-poudre-jwh-200-en-ligne","14":"product_tag-commandez-la-poudre-jwh-200-ue","15":"product_tag-effets-de-la-poudre-jwh-200","16":"product_tag-fournisseurs-europeens-de-poudre-jwh-200","17":"product_tag-jwh-200-poudre-livraison-gratuite-europe","18":"product_tag-livraison-de-poudre-jwh-200-en-europe","19":"product_tag-magasin-europeen-de-poudre-jwh-200","20":"product_tag-ou-acheter-la-poudre-jwh-200-en-europe","21":"product_tag-ou-acheter-la-poudre-jwh-200-en-ligne","22":"product_tag-poudre-authentique-jwh-200-europe","23":"product_tag-poudre-jwh-200-a-prix-reduit-en-europe","24":"product_tag-poudre-jwh-200-meilleur-prix-europe","25":"product_tag-poudre-jwh-200-offres-europe","26":"product_tag-poudre-jwh-200-pas-chere-en-europe","27":"product_tag-vente-de-poudre-jwh-200-en-europe","28":"product_tag-vente-en-ligne-de-poudre-jwh-200","30":"first","31":"instock","32":"shipping-taxable","33":"purchasable","34":"product-type-variable","35":"farmacie-col"},"aioseo_notices":[],"_links":{"self":[{"href":"https:\/\/lacasadelamedicina.es\/fr\/wp-json\/wp\/v2\/product\/29139"}],"collection":[{"href":"https:\/\/lacasadelamedicina.es\/fr\/wp-json\/wp\/v2\/product"}],"about":[{"href":"https:\/\/lacasadelamedicina.es\/fr\/wp-json\/wp\/v2\/types\/product"}],"replies":[{"embeddable":true,"href":"https:\/\/lacasadelamedicina.es\/fr\/wp-json\/wp\/v2\/comments?post=29139"}],"wp:featuredmedia":[{"embeddable":true,"href":"https:\/\/lacasadelamedicina.es\/fr\/wp-json\/wp\/v2\/media\/18500"}],"wp:attachment":[{"href":"https:\/\/lacasadelamedicina.es\/fr\/wp-json\/wp\/v2\/media?parent=29139"}],"wp:term":[{"taxonomy":"product_cat","embeddable":true,"href":"https:\/\/lacasadelamedicina.es\/fr\/wp-json\/wp\/v2\/product_cat?post=29139"},{"taxonomy":"product_tag","embeddable":true,"href":"https:\/\/lacasadelamedicina.es\/fr\/wp-json\/wp\/v2\/product_tag?post=29139"}],"curies":[{"name":"wp","href":"https:\/\/api.w.org\/{rel}","templated":true}]}}