{"id":29132,"date":"2024-08-09T14:01:55","date_gmt":"2024-08-09T14:01:55","guid":{"rendered":"https:\/\/lacasadelamedicina.es\/product\/acheter-du-crystal-meth-methamphetamine-en-ligne\/"},"modified":"2024-09-13T12:07:44","modified_gmt":"2024-09-13T12:07:44","slug":"acheter-du-crystal-meth-methamphetamine-en-ligne","status":"publish","type":"product","link":"https:\/\/lacasadelamedicina.es\/fr\/produit\/acheter-du-crystal-meth-methamphetamine-en-ligne\/","title":{"rendered":"Acheter du Crystal Meth (m\u00e9thamph\u00e9tamine) en ligne"},"content":{"rendered":"<h1>Acheter de la m\u00e9thamph\u00e9tamine en cristal en ligne<\/h1>\n<p> Le meilleur endroit pour commander de la m\u00e9thamph\u00e9tamine en cristal est en ligne. La m\u00e9thamph\u00e9tamine en cristal peut d\u00e9sormais \u00eatre command\u00e9e en ligne et livr\u00e9e le lendemain. La m\u00e9thamph\u00e9tamine en cristal dans sa forme la plus r\u00e9cente est presque enti\u00e8rement pure. Acheter de la m\u00e9thamph\u00e9tamine en cristal peut \u00eatre fum\u00e9e dans des pipes en verre et n&rsquo;a pas d&rsquo;odeur. Selon les recherches, elle est \u00e0 la fois plus mortelle et plus addictive que le crack et la coca\u00efne. Les<a href=\"https:\/\/dieapotheke247.com\/\">effets<\/a> peuvent durer dans le corps de 4 \u00e0 14 heures, selon la personne. Pendant cette p\u00e9riode, les fumeurs ressentent une puissante pouss\u00e9e de m\u00e9tal et un \u00e9tat d&rsquo;extase physique. C&rsquo;est une sensation agr\u00e9able. En revanche, le port de shorts \u00e9pais augmente consid\u00e9rablement la probabilit\u00e9 de se sentir d\u00e9prim\u00e9, anxieux, agit\u00e9 et finalement \u00e9puis\u00e9. Acheter de la m\u00e9thamph\u00e9tamine en cristal (m\u00e9thamph\u00e9tamine) en ligne &#8211; <a href=\"https:\/\/drlawsonspharmacy\/contact-us\/\">CONTACT<\/a>         <\/p>\n<p><strong>Bien que vous puissiez acheter du Crystal Meth en vente libre, vous devez savoir qu&rsquo;une utilisation continue peut avoir des effets n\u00e9gatifs sur votre foie, vos poumons et vos reins, vous devez donc r\u00e9guler votre dosage. Achats de Crystal Meth en ligne. Achetez du Crystal Meth en ligne, y compris le 4-MEC, le Koop Crystal Meth et le Kb Crystal Meth.  <\/strong><\/p>\n<h3><strong>Commander de la m\u00e9thamph\u00e9tamine en cristal (Crystal Meth) en ligne<\/strong><\/h3>\n<p> Comme d&rsquo;autres stimulants tels que la coca\u00efne ou le cola, le Crystal Meth affecte les niveaux de dopamine dans le cerveau. Sa capacit\u00e9 \u00e0 imiter la noradr\u00e9naline est un avantage suppl\u00e9mentaire. Afin d&rsquo;entra\u00eener le cerveau \u00e0 avoir besoin de plus des deux pour survivre, les neurones lib\u00e8rent davantage des deux entre-temps. La stabilit\u00e9 mentale et physique d&rsquo;une personne peut \u00eatre perturb\u00e9e par les effets du sevrage de la m\u00e9thamph\u00e9tamine ou d&rsquo;une gueule de bois qui dure plusieurs jours. Vous devez \u00eatre conscient de tous ces effets lorsque vous achetez de la m\u00e9thamph\u00e9tamine en ligne. D&rsquo;autres noms de rue incluent Rock, LA Glass, Super Ice, Hot Ice et Hawaiian Salt. La k\u00e9tamine est \u00e9galement disponible. Le cristal de k\u00e9tamine hcl est \u00e9galement disponible d\u00e8s maintenant \u00e0 prix r\u00e9duit. Les pharmacies en ligne proposent souvent de la m\u00e9thamph\u00e9tamine en cristal \u00e0 la vente. Cependant, vous devez conna\u00eetre vos fournisseurs si vous souhaitez commander de la m\u00e9thamph\u00e9tamine pure. La puret\u00e9 mise \u00e0 part, \u00e0 quel point le processus est-il s\u00fbr ? \u00cates-vous s\u00fbr que la livraison de votre camelote sera effectu\u00e9e ? Nous sommes meilleurs \u00e0 cet \u00e9gard. Chaque colis est accompagn\u00e9 d&rsquo;une garantie de remboursement et d&rsquo;informations de suivi. L&#8217;emballage et la livraison se font discr\u00e8tement aux domiciles, dans les rues et aux bo\u00eetes postales. Achetez du crystal meth en ligne pour acheter du crystal meth en ligne. M\u00e9thamph\u00e9tamine &#8211; Koop Crystal Meth, Kb, Acheter du crystal meth (m\u00e9thamph\u00e9tamine) en ligne Crystal Meth, Acheter du 4-MEC en ligne, Crystal Meth (m\u00e9thamph\u00e9tamine) \u00e0 vendre en ligne                 &nbsp;<\/p>\n","protected":false},"excerpt":{"rendered":"<p>le meilleur magasin pour acheter du verre. Actuellement, vous pouvez acheter de la m\u00e9thamph\u00e9tamine en cristal en ligne et la faire livrer le lendemain. La m\u00e9thamph\u00e9tamine en cristal dans sa forme la plus r\u00e9cente ou la plus r\u00e9cente est pratiquement totalement pure. Elle peut \u00eatre fum\u00e9e dans des pipes en verre et n&rsquo;a aucune odeur. Nous proposons des produits haut de gamme avec une exp\u00e9dition excellente et discr\u00e8te. Avec 12 ans d&rsquo;exp\u00e9rience dans la fourniture de produits chimiques de recherche, la s\u00e9curit\u00e9 est notre priorit\u00e9 num\u00e9ro un. Nous sommes fiables, dignes de confiance et proposons uniquement des produits de haute qualit\u00e9 \u00e0 des prix comp\u00e9titifs.       &nbsp;<\/p>\n","protected":false},"featured_media":18035,"comment_status":"closed","ping_status":"closed","template":"","meta":{"om_disable_all_campaigns":false,"_sitemap_exclude":false,"_sitemap_priority":"","_sitemap_frequency":"","_monsterinsights_skip_tracking":false,"_monsterinsights_sitenote_active":false,"_monsterinsights_sitenote_note":"","_monsterinsights_sitenote_category":0},"product_cat":[19407],"product_tag":[21178,21171,21173,21190,21192,21187,21184,21177,21180,21172,21179,21185,21175,21191,21189,21181,21186,21182,21174,21188,21183,21176],"class_list":{"0":"post-29132","1":"product","2":"type-product","3":"status-publish","4":"has-post-thumbnail","6":"product_cat-recherche-sur-les-produits-chimiques-et-les-psychedeliques","7":"product_tag-acheter-de-la-methamphetamine-en-ligne-en-europe","8":"product_tag-acheter-du-crystal-meth-methamphetamine","9":"product_tag-acheter-du-crystal-meth-methamphetamine-en-ligne","10":"product_tag-authentique-crystal-meth-methamphetamine-europe","11":"product_tag-avis-sur-crystal-meth-methamphetamine-europe","12":"product_tag-boutique-de-methamphetamine-en-cristal-crystal-meth-en-europe","13":"product_tag-boutique-en-ligne-de-crystal-meth-methamphetamine-en-europe","14":"product_tag-combien-coute-la-methamphetamine-cristal-meth","15":"product_tag-commander-de-la-methamphetamine-en-cristaux-crystal-meth-dans-lue","16":"product_tag-commander-du-crystal-meth-methamphetamine-en-ligne","17":"product_tag-crystal-meth-methamphetamine-meilleur-prix-en-europe","18":"product_tag-crystal-meth-methamphetamine-pas-cher-en-europe","19":"product_tag-effets-de-la-methamphetamine-cristal-meth","20":"product_tag-fournisseurs-de-methamphetamine-en-cristaux-en-europe","21":"product_tag-livraison-de-crystal-meth-methamphetamine-en-europe","22":"product_tag-livraison-gratuite-de-crystal-meth-methamphetamine-en-europe","23":"product_tag-offres-de-methamphetamine-en-cristal-en-europe","24":"product_tag-ou-acheter-du-crystal-meth-methamphetamine-en-europe","25":"product_tag-ou-acheter-du-crystal-meth-methamphetamine-en-ligne","26":"product_tag-remise-sur-la-methamphetamine-en-cristal-en-europe","27":"product_tag-vente-de-methamphetamine-en-cristaux-en-europe","28":"product_tag-vente-en-ligne-de-methamphetamine-cristal-meth","30":"first","31":"instock","32":"shipping-taxable","33":"purchasable","34":"product-type-variable","35":"farmacie-col"},"aioseo_notices":[],"_links":{"self":[{"href":"https:\/\/lacasadelamedicina.es\/fr\/wp-json\/wp\/v2\/product\/29132"}],"collection":[{"href":"https:\/\/lacasadelamedicina.es\/fr\/wp-json\/wp\/v2\/product"}],"about":[{"href":"https:\/\/lacasadelamedicina.es\/fr\/wp-json\/wp\/v2\/types\/product"}],"replies":[{"embeddable":true,"href":"https:\/\/lacasadelamedicina.es\/fr\/wp-json\/wp\/v2\/comments?post=29132"}],"wp:featuredmedia":[{"embeddable":true,"href":"https:\/\/lacasadelamedicina.es\/fr\/wp-json\/wp\/v2\/media\/18035"}],"wp:attachment":[{"href":"https:\/\/lacasadelamedicina.es\/fr\/wp-json\/wp\/v2\/media?parent=29132"}],"wp:term":[{"taxonomy":"product_cat","embeddable":true,"href":"https:\/\/lacasadelamedicina.es\/fr\/wp-json\/wp\/v2\/product_cat?post=29132"},{"taxonomy":"product_tag","embeddable":true,"href":"https:\/\/lacasadelamedicina.es\/fr\/wp-json\/wp\/v2\/product_tag?post=29132"}],"curies":[{"name":"wp","href":"https:\/\/api.w.org\/{rel}","templated":true}]}}