{"id":29105,"date":"2024-08-09T14:01:59","date_gmt":"2024-08-09T14:01:59","guid":{"rendered":"https:\/\/lacasadelamedicina.es\/product\/achetez-des-cristaux-pvp-4-cl-pas-chers-en-ligne\/"},"modified":"2024-08-09T14:01:59","modified_gmt":"2024-08-09T14:01:59","slug":"achetez-des-cristaux-pvp-4-cl-pas-chers-en-ligne","status":"publish","type":"product","link":"https:\/\/lacasadelamedicina.es\/fr\/produit\/achetez-des-cristaux-pvp-4-cl-pas-chers-en-ligne\/","title":{"rendered":"Achetez des cristaux PVP 4 CL pas chers en ligne"},"content":{"rendered":"<h1>Achetez des cristaux 4-CL-PVP pas chers en ligne<\/h1>\n<p> \u00c9galement connu sous le nom de 4-chloro-alpha-pyrrolidinopentioph\u00e9none, 4-chloro-PVP, 4Cl-PVP ou 4C-PVP, le 4-chloro-alpha-pyrrolidinovaleroph\u00e9none est un 4-chloro-alpha-pyrrolidinopentioph\u00e9none. Achetez du cristal 4-CL-PVP pour acheter du 4-CL-PVP en ligne \u00e0 prix r\u00e9duit. Cristaux de 4-CL-PVP pas chers &#8211; Achetez des cristaux de 4-CL-PVP pas chers en ligne &#8211; <a href=\"https:\/\/drlawsonspharmacy\/contact-us\/\">CONTACT<\/a> La qualit\u00e9 exceptionnelle du bon march\u00e9 Chez Dr. Chez Lawsons Pharmacy, la satisfaction et la s\u00e9curit\u00e9 des clients sont notre priorit\u00e9 absolue. Pour garantir qu&rsquo;ils r\u00e9pondent aux normes les plus \u00e9lev\u00e9es de l&rsquo;industrie, nos cristaux 4-CL-PVP bon march\u00e9 passent par un processus de contr\u00f4le qualit\u00e9 rigoureux. Pour garantir que vous recevez un produit s\u00fbr et fiable pour vos recherches, nous adh\u00e9rons \u00e0 toutes les lois et r\u00e9glementations en vigueur. Dans la classe des pyrrolidinoph\u00e9nones, le 4-CLPVP est un m\u00e9dicament de synth\u00e8se r\u00e9cemment d\u00e9velopp\u00e9 qui partage des similitudes structurelles avec l&rsquo;alpha-pyrrolidinopenthioph\u00e9none (-PVP). La pharmacologie et la toxicit\u00e9 de cette substance sont inconnues. \u00cates-vous un chercheur d\u00e9vou\u00e9 \u00e0 la recherche de compos\u00e9s chimiques de haute qualit\u00e9 \u00e0 des prix abordables pour vos recherches ? Alors ne cherchez pas plus loin que les cristaux 4-CL-PVP bon march\u00e9, un produit remarquable qui vous offre une fiabilit\u00e9 et une valeur in\u00e9gal\u00e9es pour vos efforts de recherche.         <\/p>\n<h3><strong>Commandez 4 cristaux CL-PVP<\/strong><\/h3>\n<p> Sans compromettre la qualit\u00e9, les cristaux 4-CL-PVP bon march\u00e9 sont un moyen fantastique d&rsquo;approfondir le domaine int\u00e9ressant des d\u00e9riv\u00e9s de pyrrolidinoph\u00e9none. En utilisant les derni\u00e8res m\u00e9thodes scientifiques, ces cristaux sont soigneusement fabriqu\u00e9s pour garantir un produit coh\u00e9rent et pur \u00e0 chaque commande. Vous pouvez compter sur les cristaux 4-CL-PVP bon march\u00e9 pour fournir des r\u00e9sultats pr\u00e9cis et fiables car nous nous engageons \u00e0 la qualit\u00e9. La qualit\u00e9 exceptionnelle des cristaux 4-CL-PVP bon march\u00e9 est leur prix bas. Nous nous effor\u00e7ons d&rsquo;offrir des prix comp\u00e9titifs sans compromettre la qualit\u00e9 ou la puret\u00e9, car nous savons \u00e0 quel point la rentabilit\u00e9 est importante dans la recherche. Avec les cristaux 4-CL-PVP bon march\u00e9, vous pouvez \u00e9tirer davantage votre budget de recherche tout en obtenant une mol\u00e9cule fiable et efficace.      <\/p>\n<h3><strong>commander des cristaux 4-CL-PVP pas chers<\/strong><\/h3>\n<p> Ces cristaux ont des propri\u00e9t\u00e9s fascinantes qui les rendent parfaits pour diverses applications de recherche. Les cristaux 4-CL-PVP bon march\u00e9, un puissant stimulant, offrent aux chercheurs la possibilit\u00e9 d&rsquo;\u00e9tudier des sujets tels que les neurosciences, la psychopharmacologie et les \u00e9tudes sur la toxicomanie. Avec l&rsquo;aide de cette substance adaptable, vous pouvez maximiser le potentiel de vos recherches. Chez Dr. Lawsons Pharmacy, la satisfaction et la s\u00e9curit\u00e9 des clients sont notre priorit\u00e9 absolue. Pour garantir qu&rsquo;ils r\u00e9pondent aux normes les plus \u00e9lev\u00e9es de l&rsquo;industrie, nos cristaux 4-CL-PVP bon march\u00e9 passent par un processus de contr\u00f4le qualit\u00e9 rigoureux. Pour vous assurer de recevoir un produit s\u00fbr et fiable pour vos recherches, nous adh\u00e9rons \u00e0 toutes les lois et r\u00e9glementations en vigueur.      &nbsp;<\/p>\n","protected":false},"excerpt":{"rendered":"<p>\u00c9galement connu sous le nom de 4-chloro-alpha-pyrrolidinopentioph\u00e9none, 4-chloro-PVP, 4Cl-PVP ou 4C-PVP, le 4-chloro-alpha-pyrrolidinoval\u00e9roph\u00e9none est un 4-chloro-alpha-pyrrolidinopentioph\u00e9none. Achetez du cristal 4-CL-PVP pour acheter du 4-CL-PVP \u00e0 prix r\u00e9duit en ligne. Cristaux 4-CL-PVP pas chers &#8211; Achetez des cristaux 4-CL-PVP pas chers en ligne   &nbsp;<\/p>\n","protected":false},"featured_media":18560,"comment_status":"closed","ping_status":"closed","template":"","meta":{"om_disable_all_campaigns":false,"_sitemap_exclude":false,"_sitemap_priority":"","_sitemap_frequency":"","_monsterinsights_skip_tracking":false,"_monsterinsights_sitenote_active":false,"_monsterinsights_sitenote_note":"","_monsterinsights_sitenote_category":0},"product_cat":[19407],"product_tag":[20951,20952,20958,20972,20964,20967,20957,20960,20954,20956,20959,20968,20965,20963,20969,20961,20970,20955,20971,20966,20953,20962],"class_list":{"0":"post-29105","1":"product","2":"type-product","3":"status-publish","4":"has-post-thumbnail","6":"product_cat-recherche-sur-les-produits-chimiques-et-les-psychedeliques","7":"product_tag-achetez-4-cristaux-cl-pvp-pas-chers","8":"product_tag-achetez-des-cristaux-pvp-4-cl-pas-chers-en-ligne","9":"product_tag-achetez-des-cristaux-pvp-4-cl-pas-chers-en-ligne-en-europe","10":"product_tag-avis-sur-les-cristaux-pvp-4-cl-bon-marche-en-europe","11":"product_tag-boutique-en-ligne-de-cristaux-pvp-4-cl-pas-cher-en-europe","12":"product_tag-boutique-europeenne-de-cristaux-pvp-4-cl-pas-chers","13":"product_tag-combien-coutent-les-cristaux-pvp-4-cl-bon-marche","14":"product_tag-commandez-4-cristaux-cl-pvp-pas-chers-dans-lue","15":"product_tag-commandez-en-ligne-des-cristaux-pvp-4-cl-a-bas-prix","16":"product_tag-cristaux-pvp-4-cl-bon-marche-en-vente-en-ligne","17":"product_tag-cristaux-pvp-4-cl-pas-cher-meilleur-prix-europe","18":"product_tag-cristaux-pvp-4-cl-pas-chers-en-europe-fr","19":"product_tag-cristaux-pvp-4-cl-pas-chers-en-europe","20":"product_tag-cristaux-pvp-4-cl-pas-chers-en-vente-en-europe","21":"product_tag-cristaux-pvp-4-cl-pas-chers-livraison-europe","22":"product_tag-cristaux-pvp-4-cl-pas-chers-livraison-gratuite-europe","23":"product_tag-cristaux-pvp-authentiques-bon-marche-4-cl-europe","24":"product_tag-effets-des-cristaux-pvp-4-cl-bon-marche","25":"product_tag-fournisseurs-europeens-de-cristaux-pvp-4-cl-bon-marche","26":"product_tag-offres-pas-cheres-de-cristaux-pvp-4-cl-en-europe","27":"product_tag-ou-acheter-des-cristaux-pvp-4-cl-a-bas-prix-en-ligne","28":"product_tag-ou-acheter-des-cristaux-pvp-4-cl-pas-chers-en-europe","30":"first","31":"instock","32":"shipping-taxable","33":"purchasable","34":"product-type-variable","35":"farmacie-col"},"aioseo_notices":[],"_links":{"self":[{"href":"https:\/\/lacasadelamedicina.es\/fr\/wp-json\/wp\/v2\/product\/29105"}],"collection":[{"href":"https:\/\/lacasadelamedicina.es\/fr\/wp-json\/wp\/v2\/product"}],"about":[{"href":"https:\/\/lacasadelamedicina.es\/fr\/wp-json\/wp\/v2\/types\/product"}],"replies":[{"embeddable":true,"href":"https:\/\/lacasadelamedicina.es\/fr\/wp-json\/wp\/v2\/comments?post=29105"}],"wp:featuredmedia":[{"embeddable":true,"href":"https:\/\/lacasadelamedicina.es\/fr\/wp-json\/wp\/v2\/media\/18560"}],"wp:attachment":[{"href":"https:\/\/lacasadelamedicina.es\/fr\/wp-json\/wp\/v2\/media?parent=29105"}],"wp:term":[{"taxonomy":"product_cat","embeddable":true,"href":"https:\/\/lacasadelamedicina.es\/fr\/wp-json\/wp\/v2\/product_cat?post=29105"},{"taxonomy":"product_tag","embeddable":true,"href":"https:\/\/lacasadelamedicina.es\/fr\/wp-json\/wp\/v2\/product_tag?post=29105"}],"curies":[{"name":"wp","href":"https:\/\/api.w.org\/{rel}","templated":true}]}}