{"id":29078,"date":"2024-08-09T14:01:59","date_gmt":"2024-08-09T14:01:59","guid":{"rendered":"https:\/\/lacasadelamedicina.es\/product\/acheter-de-la-poudre-damphetamine-en-ligne\/"},"modified":"2024-08-09T14:01:59","modified_gmt":"2024-08-09T14:01:59","slug":"acheter-de-la-poudre-damphetamine-en-ligne","status":"publish","type":"product","link":"https:\/\/lacasadelamedicina.es\/fr\/produit\/acheter-de-la-poudre-damphetamine-en-ligne\/","title":{"rendered":"Acheter de la poudre d&rsquo;amph\u00e9tamine en ligne"},"content":{"rendered":"<h1>Acheter de la poudre d&rsquo;amph\u00e9tamine en ligne<\/h1>\n<p> Acheter de la poudre d&rsquo;amph\u00e9tamine en ligne. Commandez de la poudre d&rsquo;amph\u00e9tamine en ligne depuis le Royaume-Uni, l&rsquo;Europe ou l&rsquo;UE. Poudre d&rsquo;amph\u00e9tamine : Les amph\u00e9tamines \u00e9tant des <a href=\"https:\/\/dieapotheke247.com\/\">drogues<\/a> stimulantes, elles acc\u00e9l\u00e8rent la communication entre le cerveau et le corps. Acheter de la poudre d&rsquo;amph\u00e9tamine en ligne &#8211; <a href=\"https:\/\/drlawsonspharmacy\/contact-us\/\">CONTACT<\/a> Les amph\u00e9tamines \u00e9tant des drogues stimulantes, elles acc\u00e9l\u00e8rent la transmission des messages entre le cerveau et le corps. Des informations sur les effets et les cons\u00e9quences sur la sant\u00e9 de la poudre d&rsquo;amph\u00e9tamine peuvent \u00e9galement vous int\u00e9resser. Elle peut \u00eatre similaire \u00e0 de nombreuses autres drogues. Pour traiter des pathologies telles que le trouble d\u00e9ficitaire de l&rsquo;attention avec hyperactivit\u00e9 (TDAH) et la narcolepsie (besoin incontr\u00f4l\u00e9 de sommeil), les m\u00e9decins peuvent l\u00e9galement prescrire certaines formes d&rsquo;amph\u00e9tamines. Le speed et d&rsquo;autres amph\u00e9tamines sont produits et vendus ill\u00e9galement. Une autre fiche d&rsquo;information est consacr\u00e9e \u00e0 la m\u00e9thamph\u00e9tamine en cristaux (ice), qui est la forme la plus forte. Les amph\u00e9tamines peuvent prendre de nombreuses formes diff\u00e9rentes. Ces drogues peuvent se pr\u00e9senter sous forme de poudre, de comprim\u00e9s, de cristaux et de pilules. Lorsqu&rsquo;elles sont vendues ill\u00e9galement, elles peuvent \u00eatre contenues dans du \u00ab papier aluminium \u00bb, des sacs en plastique ou de minuscules ballons. La poudre d&rsquo;amph\u00e9tamine peut \u00eatre de n&rsquo;importe quelle couleur, du blanc au brun, parfois avec des stries grises ou roses. Son go\u00fbt est amer et son ar\u00f4me est piquant. La taille et la couleur des capsules et des comprim\u00e9s d&rsquo;amph\u00e9tamine varient consid\u00e9rablement. Amph\u00e9tamine &#8211; Les amph\u00e9tamines fabriqu\u00e9es ill\u00e9galement peuvent contenir une combinaison d&rsquo;autres substances, des liants, de la caf\u00e9ine et du sucre. Il est \u00e9galement possible d&rsquo;introduire de nouvelles drogues psychoactives.                 <\/p>\n<h3>Noms de serpent<\/h3>\n<p> Vitesse, rapide, haut, sup\u00e9rieur, louee, gluant, whiz. <\/p>\n<h3><\/h3>\n<p> Comment les consomme-t-on ? Les amph\u00e9tamines sont g\u00e9n\u00e9ralement aval\u00e9es, inject\u00e9es ou fum\u00e9es. On les sniffe \u00e9galement.   <\/p>\n<h2>Effets des amph\u00e9tamines<\/h2>\n<p> Les amph\u00e9tamines affectent chacun diff\u00e9remment, en fonction de : <\/p>\n<ul>\n<li>\n \t<\/li>\n<li>Taille, poids et sant\u00e9<\/li>\n<li>Si la personne est habitu\u00e9e \u00e0 le prendre<\/li>\n<li>Si d&rsquo;autres m\u00e9dicaments sont pris en m\u00eame temps<\/li>\n<li>Le montant pris<\/li>\n<li>La concentration du m\u00e9dicament (varie d&rsquo;un lot \u00e0 l&rsquo;autre pour les m\u00e9dicaments fabriqu\u00e9s ill\u00e9galement)<\/li>\n<\/ul>\n<h2>Acheter de la poudre d&rsquo;amph\u00e9tamine en ligne<\/h2>\n<p> Les amph\u00e9tamines peuvent avoir un effet imm\u00e9diat lorsqu&rsquo;elles sont inject\u00e9es ou fum\u00e9es, tandis qu&rsquo;elles peuvent agir dans les 30 minutes lorsqu&rsquo;elles sont sniff\u00e9es ou aval\u00e9es. Les effets suivants peuvent se produire :  <\/p>\n<ul>\n<li>Bonheur et confiance en soi<\/li>\n<li>Parlez davantage et sentez-vous plein d&rsquo;\u00e9nergie<\/li>\n<li>R\u00e9p\u00e9ter des choses simples comme se d\u00e9manger et se gratter<\/li>\n<li>Pupilles dilat\u00e9es et bouche s\u00e8che<\/li>\n<li>Rythme cardiaque et respiration rapides<\/li>\n<li>Grincement des dents<\/li>\n<li>App\u00e9tit r\u00e9duit<\/li>\n<li>Transpiration excessive<\/li>\n<li>Augmentation de la libido<\/li>\n<\/ul>\n<p>&nbsp;<\/p>\n<h3>Surdosage<\/h3>\n<p> Une surdose peut \u00e9galement se produire si une grande quantit\u00e9 ou un grand lot est consomm\u00e9. En composant le triple z\u00e9ro (000), une ambulance doit \u00eatre envoy\u00e9e imm\u00e9diatement si l&rsquo;un des sympt\u00f4mes suivants appara\u00eet. Il n&rsquo;est pas n\u00e9cessaire que les services d&rsquo;urgence appellent la police.   <\/p>\n<ul>\n<li>Battement de c\u0153ur acc\u00e9l\u00e9r\u00e9<\/li>\n<li>Convient<\/li>\n<li>\u00c9vanouissement<\/li>\n<li>Accident vasculaire c\u00e9r\u00e9bral, crise cardiaque et d\u00e9c\u00e8s<\/li>\n<\/ul>\n<p> L&rsquo;inhalation d&rsquo;amph\u00e9tamines peut endommager les voies nasales et provoquer des saignements de nez. L&rsquo;injection d&rsquo;amph\u00e9tamines et le partage d&rsquo;aiguilles peuvent augmenter les risques :  <\/p>\n<ul>\n<li>H\u00e9patite B<\/li>\n<li>H\u00e9patite C<\/li>\n<li>VIH\/SIDA<\/li>\n<li>T\u00e9tanos<\/li>\n<\/ul>\n<p>&nbsp;<\/p>\n<h3>En descendant<\/h3>\n<p> Les effets suivants peuvent survenir dans les 2 \u00e0 4 jours suivant la consommation d\u2019amph\u00e9tamine : <\/p>\n<ul>\n<li>Sommeil agit\u00e9 et \u00e9puisement<\/li>\n<li>Maux de t\u00eate<\/li>\n<li>\u00c9tourdissements et vision floue<\/li>\n<li>Parano\u00efa, hallucinations et confusion<\/li>\n<li>Irritabilit\u00e9, sautes d&rsquo;humeur et d\u00e9pression<\/li>\n<\/ul>\n<p> L\u2019utilisation de m\u00e9dicaments d\u00e9presseurs pour soulager les effets de la \u00ab descente \u00bb, comme l\u2019alcool, les benzodiaz\u00e9pines ou le cannabis, peut cr\u00e9er un cycle de d\u00e9pendance aux deux types de substances. &nbsp;<\/p>\n<h3>Effets \u00e0 long terme<\/h3>\n<p> L&rsquo;utilisation r\u00e9guli\u00e8re d&rsquo;amph\u00e9tamines peut finalement entra\u00eener les effets suivants : <\/p>\n<ul>\n<li>Diminution de l&rsquo;app\u00e9tit et perte de poids extr\u00eame<\/li>\n<li>Sommeil agit\u00e9<\/li>\n<li>Bouche s\u00e8che et probl\u00e8mes dentaires<\/li>\n<li>Rhumes et grippes r\u00e9guliers<\/li>\n<li>Difficult\u00e9 \u00e0 se concentrer<\/li>\n<li>Difficult\u00e9s respiratoires<\/li>\n<li>Raideur musculaire<\/li>\n<li>Anxi\u00e9t\u00e9 et parano\u00efa<\/li>\n<li>D\u00e9pression<\/li>\n<li>Probl\u00e8mes cardiaques et r\u00e9naux<\/li>\n<li>Risque accru d&rsquo;accident vasculaire c\u00e9r\u00e9bral<\/li>\n<li>Il faut en utiliser davantage pour obtenir le m\u00eame effet<\/li>\n<li>D\u00e9pendance aux amph\u00e9tamines<\/li>\n<li>Probl\u00e8mes financiers, professionnels et sociaux<\/li>\n<\/ul>\n<p>&nbsp;<\/p>\n<h3>Acheter de la poudre d&rsquo;amph\u00e9tamine en ligne &#8211; psychose amph\u00e9taminique<\/h3>\n<p> Une \u00ab psychose amph\u00e9taminique \u00bb, caract\u00e9ris\u00e9e par des d\u00e9lires parano\u00efaques, des hallucinations et un comportement inhabituellement agressif ou violent, peut \u00e9galement \u00eatre provoqu\u00e9e par des doses \u00e9lev\u00e9es et une consommation r\u00e9guli\u00e8re et importante. Une fois que le consommateur a arr\u00eat\u00e9 de prendre des amph\u00e9tamines, ces sympt\u00f4mes disparaissent g\u00e9n\u00e9ralement en quelques jours.  &nbsp;<\/p>\n<h3>M\u00e9langer des amph\u00e9tamines avec d\u2019autres drogues<\/h3>\n<p> Les amph\u00e9tamines peuvent avoir des effets secondaires impr\u00e9visibles et graves lorsqu&rsquo;elles sont associ\u00e9es \u00e0 d&rsquo;autres m\u00e9dicaments, y compris des m\u00e9dicaments en vente libre ou sur ordonnance, et peuvent entra\u00eener les effets suivants : Une combinaison de divers antid\u00e9presseurs et d&rsquo;amph\u00e9tamines peut augmenter la pression art\u00e9rielle, ce qui augmente le risque d&rsquo;insuffisance cardiaque, d&rsquo;accident vasculaire c\u00e9r\u00e9bral et d&rsquo;arythmies cardiaques.4 Les amph\u00e9tamines associ\u00e9es \u00e0 l&rsquo;alcool, \u00e0 la marijuana ou aux benzodiaz\u00e9pines peuvent entra\u00eener une surdose, car le corps doit faire face aux effets oppos\u00e9s des deux types de substances.  <\/p>\n<h4><em><strong>Commander de la poudre d&rsquo;amph\u00e9tamine<\/strong><\/em><\/h4>\n<h2>Paiement<\/h2>\n<p> Apr\u00e8s une utilisation prolong\u00e9e d&rsquo;amph\u00e9tamines, il peut \u00eatre difficile d&rsquo;arr\u00eater, car le corps a besoin de temps pour s&rsquo;adapter \u00e0 la vie sans amph\u00e9tamines. Apr\u00e8s une semaine, les sympt\u00f4mes de sevrage devraient s&rsquo;att\u00e9nuer et apr\u00e8s un mois, ils devraient avoir pratiquement disparu. Ces signes comprennent :   <\/p>\n<ul>\n<li>Envie d&rsquo;amph\u00e9tamines<\/li>\n<li>Augmentation de l&rsquo;app\u00e9tit<\/li>\n<li>Confusion et irritabilit\u00e9<\/li>\n<li>Douleurs et courbatures<\/li>\n<li>\u00c9puisement<\/li>\n<li>Sommeil agit\u00e9 et cauchemars<\/li>\n<li>Anxi\u00e9t\u00e9, d\u00e9pression et parano\u00efa<\/li>\n<li><strong>Savez-vous o\u00f9 acheter de la poudre d&rsquo;amph\u00e9tamine<\/strong>poudre d&rsquo;amph\u00e9tamine \u00e0 vendre, poudre d&rsquo;amph\u00e9tamine \u00e0 vendre, dosage de poudre d&rsquo;amph\u00e9tamine, comment faire de la poudre d&rsquo;amph\u00e9tamine, o\u00f9 puis-je acheter de la poudre d&rsquo;amph\u00e9tamine en ligne, o\u00f9 pouvez-vous obtenir de l&rsquo;amph\u00e9tamine ? poudre, qu&rsquo;est-ce que la poudre d&rsquo;amph\u00e9tamine ? Poudre d&rsquo;amph\u00e9tamine de haute qualit\u00e9 \u00e0 vendre. Nous pouvons r\u00e9pondre \u00e0 toutes ces questions ouvertes. Jetez simplement un \u0153il \u00e0 notre site Web et vous obtiendrez des r\u00e9ponses sur comment et o\u00f9 acheter de la poudre d&rsquo;amph\u00e9tamine en ligne. Qu&rsquo;en est-il de la poudre d&rsquo;amph\u00e9tamine ? Savez-vous \u00e9galement o\u00f9 acheter de la poudre d&rsquo;amph\u00e9tamine en ligne ? Acheter de la poudre d&rsquo;amph\u00e9tamine \u00e0 vendre, comment fabriquer de la poudre d&rsquo;amph\u00e9tamine, \u00e0 quoi ressemble la poudre d&rsquo;amph\u00e9tamine, prix de la poudre d&rsquo;amph\u00e9tamine dans la rue, prix de la poudre d&rsquo;amph\u00e9tamine, o\u00f9 acheter de la poudre d&rsquo;amph\u00e9tamine, de la m\u00e9thamph\u00e9tamine en cristal pure, o\u00f9 puis-je acheter de la poudre de camph\u00e9tamine en ligne, acheter de la poudre d&rsquo;amph\u00e9tamine pure en ligne.       <\/li>\n<\/ul>\n<p> Il est tout \u00e0 fait compr\u00e9hensible que les individus n&rsquo;acceptent pas imm\u00e9diatement la qualit\u00e9 de la poudre d&rsquo;amph\u00e9tamine propos\u00e9e en ligne car ils ne peuvent pas la voir physiquement. Cependant, ce n&rsquo;est pas le cas des fournisseurs en ligne de poudre d&rsquo;amph\u00e9tamine. Les produits propos\u00e9s ici sont une repr\u00e9sentation pr\u00e9cise de ce qu&rsquo;ils sont, avec un entretien de premi\u00e8re classe effectu\u00e9 sous la supervision d&rsquo;un professionnel. Exp\u00e9dition rapide et discr\u00e8te : Une fois la commande re\u00e7ue, la poudre d&rsquo;amph\u00e9tamine en ligne sera livr\u00e9e d\u00e8s qu&rsquo;elle sera confirm\u00e9e. L&rsquo;\u00e9quipe d&rsquo;exp\u00e9dition met tout en \u0153uvre pour garantir que le processus d&rsquo;exp\u00e9dition et de livraison soit rapide et facile. Lorsque vous achetez de la poudre d&rsquo;amph\u00e9tamine en ligne aupr\u00e8s du vendeur qualifi\u00e9 sur le march\u00e9 en ligne, vous pouvez \u00e9galement vous attendre \u00e0 des services exceptionnels. Acheter de la poudre d&rsquo;amph\u00e9tamine en ligne       <\/p>\n<h3>Acheter de la poudre d&rsquo;amph\u00e9tamine en ligne<\/h3>\n<p>&nbsp;<\/p>\n","protected":false},"excerpt":{"rendered":"<p>Le syst\u00e8me nerveux central (nerfs du cerveau et de la moelle \u00e9pini\u00e8re) est fortement stimul\u00e9 par la poudre d&rsquo;amph\u00e9tamine, qui est utilis\u00e9e m\u00e9dicalement pour traiter diverses maladies. De plus, elle a une longue histoire d&rsquo;abus et est assez addictive. Le trouble d\u00e9ficitaire de l&rsquo;attention avec hyperactivit\u00e9 est trait\u00e9 m\u00e9dicalement avec de la poudre d&rsquo;amph\u00e9tamine.   &nbsp;<\/p>\n","protected":false},"featured_media":18065,"comment_status":"closed","ping_status":"closed","template":"","meta":{"om_disable_all_campaigns":false,"_sitemap_exclude":false,"_sitemap_priority":"","_sitemap_frequency":"","_monsterinsights_skip_tracking":false,"_monsterinsights_sitenote_active":false,"_monsterinsights_sitenote_note":"","_monsterinsights_sitenote_category":0},"product_cat":[19407],"product_tag":[20893,20895,20900,20914,20902,20899,20894,20897,20913,20911,20909,20906,20904,20896,20910,20912,20907,20903,20901,20908,20905,20898],"class_list":{"0":"post-29078","1":"product","2":"type-product","3":"status-publish","4":"has-post-thumbnail","6":"product_cat-recherche-sur-les-produits-chimiques-et-les-psychedeliques","7":"product_tag-acheter-de-la-poudre-damphetamine","8":"product_tag-acheter-de-la-poudre-damphetamine-en-ligne","9":"product_tag-acheter-de-la-poudre-damphetamine-en-ligne-en-europe","10":"product_tag-avis-sur-la-poudre-damphetamine-en-europe","11":"product_tag-combien-coute-la-poudre-damphetamine-fr","12":"product_tag-combien-coute-la-poudre-damphetamine","13":"product_tag-commander-de-la-poudre-damphetamine-en-ligne","14":"product_tag-effets-de-la-poudre-damphetamine","15":"product_tag-fournisseurs-de-poudre-damphetamine-en-europe","16":"product_tag-livraison-de-poudre-damphetamine-en-europe","17":"product_tag-magasin-de-poudre-damphetamine-en-europe","18":"product_tag-magasin-en-ligne-de-poudre-damphetamine-en-europe","19":"product_tag-ou-acheter-de-la-poudre-damphetamine-en-europe","20":"product_tag-ou-acheter-de-la-poudre-damphetamine-en-ligne","21":"product_tag-poudre-damphetamine-a-prix-reduit-en-europe","22":"product_tag-poudre-damphetamine-authentique-europe","23":"product_tag-poudre-damphetamine-bon-marche-en-europe","24":"product_tag-poudre-damphetamine-livraison-gratuite-en-europe","25":"product_tag-poudre-damphetamine-meilleur-prix-europe","26":"product_tag-poudre-damphetamine-offres-europeennes","27":"product_tag-vente-de-poudre-damphetamine-en-europe","28":"product_tag-vente-en-ligne-de-poudre-damphetamine","30":"first","31":"instock","32":"shipping-taxable","33":"purchasable","34":"product-type-variable","35":"farmacie-col"},"aioseo_notices":[],"_links":{"self":[{"href":"https:\/\/lacasadelamedicina.es\/fr\/wp-json\/wp\/v2\/product\/29078"}],"collection":[{"href":"https:\/\/lacasadelamedicina.es\/fr\/wp-json\/wp\/v2\/product"}],"about":[{"href":"https:\/\/lacasadelamedicina.es\/fr\/wp-json\/wp\/v2\/types\/product"}],"replies":[{"embeddable":true,"href":"https:\/\/lacasadelamedicina.es\/fr\/wp-json\/wp\/v2\/comments?post=29078"}],"wp:featuredmedia":[{"embeddable":true,"href":"https:\/\/lacasadelamedicina.es\/fr\/wp-json\/wp\/v2\/media\/18065"}],"wp:attachment":[{"href":"https:\/\/lacasadelamedicina.es\/fr\/wp-json\/wp\/v2\/media?parent=29078"}],"wp:term":[{"taxonomy":"product_cat","embeddable":true,"href":"https:\/\/lacasadelamedicina.es\/fr\/wp-json\/wp\/v2\/product_cat?post=29078"},{"taxonomy":"product_tag","embeddable":true,"href":"https:\/\/lacasadelamedicina.es\/fr\/wp-json\/wp\/v2\/product_tag?post=29078"}],"curies":[{"name":"wp","href":"https:\/\/api.w.org\/{rel}","templated":true}]}}