{"id":29053,"date":"2024-08-09T14:02:03","date_gmt":"2024-08-09T14:02:03","guid":{"rendered":"https:\/\/lacasadelamedicina.es\/product\/achetez-jwh-018-en-ligne\/"},"modified":"2024-08-09T14:02:03","modified_gmt":"2024-08-09T14:02:03","slug":"achetez-jwh-018-en-ligne","status":"publish","type":"product","link":"https:\/\/lacasadelamedicina.es\/fr\/produit\/achetez-jwh-018-en-ligne\/","title":{"rendered":"Achetez JWH-018 en ligne"},"content":{"rendered":"<h1>Acheter JWH-018 en ligne<\/h1>\n<p> En vente en ligne : JWH-018. Le cannabino\u00efde synth\u00e9tique JWH-018 est un composant du m\u00e9lange local \u00ab Zest \u00bb sous diverses formes. Les effets euphorisants de cette \u00e9pice cannabino\u00efde, similaires \u00e0 ceux du 9-THC du cannabis, sont la principale raison de son utilisation ill\u00e9gale. M\u00eame si le JWH-018 est nettement plus puissant que des quantit\u00e9s pratiquement \u00e9gales de cannabis, il pose un d\u00e9fi important pour la d\u00e9tection par les tests standards de 9-THC. Achetez JWH-018 en ligne -.     <a href=\"https:\/\/drlawsonspharmacy\/contact-us\/\">CONTACT<\/a><\/p>\n<h3>Acheter JWH-018 en ligne<\/h3>\n<p> Les m\u00e9dias ont rapport\u00e9 au moins un cas de d\u00e9pendance au JWH-018. Le client a pris JWH-018 jour apr\u00e8s jour pendant une tr\u00e8s longue p\u00e9riode. Les cons\u00e9quences n\u00e9gatives du sevrage \u00e9taient plus graves que celles de la d\u00e9pendance au cannabis. Lorsque JWH-018 a \u00e9t\u00e9 vendu en ligne, il a \u00e9t\u00e9 observ\u00e9 que l&rsquo;\u00e9paisseur des r\u00e9cepteurs CB1 changeait de mani\u00e8re significative apr\u00e8s l&rsquo;ingestion, de sorte que la d\u00e9sensibilisation se produisait plus rapidement qu&rsquo;avec des donn\u00e9es similaires<a href=\"https:\/\/dieapotheke247.com\/\">cannabino\u00efdes<\/a>. La mort d&rsquo;un joueur de baseball d&rsquo;un lyc\u00e9e de Caroline du Sud a \u00e9t\u00e9 attribu\u00e9e \u00e0 \u00ab une intoxication m\u00e9dicamenteuse et une d\u00e9faillance d&rsquo;organe \u00bb par JWH-018 par le coroner du comt\u00e9 d&rsquo;Anderson, Greg Shore, le 15 octobre 2011. La ville d&rsquo;Anderson S.C. a finalement fourni un e-mail sur l&rsquo;affaire du 4 novembre le 16 d\u00e9cembre en r\u00e9ponse \u00e0 une demande FOIA. Compar\u00e9 au THC, qui est un agoniste partiel des r\u00e9cepteurs CB1, le JWH-018, de nombreux autres cannabino\u00efdes synth\u00e9tiques et le JWH-018 en vente en ligne sont des agonistes complets. Il a \u00e9t\u00e9 d\u00e9montr\u00e9 que le THC alt\u00e8re la neurotransmission des r\u00e9cepteurs GABA dans le cerveau par un certain nombre de m\u00e9canismes. Parce qu&rsquo;il inhibe la neurotransmission du GABA plus efficacement que le THC, le JWH-018 a \u00e9t\u00e9 soup\u00e7onn\u00e9 d&rsquo;\u00eatre \u00e0 l&rsquo;origine de convulsions et de convulsions dans un petit nombre de cas (principalement chez des clients JWH non standard). Lorsqu\u2019ils sont utilis\u00e9s en exc\u00e8s, les agonistes complets des r\u00e9cepteurs cannabino\u00efdes peuvent mettre l\u2019utilisateur en danger r\u00e9el.             <\/p>\n<h4><strong>J&rsquo;ai JWH-018<\/strong><\/h4>\n<p> Les effets n\u00e9gatifs de la consommation de JWH-018 achet\u00e9 en ligne ont \u00e9t\u00e9 prouv\u00e9s tant sur le plan physique que psychologique. Une \u00e9tude a d\u00e9crit des rechutes insens\u00e9es et des effets secondaires d\u00e9sagr\u00e9ables chez des patients bien trait\u00e9s souffrant de maladies mentales apr\u00e8s avoir inhal\u00e9 du JWH-018. [21] Il a \u00e9t\u00e9 recommand\u00e9 aux personnes pr\u00e9sentant des facteurs de risque de trouble mental (par exemple, des ant\u00e9c\u00e9dents ou des ant\u00e9c\u00e9dents familiaux de psychose) d&rsquo;\u00e9viter de consommer du JWH-018 et d&rsquo;autres cannabino\u00efdes synth\u00e9tiques, car ils craignent qu&rsquo;ils ne d\u00e9clenchent une psychose chez les personnes \u00e0 risque. De nos jours, il est facile et rapide de commander le JWH-018 en ligne car il existe diff\u00e9rents sites Web proposant ce service. Vous pouvez commander JWH-018 en ligne aupr\u00e8s de Rolland Meds et b\u00e9n\u00e9ficier d&rsquo;une livraison rapide et s\u00fbre car ils offrent les meilleurs services.   <\/p>\n<h3>Pouvez-vous me dire o\u00f9 je peux acheter le JWH-018 ?<\/h3>\n<p> JWH-018 \u00e0 vendre, valeur marchande JWH-018, dose JWH-018, o\u00f9 puis-je acheter JWH-018 en ligne, qu&rsquo;est-ce que JWH-018 et JWH-018 de qualit\u00e9 sup\u00e9rieure sont tous disponibles \u00e0 l&rsquo;achat. Nous pouvons apporter les solutions \u00e0 toutes ces questions non r\u00e9solues. Vous pouvez d\u00e9couvrir comment et o\u00f9 acheter JWH-018 en ligne en parcourant simplement notre site Web. JWH-018 est pr\u00e9occupant. Aussi, savez-vous o\u00f9 je peux acheter JWH-018 en ligne ? Achetez JWH-018 \u00e0 vendre, comment fabriquer JWH-018, \u00e0 quoi ressemble JWH-018, combien co\u00fbte JWH-018 dans la rue, combien co\u00fbte JWH-018 en ligne, o\u00f9 puis-je acheter JWH-018 et o\u00f9 puis-je obtenir du pur JWH -018.      <\/p>\n<h3><strong>Commande JWH-018<\/strong><\/h3>\n<p> Il est tout \u00e0 fait clair que les gens n\u2019ont pas imm\u00e9diatement confiance dans la qualit\u00e9 du JWH-018 vendu en ligne car ils ne peuvent pas l\u2019inspecter physiquement. Cependant, ce n&rsquo;est pas le cas du vendeur en ligne JWH-018. Les produits propos\u00e9s ici sont des repr\u00e9sentations pr\u00e9cises de ce qu\u2019ils sont, avec un entretien de premi\u00e8re classe effectu\u00e9 sous la supervision d\u2019un professionnel. Plus rapide et plus rapide Exp\u00e9dition discr\u00e8te : comme promis, le JWH-018 en ligne sera livr\u00e9 imm\u00e9diatement apr\u00e8s r\u00e9ception de la commande. L\u2019\u00e9quipe d\u2019exp\u00e9dition s\u2019efforce de rendre l\u2019exp\u00e9dition et la livraison rapides et faciles. Lorsque vous achetez JWH-018 aupr\u00e8s d&rsquo;un sp\u00e9cialiste sur une plateforme en ligne, vous pouvez \u00e9galement \u00eatre assur\u00e9 d&rsquo;un service de premi\u00e8re classe.      &nbsp;<\/p>\n","protected":false},"excerpt":{"rendered":"<p>Achetez en ligne JWH-018. Le cannabino\u00efde synth\u00e9tique JWH-018 est un composant du m\u00e9lange maison \u00ab Zest \u00bb sous diverses formes. Les effets euphorisants de ce cannabino\u00efde \u00e9pic\u00e9, qui sont similaires \u00e0 ceux du 9-THC du cannabis, sont la principale raison de son utilisation ill\u00e9gale.   &nbsp;<\/p>\n","protected":false},"featured_media":18125,"comment_status":"closed","ping_status":"closed","template":"","meta":{"om_disable_all_campaigns":false,"_sitemap_exclude":false,"_sitemap_priority":"","_sitemap_frequency":"","_monsterinsights_skip_tracking":false,"_monsterinsights_sitenote_active":false,"_monsterinsights_sitenote_note":"","_monsterinsights_sitenote_category":0},"product_cat":[19407],"product_tag":[20706,20711,20704,20723,20717,20720,20710,20713,20708,20724,20705,20722,20714,20712,20718,20721,20719,20707,20715,20725,20709,20716],"class_list":{"0":"post-29053","1":"product","2":"type-product","3":"status-publish","4":"has-post-thumbnail","6":"product_cat-recherche-sur-les-produits-chimiques-et-les-psychedeliques","7":"product_tag-acheter-jwh-018","8":"product_tag-acheter-jwh-018-en-ligne-en-europe","9":"product_tag-achetez-jwh-018-en-ligne","10":"product_tag-authentique-jwh-018-europe","11":"product_tag-boutique-en-ligne-jwh-018-europe","12":"product_tag-boutique-jwh-018-europe","13":"product_tag-combien-coute-jwh-018","14":"product_tag-commande-jwh-018-ue","15":"product_tag-effets-du-jwh-018","16":"product_tag-fournisseurs-europeens-jwh-018","17":"product_tag-jwh-018-en-ligne","18":"product_tag-jwh-018-livraison-en-europe","19":"product_tag-jwh-018-livraison-gratuite-en-europe","20":"product_tag-jwh-018-meilleur-prix-europe","21":"product_tag-jwh-018-pas-cher-en-europe","22":"product_tag-jwh-018-remise-europeenne","23":"product_tag-offres-jwh-018-europe","24":"product_tag-ou-acheter-jwh-018-en-ligne","25":"product_tag-ou-acheter-jwh-018-europe","26":"product_tag-test-du-jwh-018-europe","27":"product_tag-vente-en-ligne-de-jwh-018","28":"product_tag-vente-jwh-018-europe","30":"first","31":"instock","32":"shipping-taxable","33":"purchasable","34":"product-type-variable","35":"farmacie-col"},"aioseo_notices":[],"_links":{"self":[{"href":"https:\/\/lacasadelamedicina.es\/fr\/wp-json\/wp\/v2\/product\/29053"}],"collection":[{"href":"https:\/\/lacasadelamedicina.es\/fr\/wp-json\/wp\/v2\/product"}],"about":[{"href":"https:\/\/lacasadelamedicina.es\/fr\/wp-json\/wp\/v2\/types\/product"}],"replies":[{"embeddable":true,"href":"https:\/\/lacasadelamedicina.es\/fr\/wp-json\/wp\/v2\/comments?post=29053"}],"wp:featuredmedia":[{"embeddable":true,"href":"https:\/\/lacasadelamedicina.es\/fr\/wp-json\/wp\/v2\/media\/18125"}],"wp:attachment":[{"href":"https:\/\/lacasadelamedicina.es\/fr\/wp-json\/wp\/v2\/media?parent=29053"}],"wp:term":[{"taxonomy":"product_cat","embeddable":true,"href":"https:\/\/lacasadelamedicina.es\/fr\/wp-json\/wp\/v2\/product_cat?post=29053"},{"taxonomy":"product_tag","embeddable":true,"href":"https:\/\/lacasadelamedicina.es\/fr\/wp-json\/wp\/v2\/product_tag?post=29053"}],"curies":[{"name":"wp","href":"https:\/\/api.w.org\/{rel}","templated":true}]}}