{"id":29031,"date":"2024-08-09T14:02:03","date_gmt":"2024-08-09T14:02:03","guid":{"rendered":"https:\/\/lacasadelamedicina.es\/product\/acheter-du-butylone-en-ligne\/"},"modified":"2024-08-09T14:02:03","modified_gmt":"2024-08-09T14:02:03","slug":"acheter-du-butylone-en-ligne","status":"publish","type":"product","link":"https:\/\/lacasadelamedicina.es\/fr\/produit\/acheter-du-butylone-en-ligne\/","title":{"rendered":"Acheter du butylone en ligne"},"content":{"rendered":"<h1>Acheter du butylone en ligne<\/h1>\n<p> Boutique en ligne qui vend du Butylone. Le Butylone, commun\u00e9ment appel\u00e9 k-MBDB ou B1, est un entactog\u00e8ne et un stimulant synth\u00e9tique qui appartient aux classes de la ph\u00e9n\u00e9thylamine et de la cathinone. Il est \u00e9galement connu sous le nom de -c\u00e9to-N-m\u00e9thylbenzodioxolylbutanamine. L&rsquo;homologue m\u00e9thyl\u00e8nedioxy substitu\u00e9 de la buph\u00e9drone et l&rsquo;analogue -c\u00e9to du MBDB sont tous deux appel\u00e9s Butylone. Acheter du Butylone en ligne &#8211; <a href=\"https:\/\/drlawsonspharmacy\/contact-us\/\">CONTACT<\/a> Alors que l&rsquo;offre de m\u00e9thylone sur le march\u00e9 des produits chimiques de recherche diminue, elle est souvent vendue dans la rue aux c\u00f4t\u00e9s de l&rsquo;\u00e9thylone comme drogue de synth\u00e8se, comme substitut ou imitation de la MDMA et de la m\u00e9thylone (qui sont toutes deux collectivement appel\u00e9es \u00ab molly \u00bb). La butylone et la MDMA ont des propri\u00e9t\u00e9s pharmacologiques et comportementales similaires, mais leurs effets subjectifs apparents ne sont pas tout \u00e0 fait les m\u00eames. La butylone serait moins puissante que ses cousines la m\u00e9thylone et l&rsquo;\u00e9thylone, et aurait des effets stimulants traditionnels plut\u00f4t qu&rsquo;entactog\u00e8nes. Elle n&rsquo;a commenc\u00e9 \u00e0 \u00eatre utilis\u00e9e par les humains que r\u00e9cemment.        <\/p>\n<h3><strong>Commander du butylone en ligne<\/strong><\/h3>\n<p> Un membre synth\u00e9tique de la famille des cathinones, \u00e9galement connu sous le nom de -c\u00e9to-N-m\u00e9thylbenzodioxolylbutanamine. Les cathinones ont un noyau ph\u00e9n\u00e9thylamine avec un cycle ph\u00e9nyle attach\u00e9 \u00e0 un groupe amino (NH2) via une cha\u00eene \u00e9thyle et une autre substitution \u00e9thyle en R. Cela leur donne des similitudes structurelles avec les amph\u00e9tamines. Les ph\u00e9n\u00e9thylamines alpha-m\u00e9thyl\u00e9es (c&rsquo;est-\u00e0-dire les amph\u00e9tamines) sont ce que les cathinones sont comme la butylone. Cependant, elles en diff\u00e8rent par la pr\u00e9sence d&rsquo;un groupe fonctionnel c\u00e9tone (un groupe carbonyle en R). La butylone partage une substitution m\u00e9thyle en position RN avec la MDEA, l&rsquo;\u00e9thylone, la 4-MEC et certains autres stimulants et entactog\u00e8nes. La butylone poss\u00e8de \u00e9galement des groupes oxyg\u00e8ne aux positions R3 et R4 du cycle ph\u00e9nyle. Ces groupes oxyg\u00e8ne sont int\u00e9gr\u00e9s dans un cycle m\u00e9thyl\u00e8nedioxy via une cha\u00eene m\u00e9thyl\u00e8ne. La butylone poss\u00e8de \u00e9galement ce cycle m\u00e9thyl\u00e8nedioxy. Il agit comme un inhibiteur combin\u00e9 de la recapture de la dopamine, de la noradr\u00e9naline et de la s\u00e9rotonine. Ces neurotransmetteurs contr\u00f4lent la motivation, le plaisir, la r\u00e9compense et la concentration. Cela est r\u00e9alis\u00e9 en emp\u00eachant la r\u00e9absorption des neurotransmetteurs apr\u00e8s qu&rsquo;ils ont termin\u00e9 leur t\u00e2che d&rsquo;envoi d&rsquo;une impulsion c\u00e9r\u00e9brale. Cela permet aux neurotransmetteurs de s&rsquo;accumuler et d&rsquo;\u00eatre recycl\u00e9s, produisant des effets physiologiquement stimulants et euphorisants.            <\/p>\n<h3>O\u00f9 puis-je acheter du Butylone en ligne, le savez-vous ?<\/h3>\n<p> O\u00f9 puis-je acheter du Butylone en ligne, o\u00f9 puis-je acheter du Butylone en ligne, qu&rsquo;est-ce que le Butylone et o\u00f9 puis-je acheter de la poudre de Butylone de qualit\u00e9 sup\u00e9rieure sont toutes des questions auxquelles nous r\u00e9pondrons ci-dessous. Nous pouvons fournir les solutions \u00e0 toutes ces questions non r\u00e9solues. Vous pouvez en savoir plus sur o\u00f9 et comment acheter des comprim\u00e9s de Fentanyl en ligne en parcourant simplement notre site Web. Qu&rsquo;en est-il du Butylone en poudre ? Savez-vous o\u00f9 puis-je acheter du Butylone en ligne ? O\u00f9 acheter de la poudre de Butylon, O\u00f9 acheter de la poudre de Butylon pure, Comment faire de la poudre de Butylon, \u00c0 quoi ressemble la poudre de Butylon, Prix de la poudre de Butylon dans la rue, Prix de la poudre de Butylon, Fournisseurs de poudre de Butylon, Forme de poudre de Butylon, Acheter de la poudre de Butylon pure, Prix de la poudre de Butylon Il est tout \u00e0 fait compr\u00e9hensible que les individus ne fassent pas imm\u00e9diatement confiance \u00e0 la qualit\u00e9 du Butylon vendu en ligne car ils ne peuvent pas le voir en personne. Cependant, les choses sont diff\u00e9rentes avec les fournisseurs de Butylon en ligne. Les produits propos\u00e9s ici sont exactement ce qu&rsquo;ils sont et sont de premier ordre, entretenus sous la supervision de professionnels. Rapide et Exp\u00e9dition discr\u00e8te : Le Butylone est livr\u00e9 comme promis imm\u00e9diatement apr\u00e8s r\u00e9ception de la commande. L&rsquo;\u00e9quipe d&rsquo;exp\u00e9dition s&rsquo;efforce de rendre le processus d&rsquo;exp\u00e9dition et de livraison rapide et facile. Lorsque vous achetez du Butylone aupr\u00e8s d&rsquo;un vendeur r\u00e9put\u00e9 sur une place de march\u00e9 en ligne, vous pouvez \u00e9galement vous attendre \u00e0 un excellent service.           &nbsp;<\/p>\n","protected":false},"excerpt":{"rendered":"<p>La butylone, commun\u00e9ment appel\u00e9e k-MBDB ou B1, est un entactog\u00e8ne et un stimulant synth\u00e9tique appartenant aux classes de la ph\u00e9n\u00e9thylamine et de la cathinone. Elle est \u00e9galement connue sous le nom de -c\u00e9to-N-m\u00e9thylbenzodioxolylbutanamine. L&rsquo;homologue m\u00e9thyl\u00e8nedioxy substitu\u00e9 de la buph\u00e9drone et l&rsquo;analogue -c\u00e9to de la MBDB sont tous deux appel\u00e9s butylone.   &nbsp;<\/p>\n","protected":false},"featured_media":18590,"comment_status":"closed","ping_status":"closed","template":"","meta":{"om_disable_all_campaigns":false,"_sitemap_exclude":false,"_sitemap_priority":"","_sitemap_frequency":"","_monsterinsights_skip_tracking":false,"_monsterinsights_sitenote_active":false,"_monsterinsights_sitenote_note":"","_monsterinsights_sitenote_category":0},"product_cat":[19407],"product_tag":[20682,20684,20689,20701,20703,20698,20695,20690,20696,20688,20691,20683,20686,20702,20700,20692,20697,20693,20685,20699,20687,20694],"class_list":{"0":"post-29031","1":"product","2":"type-product","3":"status-publish","4":"has-post-thumbnail","6":"product_cat-recherche-sur-les-produits-chimiques-et-les-psychedeliques","7":"product_tag-acheter-du-butylone","8":"product_tag-acheter-du-butylone-en-ligne","9":"product_tag-acheter-du-butylone-en-ligne-en-europe","10":"product_tag-authentique-butylone-europe","11":"product_tag-avis-sur-butylone-europe","12":"product_tag-boutique-butylone-europe","13":"product_tag-boutique-en-ligne-de-butylone-europe","14":"product_tag-butylone-meilleur-prix-europe","15":"product_tag-butylone-pas-cher-en-europe","16":"product_tag-combien-coute-le-butylone","17":"product_tag-commander-butylone-eu","18":"product_tag-commander-du-butylone-en-ligne","19":"product_tag-effets-de-la-butylone","20":"product_tag-fournisseurs-de-butylone-europe","21":"product_tag-livraison-de-butylone-europe","22":"product_tag-livraison-gratuite-de-butylone-en-europe","23":"product_tag-offres-de-butylone-europe","24":"product_tag-ou-acheter-butylone-europe","25":"product_tag-ou-acheter-du-butylone-en-ligne","26":"product_tag-remise-sur-butylone-europe","27":"product_tag-vente-de-butylone-en-ligne","28":"product_tag-vente-de-butylone-europe","30":"first","31":"instock","32":"shipping-taxable","33":"purchasable","34":"product-type-variable","35":"farmacie-col"},"aioseo_notices":[],"_links":{"self":[{"href":"https:\/\/lacasadelamedicina.es\/fr\/wp-json\/wp\/v2\/product\/29031"}],"collection":[{"href":"https:\/\/lacasadelamedicina.es\/fr\/wp-json\/wp\/v2\/product"}],"about":[{"href":"https:\/\/lacasadelamedicina.es\/fr\/wp-json\/wp\/v2\/types\/product"}],"replies":[{"embeddable":true,"href":"https:\/\/lacasadelamedicina.es\/fr\/wp-json\/wp\/v2\/comments?post=29031"}],"wp:featuredmedia":[{"embeddable":true,"href":"https:\/\/lacasadelamedicina.es\/fr\/wp-json\/wp\/v2\/media\/18590"}],"wp:attachment":[{"href":"https:\/\/lacasadelamedicina.es\/fr\/wp-json\/wp\/v2\/media?parent=29031"}],"wp:term":[{"taxonomy":"product_cat","embeddable":true,"href":"https:\/\/lacasadelamedicina.es\/fr\/wp-json\/wp\/v2\/product_cat?post=29031"},{"taxonomy":"product_tag","embeddable":true,"href":"https:\/\/lacasadelamedicina.es\/fr\/wp-json\/wp\/v2\/product_tag?post=29031"}],"curies":[{"name":"wp","href":"https:\/\/api.w.org\/{rel}","templated":true}]}}