{"id":29015,"date":"2024-08-09T14:02:03","date_gmt":"2024-08-09T14:02:03","guid":{"rendered":"https:\/\/lacasadelamedicina.es\/product\/acheter-de-la-poudre-dephedrine-en-ligne\/"},"modified":"2024-08-09T14:02:03","modified_gmt":"2024-08-09T14:02:03","slug":"acheter-de-la-poudre-dephedrine-en-ligne","status":"publish","type":"product","link":"https:\/\/lacasadelamedicina.es\/fr\/produit\/acheter-de-la-poudre-dephedrine-en-ligne\/","title":{"rendered":"Acheter de la poudre d&rsquo;\u00e9ph\u00e9drine en ligne"},"content":{"rendered":"<h3>Achetez de la poudre d&rsquo;\u00e9ph\u00e9drine en ligne.<\/h3>\n<p> Boutiques en ligne qui vendent de la poudre d&rsquo;\u00e9ph\u00e9drine. La poudre d&rsquo;\u00e9ph\u00e9drine est un stimulant naturel du syst\u00e8me nerveux central (SNC) et est d\u00e9riv\u00e9e de la plante Ephedra Equisetina. Aux \u00c9tats-Unis, il est possible d&rsquo;obtenir de la poudre d&rsquo;\u00e9ph\u00e9drine sans ordonnance pour traiter les probl\u00e8mes respiratoires. Comme il existe des alternatives plus s\u00fbres, pensez \u00e0 acheter de la poudre d&rsquo;\u00e9ph\u00e9drine en ligne. La poudre d&rsquo;\u00e9ph\u00e9drine est un bronchodilatateur et un d\u00e9congestionnant. Elle facilite la respiration en r\u00e9duisant l&rsquo;\u0153d\u00e8me, en resserrant les vaisseaux sanguins dans les voies nasales et en \u00e9largissant les voies respiratoires dans les poumons. <a href=\"https:\/\/drlawsonspharmacy\/contact-us\/\">CONTACT <\/a> &#8211; Acheter de la poudre d&rsquo;\u00e9ph\u00e9drine en ligne commander de la poudre d&rsquo;\u00e9ph\u00e9drine en ligne La poudre d&rsquo;\u00e9ph\u00e9drine est utilis\u00e9e pour soulager les sympt\u00f4mes des crises d&rsquo;asthme plus l\u00e9g\u00e8res et pour r\u00e9duire le risque de crises aigu\u00ebs dans le traitement de l&rsquo;asthme chronique, car elle est relativement efficace pour d\u00e9tendre les muscles des bronches. Les adultes prennent souvent des comprim\u00e9s \u00e0 une dose de 30 \u00e0 60 mg par voie orale, trois \u00e0 quatre fois par jour. Les gouttes nasales d&rsquo;\u00e9ph\u00e9drine sont \u00e9galement <strong>couramment utilis\u00e9es<\/strong> pour traiter les affections des voies respiratoires sup\u00e9rieures qui provoquent une congestion nasale. Elle peut \u00e9galement \u00eatre utilis\u00e9e pour traiter l&rsquo;hypotension art\u00e9rielle.              <strong>commander de la poudre d&rsquo;\u00e9ph\u00e9drine en ligne<\/strong><\/p>\n<h3>Savez-vous o\u00f9 je peux me procurer de l\u2019\u00e9ph\u00e9drine sous forme de poudre ?<\/h3>\n<p> Poudre d&rsquo;\u00e9ph\u00e9drine \u00e0 vendre, prix de la poudre d&rsquo;\u00e9ph\u00e9drine dans la rue, dosage de la poudre d&rsquo;\u00e9ph\u00e9drine, o\u00f9 puis-je acheter de la poudre d&rsquo;\u00e9ph\u00e9drine en ligne, o\u00f9 acheter de la poudre d&rsquo;\u00e9ph\u00e9drine, qu&rsquo;est-ce que la poudre d&rsquo;\u00e9ph\u00e9drine et poudre d&rsquo;\u00e9ph\u00e9drine de qualit\u00e9 sup\u00e9rieure \u00e0 vendre. Nous pouvons fournir les solutions \u00e0 toutes ces questions non r\u00e9solues. Vous pouvez en savoir plus sur o\u00f9 et comment acheter de la poudre d&rsquo;\u00e9ph\u00e9drine en ligne en parcourant simplement notre site Web. Comment fonctionne la poudre d&rsquo;\u00e9ph\u00e9drine ? Savez-vous o\u00f9 je peux acheter de la poudre d&rsquo;\u00e9ph\u00e9drine en ligne ? Acheter de la poudre d&rsquo;\u00e9ph\u00e9drine pure en ligne, o\u00f9 puis-je acheter de la poudre d&rsquo;\u00e9ph\u00e9drine en ligne, comment fabriquer de la poudre d&rsquo;\u00e9ph\u00e9drine, \u00e0 quoi ressemble la poudre d&rsquo;\u00e9ph\u00e9drine, combien co\u00fbte la poudre d&rsquo;\u00e9ph\u00e9drine dans la rue, o\u00f9 puis-je acheter de la poudre d&rsquo;\u00e9ph\u00e9drine. <strong>commander de la poudre d&rsquo;\u00e9ph\u00e9drine en ligne<\/strong> Il est tout \u00e0 fait compr\u00e9hensible que les gens ne fassent pas imm\u00e9diatement confiance \u00e0 la qualit\u00e9 de la poudre d&rsquo;\u00e9ph\u00e9drine vendue en ligne car ils ne peuvent pas la v\u00e9rifier en personne. Cependant, ce n&rsquo;est pas le cas des fournisseurs Internet de poudre d&rsquo;\u00e9ph\u00e9drine. Les produits propos\u00e9s ici sont des repr\u00e9sentations pr\u00e9cises de ce qu&rsquo;ils sont, avec un entretien de premier ordre sous la supervision d&rsquo;un professionnel. Exp\u00e9dition rapide et discr\u00e8te : une fois la commande re\u00e7ue, la poudre d&rsquo;\u00e9ph\u00e9drine en ligne sera livr\u00e9e dans le d\u00e9lai sp\u00e9cifi\u00e9. L&rsquo;\u00e9quipe d&rsquo;exp\u00e9dition s&rsquo;efforce de rendre le processus d&rsquo;exp\u00e9dition et de livraison rapide et facile. Lorsque vous achetez de la poudre d\u2019\u00e9ph\u00e9drine aupr\u00e8s d\u2019un vendeur r\u00e9put\u00e9 sur une plateforme Internet, vous pouvez \u00e9galement vous attendre \u00e0 recevoir des services de premier ordre.           &nbsp;<\/p>\n","protected":false},"excerpt":{"rendered":"<p>La poudre d&rsquo;\u00e9ph\u00e9drine est une substance naturelle qui stimule le syst\u00e8me nerveux central et qui est d\u00e9riv\u00e9e de la plante Ephedra equisetina. De nos jours, elle est \u00e9galement produite chimiquement, la substance synth\u00e9tique \u00e9tant vendue sous forme de sel.  &nbsp;<\/p>\n","protected":false},"featured_media":18095,"comment_status":"closed","ping_status":"closed","template":"","meta":{"om_disable_all_campaigns":false,"_sitemap_exclude":false,"_sitemap_priority":"","_sitemap_frequency":"","_monsterinsights_skip_tracking":false,"_monsterinsights_sitenote_active":false,"_monsterinsights_sitenote_note":"","_monsterinsights_sitenote_category":0},"product_cat":[19407],"product_tag":[20634,20636,20641,20655,20650,20647,20640,20643,20635,20638,20654,20652,20649,20645,20637,20642,20653,20648,20644,20651,20646,20639],"class_list":{"0":"post-29015","1":"product","2":"type-product","3":"status-publish","4":"has-post-thumbnail","6":"product_cat-recherche-sur-les-produits-chimiques-et-les-psychedeliques","7":"product_tag-acheter-de-la-poudre-dephedrine","8":"product_tag-acheter-de-la-poudre-dephedrine-en-ligne","9":"product_tag-acheter-de-la-poudre-dephedrine-en-ligne-en-europe","10":"product_tag-avis-sur-la-poudre-dephedrine-en-europe","11":"product_tag-boutique-de-poudre-dephedrine-en-europe","12":"product_tag-boutique-en-ligne-de-poudre-dephedrine-en-europe","13":"product_tag-combien-coute-la-poudre-dephedrine","14":"product_tag-commander-de-la-poudre-dephedrine-dans-lue","15":"product_tag-commander-de-la-poudre-dephedrine-en-ligne","16":"product_tag-effets-de-la-poudre-dephedrine","17":"product_tag-fournisseurs-de-poudre-dephedrine-en-europe","18":"product_tag-livraison-de-poudre-dephedrine-en-europe","19":"product_tag-offres-sur-la-poudre-dephedrine-en-europe","20":"product_tag-ou-acheter-de-la-poudre-dephedrine-en-europe","21":"product_tag-ou-acheter-de-la-poudre-dephedrine-en-ligne","22":"product_tag-poudre-dephedrine-au-meilleur-prix-en-europe","23":"product_tag-poudre-dephedrine-authentique-europe","24":"product_tag-poudre-dephedrine-bon-marche-en-europe","25":"product_tag-poudre-dephedrine-livraison-gratuite-en-europe","26":"product_tag-remise-sur-la-poudre-dephedrine-en-europe","27":"product_tag-vente-de-poudre-dephedrine-en-europe","28":"product_tag-vente-en-ligne-de-poudre-dephedrine","30":"first","31":"instock","32":"shipping-taxable","33":"purchasable","34":"product-type-variable","35":"farmacie-col"},"aioseo_notices":[],"_links":{"self":[{"href":"https:\/\/lacasadelamedicina.es\/fr\/wp-json\/wp\/v2\/product\/29015"}],"collection":[{"href":"https:\/\/lacasadelamedicina.es\/fr\/wp-json\/wp\/v2\/product"}],"about":[{"href":"https:\/\/lacasadelamedicina.es\/fr\/wp-json\/wp\/v2\/types\/product"}],"replies":[{"embeddable":true,"href":"https:\/\/lacasadelamedicina.es\/fr\/wp-json\/wp\/v2\/comments?post=29015"}],"wp:featuredmedia":[{"embeddable":true,"href":"https:\/\/lacasadelamedicina.es\/fr\/wp-json\/wp\/v2\/media\/18095"}],"wp:attachment":[{"href":"https:\/\/lacasadelamedicina.es\/fr\/wp-json\/wp\/v2\/media?parent=29015"}],"wp:term":[{"taxonomy":"product_cat","embeddable":true,"href":"https:\/\/lacasadelamedicina.es\/fr\/wp-json\/wp\/v2\/product_cat?post=29015"},{"taxonomy":"product_tag","embeddable":true,"href":"https:\/\/lacasadelamedicina.es\/fr\/wp-json\/wp\/v2\/product_tag?post=29015"}],"curies":[{"name":"wp","href":"https:\/\/api.w.org\/{rel}","templated":true}]}}