{"id":28982,"date":"2024-08-09T14:02:04","date_gmt":"2024-08-09T14:02:04","guid":{"rendered":"https:\/\/lacasadelamedicina.es\/product\/acheter-de-la-methylone-en-ligne\/"},"modified":"2024-08-09T14:02:04","modified_gmt":"2024-08-09T14:02:04","slug":"acheter-de-la-methylone-en-ligne","status":"publish","type":"product","link":"https:\/\/lacasadelamedicina.es\/fr\/produit\/acheter-de-la-methylone-en-ligne\/","title":{"rendered":"Acheter de la m\u00e9thylone en ligne"},"content":{"rendered":"<h3>M\u00e9thylone en vente en ligne.<\/h3>\n<p> Acheter Methylone en ligne. Methylone (Bk-MDMA) en ligne pas cher &#8211; World Drug Au Royaume-Uni, en Europe, en Allemagne, en Russie et aux \u00c9tats-Unis, nous vendons des poudres et des cristaux Bk-MDMA bon march\u00e9 qui sont de la plus haute qualit\u00e9. Acheter Methylone en ligne &#8211; <a href=\"https:\/\/drlawsonspharmacy\/contact-us\/\">CONTACT<\/a> \u00c9thylone cristallis\u00e9e BK-ebdp 4-CMC 3-CMC clair 4CMC clair Cristal de m\u00e9ph\u00e9drone 4mmc MDPV M\u00e9thylone (bk-MDMA), \u00e9galement connue sous le nom de cristal 4-BMC. La m\u00e9thylone est une substance chimique qui pr\u00e9sente de nombreuses similitudes avec la MDMA dans sa structure et ses effets. La m\u00e9thylone est un stimulant avec un l\u00e9ger effet psych\u00e9d\u00e9lique. On l&rsquo;appelle un produit chimique de recherche car c&rsquo;est un compos\u00e9 relativement nouveau. Il faut \u00eatre prudent lors de la manipulation de la m\u00e9thylone car elle a fait l&rsquo;objet de peu de recherches et on sait peu de choses sur ses effets \u00e0 long terme ou sur le risque de d\u00e9pendance. Elle est g\u00e9n\u00e9ralement vendue sous forme de poudre, mais des comprim\u00e9s sont parfois disponibles. Ces comprim\u00e9s peuvent varier en taille, couleur et force, tout comme l&rsquo;XTC. First Trust Chemical vend la m\u00e9thylone sous trois formes diff\u00e9rentes : cristaux g\u00e9ants (notre produit le plus populaire), poudre m\u00e9dicinale fine ou petits cristaux. Veuillez consulter la liste des autres produits phares que nous avons actuellement en stock. Vous pouvez acheter des produits de haute qualit\u00e9 aupr\u00e8s de First Trust Chemical d\u00e8s maintenant.            <\/p>\n<h3>VOTRE COMPTE SERA TRAIT\u00c9 AVEC SOIN POUR ACHETER DE LA M\u00c9THYLONE<\/h3>\n<p> Nous traitons toutes les demandes de vente de mani\u00e8re confidentielle. Les informations de votre compte ne sont jamais partag\u00e9es ou distribu\u00e9es apr\u00e8s que vous soyez devenu client. Avant de r\u00e9aliser la vente que vous souhaitez, nous pouvons vous poser certaines questions, mais ce n&rsquo;est que pour votre protection. First Trust Chemical ne souhaite \u00eatre reconnu que pour ses normes \u00e9lev\u00e9es et son engagement envers la satisfaction de la client\u00e8le. Une fois que First Trust Chemical a approuv\u00e9 votre commande, vous \u00eates libre d&rsquo;acheter. Votre livraison est garantie. Si nous ne sommes pas en mesure d&rsquo;honorer une commande, nous ne pouvons pas garantir la vente. La m\u00e9thylone est une substance chimique qui pr\u00e9sente de nombreuses similitudes avec la MDMA en termes de structure et d&rsquo;effets. Elle a un effet l\u00e9g\u00e8rement psych\u00e9d\u00e9lique et est un stimulant. On l&rsquo;appelle un produit chimique de recherche car il s&rsquo;agit d&rsquo;un compos\u00e9 relativement nouveau. Il est recommand\u00e9 de faire preuve de prudence lors de la manipulation de la m\u00e9thylone car peu d&rsquo;\u00e9tudes ont \u00e9t\u00e9 r\u00e9alis\u00e9es \u00e0 son sujet et on sait peu de choses sur ses effets \u00e0 long terme ou sur la probabilit\u00e9 de d\u00e9pendance. Elle est souvent vendue sous forme de poudre, mais des comprim\u00e9s sont \u00e9galement disponibles. Ces comprim\u00e9s, tout comme l&rsquo;XTC, peuvent varier en taille, en couleur et en force.             <\/p>\n<h3><strong>Acheter Methylone en ligne &#8211; Savez-vous o\u00f9 acheter Methylone ?<\/strong><\/h3>\n<p> Methylone \u00e0 vendre, Methylone street value, Methylone dosage, Methylone \u00e0 vendre en ligne, Methylone \u00e0 vendre en vrac, et Methylone \u00e0 vendre en haute qualit\u00e9. Nous pouvons fournir les solutions \u00e0 toutes ces questions non r\u00e9solues. Vous pouvez en savoir plus sur o\u00f9 et comment acheter Methylone en ligne en visitant simplement notre site web. La m\u00e9thylone est un probl\u00e8me. Savez-vous o\u00f9 je peux acheter de la m\u00e9thylone en ligne ? Acheter de la m\u00e9thylone, comment fabriquer de la m\u00e9thylone, \u00e0 quoi ressemble la m\u00e9thylone, combien co\u00fbte la m\u00e9thylone dans la rue, o\u00f9 acheter de la m\u00e9thylone en ligne et o\u00f9 acheter de la m\u00e9thylone pure. Il est tout \u00e0 fait compr\u00e9hensible que l&rsquo;on ne fasse pas imm\u00e9diatement confiance \u00e0 la qualit\u00e9 de la m\u00e9thylone propos\u00e9e en ligne, car on ne peut pas la v\u00e9rifier en personne. Cependant, les choses sont diff\u00e9rentes avec les fournisseurs de M\u00e9thylone sur Internet. Les produits propos\u00e9s ici sont exactement ce qu&rsquo;ils sont et sont maintenus aux normes les plus \u00e9lev\u00e9es sous la supervision de professionnels. Exp\u00e9dition rapide et discr\u00e8te : Apr\u00e8s r\u00e9ception de la commande, Methylone online est livr\u00e9 dans les d\u00e9lais promis. L&rsquo;\u00e9quipe d&rsquo;exp\u00e9dition met tout en \u0153uvre pour que le processus d&rsquo;exp\u00e9dition et de livraison soit rapide et facile. Lorsque vous achetez Methylone \u00e0 un sp\u00e9cialiste sur une plateforme en ligne, vous pouvez \u00e9galement compter sur un service de premi\u00e8re classe. *** Traduit avec www.DeepL.com\/Translator (version gratuite) ***            &nbsp;<\/p>\n","protected":false},"excerpt":{"rendered":"<p>Methylone \u00e0 vendre, prix de la Methylone dans la rue, dosage de Methylone, Methylone \u00e0 vendre en ligne, Methylone \u00e0 vendre en vrac et Methylone \u00e0 vendre en haute qualit\u00e9. Nous pouvons fournir les solutions \u00e0 toutes ces questions non r\u00e9solues. Vous pouvez en savoir plus sur o\u00f9 et comment acheter Methylone en ligne en visitant simplement notre site Web. Methylone est un probl\u00e8me. Savez-vous o\u00f9 je peux acheter Methylone en ligne ? Acheter Methylone, comment fabriquer Methylone, \u00e0 quoi ressemble Methylone, combien co\u00fbte Methylone dans la rue, o\u00f9 acheter Methylone en ligne et o\u00f9 acheter Methylone pur. Il est tout \u00e0 fait compr\u00e9hensible que l&rsquo;on ne puisse pas imm\u00e9diatement faire confiance \u00e0 la qualit\u00e9 de Methylone propos\u00e9e en ligne car on ne peut pas la v\u00e9rifier en personne. Cependant, les choses sont diff\u00e9rentes avec les fournisseurs Internet de Methylone. Les produits propos\u00e9s ici sont exactement ce qu&rsquo;ils sont et sont maintenus aux normes les plus \u00e9lev\u00e9es sous la supervision d&rsquo;un professionnel. Exp\u00e9dition rapide et discr\u00e8te : apr\u00e8s r\u00e9ception de la commande, Methylone en ligne est livr\u00e9 dans le d\u00e9lai promis. L&rsquo;\u00e9quipe d&rsquo;exp\u00e9dition fait tout pour que le processus d&rsquo;exp\u00e9dition et de livraison soit rapide et facile. Lorsque vous achetez du Methylone aupr\u00e8s d&rsquo;un sp\u00e9cialiste sur une plateforme en ligne, vous pouvez \u00e9galement compter sur un service de premi\u00e8re classe.   &nbsp;<\/p>\n","protected":false},"featured_media":18170,"comment_status":"closed","ping_status":"closed","template":"","meta":{"om_disable_all_campaigns":false,"_sitemap_exclude":false,"_sitemap_priority":"","_sitemap_frequency":"","_monsterinsights_skip_tracking":false,"_monsterinsights_sitenote_active":false,"_monsterinsights_sitenote_note":"","_monsterinsights_sitenote_category":0},"product_cat":[19407],"product_tag":[20435,20436,20442,20456,20448,20451,20441,20438,20444,20439,20455,20445,20453,20454,20443,20449,20450,20437,20446,20452,20440,20447],"class_list":{"0":"post-28982","1":"product","2":"type-product","3":"status-publish","4":"has-post-thumbnail","6":"product_cat-recherche-sur-les-produits-chimiques-et-les-psychedeliques","7":"product_tag-acheter-de-la-methylone","8":"product_tag-acheter-de-la-methylone-en-ligne","9":"product_tag-acheter-methylone-en-ligne-en-europe","10":"product_tag-avis-sur-methylone-europe","11":"product_tag-boutique-en-ligne-de-methylone-europe","12":"product_tag-boutique-methylone-europe","13":"product_tag-combien-coute-la-methylone","14":"product_tag-commander-de-la-methylone-en-ligne","15":"product_tag-commander-methylone-eu","16":"product_tag-effets-de-la-methylone","17":"product_tag-fournisseurs-de-methylone-europe","18":"product_tag-livraison-gratuite-de-methylone-en-europe","19":"product_tag-livraison-methylone-europe","20":"product_tag-methylone-europe-authentique","21":"product_tag-methylone-meilleur-prix-europe","22":"product_tag-methylone-pas-cher-en-europe","23":"product_tag-offres-methylone-europe","24":"product_tag-ou-acheter-de-la-methylone-en-ligne","25":"product_tag-ou-acheter-methylone-europe","26":"product_tag-remise-sur-methylone-europe","27":"product_tag-vente-de-methylone-en-ligne","28":"product_tag-vente-de-methylone-europe","30":"first","31":"instock","32":"shipping-taxable","33":"purchasable","34":"product-type-variable","35":"farmacie-col"},"aioseo_notices":[],"_links":{"self":[{"href":"https:\/\/lacasadelamedicina.es\/fr\/wp-json\/wp\/v2\/product\/28982"}],"collection":[{"href":"https:\/\/lacasadelamedicina.es\/fr\/wp-json\/wp\/v2\/product"}],"about":[{"href":"https:\/\/lacasadelamedicina.es\/fr\/wp-json\/wp\/v2\/types\/product"}],"replies":[{"embeddable":true,"href":"https:\/\/lacasadelamedicina.es\/fr\/wp-json\/wp\/v2\/comments?post=28982"}],"wp:featuredmedia":[{"embeddable":true,"href":"https:\/\/lacasadelamedicina.es\/fr\/wp-json\/wp\/v2\/media\/18170"}],"wp:attachment":[{"href":"https:\/\/lacasadelamedicina.es\/fr\/wp-json\/wp\/v2\/media?parent=28982"}],"wp:term":[{"taxonomy":"product_cat","embeddable":true,"href":"https:\/\/lacasadelamedicina.es\/fr\/wp-json\/wp\/v2\/product_cat?post=28982"},{"taxonomy":"product_tag","embeddable":true,"href":"https:\/\/lacasadelamedicina.es\/fr\/wp-json\/wp\/v2\/product_tag?post=28982"}],"curies":[{"name":"wp","href":"https:\/\/api.w.org\/{rel}","templated":true}]}}