{"id":28971,"date":"2024-08-09T14:02:04","date_gmt":"2024-08-09T14:02:04","guid":{"rendered":"https:\/\/lacasadelamedicina.es\/product\/acheter-mdai-en-ligne\/"},"modified":"2024-09-13T08:58:12","modified_gmt":"2024-09-13T08:58:12","slug":"acheter-mdai-en-ligne","status":"publish","type":"product","link":"https:\/\/lacasadelamedicina.es\/fr\/produit\/acheter-mdai-en-ligne\/","title":{"rendered":"Acheter MDAI en ligne"},"content":{"rendered":"<h3>Achetez MDAI en ligne.<\/h3>\n<p> Boutique en ligne qui vend du MDAI. Il est sugg\u00e9r\u00e9 que le MDAI et tous les r\u00e9sidus de ph\u00e9n\u00e9thylamines propos\u00e9s \u00e0 la vente sur ce site Web soient utilis\u00e9s \u00e0 des fins de recherche et scientifiques. Le MDA \u00e9tait le nom du test synth\u00e9tique.I est un m\u00e9dicament architecte avec l&rsquo;\u00e9quation subatomique C10H11NO2 &#8211; HCl et des effets physiologiques et psych\u00e9d\u00e9liques potentiels. La valeur du poids de l&rsquo;\u00e9quation est de 213,7 g\/mol. Achetez du MDAI en ligne. &#8211; <a href=\"https:\/\/drlawsonspharmacy\/contact-us\/\">CONTACT<\/a> Le MDAI \u00e9tant un nouveau produit chimique, ses propri\u00e9t\u00e9s toxicologiques et physiologiques ne sont pas encore connues. Le 5,6-m\u00e9thyl\u00e8nedioxy-2-aminoindane, un sous-produit de la ph\u00e9n\u00e9thylamine, peut avoir des effets \u00e9nergisants et entactog\u00e8nes. Achetez du MDAI en ligne. Le 6,7-dihydro-5H-ind\u00e9no[5,6-d]monochlorhydrate, 1,3-dioxol-6-amine et tous les autres produits pharmaceutiques cr\u00e9ateurs vendus sur ce site Web sont recommand\u00e9s \u00e0 des fins de recherche et de quantification. Veuillez conserver cette ph\u00e9n\u00e9thylamine dans un endroit frais et sec. La s\u00e9curit\u00e9 de la MDA, une mol\u00e9cule de ph\u00e9n\u00e9thylamine, peut durer jusqu&rsquo;\u00e0 deux ans dans des circonstances qui le permettent l\u00e9galement. Investissez dans MDA.I en ligne. Pourquoi devriez-vous acheter MDA.I chez nous ? \u2605 Nous avons une longue histoire d&rsquo;\u00e9change sur le march\u00e9, vous b\u00e9n\u00e9ficierez donc de notre exp\u00e9rience. \u2605 MDAI a \u00e9t\u00e9 test\u00e9 et v\u00e9rifi\u00e9. \u2605 Vous pouvez acheter MDAI avec Bitcoin, MoneyGram et Western Union ou par virement bancaire. Qu&rsquo;obtenez-vous lorsque vous achetez MDA.I chez nous ? &#8211; Un sachet en aluminium solide contenant du 6,7-Dihydro-5H-ind\u00e9no[5,6-d]_                     <\/p>\n<h3><strong>Savez-vous o\u00f9 acheter du MDAI ?<\/strong><\/h3>\n<p> MDAI \u00e0 vendre, prix de vente du MDAI, dosage du MDAI, comment produire du MDAI, o\u00f9 puis-je acheter du MDAI en ligne, o\u00f9 puis-je trouver du MDAI, qu&rsquo;est-ce que le MDAI et du MDAI de qualit\u00e9 sup\u00e9rieure sont tous disponibles \u00e0 l&rsquo;achat. Nous pouvons fournir les solutions \u00e0 toutes ces questions non r\u00e9solues. Vous pouvez en savoir plus sur o\u00f9 et comment acheter du MDAI en ligne en parcourant simplement notre site Web. Comment le MDAI se compare-t-il ? Savez-vous o\u00f9 acheter du MDAI en ligne ? O\u00f9 acheter du MDAI, o\u00f9 obtenir du MDAI pur en ligne, comment fabriquer du MDAI, \u00e0 quoi ressemble le MDAI, le prix de vente du MDAI et le prix du MDAI sont tous des termes utilis\u00e9s pour d\u00e9crire l&rsquo;achat de MDAI.      &nbsp;<\/p>\n<h3><strong>Commande DEMANDEUR<\/strong><\/h3>\n<p> Il est tout \u00e0 fait compr\u00e9hensible que les consommateurs ne fassent pas imm\u00e9diatement confiance \u00e0 la qualit\u00e9 du MDAI vendu en ligne car ils ne peuvent pas l&rsquo;inspecter physiquement. Mais avec les revendeurs MDAI en ligne, c&rsquo;est diff\u00e9rent. Les produits propos\u00e9s ici sont des repr\u00e9sentations pr\u00e9cises de ce qu&rsquo;ils sont, avec un entretien de premier ordre effectu\u00e9 sous la supervision d&rsquo;un professionnel. Exp\u00e9dition rapide et discr\u00e8te : apr\u00e8s r\u00e9ception de la commande, le MDAIonline sera livr\u00e9 dans le d\u00e9lai promis. L&rsquo;\u00e9quipe d&rsquo;exp\u00e9dition met tout en \u0153uvre pour garantir que le processus d&rsquo;exp\u00e9dition et de livraison soit rapide et facile. Lorsque vous achetez du MDAI aupr\u00e8s d&rsquo;un professionnel sur un site Web en ligne, vous pouvez \u00e9galement \u00eatre assur\u00e9 d&rsquo;un service de premier ordre.      &nbsp;<\/p>\n","protected":false},"excerpt":{"rendered":"<p>Le nom complet de l&rsquo;IUPAC du MDAI commercialis\u00e9 en ligne est 6,7-dihydro-5H-ind\u00e9no[5,6-d].-1,3-dioxol-6-amine, monochlorhydrate, une substance utilis\u00e9e dans la recherche sur les ph\u00e9n\u00e9thylamines. Le MDAI pourrait \u00eatre un entactog\u00e8ne et un stimulant.  &nbsp;<\/p>\n","protected":false},"featured_media":18155,"comment_status":"closed","ping_status":"closed","template":"","meta":{"om_disable_all_campaigns":false,"_sitemap_exclude":false,"_sitemap_priority":"","_sitemap_frequency":"","_monsterinsights_skip_tracking":false,"_monsterinsights_sitenote_active":false,"_monsterinsights_sitenote_note":"","_monsterinsights_sitenote_category":0},"product_cat":[19407],"product_tag":[20424,20411,20416,20409,20425,20422,20415,20410,20418,20413,20429,20426,20427,20428,20423,20419,20417,20412,20420,20430,20421,20414],"class_list":{"0":"post-28971","1":"product","2":"type-product","3":"status-publish","4":"has-post-thumbnail","6":"product_cat-recherche-sur-les-produits-chimiques-et-les-psychedeliques","7":"product_tag-accords-mdai-europe","8":"product_tag-acheter-mdai-en-ligne","9":"product_tag-acheter-mdai-en-ligne-en-europe","10":"product_tag-acheter-reclamations","11":"product_tag-boutique-creancier-europe","12":"product_tag-boutique-en-ligne-mdai-europe","13":"product_tag-combien-coute-le-mdai","14":"product_tag-commander-mdai-en-ligne","15":"product_tag-commander-mdai-eu","16":"product_tag-effets-du-mdai","17":"product_tag-fournisseurs-de-mdai-europe","18":"product_tag-livraison-creancier-europe","19":"product_tag-livraison-du-mdai-europe","20":"product_tag-mdai-europe-authentique","21":"product_tag-mdai-europe-pas-cher","22":"product_tag-mdai-livraison-gratuite-en-europe","23":"product_tag-mdai-meilleur-prix-europe","24":"product_tag-ou-acheter-mdai-en-ligne","25":"product_tag-ou-acheter-mdai-europe","26":"product_tag-revue-des-creanciers-europe","27":"product_tag-vente-revendications-europe","28":"product_tag-ventes-mdai-en-ligne","30":"first","31":"instock","32":"shipping-taxable","33":"purchasable","34":"product-type-variable","35":"farmacie-col"},"aioseo_notices":[],"_links":{"self":[{"href":"https:\/\/lacasadelamedicina.es\/fr\/wp-json\/wp\/v2\/product\/28971"}],"collection":[{"href":"https:\/\/lacasadelamedicina.es\/fr\/wp-json\/wp\/v2\/product"}],"about":[{"href":"https:\/\/lacasadelamedicina.es\/fr\/wp-json\/wp\/v2\/types\/product"}],"replies":[{"embeddable":true,"href":"https:\/\/lacasadelamedicina.es\/fr\/wp-json\/wp\/v2\/comments?post=28971"}],"wp:featuredmedia":[{"embeddable":true,"href":"https:\/\/lacasadelamedicina.es\/fr\/wp-json\/wp\/v2\/media\/18155"}],"wp:attachment":[{"href":"https:\/\/lacasadelamedicina.es\/fr\/wp-json\/wp\/v2\/media?parent=28971"}],"wp:term":[{"taxonomy":"product_cat","embeddable":true,"href":"https:\/\/lacasadelamedicina.es\/fr\/wp-json\/wp\/v2\/product_cat?post=28971"},{"taxonomy":"product_tag","embeddable":true,"href":"https:\/\/lacasadelamedicina.es\/fr\/wp-json\/wp\/v2\/product_tag?post=28971"}],"curies":[{"name":"wp","href":"https:\/\/api.w.org\/{rel}","templated":true}]}}