{"id":28946,"date":"2024-08-09T14:02:04","date_gmt":"2024-08-09T14:02:04","guid":{"rendered":"https:\/\/lacasadelamedicina.es\/product\/acheter-de-la-poudre-de-fentanyl-en-ligne\/"},"modified":"2024-09-13T08:28:13","modified_gmt":"2024-09-13T08:28:13","slug":"acheter-de-la-poudre-de-fentanyl-en-ligne","status":"publish","type":"product","link":"https:\/\/lacasadelamedicina.es\/fr\/produit\/acheter-de-la-poudre-de-fentanyl-en-ligne\/","title":{"rendered":"Acheter de la poudre de fentanyl en ligne"},"content":{"rendered":"<h1>Acheter de la poudre de fentanyl en ligne<\/h1>\n<p> Poudre de fentanyl \u00e0 vendre en ligne, incroyable analg\u00e9sique opio\u00efde synth\u00e9tique La poudre de fentanyl a des effets similaires \u00e0 ceux de la morphine, mais elle est 50 \u00e0 plusieurs fois plus puissante.3 C&rsquo;est un m\u00e9dicament de l&rsquo;annexe II qu&rsquo;un m\u00e9decin doit administrer.4 Il est g\u00e9n\u00e9ralement utilis\u00e9 pour traiter les patients souffrant de douleurs insupportables ou pour contr\u00f4ler la douleur apr\u00e8s une intervention chirurgicale. Il est \u00e9galement parfois utilis\u00e9 pour traiter les personnes souffrant de douleurs chroniques qui ne tol\u00e8rent pas les autres opio\u00efdes.5 En m\u00e9decine, le fentanyl est connu sous des noms tels que Actiq, Duragesic et Sublimaze. Apache, China Girl, China White, Dance Fever, Friend, Goodfella, Jackpot, Murder 8, TNT et Tango and Cash sont quelques-uns des noms de rue du fentanyl ou de l&rsquo;h\u00e9ro\u00efne qui contient du fentanyl. Acheter de la poudre de fentanyl en ligne &#8211;       <a href=\"https:\/\/drlawsonspharmacy\/contact-us\/\">CONTACT<\/a><\/p>\n<h3>Comment le fentanyl est-il utilis\u00e9 par les gens ?<\/h3>\n<p> Le fentanyl est souvent administr\u00e9 par perfusion, fixation transdermique ou pastilles lorsqu&rsquo;il est prescrit par un m\u00e9decin.6 Cependant, le fentanyl et les analogues du fentanyl li\u00e9s aux surdoses r\u00e9centes sont distribu\u00e9s \u00e0 partir de laboratoires clandestins.7 Ce fentanyl non m\u00e9dicamenteux est propos\u00e9 \u00e0 la vente sous les formes suivantes : sous forme de poudre, saupoudr\u00e9 sur du papier buvard, associ\u00e9 \u00e0 l&rsquo;h\u00e9ro\u00efne ou en remplacement de celle-ci, ou sous forme de pilules imitant d&rsquo;autres opio\u00efdes moins puissants.8 Le fentanyl peut \u00eatre consomm\u00e9 par voie orale, grogn\u00e9, infus\u00e9 ou absorb\u00e9 par les muqueuses en pla\u00e7ant du papier buvard dans la bouche.    <\/p>\n<h3>Quels sont les effets du fentanyl sur le cerveau ?<\/h3>\n<p> Le fentanyl fonctionne de mani\u00e8re similaire \u00e0 l&rsquo;h\u00e9ro\u00efne, \u00e0 la morphine et \u00e0 d&rsquo;autres narcotiques en se liant aux r\u00e9cepteurs narcotiques du corps, qui sont situ\u00e9s dans les zones du cerveau qui r\u00e9gulent la douleur et les \u00e9motions.9 Les narcotiques peuvent augmenter les niveaux de dopamine dans les r\u00e9gions de r\u00e9compense du cerveau en se liant \u00e0 ces r\u00e9cepteurs, ce qui entra\u00eene un \u00e9tat de type high.9 Les effets du fentanyl sont similaires \u00e0 ceux de l&rsquo;h\u00e9ro\u00efne et comprennent l&rsquo;euphorie, l&rsquo;\u00e9puisement, les naus\u00e9es, le chaos, l&rsquo;obstruction, la s\u00e9dation, la r\u00e9silience, la fixation, la d\u00e9tresse respiratoire et le pi\u00e9geage, l&rsquo;\u00e9vidence, l&rsquo;\u00e9tat de transe et la mort.   <\/p>\n<h3>Connaissez-vous des sources en ligne pour le fentanyl ?<\/h3>\n<p> O\u00f9 puis-je acheter de la poudre de fentanyl en ligne, o\u00f9 puis-je acheter du fentanyl en ligne, qu&rsquo;est-ce que le fentanyl et de la poudre de fentanyl de qualit\u00e9 sup\u00e9rieure \u00e0 vendre. Poudre de fentanyl \u00e0 vendre, valeur marchande de la poudre de fentanyl, dosage du fentanyl et comment fabriquer de la poudre de fentanyl. Nous pouvons fournir les solutions \u00e0 toutes ces questions non r\u00e9solues. Vous pouvez en savoir plus sur o\u00f9 et comment acheter de la poudre de fentanyl en ligne en parcourant simplement notre site Web. Qu&rsquo;en est-il de la poudre de fentanyl ? Savez-vous o\u00f9 acheter du fentanyl en ligne ? Acheter de la poudre de fentanyl, de la poudre de fentanyl \u00e0 vendre, comment fabriquer de la poudre de fentanyl, \u00e0 quoi ressemble la poudre de fentanyl, valeur marchande de la poudre de fentanyl, co\u00fbt de la poudre de fentanyl, o\u00f9 acheter de la poudre de fentanyl, poudre de fentanyl pure, fournisseurs de poudre de fentanyl, o\u00f9 puis-je acheter de la poudre de fentanyl en ligne et prix de la poudre de fentanyl       <\/p>\n<h3>Acheter de la poudre de fentanyl en ligne<\/h3>\n<p> Il est tout \u00e0 fait compr\u00e9hensible que les individus n&rsquo;acceptent pas imm\u00e9diatement la qualit\u00e9 de la poudre de fentanyl vendue en ligne car ils ne peuvent pas la v\u00e9rifier personnellement. Cependant, la situation est diff\u00e9rente avec les fournisseurs de poudre de fentanyl en ligne. Les produits propos\u00e9s ici sont exactement ce qu&rsquo;ils sont et sont entretenus de mani\u00e8re optimale sous la supervision de professionnels. Exp\u00e9dition rapide et discr\u00e8te : la poudre de fentanyl est livr\u00e9e comme promis imm\u00e9diatement apr\u00e8s la r\u00e9ception de la commande. L&rsquo;\u00e9quipe d&rsquo;exp\u00e9dition fait tout pour garantir que le processus d&rsquo;exp\u00e9dition et de livraison soit rapide et facile. Lorsque vous achetez de la poudre de fentanyl aupr\u00e8s d&rsquo;un vendeur Internet r\u00e9put\u00e9, vous pouvez \u00e9galement vous attendre \u00e0 un service de premi\u00e8re classe.      &nbsp;<\/p>\n","protected":false},"excerpt":{"rendered":"<p>Compar\u00e9 \u00e0 la morphine, le fentanyl est un analg\u00e9sique opio\u00efde synth\u00e9tique puissant, 50 \u00e0 100 fois plus puissant.1,2 Il s\u2019agit d\u2019un m\u00e9dicament d\u2019ordonnance de l\u2019annexe II3 et il est g\u00e9n\u00e9ralement utilis\u00e9 pour g\u00e9rer la douleur apr\u00e8s une intervention chirurgicale ou pour traiter les personnes souffrant de douleurs intenses. &nbsp;<\/p>\n","protected":false},"featured_media":18605,"comment_status":"closed","ping_status":"closed","template":"","meta":{"om_disable_all_campaigns":false,"_sitemap_exclude":false,"_sitemap_priority":"","_sitemap_frequency":"","_monsterinsights_skip_tracking":false,"_monsterinsights_sitenote_active":false,"_monsterinsights_sitenote_note":"","_monsterinsights_sitenote_category":0},"product_cat":[19407],"product_tag":[20362,20363,20369,20383,20378,20375,20368,20371,20365,20366,20382,20380,20377,20373,20364,20370,20381,20372,20376,20379,20374,20367],"class_list":{"0":"post-28946","1":"product","2":"type-product","3":"status-publish","4":"has-post-thumbnail","6":"product_cat-recherche-sur-les-produits-chimiques-et-les-psychedeliques","7":"product_tag-acheter-de-la-poudre-de-fentanyl","8":"product_tag-acheter-de-la-poudre-de-fentanyl-en-ligne","9":"product_tag-acheter-de-la-poudre-de-fentanyl-en-ligne-en-europe","10":"product_tag-avis-sur-fentanyl-powder-europe","11":"product_tag-boutique-de-poudre-de-fentanyl-en-europe","12":"product_tag-boutique-en-ligne-de-poudre-de-fentanyl-en-europe","13":"product_tag-combien-coute-la-poudre-de-fentanyl","14":"product_tag-commander-de-la-poudre-de-fentanyl-dans-lue","15":"product_tag-commander-de-la-poudre-de-fentanyl-en-ligne","16":"product_tag-effets-de-la-poudre-de-fentanyl","17":"product_tag-fournisseurs-de-poudre-de-fentanyl-en-europe","18":"product_tag-livraison-de-poudre-de-fentanyl-en-europe","19":"product_tag-offres-sur-la-poudre-de-fentanyl-en-europe","20":"product_tag-ou-acheter-de-la-poudre-de-fentanyl-en-europe","21":"product_tag-ou-acheter-de-la-poudre-de-fentanyl-en-ligne","22":"product_tag-poudre-de-fentanyl-au-meilleur-prix-en-europe","23":"product_tag-poudre-de-fentanyl-authentique-europe","24":"product_tag-poudre-de-fentanyl-livraison-gratuite-en-europe","25":"product_tag-poudre-de-fentanyl-pas-chere-en-europe","26":"product_tag-remise-sur-la-poudre-de-fentanyl-en-europe","27":"product_tag-vente-de-poudre-de-fentanyl-en-europe","28":"product_tag-vente-en-ligne-de-poudre-de-fentanyl","30":"first","31":"instock","32":"shipping-taxable","33":"purchasable","34":"product-type-variable","35":"farmacie-col"},"aioseo_notices":[],"_links":{"self":[{"href":"https:\/\/lacasadelamedicina.es\/fr\/wp-json\/wp\/v2\/product\/28946"}],"collection":[{"href":"https:\/\/lacasadelamedicina.es\/fr\/wp-json\/wp\/v2\/product"}],"about":[{"href":"https:\/\/lacasadelamedicina.es\/fr\/wp-json\/wp\/v2\/types\/product"}],"replies":[{"embeddable":true,"href":"https:\/\/lacasadelamedicina.es\/fr\/wp-json\/wp\/v2\/comments?post=28946"}],"wp:featuredmedia":[{"embeddable":true,"href":"https:\/\/lacasadelamedicina.es\/fr\/wp-json\/wp\/v2\/media\/18605"}],"wp:attachment":[{"href":"https:\/\/lacasadelamedicina.es\/fr\/wp-json\/wp\/v2\/media?parent=28946"}],"wp:term":[{"taxonomy":"product_cat","embeddable":true,"href":"https:\/\/lacasadelamedicina.es\/fr\/wp-json\/wp\/v2\/product_cat?post=28946"},{"taxonomy":"product_tag","embeddable":true,"href":"https:\/\/lacasadelamedicina.es\/fr\/wp-json\/wp\/v2\/product_tag?post=28946"}],"curies":[{"name":"wp","href":"https:\/\/api.w.org\/{rel}","templated":true}]}}