{"id":28912,"date":"2024-08-09T14:02:09","date_gmt":"2024-08-09T14:02:09","guid":{"rendered":"https:\/\/lacasadelamedicina.es\/product\/acheter-de-la-cocaine-a-partir-decailles-de-poisson-en-ligne\/"},"modified":"2024-08-09T14:02:09","modified_gmt":"2024-08-09T14:02:09","slug":"acheter-de-la-cocaine-a-partir-decailles-de-poisson-en-ligne","status":"publish","type":"product","link":"https:\/\/lacasadelamedicina.es\/fr\/produit\/acheter-de-la-cocaine-a-partir-decailles-de-poisson-en-ligne\/","title":{"rendered":"Acheter de la coca\u00efne \u00e0 partir d&rsquo;\u00e9cailles de poisson en ligne"},"content":{"rendered":"<h3>Achetez de la coca\u00efne \u00e0 base d&rsquo;\u00e9cailles de poisson en ligne.<\/h3>\n<p> L&rsquo;une des formes les plus pures de coca\u00efne disponibles aujourd&rsquo;hui est la coca\u00efne \u00e0 base d&rsquo;\u00e9cailles de poisson, qui devient de plus en plus populaire aupr\u00e8s des utilisateurs \u00e0 la recherche d&rsquo;une substance de haute qualit\u00e9. Les formes conventionnelles de coca\u00efne sont moins puissantes que la coca\u00efne \u00e0 base d&rsquo;\u00e9cailles de poisson, qui est parfois m\u00e9lang\u00e9e \u00e0 d&rsquo;autres stup\u00e9fiants pour la rendre plus forte. Ne cherchez pas plus loin que la pharmacie Dr. Lawsons si vous souhaitez acheter de la coca\u00efne \u00e0 base d&rsquo;\u00e9cailles de poisson en ligne au prix le plus bas. Acheter de la coca\u00efne \u00e0 base d&rsquo;\u00e9cailles de poisson en ligne &#8211;    <a href=\"https:\/\/drlawsonspharmacy\/contact-us\/\">CONTACT<\/a><\/p>\n<h3>Comment est fabriqu\u00e9e la coca\u00efne \u00e0 base d\u2019\u00e9cailles de poisson ?<\/h3>\n<p> Essayez la coca\u00efne en \u00e9cailles de poisson \u00e0 vendre si vous cherchez une nouvelle approche pour vous d\u00e9foncer. Elle est de couleur blanc nacr\u00e9 et est une coca\u00efne \u00e0 haute intensit\u00e9. Le terme \u00ab coca\u00efne en \u00e9cailles de poisson \u00bb fait r\u00e9f\u00e9rence \u00e0 son apparence distinctive. La coca\u00efne en \u00e9cailles de poisson est fabriqu\u00e9e en m\u00e9langeant du bicarbonate de soude ou un anesth\u00e9sique local actif avec de la poudre de coca\u00efne pure pour cr\u00e9er une base qui est chauff\u00e9e jusqu&rsquo;\u00e0 ce qu&rsquo;elle se liqu\u00e9fie, puis filtr\u00e9e, vers\u00e9e et refroidie. Ces formes produisent une masse semblable \u00e0 du mastic qui, une fois refroidie, est divis\u00e9e en \u00ab \u00e9cailles de poisson \u00bb de taille \u00e9gale du produit contenant de la coca\u00efne. Cela cr\u00e9e un march\u00e9 consid\u00e9rable pour les personnes qui cherchent \u00e0 l&rsquo;utiliser comme drogue r\u00e9cr\u00e9ative. Ces morceaux peuvent ensuite \u00eatre transform\u00e9s en poudre ou vendus comme tels. Vous pouvez acheter de la coca\u00efne en \u00e9cailles de poisson en ligne, soit en vrac, soit au gramme chez Dr Lawsons Pharmacy.        <\/p>\n<h3>Avantages et effets secondaires de la coca\u00efne \u00e0 base d&rsquo;\u00e9cailles de poisson<\/h3>\n<p> La meilleure option pour la coca\u00efne \u00e0 la fois puissante et addictive est la coca\u00efne \u00e0 \u00e9cailles de poisson. La coca\u00efne \u00e0 \u00e9cailles de poisson diff\u00e8re des autres types de coca\u00efne de plusieurs mani\u00e8res, notamment par l&rsquo;intensit\u00e9 des hauts et des bas. Vous pouvez \u00eatre s\u00fbr de vivre la meilleure exp\u00e9rience possible car la coca\u00efne \u00e0 \u00e9cailles de poisson est \u00e9galement disponible en haute qualit\u00e9. Elle est id\u00e9ale pour une utilisation par courtes doses ou lorsque vous n&rsquo;avez pas le temps de prendre une dose compl\u00e8te, car elle dure environ deux heures une fois prise. La coca\u00efne \u00e0 \u00e9cailles de poisson n&rsquo;est qu&rsquo;une autre forme de la substance que les gens aiment utiliser ; elle n&rsquo;a aucun effet n\u00e9gatif sur la sant\u00e9 ou sur la loi. Un type de coca\u00efne puissant appel\u00e9 \u00ab coca\u00efne \u00e0 \u00e9cailles de poisson \u00bb a r\u00e9cemment gagn\u00e9 en popularit\u00e9. Bien qu&rsquo;elle puisse produire un high puissant, elle peut \u00e9galement avoir des cons\u00e9quences n\u00e9gatives qui peuvent \u00eatre fatales. Avant de prendre de la coca\u00efne \u00e0 \u00e9cailles de poisson, il est important de vous renseigner sur le processus de fabrication de la drogue, ses avantages et ses risques potentiels, et sur les endroits o\u00f9 l&rsquo;obtenir l\u00e9galement. Les personnes qui choisissent d\u2019acheter de la coca\u00efne Fishscale en ligne en gros ou en petites doses sont en fin de compte responsables de prendre des d\u00e9cisions \u00e9clair\u00e9es concernant leur propre sant\u00e9 et leur bien-\u00eatre.         <\/p>\n<h3>O\u00f9 acheter de la coca\u00efne Fishscale en ligne ?<\/h3>\n<p> Chez Dr. Lawsons Pharmacy, le stockage s\u00e9curis\u00e9 des stup\u00e9fiants est notre priorit\u00e9 absolue, c&rsquo;est pourquoi nous n&rsquo;achetons de la coca\u00efne Fishscale qu&rsquo;aupr\u00e8s de fournisseurs r\u00e9put\u00e9s. Pour vous assurer de recevoir un produit de haute qualit\u00e9, toute notre coca\u00efne Fishscale est soumise \u00e0 des contr\u00f4les de qualit\u00e9 et \u00e0 des m\u00e9thodes de test rigoureux. Pour garantir une livraison en toute s\u00e9curit\u00e9, nous emballons et transportons notre coca\u00efne Fishscale en vente en ligne de mani\u00e8re discr\u00e8te et soign\u00e9e. Commandez de la coca\u00efne Fishscale en gros maintenant !    &nbsp;<\/p>\n","protected":false},"excerpt":{"rendered":"<p>&nbsp;<\/p>\n","protected":false},"featured_media":18695,"comment_status":"closed","ping_status":"closed","template":"","meta":{"om_disable_all_campaigns":false,"_sitemap_exclude":false,"_sitemap_priority":"","_sitemap_frequency":"","_monsterinsights_skip_tracking":false,"_monsterinsights_sitenote_active":false,"_monsterinsights_sitenote_note":"","_monsterinsights_sitenote_category":0},"product_cat":[19626],"product_tag":[20243,20244,20250,20260,20256,20253,20251,20262,20259,20252,20246,20257,20247,20263,20258,20264,20261,20254,20245,20249,20255,20248],"class_list":{"0":"post-28912","1":"product","2":"type-product","3":"status-publish","4":"has-post-thumbnail","6":"product_cat-cocaine-fr","7":"product_tag-acheter-de-la-cocaine-a-partir-decailles-de-poisson","8":"product_tag-acheter-de-la-cocaine-a-partir-decailles-de-poisson-en-ligne","9":"product_tag-acheter-de-la-cocaine-a-partir-decailles-de-poisson-en-ligne-en-europe","10":"product_tag-cocaine-a-partir-decailles-de-poisson-en-europe-a-prix-reduit","11":"product_tag-cocaine-a-partir-decailles-de-poisson-en-ligne-en-europe","12":"product_tag-cocaine-a-partir-decailles-de-poisson-livraison-gratuite-en-europe","13":"product_tag-cocaine-a-partir-decailles-de-poisson-meilleur-prix-europe","14":"product_tag-cocaine-authentique-issue-decailles-de-poisson-europe","15":"product_tag-cocaine-provenant-decailles-de-poisson-en-europe","16":"product_tag-commander-de-la-cocaine-a-partir-decailles-de-poisson-dans-lue","17":"product_tag-commander-de-la-cocaine-a-partir-decailles-de-poisson-en-ligne","18":"product_tag-de-la-cocaine-bon-marche-a-partir-decailles-de-poisson-en-europe","19":"product_tag-effets-de-la-cocaine-sur-les-ecailles-de-poisson","20":"product_tag-fournisseurs-europeens-de-cocaine-a-partir-decailles-de-poisson","21":"product_tag-leurope-vend-de-la-cocaine-a-partir-decailles-de-poisson","22":"product_tag-la-cocaine-a-partir-decailles-de-poisson-revue-europeenne","23":"product_tag-livraison-de-cocaine-a-partir-decailles-de-poisson-en-europe","24":"product_tag-ou-acheter-de-la-cocaine-a-partir-decailles-de-poisson-en-europe","25":"product_tag-ou-acheter-de-la-cocaine-a-partir-decailles-de-poisson-en-ligne","26":"product_tag-quelle-est-la-quantite-de-cocaine-contenue-dans-les-ecailles-de-poisson","27":"product_tag-vente-de-cocaine-a-partir-decailles-de-poisson-en-europe","28":"product_tag-vente-en-ligne-de-cocaine-a-partir-decailles-de-poisson","30":"first","31":"instock","32":"shipping-taxable","33":"purchasable","34":"product-type-variable","35":"farmacie-col"},"aioseo_notices":[],"_links":{"self":[{"href":"https:\/\/lacasadelamedicina.es\/fr\/wp-json\/wp\/v2\/product\/28912"}],"collection":[{"href":"https:\/\/lacasadelamedicina.es\/fr\/wp-json\/wp\/v2\/product"}],"about":[{"href":"https:\/\/lacasadelamedicina.es\/fr\/wp-json\/wp\/v2\/types\/product"}],"replies":[{"embeddable":true,"href":"https:\/\/lacasadelamedicina.es\/fr\/wp-json\/wp\/v2\/comments?post=28912"}],"wp:featuredmedia":[{"embeddable":true,"href":"https:\/\/lacasadelamedicina.es\/fr\/wp-json\/wp\/v2\/media\/18695"}],"wp:attachment":[{"href":"https:\/\/lacasadelamedicina.es\/fr\/wp-json\/wp\/v2\/media?parent=28912"}],"wp:term":[{"taxonomy":"product_cat","embeddable":true,"href":"https:\/\/lacasadelamedicina.es\/fr\/wp-json\/wp\/v2\/product_cat?post=28912"},{"taxonomy":"product_tag","embeddable":true,"href":"https:\/\/lacasadelamedicina.es\/fr\/wp-json\/wp\/v2\/product_tag?post=28912"}],"curies":[{"name":"wp","href":"https:\/\/api.w.org\/{rel}","templated":true}]}}