{"id":28904,"date":"2024-08-09T14:02:09","date_gmt":"2024-08-09T14:02:09","guid":{"rendered":"https:\/\/lacasadelamedicina.es\/product\/acheter-du-mercure-liquide-rouge-en-ligne\/"},"modified":"2024-08-09T14:02:09","modified_gmt":"2024-08-09T14:02:09","slug":"acheter-du-mercure-liquide-rouge-en-ligne","status":"publish","type":"product","link":"https:\/\/lacasadelamedicina.es\/fr\/produit\/acheter-du-mercure-liquide-rouge-en-ligne\/","title":{"rendered":"Acheter du mercure liquide rouge en ligne"},"content":{"rendered":"<h2>Mercure liquide rouge &#8211; Acheter du mercure liquide rouge en ligne, du mercure liquide rouge \u00e0 vendre en Europe<\/h2>\n<p> Achetez du mercure liquide rouge &#8211; Dr Lawsons Pharmacy est la meilleure boutique en ligne o\u00f9 vous pouvez acheter du mercure liquide rouge et commander du mercure liquide rouge en Europe au meilleur prix et \u00e0 bas prix. <a href=\"https:\/\/drlawsonspharmacy\/contact-us\/\"><a href=\"https:\/\/drlawsonspharmacy\/contact-us\/\">CONTACT &#8211; Acheter du mercure liquide rouge en ligne<\/a><\/a><\/p>\n<h3>Qu&rsquo;est-ce que le mercure liquide rouge ?<\/h3>\n<p> Le mercure liquide rouge cerise, parfois appel\u00e9 mercure liquide rouge en ligne, est un semi-liquide. Le d\u00e9veloppement et la fabrication d&rsquo;armes nucl\u00e9aires sont entour\u00e9s d&rsquo;un secret incroyable. Il a une densit\u00e9 \u00e9lev\u00e9e de 20,2 g\/cm3. Il est souvent utilis\u00e9 pour la composition ambigu\u00eb des armes nucl\u00e9aires et est consid\u00e9r\u00e9 comme une ruse des escrocs.    <\/p>\n<h3>Avantages du mercure liquide rouge :<\/h3>\n<p> Ce composant est \u00e9galement important pour la sant\u00e9 humaine. Il est utilis\u00e9 dans le processus de feutrage pour la fabrication de chapeaux, utilis\u00e9 dans l&rsquo;exploitation mini\u00e8re pour fabriquer un amalgame d&rsquo;or et d&rsquo;argent qui est utilis\u00e9 par les travailleurs d\u00e9favoris\u00e9s. Comment utiliser le mercure liquide rouge ? Pour \u00eatre plus prudent lors de l&rsquo;utilisation d&rsquo;un tel appareil, il faut faire attention aux petites pointes. Le mercure sous forme liquide rouge doit \u00eatre manipul\u00e9 par et avec des gants de protection. Cela garantit que nous pouvons faire face \u00e0 n&rsquo;importe quelle situation.      <\/p>\n<h3>O\u00f9 acheter du mercure liquide rouge ?<\/h3>\n<p> L&rsquo;une des entreprises l\u00e9gales certifi\u00e9es ISO qui fabrique du mercure liquide rouge de haute qualit\u00e9 est la pharmacie Dr. Lawsons. Nous nous engageons \u00e0 fournir du mercure \u00e0 un prix de march\u00e9 \u00e9quitable sans jamais compromettre la qualit\u00e9. Par cons\u00e9quent, vous pouvez commander du mercure liquide rouge \u00e0 tout moment.   <\/p>\n<h3>Pourquoi acheter du mercure liquide rouge chez LegitChemicals ?<\/h3>\n<p> Nous proposons uniquement des produits naturels. Nous livrons \u00e0 temps dans de nombreuses r\u00e9gions. Pratique \u00e0 utiliser dans toutes les situations   <strong>Commander du mercure liquide rouge &#8211; Acheter du mercure liquide rouge en ligne &#8211; Acheter du mercure rouge <\/strong><\/p>\n<h3>Comment acheter du mercure liquide rouge ?<\/h3>\n<p> L&rsquo;utilisation du mercure liquide rouge en vente en Europe permet \u00e0 l&rsquo;acheteur de le commander pour beaucoup moins d&rsquo;argent. C&rsquo;est un bon conducteur \u00e9lectrique qui a \u00e9t\u00e9 utilis\u00e9 dans la construction d&rsquo;interrupteurs et de batteries.<\/p>\n","protected":false},"excerpt":{"rendered":"<p>&nbsp;<\/p>\n","protected":false},"featured_media":18320,"comment_status":"closed","ping_status":"closed","template":"","meta":{"om_disable_all_campaigns":false,"_sitemap_exclude":false,"_sitemap_priority":"","_sitemap_frequency":"","_monsterinsights_skip_tracking":false,"_monsterinsights_sitenote_active":false,"_monsterinsights_sitenote_note":"","_monsterinsights_sitenote_category":0},"product_cat":[19407],"product_tag":[20109,20110,20115,20129,20124,20121,20114,20108,20117,20112,20128,20127,20126,20118,20116,20122,20123,20119,20111,20125,20120,20113],"class_list":{"0":"post-28904","1":"product","2":"type-product","3":"status-publish","4":"has-post-thumbnail","6":"product_cat-recherche-sur-les-produits-chimiques-et-les-psychedeliques","7":"product_tag-acheter-du-mercure-liquide-rouge","8":"product_tag-acheter-du-mercure-liquide-rouge-en-ligne","9":"product_tag-acheter-du-mercure-liquide-rouge-en-ligne-en-europe","10":"product_tag-avis-sur-le-mercure-liquide-rouge-en-europe","11":"product_tag-boutique-de-mercure-liquide-rouge-europe","12":"product_tag-boutique-en-ligne-de-mercure-liquide-rouge-europe","13":"product_tag-combien-coute-le-mercure-liquide-rouge","14":"product_tag-commander-du-mercure-liquide-rouge-en-ligne","15":"product_tag-commander-du-mercure-liquide-rouge-ue","16":"product_tag-effets-du-mercure-liquide-rouge","17":"product_tag-fournisseurs-europeens-de-mercure-liquide-rouge","18":"product_tag-mercure-liquide-rouge-authentique-europe","19":"product_tag-mercure-liquide-rouge-livraison-europe","20":"product_tag-mercure-liquide-rouge-livraison-gratuite-europe","21":"product_tag-mercure-liquide-rouge-meilleur-prix-europe","22":"product_tag-mercure-liquide-rouge-pas-cher-en-europe","23":"product_tag-offres-sur-le-mercure-liquide-rouge-en-europe","24":"product_tag-ou-acheter-du-mercure-liquide-rouge-en-europe","25":"product_tag-ou-acheter-du-mercure-liquide-rouge-en-ligne","26":"product_tag-remise-sur-le-mercure-liquide-rouge-en-europe","27":"product_tag-vente-de-mercure-liquide-rouge-en-europe","28":"product_tag-vente-en-ligne-de-mercure-liquide-rouge","30":"first","31":"instock","32":"shipping-taxable","33":"purchasable","34":"product-type-variable","35":"farmacie-col"},"aioseo_notices":[],"_links":{"self":[{"href":"https:\/\/lacasadelamedicina.es\/fr\/wp-json\/wp\/v2\/product\/28904"}],"collection":[{"href":"https:\/\/lacasadelamedicina.es\/fr\/wp-json\/wp\/v2\/product"}],"about":[{"href":"https:\/\/lacasadelamedicina.es\/fr\/wp-json\/wp\/v2\/types\/product"}],"replies":[{"embeddable":true,"href":"https:\/\/lacasadelamedicina.es\/fr\/wp-json\/wp\/v2\/comments?post=28904"}],"wp:featuredmedia":[{"embeddable":true,"href":"https:\/\/lacasadelamedicina.es\/fr\/wp-json\/wp\/v2\/media\/18320"}],"wp:attachment":[{"href":"https:\/\/lacasadelamedicina.es\/fr\/wp-json\/wp\/v2\/media?parent=28904"}],"wp:term":[{"taxonomy":"product_cat","embeddable":true,"href":"https:\/\/lacasadelamedicina.es\/fr\/wp-json\/wp\/v2\/product_cat?post=28904"},{"taxonomy":"product_tag","embeddable":true,"href":"https:\/\/lacasadelamedicina.es\/fr\/wp-json\/wp\/v2\/product_tag?post=28904"}],"curies":[{"name":"wp","href":"https:\/\/api.w.org\/{rel}","templated":true}]}}