{"id":28886,"date":"2024-08-09T14:02:09","date_gmt":"2024-08-09T14:02:09","guid":{"rendered":"https:\/\/lacasadelamedicina.es\/product\/achetez-sgt-78-en-ligne\/"},"modified":"2024-08-09T14:02:09","modified_gmt":"2024-08-09T14:02:09","slug":"achetez-sgt-78-en-ligne","status":"publish","type":"product","link":"https:\/\/lacasadelamedicina.es\/fr\/produit\/achetez-sgt-78-en-ligne\/","title":{"rendered":"Achetez SGT-78 en ligne"},"content":{"rendered":"<h3><span lang=\"EN-US\">SGT-78 &#8211; Achetez SGT-78 en ligne, SGT-78 \u00e0 vendre, Commandez SGT-78 en ligne. <\/span><\/h3>\n<p> Achetez SGT-78 en ligne &#8211; La pharmacie Dr. Lawsons propose d\u00e9sormais SGT-78 \u00e0 l&rsquo;achat en ligne. Notre soci\u00e9t\u00e9 propose la vente de SGT-78 et les commandes en ligne de SGT-78. Commandez SGT-78 en toute l\u00e9galit\u00e9 d\u00e8s maintenant ! Achetez SGT-78 en ligne &#8211;    <a href=\"https:\/\/drlawsonspharmacy\/contact-us\/\">CONTACT<\/a><\/p>\n<h3><span lang=\"EN-US\">Qu&rsquo;est-ce que le SGT-78 ? <\/span><\/h3>\n<p> Les effets physiologiques et psychotropes du produit chimique de synth\u00e8se de la drogue, <a href=\"https:\/\/dieapotheke247.com\/\">C22H24N4O,<\/a> sont souvent induits par celui-ci. La signification de la formule est 360,5 g\/mol. Personne ne conna\u00eet les effets toxicologiques ou physiologiques de la commande en ligne de Sgt 78. Les r\u00e9cepteurs cannabino\u00efdes p\u00e9riph\u00e9riques CB1 et CB2 peuvent interagir fortement avec les cannabino\u00efdes synth\u00e9tiques. Un cannabino\u00efde synth\u00e9tique bas\u00e9 sur l&rsquo;indazole-3-carboxamide qui est vendu en ligne comme m\u00e9dicament en d\u00e9veloppement s&rsquo;appelle SGT-78. Il a des valeurs CE50 in vitro de 0,58 nM et 6,12 nM pour les r\u00e9cepteurs cannabino\u00efdes CB1 et CB2, respectivement, ce qui en fait un agoniste puissant. Des preuves anecdotiques sugg\u00e8rent que le CUMYL-4CN-BINACA a une dose \u00e9nerg\u00e9tique d&rsquo;environ 0,1 mg chez l&rsquo;homme et qu&rsquo;il pr\u00e9sente des effets hypothermiques et anticonvulsivants chez la souris lorsqu&rsquo;il est administr\u00e9 via le r\u00e9cepteur CB1. Le m\u00e9tabolisme du CUMYL-4CN-BINACA produit du cyanure, ce qui soul\u00e8ve des inqui\u00e9tudes quant aux l\u00e9sions h\u00e9patiques. L&rsquo;administration de CUMYL-4CN-BINACA a \u00e9t\u00e9 associ\u00e9e \u00e0 une survenue d&rsquo;hyperthermie, de rhabdomyolyse et d&rsquo;insuffisance r\u00e9nale.         <\/p>\n<h3><span lang=\"EN-US\">Acheter SGT-78 en ligne &#8211; Sur quoi repose le SGT-78 ?<\/span><\/h3>\n<p> Le SGT-78, \u00e9galement connu sous le nom de CUMYL-4CN-BINACA, est un cannabino\u00efde synth\u00e9tique \u00e0 base d&rsquo;indazole-3-carboxamide. Il a \u00e9t\u00e9 propos\u00e9 \u00e0 la vente en ligne comme drogue de synth\u00e8se, par exemple. De plus, c&rsquo;est un agoniste puissant des r\u00e9cepteurs cannabino\u00efdes CB1 et CB2. Enfin, des valeurs CE50 in vitro de 0,58 nM et 6,12 nM ont \u00e9t\u00e9 trouv\u00e9es, respectivement. Le SGT-78 utilise le r\u00e9cepteur CB1 chez la souris pour lib\u00e9rer des substances hypothermiques et anticonvulsivantes. Des rapports anecdotiques indiquent que la dose \u00e9nerg\u00e9tique chez l&rsquo;homme est d&rsquo;environ 0,1 mg. Le m\u00e9tabolisme du SGT-78 produit du cyanure, ce qui soul\u00e8ve des inqui\u00e9tudes quant \u00e0 la toxicit\u00e9 h\u00e9patique. De plus, son utilisation a \u00e9t\u00e9 li\u00e9e \u00e0 la rhabdomyolyse, \u00e0 l&rsquo;insuffisance r\u00e9nale et \u00e0 l&rsquo;hyperthermie s\u00e9v\u00e8re. De plus, la norme de r\u00e9f\u00e9rence analytique 5FAEB2201, une substance utilis\u00e9e dans les applications m\u00e9dico-l\u00e9gales et scientifiques, est structurellement identique \u00e0 ce cannabino\u00efde synth\u00e9tique. Achetez SGT-78 en ligne aux \u00c9tats-Unis pour obtenir des produits de qualit\u00e9 sup\u00e9rieure. Tout d&rsquo;abord, le cannabis produit un certain nombre de substances appel\u00e9es cannabino\u00efdes. Beaucoup d&rsquo;entre eux ne sont pas pr\u00e9sents dans d&rsquo;autres plantes. Combien exactement ? C&rsquo;est difficile \u00e0 dire. On pr\u00e9tend souvent que le cannabis produit des dizaines, voire plus de 100 cannabino\u00efdes v\u00e9g\u00e9taux diff\u00e9rents. Il est \u00e9galement difficile de d\u00e9terminer la quantit\u00e9 exacte. La plupart sont \u00e9galement insuffisamment pr\u00e9sents, en particulier dans les produits \u00e0 base de cannabis industriel. Pour cette raison, il est difficile pour les scientifiques de les d\u00e9terminer avec pr\u00e9cision. Le fait qu&rsquo;il y en ait beaucoup est crucial.                   <\/p>\n<h3><strong>Commandez le SGT-78<\/strong><\/h3>\n<p> Il n\u2019existe cependant aucun moyen infaillible de d\u00e9tecter l\u2019abus de drogues de synth\u00e8se et de produits chimiques de recherche. Dans d\u2019autres cas, ces substances se comportent diff\u00e9remment de la substance d\u2019origine et les signes et sympt\u00f4mes de leur utilisation et de leur abus peuvent \u00eatre tr\u00e8s diff\u00e9rents. Il peut toutefois \u00eatre utile de se familiariser avec les sympt\u00f4mes et les indicateurs pour reconna\u00eetre l\u2019abus de drogues de recherche. En r\u00e9sum\u00e9, ces drogues partagent de nombreuses similitudes et sont apparent\u00e9es aux drogues de synth\u00e8se bien connues qui sont vendues \u00e0 mesure que les informations deviennent disponibles.    &nbsp;<\/p>\n","protected":false},"excerpt":{"rendered":"<p>&nbsp;<\/p>\n","protected":false},"featured_media":18290,"comment_status":"closed","ping_status":"closed","template":"","meta":{"om_disable_all_campaigns":false,"_sitemap_exclude":false,"_sitemap_priority":"","_sitemap_frequency":"","_monsterinsights_skip_tracking":false,"_monsterinsights_sitenote_active":false,"_monsterinsights_sitenote_note":"","_monsterinsights_sitenote_category":0},"product_cat":[19407],"product_tag":[20064,20066,20071,20083,20077,20080,20070,20065,20073,20068,20084,20082,20079,20067,20075,20081,20085,20078,20074,20072,20069,20076],"class_list":{"0":"post-28886","1":"product","2":"type-product","3":"status-publish","4":"has-post-thumbnail","6":"product_cat-recherche-sur-les-produits-chimiques-et-les-psychedeliques","7":"product_tag-acheter-sgt-78","8":"product_tag-acheter-sgt-78-en-ligne","9":"product_tag-acheter-sgt-78-en-ligne-en-europe","10":"product_tag-authentique-sgt-78-europe","11":"product_tag-boutique-en-ligne-sgt-78-europe","12":"product_tag-boutique-sgt-78-europe","13":"product_tag-combien-coute-le-sgt-78","14":"product_tag-commander-sgt-78-en-ligne","15":"product_tag-commandez-sgt-78-ue","16":"product_tag-effets-du-sgt-78","17":"product_tag-fournisseurs-sgt-78-europe","18":"product_tag-livraison-du-sgt-78-en-europe","19":"product_tag-offres-sgt-78-europe","20":"product_tag-ou-acheter-sgt-78-en-ligne","21":"product_tag-ou-acheter-sgt-78-europe","22":"product_tag-remise-sur-le-sgt-78-europe","23":"product_tag-revue-du-sgt-78-europe","24":"product_tag-sgt-78-europe-pas-cher","25":"product_tag-sgt-78-livraison-gratuite-en-europe","26":"product_tag-sgt-78-meilleur-prix-europe","27":"product_tag-vente-en-ligne-du-sgt-78","28":"product_tag-vente-sgt-78-europe","30":"first","31":"instock","32":"shipping-taxable","33":"purchasable","34":"product-type-variable","35":"farmacie-col"},"aioseo_notices":[],"_links":{"self":[{"href":"https:\/\/lacasadelamedicina.es\/fr\/wp-json\/wp\/v2\/product\/28886"}],"collection":[{"href":"https:\/\/lacasadelamedicina.es\/fr\/wp-json\/wp\/v2\/product"}],"about":[{"href":"https:\/\/lacasadelamedicina.es\/fr\/wp-json\/wp\/v2\/types\/product"}],"replies":[{"embeddable":true,"href":"https:\/\/lacasadelamedicina.es\/fr\/wp-json\/wp\/v2\/comments?post=28886"}],"wp:featuredmedia":[{"embeddable":true,"href":"https:\/\/lacasadelamedicina.es\/fr\/wp-json\/wp\/v2\/media\/18290"}],"wp:attachment":[{"href":"https:\/\/lacasadelamedicina.es\/fr\/wp-json\/wp\/v2\/media?parent=28886"}],"wp:term":[{"taxonomy":"product_cat","embeddable":true,"href":"https:\/\/lacasadelamedicina.es\/fr\/wp-json\/wp\/v2\/product_cat?post=28886"},{"taxonomy":"product_tag","embeddable":true,"href":"https:\/\/lacasadelamedicina.es\/fr\/wp-json\/wp\/v2\/product_tag?post=28886"}],"curies":[{"name":"wp","href":"https:\/\/api.w.org\/{rel}","templated":true}]}}