{"id":28877,"date":"2024-08-09T14:02:09","date_gmt":"2024-08-09T14:02:09","guid":{"rendered":"https:\/\/lacasadelamedicina.es\/product\/achetez-sgt-67-en-ligne\/"},"modified":"2024-08-09T14:02:09","modified_gmt":"2024-08-09T14:02:09","slug":"achetez-sgt-67-en-ligne","status":"publish","type":"product","link":"https:\/\/lacasadelamedicina.es\/fr\/produit\/achetez-sgt-67-en-ligne\/","title":{"rendered":"Achetez SGT-67 en ligne"},"content":{"rendered":"<h3>Poudre SGT-67 &#8211; Achetez SGT-67 en ligne &#8211; SGT-67 \u00e0 vendre en ligne aux \u00c9tats-Unis<\/h3>\n<p> Le SGT-67 est l&rsquo;un des nombreux m\u00e9dicaments de synth\u00e8se ou cannabino\u00efdes synth\u00e9tiques. Le SGT-67 est un analogue du 5F-APICA dans lequel le groupe N-adamantyle est remplac\u00e9 par un groupe N-cumyle. Le 5F-CUMYL-PICA est consid\u00e9r\u00e9 comme un agoniste des r\u00e9cepteurs cannabino\u00efdes. Cet article a \u00e9t\u00e9 cr\u00e9\u00e9 \u00e0 des fins m\u00e9dico-l\u00e9gales et de recherche. Cliquez simplement sur le bouton \u00ab Acheter maintenant \u00bb de la pharmacie du Dr Lawson pour commander un SGT-67 en ligne. Pour \u00e9valuer le m\u00e9tabolisme et la clairance du produit chimique de recherche \u00e0 l&rsquo;aide de microsomes et d&rsquo;h\u00e9patocytes h\u00e9patiques de rat et d&rsquo;humain, une \u00e9tude sur le SGT-67 a compar\u00e9 des \u00e9chantillons d&rsquo;urine au plasma de rat in vivo.      <a href=\"https:\/\/drlawsonspharmacy\/contact-us\/\">CONTACT<\/a><\/p>\n<h3>Comment puis-je en savoir plus sur le SGT-67 ?<\/h3>\n<p> Le SGT-67 en pharmacologie Il s\u2019agit essentiellement d\u2019un cannabino\u00efde synth\u00e9tique de la famille des indazoles, bien que sa pharmacologie soit peu \u00e9tudi\u00e9e. La principale diff\u00e9rence entre lui et son prochain d\u00e9riv\u00e9 est que l\u2019ancien groupe N-adamantyle a \u00e9t\u00e9 remplac\u00e9 par un groupe N-cumyle. Tout comme le 5F est s\u00e9lectif pour le r\u00e9cepteur CB2, il devrait \u00e9galement \u00eatre s\u00e9lectif pour le r\u00e9cepteur CB1. Le SGT-67 USA n\u2019est pas connu pour \u00eatre une substance contr\u00f4l\u00e9e dans aucun pays majeur, bien qu\u2019il puisse \u00eatre consid\u00e9r\u00e9 comme un analogue du SGT-25, qui est ill\u00e9gal dans plusieurs pays. Les propri\u00e9t\u00e9s biologiques et toxicologiques de ce m\u00e9dicament font actuellement l\u2019objet de recherches. Il n\u2019est pas destin\u00e9 \u00e0 \u00eatre utilis\u00e9 sur des animaux de quelque nature que ce soit, y compris les humains. Le SGT-67, qui est disponible aupr\u00e8s de la pharmacie Dr. Lawsons, le principal d\u00e9taillant en ligne, est le meilleur r\u00e9sultat de l\u2019\u00e9tude.       <\/p>\n<h3>Quelles sont les raisons de choisir le SGT-67 ?<\/h3>\n<p> Il s&rsquo;agit d&rsquo;une boutique en ligne fiable o\u00f9 les clients peuvent acheter des produits SGT-67 USA de haute qualit\u00e9 ainsi que d&rsquo;autres articles. Pour y parvenir, vous devez acheter du SGT-67 dans un magasin qui dispose de toutes les informations n\u00e9cessaires sur le produit chimique. Nous avons une \u00e9quipe de chimistes qui peuvent vous fournir des informations pertinentes. Nous fournissons du SGT-67 et des produits chimiques tels que le 4F-MDMB-2201 et le SGT-263 \u00e0 la Chine et \u00e0 d&rsquo;autres pays. Plusieurs pharmacies, coll\u00e8ges et laboratoires ach\u00e8tent du SGT-67 en gros pour leurs \u00e9tudes. Nous sommes un fabricant r\u00e9put\u00e9 qui personnalise ses produits en fonction des exigences de ses clients.      <\/p>\n<h3>Acheter SGT-67 en ligne &#8211; Comment acheter le SGT-67 ?<\/h3>\n<p> Pour garantir la satisfaction de nos clients, la pharmacie Dr. Lawsons va au-del\u00e0 de nos attentes. <\/p>\n<ul>\n<li>Nous proposons \u00e0 la vente des SGT-67 de haute qualit\u00e9 \u00e0 des prix tr\u00e8s bas pour les clients du monde entier. Contactez-nous imm\u00e9diatement pour des services de premier ordre. <\/li>\n<li>De plus, nous vendons une large gamme de produits chimiques.<\/li>\n<li>Si vous avez besoin de produits chimiques qui ne sont pas r\u00e9pertori\u00e9s sur notre site Web, contactez-nous et nous vous ferons savoir s&rsquo;ils sont disponibles et comment nous pouvons vous les faire parvenir.<\/li>\n<\/ul>\n<p> La poudre SGT-67 que vous achetez sera livr\u00e9e face vers le bas et emball\u00e9e dans du papier aluminium. Selon l&rsquo;endroit o\u00f9 vous vivez, nous pouvons exp\u00e9dier avec diff\u00e9rentes soci\u00e9t\u00e9s de transport. Vous pouvez \u00e9galement acheter du SGT-67 en ligne. Contactez-nous pour plus de d\u00e9tails. Nous proposons un r\u00e9seau de livraison fiable et rapide pr\u00eat \u00e0 transporter des marchandises dans le monde entier. Cliquez ici pour en savoir plus sur le SGT-67.      &nbsp;<\/p>\n","protected":false},"excerpt":{"rendered":"<p>&nbsp;<\/p>\n","protected":false},"featured_media":18275,"comment_status":"closed","ping_status":"closed","template":"","meta":{"om_disable_all_campaigns":false,"_sitemap_exclude":false,"_sitemap_priority":"","_sitemap_frequency":"","_monsterinsights_skip_tracking":false,"_monsterinsights_sitenote_active":false,"_monsterinsights_sitenote_note":"","_monsterinsights_sitenote_category":0},"product_cat":[19407],"product_tag":[20042,20044,20049,20061,20055,20058,20048,20043,20051,20046,20062,20060,20057,20045,20053,20059,20063,20056,20052,20050,20047,20054],"class_list":{"0":"post-28877","1":"product","2":"type-product","3":"status-publish","4":"has-post-thumbnail","6":"product_cat-recherche-sur-les-produits-chimiques-et-les-psychedeliques","7":"product_tag-acheter-sgt-67","8":"product_tag-acheter-sgt-67-en-ligne","9":"product_tag-acheter-sgt-67-en-ligne-en-europe","10":"product_tag-authentique-sgt-67-europe","11":"product_tag-boutique-en-ligne-sgt-67-europe","12":"product_tag-boutique-sgt-67-europe","13":"product_tag-combien-coute-le-sgt-67","14":"product_tag-commander-sgt-67-en-ligne","15":"product_tag-commandez-sgt-67-ue","16":"product_tag-effets-du-sgt-67","17":"product_tag-fournisseurs-sgt-67-europe","18":"product_tag-livraison-du-sgt-67-en-europe","19":"product_tag-offres-sgt-67-europe","20":"product_tag-ou-acheter-sgt-67-en-ligne","21":"product_tag-ou-acheter-sgt-67-europe","22":"product_tag-remise-sur-le-sgt-67-europe","23":"product_tag-revue-du-sgt-67-europe","24":"product_tag-sgt-67-europe-pas-cher","25":"product_tag-sgt-67-livraison-gratuite-en-europe","26":"product_tag-sgt-67-meilleur-prix-europe","27":"product_tag-vente-en-ligne-du-sgt-67","28":"product_tag-vente-sgt-67-europe","30":"first","31":"instock","32":"shipping-taxable","33":"purchasable","34":"product-type-variable","35":"farmacie-col"},"aioseo_notices":[],"_links":{"self":[{"href":"https:\/\/lacasadelamedicina.es\/fr\/wp-json\/wp\/v2\/product\/28877"}],"collection":[{"href":"https:\/\/lacasadelamedicina.es\/fr\/wp-json\/wp\/v2\/product"}],"about":[{"href":"https:\/\/lacasadelamedicina.es\/fr\/wp-json\/wp\/v2\/types\/product"}],"replies":[{"embeddable":true,"href":"https:\/\/lacasadelamedicina.es\/fr\/wp-json\/wp\/v2\/comments?post=28877"}],"wp:featuredmedia":[{"embeddable":true,"href":"https:\/\/lacasadelamedicina.es\/fr\/wp-json\/wp\/v2\/media\/18275"}],"wp:attachment":[{"href":"https:\/\/lacasadelamedicina.es\/fr\/wp-json\/wp\/v2\/media?parent=28877"}],"wp:term":[{"taxonomy":"product_cat","embeddable":true,"href":"https:\/\/lacasadelamedicina.es\/fr\/wp-json\/wp\/v2\/product_cat?post=28877"},{"taxonomy":"product_tag","embeddable":true,"href":"https:\/\/lacasadelamedicina.es\/fr\/wp-json\/wp\/v2\/product_tag?post=28877"}],"curies":[{"name":"wp","href":"https:\/\/api.w.org\/{rel}","templated":true}]}}