{"id":28869,"date":"2024-08-09T14:02:09","date_gmt":"2024-08-09T14:02:09","guid":{"rendered":"https:\/\/lacasadelamedicina.es\/product\/achetez-sgt-263-en-ligne\/"},"modified":"2024-08-09T14:02:09","modified_gmt":"2024-08-09T14:02:09","slug":"achetez-sgt-263-en-ligne","status":"publish","type":"product","link":"https:\/\/lacasadelamedicina.es\/fr\/produit\/achetez-sgt-263-en-ligne\/","title":{"rendered":"Achetez SGT-263 en ligne"},"content":{"rendered":"<h3>Poudre SGT-263 &#8211; Achetez SGT-263 en ligne, SGT-263 \u00e0 vendre aux \u00c9tats-Unis<\/h3>\n<p> Le SGT-263 est un compos\u00e9 tr\u00e8s puissant dont la formule chimique est le 1-5-fluoroph\u00e9nyl-N-2-ph\u00e9nylpropan-2-yl-7-azaindole-3-carboxamide, qui partage une zone avec le MMB-CHMINACA. La commande en ligne de SGT-263 est possible partout dans le monde. Seuls les \u00c9tats-Unis, le Royaume-Uni et l&rsquo;Australie peuvent nous contacter. Notre pharmacie chimique en ligne est ouverte 24 heures sur 24. Nous sommes pr\u00eats \u00e0 vous aider \u00e0 tout moment. Vous souhaitez obtenir du SGT-263 en ligne pour moins d&rsquo;argent ? Commandez-le d\u00e8s maintenant. Achetez du SGT-263 en ligne &#8211;       <a href=\"https:\/\/drlawsonspharmacy\/contact-us\/\">CONTACT<\/a><\/p>\n<h3>Acheter SGT-263 en ligne &#8211; Qu&rsquo;est-ce que SGT-263 ?<\/h3>\n<p> Ce cannabino\u00efde synth\u00e9tique plus moderne ouvre un large \u00e9ventail de nouvelles possibilit\u00e9s d&rsquo;investigation. Pour une utilisation et une analyse m\u00e9dico-l\u00e9gales, des cannabino\u00efdes synth\u00e9tiques sont propos\u00e9s sur ce site Web. Avec la formule chimique C22H24N40, il s&rsquo;agit d&rsquo;un m\u00e9dicament de synth\u00e8se qui peut \u00eatre utilis\u00e9 pour produire des m\u00e9dicaments psychotropes et physiologiques. Le syst\u00e8me a une masse de 360,5 g\/mol. Il est possible qu&rsquo;ils aient une affinit\u00e9 excessive pour les r\u00e9cepteurs cannabino\u00efdes CB1 et CB2 du syst\u00e8me nerveux p\u00e9riph\u00e9rique. Habituellement, le SGT-263 est vendu sous forme de poudre, mais si vous avez besoin de produits chimiques suppl\u00e9mentaires, veuillez nous contacter car nous avons plusieurs options. Le m\u00e9dicament vendu n&rsquo;a pas d&rsquo;autre usage pr\u00e9vu. Ils doivent \u00eatre appliqu\u00e9s aux animaux, aux aliments, aux m\u00e9dicaments, aux dispositifs m\u00e9dicaux, aux cosm\u00e9tiques ou \u00e0 d&rsquo;autres animaux uniquement \u00e0 des fins de diagnostic. Assurez-vous que votre espace de travail est \u00e9quip\u00e9 pour manipuler les produits chimiques de recherche et dispose d&rsquo;une ventilation ad\u00e9quate. Tous les clients peuvent acheter du SGT-263 \u00e0 la pharmacie du Dr Lawson.          <\/p>\n<h3>Dans quelle mesure le SGT-263 est-il s\u00fbr \u00e0 utiliser ?<\/h3>\n<p> Une surdose de Sgt. 263 doit \u00eatre trait\u00e9e imm\u00e9diatement par un m\u00e9decin pour s&rsquo;assurer que les voies respiratoires sont d\u00e9gag\u00e9es et que les signes vitaux sont stables. De nombreuses personnes ayant pris une surdose de Sgt. 263 se retrouvent aux urgences pour prot\u00e9ger leurs voies respiratoires. Pour plus d&rsquo;informations sur le Sgt. 263 et sur la fa\u00e7on de vous prot\u00e9ger, visitez le site Web de la Drug Foundation.   <\/p>\n<ul>\n<li>En g\u00e9n\u00e9ral, les faibles doses pr\u00e9sentent un risque moindre.<\/li>\n<li>Ne m\u00e9langez pas les m\u00e9dicaments car l\u2019effet de la combinaison peut \u00eatre impr\u00e9visible.<\/li>\n<li>\u00c9vitez de prendre deux fois la m\u00eame dose.<\/li>\n<li>Assurez-vous d\u2019\u00eatre avec des personnes en qui vous avez confiance et qui connaissent les premiers secours.<\/li>\n<\/ul>\n<p> Si vous \u00eates pr\u00e9occup\u00e9 par votre consommation d&rsquo;alcool ou de drogue, contactez le service client Alcool et drogues et achetez le Sgt-263 \u00e0 prix r\u00e9duit pour parler \u00e0 un analyste exp\u00e9riment\u00e9 qui pourra vous fournir de l&rsquo;aide, des informations et des conseils utiles. Tous les appels sont trait\u00e9s 24h\/24 et 7j\/7, de mani\u00e8re confidentielle et gratuite. Le Sgt-263 avec le groupe peut \u00e9galement \u00eatre command\u00e9 via le site Web.   <\/p>\n<h3>Comment passer une commande ?<\/h3>\n<p> Tous nos produits vous sont livr\u00e9s dans les d\u00e9lais gr\u00e2ce \u00e0 notre r\u00e9seau d\u00e9di\u00e9. Nous sommes une \u00e9quipe fiable dont l&rsquo;objectif principal est de satisfaire les clients. Passer votre commande de Sgt-263 en ligne vous aidera \u00e0 prendre une d\u00e9cision \u00e9clair\u00e9e. Nous vous promettons que la quantit\u00e9 et la qualit\u00e9 de nos produits r\u00e9pondront ou d\u00e9passeront vos attentes.    &nbsp;<\/p>\n","protected":false},"excerpt":{"rendered":"<p>Un ingr\u00e9dient commun \u00e0 de nombreuses poudres de cannabis synth\u00e9tiques est le SGT-263, un NOUVEAU cannabino\u00efde qui interagit avec les r\u00e9cepteurs cannabino\u00efdes. Le tout dernier cannabino\u00efde sur la sc\u00e8ne de la recherche chimique, le SGT-263, est arriv\u00e9 en exclusivit\u00e9 ici, annonce Dr. Lawsons Pharmacy.  &nbsp;<\/p>\n","protected":false},"featured_media":18260,"comment_status":"closed","ping_status":"closed","template":"","meta":{"om_disable_all_campaigns":false,"_sitemap_exclude":false,"_sitemap_priority":"","_sitemap_frequency":"","_monsterinsights_skip_tracking":false,"_monsterinsights_sitenote_active":false,"_monsterinsights_sitenote_note":"","_monsterinsights_sitenote_category":0},"product_cat":[19407],"product_tag":[20020,20022,20027,20039,20033,20036,20026,20029,20021,20024,20040,20038,20035,20023,20031,20037,20041,20034,20030,20028,20025,20032],"class_list":{"0":"post-28869","1":"product","2":"type-product","3":"status-publish","4":"has-post-thumbnail","6":"product_cat-recherche-sur-les-produits-chimiques-et-les-psychedeliques","7":"product_tag-acheter-sgt-263","8":"product_tag-acheter-sgt-263-en-ligne","9":"product_tag-acheter-sgt-263-en-ligne-en-europe","10":"product_tag-authentique-sgt-263-europe","11":"product_tag-boutique-en-ligne-sgt-263-europe","12":"product_tag-boutique-sgt-263-europe","13":"product_tag-combien-coute-le-sgt-263","14":"product_tag-commande-sgt-263-ue","15":"product_tag-commander-sgt-263-en-ligne","16":"product_tag-effets-du-sgt-263","17":"product_tag-fournisseurs-sgt-263-europe","18":"product_tag-livraison-sgt-263-europe","19":"product_tag-offres-sgt-263-europe","20":"product_tag-ou-acheter-sgt-263-en-ligne","21":"product_tag-ou-acheter-sgt-263-europe","22":"product_tag-remise-sur-le-sgt-263-europe","23":"product_tag-revue-du-sgt-263-europe","24":"product_tag-sgt-263-europe-pas-cher","25":"product_tag-sgt-263-livraison-gratuite-en-europe","26":"product_tag-sgt-263-meilleur-prix-europe","27":"product_tag-vente-en-ligne-du-sgt-263","28":"product_tag-vente-sgt-263-europe","30":"first","31":"instock","32":"shipping-taxable","33":"purchasable","34":"product-type-variable","35":"farmacie-col"},"aioseo_notices":[],"_links":{"self":[{"href":"https:\/\/lacasadelamedicina.es\/fr\/wp-json\/wp\/v2\/product\/28869"}],"collection":[{"href":"https:\/\/lacasadelamedicina.es\/fr\/wp-json\/wp\/v2\/product"}],"about":[{"href":"https:\/\/lacasadelamedicina.es\/fr\/wp-json\/wp\/v2\/types\/product"}],"replies":[{"embeddable":true,"href":"https:\/\/lacasadelamedicina.es\/fr\/wp-json\/wp\/v2\/comments?post=28869"}],"wp:featuredmedia":[{"embeddable":true,"href":"https:\/\/lacasadelamedicina.es\/fr\/wp-json\/wp\/v2\/media\/18260"}],"wp:attachment":[{"href":"https:\/\/lacasadelamedicina.es\/fr\/wp-json\/wp\/v2\/media?parent=28869"}],"wp:term":[{"taxonomy":"product_cat","embeddable":true,"href":"https:\/\/lacasadelamedicina.es\/fr\/wp-json\/wp\/v2\/product_cat?post=28869"},{"taxonomy":"product_tag","embeddable":true,"href":"https:\/\/lacasadelamedicina.es\/fr\/wp-json\/wp\/v2\/product_tag?post=28869"}],"curies":[{"name":"wp","href":"https:\/\/api.w.org\/{rel}","templated":true}]}}