{"id":28845,"date":"2024-08-09T14:02:09","date_gmt":"2024-08-09T14:02:09","guid":{"rendered":"https:\/\/lacasadelamedicina.es\/product\/acheter-de-la-poudre-de-nembutal-en-ligne\/"},"modified":"2024-08-09T14:02:09","modified_gmt":"2024-08-09T14:02:09","slug":"acheter-de-la-poudre-de-nembutal-en-ligne","status":"publish","type":"product","link":"https:\/\/lacasadelamedicina.es\/fr\/produit\/acheter-de-la-poudre-de-nembutal-en-ligne\/","title":{"rendered":"Acheter de la poudre de Nembutal en ligne"},"content":{"rendered":"<h3>Poudre de Nembutal &#8211; Achetez du Nembutal en ligne, poudre de Nembutal \u00e0 vendre.<\/h3>\n<p> Les produits chimiques Nembutal sont les mieux fournis par nos soins aux \u00c9tats-Unis et vous pouvez acheter de la poudre Nembutal de haute qualit\u00e9 \u00e0 un prix raisonnable. Commandez du Nembutal en ligne !  <strong>Acheter de la poudre de Nembutal en ligne<\/strong>  &#8211;  <a href=\"https:\/\/drlawsonspharmacy\/contact-us\/\">CONTACT<\/a><\/p>\n<h3>Qu&rsquo;est-ce que la poudre de Nembutal ?<\/h3>\n<p> Les barbituriques sont une classe de m\u00e9dicaments \u00e0 laquelle appartient la poudre de Nembutal. Ce produit chimique est utilis\u00e9 \u00e0 la fois en anesth\u00e9sie et en psychiatrie pour traiter les patients souffrant de probl\u00e8mes tels que les troubles du sommeil, l&rsquo;\u00e9pilepsie et les l\u00e9sions c\u00e9r\u00e9brales. De nos jours, il est possible de contacter directement le fabricant ou le revendeur en ligne de ce m\u00e9dicament. Achetez en ligne de la poudre de Nembutal qui induit une somnolence relaxante et soulage l&rsquo;inconfort. Elle peut \u00eatre administr\u00e9e en injectant une solution dans les muscles. Cela a \u00e9t\u00e9 officialis\u00e9 et la Therapeutic Goods Administration envisage de reporter le programme.      <\/p>\n<h3><strong>Commander de la poudre de Nembutal<\/strong> &#8211; Utilisations du Nembutal.<\/h3>\n<ul>\n<li>Les principales utilisations de la poudre de Nembutal sont le traitement \u00e0 court terme de l&rsquo;insomnie. Cela permet aux gens de dormir paisiblement pendant un certain temps. <\/li>\n<li>En cas d&rsquo;urgence, les m\u00e9decins et les anesth\u00e9sistes utilisent ce produit chimique avant l&rsquo;intervention. Ce dosage du m\u00e9dicament donne de meilleurs r\u00e9sultats et dure jusqu&rsquo;\u00e0 ce que l&rsquo;anesth\u00e9sie soit n\u00e9cessaire. <\/li>\n<li>Le m\u00e9dicament contenu dans ce m\u00e9dicament est utilis\u00e9 pour r\u00e9duire la pression dans le cr\u00e2ne en cas de traumatisme cr\u00e2nien.<\/li>\n<li>Il est \u00e9galement utilis\u00e9 comme agent d\u2019euthanasie pour les animaux et les humains.<\/li>\n<li>Il est principalement utilis\u00e9 par les personnes qui deviennent d\u00e9pendantes aux drogues et \u00e0 l&rsquo;alcool pour reprendre le contr\u00f4le de la situation.<\/li>\n<\/ul>\n<h3>O\u00f9 acheter la poudre de Nembutal ?<\/h3>\n<ul>\n<li>Il existe de nombreux fabricants de Nembutal en poudre sur le march\u00e9. Cependant, vous devez faire preuve d&rsquo;une extr\u00eame prudence lors du choix du bon produit. L&rsquo;un des moyens les plus simples d&rsquo;obtenir du Nembutal le plus rapidement possible est de l&rsquo;acheter en ligne.  <\/li>\n<li>Vous pouvez trouver des sources fiables pour la vente l\u00e9gale de ce produit. La plupart des gens connaissent les effets secondaires plus l\u00e9gers des barbituriques. <\/li>\n<li><strong>Achetez de la poudre de Nembutal en ligne<\/strong> offre une bonne couleur qui dure de longues journ\u00e9es et laisse une impression g\u00e9n\u00e9rale.<\/li>\n<li>Il serait pr\u00e9f\u00e9rable d&rsquo;avoir l&rsquo;autorisation de prendre de grandes quantit\u00e9s \u00e0 la fois, car un surdosage aurait de graves effets sur les utilisateurs.<\/li>\n<\/ul>\n<p>&nbsp;<\/p>\n","protected":false},"excerpt":{"rendered":"<p>&nbsp;<\/p>\n","protected":false},"featured_media":18245,"comment_status":"closed","ping_status":"closed","template":"","meta":{"om_disable_all_campaigns":false,"_sitemap_exclude":false,"_sitemap_priority":"","_sitemap_frequency":"","_monsterinsights_skip_tracking":false,"_monsterinsights_sitenote_active":false,"_monsterinsights_sitenote_note":"","_monsterinsights_sitenote_category":0},"product_cat":[19407],"product_tag":[19994,19995,20001,20015,20010,20007,20000,19997,20003,19998,20014,20012,20009,20005,19996,20002,20013,20004,20008,20011,20006,19999],"class_list":{"0":"post-28845","1":"product","2":"type-product","3":"status-publish","4":"has-post-thumbnail","6":"product_cat-recherche-sur-les-produits-chimiques-et-les-psychedeliques","7":"product_tag-acheter-de-la-poudre-de-nembutal","8":"product_tag-acheter-de-la-poudre-de-nembutal-en-ligne","9":"product_tag-acheter-de-la-poudre-de-nembutal-en-ligne-en-europe","10":"product_tag-avis-sur-la-poudre-de-nembutal-en-europe","11":"product_tag-boutique-de-poudre-de-nembutal-en-europe","12":"product_tag-boutique-en-ligne-de-poudre-de-nembutal-europe","13":"product_tag-combien-coute-la-poudre-de-nembutal","14":"product_tag-commander-de-la-poudre-de-nembutal-en-ligne","15":"product_tag-commander-de-la-poudre-de-nembutal-ue","16":"product_tag-effets-de-la-poudre-de-nembutal","17":"product_tag-fournisseurs-europeens-de-poudre-de-nembutal","18":"product_tag-livraison-de-poudre-de-nembutal-en-europe","19":"product_tag-offres-sur-la-poudre-de-nembutal-en-europe","20":"product_tag-ou-acheter-de-la-poudre-de-nembutal-en-europe","21":"product_tag-ou-acheter-de-la-poudre-de-nembutal-en-ligne","22":"product_tag-poudre-de-nembutal-au-meilleur-prix-en-europe","23":"product_tag-poudre-de-nembutal-authentique-europe","24":"product_tag-poudre-de-nembutal-livraison-gratuite-en-europe","25":"product_tag-poudre-de-nembutal-pas-chere-en-europe","26":"product_tag-poudre-de-nembutal-remise-europe","27":"product_tag-vente-de-poudre-de-nembutal-en-europe","28":"product_tag-vente-en-ligne-de-poudre-de-nembutal","30":"first","31":"instock","32":"shipping-taxable","33":"purchasable","34":"product-type-variable","35":"farmacie-col"},"aioseo_notices":[],"_links":{"self":[{"href":"https:\/\/lacasadelamedicina.es\/fr\/wp-json\/wp\/v2\/product\/28845"}],"collection":[{"href":"https:\/\/lacasadelamedicina.es\/fr\/wp-json\/wp\/v2\/product"}],"about":[{"href":"https:\/\/lacasadelamedicina.es\/fr\/wp-json\/wp\/v2\/types\/product"}],"replies":[{"embeddable":true,"href":"https:\/\/lacasadelamedicina.es\/fr\/wp-json\/wp\/v2\/comments?post=28845"}],"wp:featuredmedia":[{"embeddable":true,"href":"https:\/\/lacasadelamedicina.es\/fr\/wp-json\/wp\/v2\/media\/18245"}],"wp:attachment":[{"href":"https:\/\/lacasadelamedicina.es\/fr\/wp-json\/wp\/v2\/media?parent=28845"}],"wp:term":[{"taxonomy":"product_cat","embeddable":true,"href":"https:\/\/lacasadelamedicina.es\/fr\/wp-json\/wp\/v2\/product_cat?post=28845"},{"taxonomy":"product_tag","embeddable":true,"href":"https:\/\/lacasadelamedicina.es\/fr\/wp-json\/wp\/v2\/product_tag?post=28845"}],"curies":[{"name":"wp","href":"https:\/\/api.w.org\/{rel}","templated":true}]}}