{"id":28841,"date":"2024-08-09T14:02:09","date_gmt":"2024-08-09T14:02:09","guid":{"rendered":"https:\/\/lacasadelamedicina.es\/product\/acheter-de-la-gamma-butyrolactone-gbl-en-ligne\/"},"modified":"2024-08-09T14:02:09","modified_gmt":"2024-08-09T14:02:09","slug":"acheter-de-la-gamma-butyrolactone-gbl-en-ligne","status":"publish","type":"product","link":"https:\/\/lacasadelamedicina.es\/fr\/produit\/acheter-de-la-gamma-butyrolactone-gbl-en-ligne\/","title":{"rendered":"Acheter de la gamma butyrolactone (GBL) en ligne"},"content":{"rendered":"<h3>Gamma-butyrolactone \u00e0 vendre, acheter GBL en ligne en ALLEMAGNE, commander GBL en ligne<\/h3>\n<p> Achetez de la Gamma Butyrolactone (GBL) en ligne \u2013 Bien que le GHB et le GBL soient d\u2019importants d\u00e9presseurs du SNC chez pratiquement tous les \u00eatres vivants, on ne sait pas encore comment ils affectent le cerveau. R\u00e9soudre ces \u00e9nigmes pourrait nous aider \u00e0 comprendre les caract\u00e9ristiques les plus fondamentales de l\u2019activit\u00e9 c\u00e9r\u00e9brale. La d\u00e9tection optique du GHB et du GBL concernera probablement le <a href=\"https:\/\/dieapotheke247.com\/\">la recherche biologique sur ces neurod\u00e9presseurs peut \u00eatre b\u00e9n\u00e9fique. De plus, le GHB et le GBL font partie des esp\u00e8ces neurologiques pour lesquelles les capteurs sont particuli\u00e8rement difficiles \u00e0 construire en raison de leur structure simple et de l\u2019absence de sites de r\u00e9ponse. Gr\u00e2ce \u00e0 nos connaissances et \u00e0 notre fiabilit\u00e9 dans la vente en ligne de gamma butyrolactone, nous sommes devenus l&rsquo;une des entreprises les plus populaires aupr\u00e8s de milliers de consommateurs du monde entier qui commandent du GBL. Acheter de la gamma butyrolactone (GBL) en ligne<\/a>      <a href=\"https:\/\/drlawsonspharmacy\/contact-us\/\"><a href=\"https:\/\/drlawsonspharmacy\/contact-us\/\">CONTACT Acheter Gamma Butyrolactone (GBL) en ligne &#8211;<\/a> <\/a><\/p>\n<h3>Qu\u2019est-ce que le GBL ?<\/h3>\n<p> C&rsquo;est un liquide incolore et hygroscopique qui se m\u00e9lange \u00e0 l&rsquo;eau et d\u00e9gage une l\u00e9g\u00e8re odeur. Les lactones les plus basiques sont les lactones \u00e0 4 carbones. Le GBL agit chez l&rsquo;homme comme prom\u00e9dicament de l&rsquo;acide -hydroxybutyrique GHB et comme d\u00e9presseur du SNC \u00e0 usage r\u00e9cr\u00e9atif avec des effets de type barbiturique. Il est converti comme interm\u00e9diaire en d&rsquo;autres compos\u00e9s tels que la m\u00e9thyl-2-pyrrolidone. Des extraits de GBL \u00e9taient pr\u00e9sents dans des \u00e9chantillons de vin pur. Cette d\u00e9couverte prouve que le GBL USA est pr\u00e9sent naturellement dans certains vins et produits associ\u00e9s. L\u2019analyse GC\/MS de la concentration de d\u00e9tection de 5 g\/mL a \u00e9t\u00e9 facilit\u00e9e par une technique d\u2019\u00e9limination simple. Le GBL est souvent d\u00e9form\u00e9 et propos\u00e9 \u00e0 la vente sous forme liquide.        <\/p>\n<h3>Pourquoi acheter le GBL ?<\/h3>\n<p> Nous jouissons d\u2019une bonne r\u00e9putation en tant que fournisseur qui prend toujours au s\u00e9rieux ses obligations envers ses clients. Les d\u00e9taillants en ligne proposent la Gamma-Butyrolactone GBL Online et d&rsquo;autres produits pertinents \u00e0 des prix \u00e9quitables. Pour commander ces produits GBL, nous devons investir beaucoup d\u2019argent.   <\/p>\n<ul>\n<li>Votre commande sera emball\u00e9e avec la plus grande pr\u00e9cision par l&rsquo;\u00e9quipe d&#8217;emballage afin d&rsquo;\u00e9viter tout dommage lors du transport.<\/li>\n<li>Vous pouvez donc constater \u00e0 quel point il est facile de commander en ligne un nettoyant gamma butyrolactone GBL chez nous.<\/li>\n<li>Il fut un temps o\u00f9 acheter du Gamma-Butyrolactone GBL \u00e9tait difficile.<\/li>\n<li>Hors ligne pendant les longs trajets et uniquement lorsqu&rsquo;il est disponible hors ligne dans les magasins en ligne.<\/li>\n<li>Cependant, le mode en ligne a \u00e9merg\u00e9 en raison du d\u00e9veloppement technologique et historique.<\/li>\n<\/ul>\n<p> La Gamma-Butyrolactone GBL peut \u00eatre facilement achet\u00e9e dans une boutique en ligne \u00e0 bas prix en utilisant vos appareils depuis n&rsquo;importe quel endroit. Vous n\u2019avez plus besoin de voyager puisque vous pouvez acheter du Gamma-Butyrolactone GBL en ligne chez nous \u00e0 tout moment.  <\/p>\n<h3>Comment utiliser le GBL ?<\/h3>\n<p> Ce mat\u00e9riel est destin\u00e9 \u00e0 soutenir les recommandations de votre m\u00e9decin ou autre professionnel de la sant\u00e9 et n&rsquo;est pas destin\u00e9 \u00e0 couvrir toutes les utilisations, pr\u00e9cautions, interactions ou effets ind\u00e9sirables potentiels. Ces informations peuvent ne pas s\u2019appliquer \u00e0 votre situation de sant\u00e9 sp\u00e9cifique. N\u2019achetez jamais de GBL en ligne ou aupr\u00e8s d\u2019un autre prestataire de soins de sant\u00e9 agr\u00e9\u00e9 sur la seule base des informations que vous avez lues en ligne.   Demandez toujours un avis m\u00e9dical urgent \u00e0 votre m\u00e9decin. <strong><a href=\"https:\/\/legitchemicals.com\/product\/buy-gamma-butyrolactone-gbl-online\/\">Achetez du GBL en ligne<\/a><\/strong> \u2013 Dr. Lawsons Pharmacy Store propose \u00e0 la vente de l&rsquo;hydroxybutyrate gamma de la plus haute qualit\u00e9. Achetez du GHB en ligne, commandez du GHB l\u00e9galement en ligne. La mol\u00e9cule gamma-hydroxybutyrate est pr\u00e9sente dans le cerveau. Le GHB a un effet s\u00e9datif qui affecte un certain nombre de voies nerveuses dans le cerveau. Il est couramment utilis\u00e9 comme drogue pour faciliter les agressions sexuelles et comme drogue festive, c&rsquo;est pourquoi il est class\u00e9 comme substance interdite pour des raisons de s\u00e9curit\u00e9. Ainsi, pour obtenir du GHB GAMMA HYDROXYBUTYRATE et r\u00e9soudre un probl\u00e8me grave, vous devez rechercher le site Web concern\u00e9. Ce produit, toujours en vente aux \u00c9tats-Unis malgr\u00e9 son retrait du march\u00e9 en 1990, est mieux adapt\u00e9 pour trouver une solution \u00e0 votre probl\u00e8me. Acheter de la gamma butyrolactone (GBL) en ligne        &nbsp;<\/p>\n","protected":false},"excerpt":{"rendered":"<p>(GBL) en ligne aux prix les plus bas aupr\u00e8s d&rsquo;un fournisseur am\u00e9ricain. Un liquide hygroscopique incolore et \u00e0 faible odeur avec miscibilit\u00e9 dans l&rsquo;eau est appel\u00e9 -butyrolactone (GBL). Le plus simple est une lactone \u00e0 4 carbones. Le GBL agit comme un prom\u00e9dicament de l&rsquo;acide hydroxybutyrique (GHB) chez l&rsquo;homme et est \u00e9galement utilis\u00e9 comme d\u00e9presseur relaxant du SNC avec des effets similaires \u00e0 ceux des barbituriques. C&rsquo;est \u00e9galement un interm\u00e9diaire chimique utilis\u00e9 pour fabriquer d&rsquo;autres compos\u00e9s.     &nbsp;<\/p>\n","protected":false},"featured_media":18230,"comment_status":"closed","ping_status":"closed","template":"","meta":{"om_disable_all_campaigns":false,"_sitemap_exclude":false,"_sitemap_priority":"","_sitemap_frequency":"","_monsterinsights_skip_tracking":false,"_monsterinsights_sitenote_active":false,"_monsterinsights_sitenote_note":"","_monsterinsights_sitenote_category":0},"product_cat":[19407],"product_tag":[19972,19974,19979,19993,19985,19988,19978,19973,19981,19976,19992,19991,19980,19986,19990,19982,19987,19983,19975,19989,19984,19977],"class_list":{"0":"post-28841","1":"product","2":"type-product","3":"status-publish","4":"has-post-thumbnail","6":"product_cat-recherche-sur-les-produits-chimiques-et-les-psychedeliques","7":"product_tag-acheter-du-gamma-butyrolactone-gbl","8":"product_tag-acheter-du-gamma-butyrolactone-gbl-en-ligne","9":"product_tag-acheter-gamma-butyrolactone-gbl-en-ligne-en-europe","10":"product_tag-avis-sur-la-gamma-butyrolactone-gbl-europe","11":"product_tag-boutique-en-ligne-de-gamma-butyrolactone-gbl-europe","12":"product_tag-boutique-europe-gamma-butyrolactone-gbl","13":"product_tag-combien-coute-la-gamma-butyrolactone-gbl","14":"product_tag-commander-du-gamma-butyrolactone-gbl-en-ligne","15":"product_tag-commander-du-gamma-butyrolactone-gbl-eu","16":"product_tag-effets-de-la-gamma-butyrolactone-gbl","17":"product_tag-fournisseurs-europeens-de-gamma-butyrolactone-gbl","18":"product_tag-gamma-butyrolactone-gbl-authentique-en-europe","19":"product_tag-gamma-butyrolactone-gbl-meilleur-prix-europe","20":"product_tag-gamma-butyrolactone-gbl-pas-cher-en-europe","21":"product_tag-livraison-de-gamma-butyrolactone-gbl-en-europe","22":"product_tag-livraison-gratuite-de-gamma-butyrolactone-gbl-en-europe","23":"product_tag-offres-sur-le-gamma-butyrolactone-gbl-en-europe","24":"product_tag-ou-acheter-du-gamma-butyrolactone-gbl-en-europe","25":"product_tag-ou-acheter-du-gamma-butyrolactone-gbl-en-ligne","26":"product_tag-remise-sur-la-gamma-butyrolactone-gbl-en-europe","27":"product_tag-vente-de-gamma-butyrolactone-gbl-en-europe","28":"product_tag-vente-en-ligne-de-gamma-butyrolactone-gbl","30":"first","31":"instock","32":"shipping-taxable","33":"purchasable","34":"product-type-variable","35":"farmacie-col"},"aioseo_notices":[],"_links":{"self":[{"href":"https:\/\/lacasadelamedicina.es\/fr\/wp-json\/wp\/v2\/product\/28841"}],"collection":[{"href":"https:\/\/lacasadelamedicina.es\/fr\/wp-json\/wp\/v2\/product"}],"about":[{"href":"https:\/\/lacasadelamedicina.es\/fr\/wp-json\/wp\/v2\/types\/product"}],"replies":[{"embeddable":true,"href":"https:\/\/lacasadelamedicina.es\/fr\/wp-json\/wp\/v2\/comments?post=28841"}],"wp:featuredmedia":[{"embeddable":true,"href":"https:\/\/lacasadelamedicina.es\/fr\/wp-json\/wp\/v2\/media\/18230"}],"wp:attachment":[{"href":"https:\/\/lacasadelamedicina.es\/fr\/wp-json\/wp\/v2\/media?parent=28841"}],"wp:term":[{"taxonomy":"product_cat","embeddable":true,"href":"https:\/\/lacasadelamedicina.es\/fr\/wp-json\/wp\/v2\/product_cat?post=28841"},{"taxonomy":"product_tag","embeddable":true,"href":"https:\/\/lacasadelamedicina.es\/fr\/wp-json\/wp\/v2\/product_tag?post=28841"}],"curies":[{"name":"wp","href":"https:\/\/api.w.org\/{rel}","templated":true}]}}